{"id":13106,"date":"2021-06-15T17:04:16","date_gmt":"2021-06-15T15:04:16","guid":{"rendered":"https:\/\/www.doctor-smile.com\/blanqueamiento-lws\/"},"modified":"2024-12-09T10:22:52","modified_gmt":"2024-12-09T09:22:52","slug":"blanqueamiento-lws","status":"publish","type":"page","link":"https:\/\/www.doctor-smile.com\/es\/blanqueamiento-lws\/","title":{"rendered":"Blanqueamiento LWS"},"content":{"rendered":"\t\t<div data-elementor-type=\"wp-page\" data-elementor-id=\"13106\" class=\"elementor elementor-13106 elementor-3770\">\n\t\t\t\t\t\t<div class=\"elementor-inner\">\n\t\t\t\t<div class=\"elementor-section-wrap\">\n\t\t\t\t\t\t\t\t\t<section class=\"elementor-section elementor-top-section elementor-element elementor-element-6566408 elementor-section-boxed elementor-section-height-default elementor-section-height-default\" data-id=\"6566408\" data-element_type=\"section\" data-settings=\"{&quot;_ha_eqh_enable&quot;:false}\">\n\t\t\t\t\t\t<div class=\"elementor-container elementor-column-gap-default\">\n\t\t\t\t\t\t\t<div class=\"elementor-row\">\n\t\t\t\t\t<div class=\"elementor-column elementor-col-100 elementor-top-column elementor-element elementor-element-e968b4e\" data-id=\"e968b4e\" data-element_type=\"column\">\n\t\t\t<div class=\"elementor-column-wrap elementor-element-populated\">\n\t\t\t\t\t\t\t<div class=\"elementor-widget-wrap\">\n\t\t\t\t\t\t<div class=\"elementor-element elementor-element-f077c4f elementor-widget elementor-widget-image\" data-id=\"f077c4f\" data-element_type=\"widget\" data-widget_type=\"image.default\">\n\t\t\t\t<div class=\"elementor-widget-container\">\n\t\t\t\t\t\t\t\t<div class=\"elementor-image\">\n\t\t\t\t\t\t\t\t\t\t\t\t<img loading=\"lazy\" decoding=\"async\" width=\"256\" height=\"59\" src=\"https:\/\/www.doctor-smile.com\/wp-content\/uploads\/2024\/12\/Logo-LWS-NEW.png\" class=\"attachment-full size-full\" alt=\"\" \/>\t\t\t\t\t\t\t\t\t\t\t\t\t\t<\/div>\n\t\t\t\t\t\t<\/div>\n\t\t\t\t<\/div>\n\t\t\t\t<div class=\"elementor-element elementor-element-8507953 elementor-widget elementor-widget-heading\" data-id=\"8507953\" data-element_type=\"widget\" data-widget_type=\"heading.default\">\n\t\t\t\t<div class=\"elementor-widget-container\">\n\t\t\t<p class=\"elementor-heading-title elementor-size-default\">Sistema de blanqueamiento l\u00e1ser<\/p>\t\t<\/div>\n\t\t\t\t<\/div>\n\t\t\t\t\t\t<\/div>\n\t\t\t\t\t<\/div>\n\t\t<\/div>\n\t\t\t\t\t\t\t\t<\/div>\n\t\t\t\t\t<\/div>\n\t\t<\/section>\n\t\t\t\t<section class=\"elementor-section elementor-top-section elementor-element elementor-element-41228e3 elementor-section-boxed elementor-section-height-default elementor-section-height-default\" data-id=\"41228e3\" data-element_type=\"section\" data-settings=\"{&quot;_ha_eqh_enable&quot;:false}\">\n\t\t\t\t\t\t<div class=\"elementor-container elementor-column-gap-default\">\n\t\t\t\t\t\t\t<div class=\"elementor-row\">\n\t\t\t\t\t<div class=\"elementor-column elementor-col-100 elementor-top-column elementor-element elementor-element-bb6e37a\" data-id=\"bb6e37a\" data-element_type=\"column\">\n\t\t\t<div class=\"elementor-column-wrap elementor-element-populated\">\n\t\t\t\t\t\t\t<div class=\"elementor-widget-wrap\">\n\t\t\t\t\t\t<section class=\"elementor-section elementor-inner-section elementor-element elementor-element-f3de381 elementor-section-boxed elementor-section-height-default elementor-section-height-default\" data-id=\"f3de381\" data-element_type=\"section\" data-settings=\"{&quot;_ha_eqh_enable&quot;:false}\">\n\t\t\t\t\t\t<div class=\"elementor-container elementor-column-gap-default\">\n\t\t\t\t\t\t\t<div class=\"elementor-row\">\n\t\t\t\t\t<div class=\"elementor-column elementor-col-100 elementor-inner-column elementor-element elementor-element-da544d2\" data-id=\"da544d2\" data-element_type=\"column\">\n\t\t\t<div class=\"elementor-column-wrap elementor-element-populated\">\n\t\t\t\t\t\t\t<div class=\"elementor-widget-wrap\">\n\t\t\t\t\t\t<div class=\"elementor-element elementor-element-f33e764 animated-slow elementor-invisible elementor-widget elementor-widget-image\" data-id=\"f33e764\" data-element_type=\"widget\" data-settings=\"{&quot;_animation&quot;:&quot;bounceInLeft&quot;}\" data-widget_type=\"image.default\">\n\t\t\t\t<div class=\"elementor-widget-container\">\n\t\t\t\t\t\t\t\t<div class=\"elementor-image\">\n\t\t\t\t\t\t\t\t\t\t\t\t<img loading=\"lazy\" decoding=\"async\" width=\"900\" height=\"956\" src=\"https:\/\/www.doctor-smile.com\/wp-content\/uploads\/2024\/12\/PACK-LWS-NEW.png\" class=\"attachment-2048x2048 size-2048x2048\" alt=\"\" srcset=\"https:\/\/www.doctor-smile.com\/wp-content\/uploads\/2024\/12\/PACK-LWS-NEW.png 900w, https:\/\/www.doctor-smile.com\/wp-content\/uploads\/2024\/12\/PACK-LWS-NEW-282x300.png 282w, https:\/\/www.doctor-smile.com\/wp-content\/uploads\/2024\/12\/PACK-LWS-NEW-768x816.png 768w\" sizes=\"auto, (max-width: 900px) 100vw, 900px\" \/>\t\t\t\t\t\t\t\t\t\t\t\t\t\t<\/div>\n\t\t\t\t\t\t<\/div>\n\t\t\t\t<\/div>\n\t\t\t\t<div class=\"elementor-element elementor-element-6c4d472 elementor-widget elementor-widget-text-editor\" data-id=\"6c4d472\" data-element_type=\"widget\" data-widget_type=\"text-editor.default\">\n\t\t\t\t<div class=\"elementor-widget-container\">\n\t\t\t\t\t\t\t\t<div class=\"elementor-text-editor elementor-clearfix\">\n\t\t\t\t<span style=\"color: #2d2e2b;\">UN RESULTADO <\/span> <br>\n<span style=\"background: #e6314f; color: #ffffff;\"> R\u00c1PIDO Y SORPRENDENTE<\/span>\t\t\t\t\t<\/div>\n\t\t\t\t\t\t<\/div>\n\t\t\t\t<\/div>\n\t\t\t\t<div class=\"elementor-element elementor-element-8cc458e elementor-widget elementor-widget-text-editor\" data-id=\"8cc458e\" data-element_type=\"widget\" data-widget_type=\"text-editor.default\">\n\t\t\t\t<div class=\"elementor-widget-container\">\n\t\t\t\t\t\t\t\t<div class=\"elementor-text-editor elementor-clearfix\">\n\t\t\t\t<p>LWS Laser Whitening System es el sistema de blanqueamiento profesional utilizado en combinaci\u00f3n con los l\u00e1seres de diodo de Doctor Smile. F\u00e1cil y r\u00e1pido de aplicar gracias a su protocolo espec\u00edfico, aporta nueva luz a la sonrisa del paciente ya despu\u00e9s de la primera aplicaci\u00f3n. Compuesto al 35% por per\u00f3xido de hidr\u00f3geno, el gel, fotoactivado r\u00e1pidamente por l\u00e1ser, da al diente un efecto iluminador de alta duraci\u00f3n.<\/p><p><span style=\"font-weight: 400;\">Cada paquete contiene:<br \/><\/span><\/p><ul><li>1 Jeringa doble LWS sel-mezcla 4:1 (per\u00f3xido de hidr\u00f3geno 35%)<\/li><li>1 Jeringa de presa l\u00edquida LWS<\/li><li>3 Puntas de mezcla<\/li><li>1 Punta de aplicaci\u00f3n de presa<\/li><li>2 Instrucciones de uso<\/li><\/ul>\t\t\t\t\t<\/div>\n\t\t\t\t\t\t<\/div>\n\t\t\t\t<\/div>\n\t\t\t\t<div class=\"elementor-element elementor-element-ce7e114 elementor-widget elementor-widget-image\" data-id=\"ce7e114\" data-element_type=\"widget\" data-settings=\"{&quot;motion_fx_motion_fx_scrolling&quot;:&quot;yes&quot;,&quot;motion_fx_scale_effect&quot;:&quot;yes&quot;,&quot;motion_fx_scale_direction&quot;:&quot;in-out&quot;,&quot;motion_fx_scale_speed&quot;:{&quot;unit&quot;:&quot;px&quot;,&quot;size&quot;:2,&quot;sizes&quot;:[]},&quot;motion_fx_scale_range&quot;:{&quot;unit&quot;:&quot;%&quot;,&quot;size&quot;:&quot;&quot;,&quot;sizes&quot;:{&quot;start&quot;:20,&quot;end&quot;:90}},&quot;motion_fx_devices&quot;:[&quot;desktop&quot;,&quot;tablet&quot;,&quot;mobile&quot;]}\" data-widget_type=\"image.default\">\n\t\t\t\t<div class=\"elementor-widget-container\">\n\t\t\t\t\t\t\t\t<div class=\"elementor-image\">\n\t\t\t\t\t\t\t\t\t\t\t\t<img loading=\"lazy\" decoding=\"async\" width=\"730\" height=\"372\" src=\"https:\/\/www.doctor-smile.com\/wp-content\/uploads\/2024\/12\/portrait-lovely-glad-woman-EDIT-2.jpg\" class=\"attachment-large size-large\" alt=\"\" srcset=\"https:\/\/www.doctor-smile.com\/wp-content\/uploads\/2024\/12\/portrait-lovely-glad-woman-EDIT-2.jpg 730w, https:\/\/www.doctor-smile.com\/wp-content\/uploads\/2024\/12\/portrait-lovely-glad-woman-EDIT-2-300x153.jpg 300w\" sizes=\"auto, (max-width: 730px) 100vw, 730px\" \/>\t\t\t\t\t\t\t\t\t\t\t\t\t\t<\/div>\n\t\t\t\t\t\t<\/div>\n\t\t\t\t<\/div>\n\t\t\t\t<div class=\"elementor-element elementor-element-68d17cc elementor-hidden-desktop elementor-hidden-tablet elementor-hidden-phone elementor-widget elementor-widget-text-editor\" data-id=\"68d17cc\" data-element_type=\"widget\" data-widget_type=\"text-editor.default\">\n\t\t\t\t<div class=\"elementor-widget-container\">\n\t\t\t\t\t\t\t\t<div class=\"elementor-text-editor elementor-clearfix\">\n\t\t\t\t<p>El sistema de blanqueamiento con l\u00e1ser LWS es un producto profesional para el blanqueamiento dental, combinado con l\u00e1seres con una longitud de onda de 980 nm.<\/p>\n<p>La acci\u00f3n blanqueadora es inducida por un proceso de fotoactivaci\u00f3n del gel LWS que contiene per\u00f3xido de hidr\u00f3geno; el producto, aplicado a la superficie de cada diente, viene<br \/>activado por luz l\u00e1ser que desencadena la liberaci\u00f3n de radicales libres. Su acci\u00f3n sobre los pigmentos moleculares crea un sorprendente efecto blanqueador.<\/p>\n<p>Cada paquete contiene:<br \/>1 jeringa de 5 g de gel blanqueador automezclador<br \/>1 jeringa de dique l\u00edquido fotopolimerizable<br \/>1 jeringa de gel desensibilizante<br \/>1 consejo para dique l\u00edquido<br \/>1 consejo para gel desensibilizante<br \/>3 puntas de mezcla para gel blanqueador<\/p><\/p>\n\t\t\t\t\t<\/div>\n\t\t\t\t\t\t<\/div>\n\t\t\t\t<\/div>\n\t\t\t\t\t\t<\/div>\n\t\t\t\t\t<\/div>\n\t\t<\/div>\n\t\t\t\t\t\t\t\t<\/div>\n\t\t\t\t\t<\/div>\n\t\t<\/section>\n\t\t\t\t\t\t<\/div>\n\t\t\t\t\t<\/div>\n\t\t<\/div>\n\t\t\t\t\t\t\t\t<\/div>\n\t\t\t\t\t<\/div>\n\t\t<\/section>\n\t\t\t\t<section class=\"elementor-section elementor-top-section elementor-element elementor-element-3019841 elementor-section-boxed elementor-section-height-default elementor-section-height-default\" data-id=\"3019841\" data-element_type=\"section\" data-settings=\"{&quot;_ha_eqh_enable&quot;:false}\">\n\t\t\t\t\t\t<div class=\"elementor-container elementor-column-gap-default\">\n\t\t\t\t\t\t\t<div class=\"elementor-row\">\n\t\t\t\t\t<div class=\"elementor-column elementor-col-100 elementor-top-column elementor-element elementor-element-b0b3950\" data-id=\"b0b3950\" data-element_type=\"column\">\n\t\t\t<div class=\"elementor-column-wrap elementor-element-populated\">\n\t\t\t\t\t\t\t<div class=\"elementor-widget-wrap\">\n\t\t\t\t\t\t<div class=\"elementor-element elementor-element-fb10603 elementor-cta--skin-cover elementor-animated-content elementor-bg-transform elementor-bg-transform-zoom-in elementor-widget elementor-widget-call-to-action\" data-id=\"fb10603\" data-element_type=\"widget\" data-widget_type=\"call-to-action.default\">\n\t\t\t\t<div class=\"elementor-widget-container\">\n\t\t\t\t\t<div class=\"elementor-cta\">\n\t\t\t\t\t<div class=\"elementor-cta__bg-wrapper\">\n\t\t\t\t<div class=\"elementor-cta__bg elementor-bg\" style=\"background-image: url(https:\/\/www.doctor-smile.com\/wp-content\/uploads\/2024\/12\/LWS-NEW.jpg);\"><\/div>\n\t\t\t\t<div class=\"elementor-cta__bg-overlay\"><\/div>\n\t\t\t<\/div>\n\t\t\t\t\t\t\t<div class=\"elementor-cta__content\">\n\t\t\t\t\n\t\t\t\t\n\t\t\t\t\n\t\t\t\t\t\t\t\t\t<div class=\"elementor-cta__button-wrapper elementor-cta__content-item elementor-content-item elementor-animated-item--enter-from-bottom\">\n\t\t\t\t\t<a class=\"elementor-cta__button elementor-button elementor-size-md\" href=\"https:\/\/www.doctor-smile.com\/wp-content\/uploads\/2024\/12\/AMDP003ES.00-DEPLIANT-LWS-Laser-Whitening-System-lr.pdf\" target=\"_blank\">\n\t\t\t\t\t\tDescarga el folleto\t\t\t\t\t<\/a>\n\t\t\t\t\t<\/div>\n\t\t\t\t\t\t\t<\/div>\n\t\t\t\t\t\t<\/div>\n\t\t\t\t<\/div>\n\t\t\t\t<\/div>\n\t\t\t\t<div class=\"elementor-element elementor-element-a8df6b7 elementor-cta--skin-classic elementor-animated-content elementor-bg-transform elementor-bg-transform-zoom-in elementor-widget elementor-widget-call-to-action\" data-id=\"a8df6b7\" data-element_type=\"widget\" data-widget_type=\"call-to-action.default\">\n\t\t\t\t<div class=\"elementor-widget-container\">\n\t\t\t\t\t<div class=\"elementor-cta\">\n\t\t\t\t\t\t\t<div class=\"elementor-cta__content\">\n\t\t\t\t\n\t\t\t\t<h4 class=\"elementor-cta__title elementor-cta__content-item elementor-content-item\">Descubra lo que puede hacer con LWS<\/h4>\n\t\t\t\t\n\t\t\t\t\t\t\t\t\t<div class=\"elementor-cta__button-wrapper elementor-cta__content-item elementor-content-item \">\n\t\t\t\t\t<a class=\"elementor-cta__button elementor-button elementor-size-md\" href=\"https:\/\/www.doctor-smile.com\/es\/contactos\/\">\n\t\t\t\t\t\tCont\u00e1ctenos\t\t\t\t\t<\/a>\n\t\t\t\t\t<\/div>\n\t\t\t\t\t\t\t<\/div>\n\t\t\t\t\t\t<\/div>\n\t\t\t\t<\/div>\n\t\t\t\t<\/div>\n\t\t\t\t\t\t<\/div>\n\t\t\t\t\t<\/div>\n\t\t<\/div>\n\t\t\t\t\t\t\t\t<\/div>\n\t\t\t\t\t<\/div>\n\t\t<\/section>\n\t\t\t\t<section class=\"elementor-section elementor-top-section elementor-element elementor-element-94a9fc9 elementor-section-boxed elementor-section-height-default elementor-section-height-default\" data-id=\"94a9fc9\" data-element_type=\"section\" data-settings=\"{&quot;_ha_eqh_enable&quot;:false}\">\n\t\t\t\t\t\t<div class=\"elementor-container elementor-column-gap-default\">\n\t\t\t\t\t\t\t<div class=\"elementor-row\">\n\t\t\t\t\t<div class=\"elementor-column elementor-col-100 elementor-top-column elementor-element elementor-element-ce874b1\" data-id=\"ce874b1\" data-element_type=\"column\">\n\t\t\t<div class=\"elementor-column-wrap elementor-element-populated\">\n\t\t\t\t\t\t\t<div class=\"elementor-widget-wrap\">\n\t\t\t\t\t\t<div class=\"elementor-element elementor-element-10bbdc9 elementor-widget elementor-widget-spacer\" data-id=\"10bbdc9\" data-element_type=\"widget\" data-widget_type=\"spacer.default\">\n\t\t\t\t<div class=\"elementor-widget-container\">\n\t\t\t\t\t<div class=\"elementor-spacer\">\n\t\t\t<div class=\"elementor-spacer-inner\"><\/div>\n\t\t<\/div>\n\t\t\t\t<\/div>\n\t\t\t\t<\/div>\n\t\t\t\t\t\t<\/div>\n\t\t\t\t\t<\/div>\n\t\t<\/div>\n\t\t\t\t\t\t\t\t<\/div>\n\t\t\t\t\t<\/div>\n\t\t<\/section>\n\t\t\t\t\t\t\t\t\t<\/div>\n\t\t\t<\/div>\n\t\t\t\t\t<\/div>\n\t\t","protected":false},"excerpt":{"rendered":"<p>Sistema de blanqueamiento l\u00e1ser UN RESULTADO R\u00c1PIDO Y SORPRENDENTE LWS Laser Whitening System es el sistema de blanqueamiento profesional utilizado en combinaci\u00f3n con los l\u00e1seres de diodo de Doctor Smile. F\u00e1cil y r\u00e1pido de aplicar gracias a su protocolo espec\u00edfico, aporta nueva luz a la sonrisa del paciente ya despu\u00e9s de la primera aplicaci\u00f3n. Compuesto &#8230; <a title=\"Blanqueamiento LWS\" class=\"read-more\" href=\"https:\/\/www.doctor-smile.com\/es\/blanqueamiento-lws\/\" aria-label=\"M\u00e1s en Blanqueamiento LWS\">Leer m\u00e1s<\/a><\/p>\n","protected":false},"author":8,"featured_media":0,"parent":0,"menu_order":0,"comment_status":"closed","ping_status":"closed","template":"","meta":{"content-type":"","footnotes":""},"class_list":["post-13106","page","type-page","status-publish"],"yoast_head":"<!-- This site is optimized with the Yoast SEO plugin v27.4 - https:\/\/yoast.com\/product\/yoast-seo-wordpress\/ -->\n<title>Blanqueamiento LWS - DOCTOR SMILE<\/title>\n<meta name=\"description\" content=\"El sistema de blanqueamiento con l\u00e1ser LWS es un producto profesional para el blanqueamiento dental, combinado con l\u00e1seres con una longitud de onda de 980 nm.\" \/>\n<meta name=\"robots\" content=\"index, follow, max-snippet:-1, max-image-preview:large, max-video-preview:-1\" \/>\n<link rel=\"canonical\" href=\"https:\/\/www.doctor-smile.com\/es\/blanqueamiento-lws\/\" \/>\n<meta property=\"og:locale\" content=\"es_ES\" \/>\n<meta property=\"og:type\" content=\"article\" \/>\n<meta property=\"og:title\" content=\"Blanqueamiento LWS - DOCTOR SMILE\" \/>\n<meta property=\"og:description\" content=\"El sistema de blanqueamiento con l\u00e1ser LWS es un producto profesional para el blanqueamiento dental, combinado con l\u00e1seres con una longitud de onda de 980 nm.\" \/>\n<meta property=\"og:url\" content=\"https:\/\/www.doctor-smile.com\/es\/blanqueamiento-lws\/\" \/>\n<meta property=\"og:site_name\" content=\"DOCTOR SMILE\" \/>\n<meta property=\"article:publisher\" content=\"https:\/\/www.facebook.com\/DoctorSmileTM\/\" \/>\n<meta property=\"article:modified_time\" content=\"2024-12-09T09:22:52+00:00\" \/>\n<meta property=\"og:image\" content=\"https:\/\/www.doctor-smile.com\/wp-content\/uploads\/2024\/12\/Logo-LWS-NEW.png\" \/>\n<meta name=\"twitter:card\" content=\"summary_large_image\" \/>\n<script type=\"application\/ld+json\" class=\"yoast-schema-graph\">{\"@context\":\"https:\\\/\\\/schema.org\",\"@graph\":[{\"@type\":\"WebPage\",\"@id\":\"https:\\\/\\\/www.doctor-smile.com\\\/es\\\/blanqueamiento-lws\\\/\",\"url\":\"https:\\\/\\\/www.doctor-smile.com\\\/es\\\/blanqueamiento-lws\\\/\",\"name\":\"Blanqueamiento LWS - DOCTOR SMILE\",\"isPartOf\":{\"@id\":\"https:\\\/\\\/www.doctor-smile.com\\\/es\\\/#website\"},\"primaryImageOfPage\":{\"@id\":\"https:\\\/\\\/www.doctor-smile.com\\\/es\\\/blanqueamiento-lws\\\/#primaryimage\"},\"image\":{\"@id\":\"https:\\\/\\\/www.doctor-smile.com\\\/es\\\/blanqueamiento-lws\\\/#primaryimage\"},\"thumbnailUrl\":\"https:\\\/\\\/www.doctor-smile.com\\\/wp-content\\\/uploads\\\/2024\\\/12\\\/Logo-LWS-NEW.png\",\"datePublished\":\"2021-06-15T15:04:16+00:00\",\"dateModified\":\"2024-12-09T09:22:52+00:00\",\"description\":\"El sistema de blanqueamiento con l\u00e1ser LWS es un producto profesional para el blanqueamiento dental, combinado con l\u00e1seres con una longitud de onda de 980 nm.\",\"breadcrumb\":{\"@id\":\"https:\\\/\\\/www.doctor-smile.com\\\/es\\\/blanqueamiento-lws\\\/#breadcrumb\"},\"inLanguage\":\"es\",\"potentialAction\":[{\"@type\":\"ReadAction\",\"target\":[\"https:\\\/\\\/www.doctor-smile.com\\\/es\\\/blanqueamiento-lws\\\/\"]}]},{\"@type\":\"ImageObject\",\"inLanguage\":\"es\",\"@id\":\"https:\\\/\\\/www.doctor-smile.com\\\/es\\\/blanqueamiento-lws\\\/#primaryimage\",\"url\":\"https:\\\/\\\/www.doctor-smile.com\\\/wp-content\\\/uploads\\\/2024\\\/12\\\/Logo-LWS-NEW.png\",\"contentUrl\":\"https:\\\/\\\/www.doctor-smile.com\\\/wp-content\\\/uploads\\\/2024\\\/12\\\/Logo-LWS-NEW.png\"},{\"@type\":\"BreadcrumbList\",\"@id\":\"https:\\\/\\\/www.doctor-smile.com\\\/es\\\/blanqueamiento-lws\\\/#breadcrumb\",\"itemListElement\":[{\"@type\":\"ListItem\",\"position\":1,\"name\":\"Home\",\"item\":\"https:\\\/\\\/www.doctor-smile.com\\\/es\\\/\"},{\"@type\":\"ListItem\",\"position\":2,\"name\":\"Blanqueamiento LWS\"}]},{\"@type\":\"WebSite\",\"@id\":\"https:\\\/\\\/www.doctor-smile.com\\\/es\\\/#website\",\"url\":\"https:\\\/\\\/www.doctor-smile.com\\\/es\\\/\",\"name\":\"DOCTOR SMILE\",\"description\":\"Tecnologia Laser Odontoiatrica\",\"publisher\":{\"@id\":\"https:\\\/\\\/www.doctor-smile.com\\\/es\\\/#organization\"},\"potentialAction\":[{\"@type\":\"SearchAction\",\"target\":{\"@type\":\"EntryPoint\",\"urlTemplate\":\"https:\\\/\\\/www.doctor-smile.com\\\/es\\\/?s={search_term_string}\"},\"query-input\":{\"@type\":\"PropertyValueSpecification\",\"valueRequired\":true,\"valueName\":\"search_term_string\"}}],\"inLanguage\":\"es\"},{\"@type\":\"Organization\",\"@id\":\"https:\\\/\\\/www.doctor-smile.com\\\/es\\\/#organization\",\"name\":\"Doctor-Smile\",\"url\":\"https:\\\/\\\/www.doctor-smile.com\\\/es\\\/\",\"logo\":{\"@type\":\"ImageObject\",\"inLanguage\":\"es\",\"@id\":\"https:\\\/\\\/www.doctor-smile.com\\\/es\\\/#\\\/schema\\\/logo\\\/image\\\/\",\"url\":\"https:\\\/\\\/www.doctor-smile.com\\\/wp-content\\\/uploads\\\/2021\\\/02\\\/Logo-Doctor-Smile-1.png\",\"contentUrl\":\"https:\\\/\\\/www.doctor-smile.com\\\/wp-content\\\/uploads\\\/2021\\\/02\\\/Logo-Doctor-Smile-1.png\",\"width\":1757,\"height\":667,\"caption\":\"Doctor-Smile\"},\"image\":{\"@id\":\"https:\\\/\\\/www.doctor-smile.com\\\/es\\\/#\\\/schema\\\/logo\\\/image\\\/\"},\"sameAs\":[\"https:\\\/\\\/www.facebook.com\\\/DoctorSmileTM\\\/\",\"https:\\\/\\\/www.instagram.com\\\/doctorsmiledentallaser\\\/\",\"https:\\\/\\\/www.youtube.com\\\/user\\\/doctorsmile1\\\/\"]}]}<\/script>\n<!-- \/ Yoast SEO plugin. -->","yoast_head_json":{"title":"Blanqueamiento LWS - DOCTOR SMILE","description":"El sistema de blanqueamiento con l\u00e1ser LWS es un producto profesional para el blanqueamiento dental, combinado con l\u00e1seres con una longitud de onda de 980 nm.","robots":{"index":"index","follow":"follow","max-snippet":"max-snippet:-1","max-image-preview":"max-image-preview:large","max-video-preview":"max-video-preview:-1"},"canonical":"https:\/\/www.doctor-smile.com\/es\/blanqueamiento-lws\/","og_locale":"es_ES","og_type":"article","og_title":"Blanqueamiento LWS - DOCTOR SMILE","og_description":"El sistema de blanqueamiento con l\u00e1ser LWS es un producto profesional para el blanqueamiento dental, combinado con l\u00e1seres con una longitud de onda de 980 nm.","og_url":"https:\/\/www.doctor-smile.com\/es\/blanqueamiento-lws\/","og_site_name":"DOCTOR SMILE","article_publisher":"https:\/\/www.facebook.com\/DoctorSmileTM\/","article_modified_time":"2024-12-09T09:22:52+00:00","og_image":[{"url":"https:\/\/www.doctor-smile.com\/wp-content\/uploads\/2024\/12\/Logo-LWS-NEW.png","type":"","width":"","height":""}],"twitter_card":"summary_large_image","schema":{"@context":"https:\/\/schema.org","@graph":[{"@type":"WebPage","@id":"https:\/\/www.doctor-smile.com\/es\/blanqueamiento-lws\/","url":"https:\/\/www.doctor-smile.com\/es\/blanqueamiento-lws\/","name":"Blanqueamiento LWS - DOCTOR SMILE","isPartOf":{"@id":"https:\/\/www.doctor-smile.com\/es\/#website"},"primaryImageOfPage":{"@id":"https:\/\/www.doctor-smile.com\/es\/blanqueamiento-lws\/#primaryimage"},"image":{"@id":"https:\/\/www.doctor-smile.com\/es\/blanqueamiento-lws\/#primaryimage"},"thumbnailUrl":"https:\/\/www.doctor-smile.com\/wp-content\/uploads\/2024\/12\/Logo-LWS-NEW.png","datePublished":"2021-06-15T15:04:16+00:00","dateModified":"2024-12-09T09:22:52+00:00","description":"El sistema de blanqueamiento con l\u00e1ser LWS es un producto profesional para el blanqueamiento dental, combinado con l\u00e1seres con una longitud de onda de 980 nm.","breadcrumb":{"@id":"https:\/\/www.doctor-smile.com\/es\/blanqueamiento-lws\/#breadcrumb"},"inLanguage":"es","potentialAction":[{"@type":"ReadAction","target":["https:\/\/www.doctor-smile.com\/es\/blanqueamiento-lws\/"]}]},{"@type":"ImageObject","inLanguage":"es","@id":"https:\/\/www.doctor-smile.com\/es\/blanqueamiento-lws\/#primaryimage","url":"https:\/\/www.doctor-smile.com\/wp-content\/uploads\/2024\/12\/Logo-LWS-NEW.png","contentUrl":"https:\/\/www.doctor-smile.com\/wp-content\/uploads\/2024\/12\/Logo-LWS-NEW.png"},{"@type":"BreadcrumbList","@id":"https:\/\/www.doctor-smile.com\/es\/blanqueamiento-lws\/#breadcrumb","itemListElement":[{"@type":"ListItem","position":1,"name":"Home","item":"https:\/\/www.doctor-smile.com\/es\/"},{"@type":"ListItem","position":2,"name":"Blanqueamiento LWS"}]},{"@type":"WebSite","@id":"https:\/\/www.doctor-smile.com\/es\/#website","url":"https:\/\/www.doctor-smile.com\/es\/","name":"DOCTOR SMILE","description":"Tecnologia Laser Odontoiatrica","publisher":{"@id":"https:\/\/www.doctor-smile.com\/es\/#organization"},"potentialAction":[{"@type":"SearchAction","target":{"@type":"EntryPoint","urlTemplate":"https:\/\/www.doctor-smile.com\/es\/?s={search_term_string}"},"query-input":{"@type":"PropertyValueSpecification","valueRequired":true,"valueName":"search_term_string"}}],"inLanguage":"es"},{"@type":"Organization","@id":"https:\/\/www.doctor-smile.com\/es\/#organization","name":"Doctor-Smile","url":"https:\/\/www.doctor-smile.com\/es\/","logo":{"@type":"ImageObject","inLanguage":"es","@id":"https:\/\/www.doctor-smile.com\/es\/#\/schema\/logo\/image\/","url":"https:\/\/www.doctor-smile.com\/wp-content\/uploads\/2021\/02\/Logo-Doctor-Smile-1.png","contentUrl":"https:\/\/www.doctor-smile.com\/wp-content\/uploads\/2021\/02\/Logo-Doctor-Smile-1.png","width":1757,"height":667,"caption":"Doctor-Smile"},"image":{"@id":"https:\/\/www.doctor-smile.com\/es\/#\/schema\/logo\/image\/"},"sameAs":["https:\/\/www.facebook.com\/DoctorSmileTM\/","https:\/\/www.instagram.com\/doctorsmiledentallaser\/","https:\/\/www.youtube.com\/user\/doctorsmile1\/"]}]}},"_links":{"self":[{"href":"https:\/\/www.doctor-smile.com\/es\/wp-json\/wp\/v2\/pages\/13106","targetHints":{"allow":["GET"]}}],"collection":[{"href":"https:\/\/www.doctor-smile.com\/es\/wp-json\/wp\/v2\/pages"}],"about":[{"href":"https:\/\/www.doctor-smile.com\/es\/wp-json\/wp\/v2\/types\/page"}],"author":[{"embeddable":true,"href":"https:\/\/www.doctor-smile.com\/es\/wp-json\/wp\/v2\/users\/8"}],"replies":[{"embeddable":true,"href":"https:\/\/www.doctor-smile.com\/es\/wp-json\/wp\/v2\/comments?post=13106"}],"version-history":[{"count":15,"href":"https:\/\/www.doctor-smile.com\/es\/wp-json\/wp\/v2\/pages\/13106\/revisions"}],"predecessor-version":[{"id":24000,"href":"https:\/\/www.doctor-smile.com\/es\/wp-json\/wp\/v2\/pages\/13106\/revisions\/24000"}],"wp:attachment":[{"href":"https:\/\/www.doctor-smile.com\/es\/wp-json\/wp\/v2\/media?parent=13106"}],"curies":[{"name":"wp","href":"https:\/\/api.w.org\/{rel}","templated":true}]}}