{"id":13318,"date":"2021-06-16T09:10:09","date_gmt":"2021-06-16T07:10:09","guid":{"rendered":"https:\/\/www.doctor-smile.com\/doctor-smile-education\/"},"modified":"2021-06-16T09:10:09","modified_gmt":"2021-06-16T07:10:09","slug":"doctor-smile-education","status":"publish","type":"page","link":"https:\/\/www.doctor-smile.com\/es\/doctor-smile-education\/","title":{"rendered":"Doctor Smile Education"},"content":{"rendered":"\t\t<div data-elementor-type=\"wp-page\" data-elementor-id=\"13318\" class=\"elementor elementor-13318 elementor-4170\">\n\t\t\t\t\t\t<div class=\"elementor-inner\">\n\t\t\t\t<div class=\"elementor-section-wrap\">\n\t\t\t\t\t\t\t\t\t<section class=\"elementor-section elementor-top-section elementor-element elementor-element-ea002d9 elementor-section-boxed elementor-section-height-default elementor-section-height-default\" data-id=\"ea002d9\" data-element_type=\"section\" data-settings=\"{&quot;_ha_eqh_enable&quot;:false}\">\n\t\t\t\t\t\t<div class=\"elementor-container elementor-column-gap-default\">\n\t\t\t\t\t\t\t<div class=\"elementor-row\">\n\t\t\t\t\t<div class=\"elementor-column elementor-col-100 elementor-top-column elementor-element elementor-element-9f0b689\" data-id=\"9f0b689\" data-element_type=\"column\">\n\t\t\t<div class=\"elementor-column-wrap elementor-element-populated\">\n\t\t\t\t\t\t\t<div class=\"elementor-widget-wrap\">\n\t\t\t\t\t\t<div class=\"elementor-element elementor-element-cce61d8 elementor-widget elementor-widget-image\" data-id=\"cce61d8\" data-element_type=\"widget\" data-widget_type=\"image.default\">\n\t\t\t\t<div class=\"elementor-widget-container\">\n\t\t\t\t\t\t\t\t<div class=\"elementor-image\">\n\t\t\t\t\t\t\t\t\t\t\t\t<img loading=\"lazy\" decoding=\"async\" width=\"751\" height=\"501\" src=\"https:\/\/www.doctor-smile.com\/wp-content\/uploads\/2021\/06\/WEBINAR-ON-DEMAND-750x500_700x400int.jpg\" class=\"attachment-large size-large\" alt=\"\" srcset=\"https:\/\/www.doctor-smile.com\/wp-content\/uploads\/2021\/06\/WEBINAR-ON-DEMAND-750x500_700x400int.jpg 751w, https:\/\/www.doctor-smile.com\/wp-content\/uploads\/2021\/06\/WEBINAR-ON-DEMAND-750x500_700x400int-300x200.jpg 300w\" sizes=\"auto, (max-width: 751px) 100vw, 751px\" \/>\t\t\t\t\t\t\t\t\t\t\t\t\t\t<\/div>\n\t\t\t\t\t\t<\/div>\n\t\t\t\t<\/div>\n\t\t\t\t<div class=\"elementor-element elementor-element-2e8ffa0 elementor-widget elementor-widget-heading\" data-id=\"2e8ffa0\" data-element_type=\"widget\" data-widget_type=\"heading.default\">\n\t\t\t\t<div class=\"elementor-widget-container\">\n\t\t\t<h2 class=\"elementor-heading-title elementor-size-default\"><a href=\"https:\/\/doctorsmile.mykajabi.com\/\">Doctor Smile Education\n<\/a><\/h2>\t\t<\/div>\n\t\t\t\t<\/div>\n\t\t\t\t<div class=\"elementor-element elementor-element-047bebd elementor-widget elementor-widget-text-editor\" data-id=\"047bebd\" data-element_type=\"widget\" data-widget_type=\"text-editor.default\">\n\t\t\t\t<div class=\"elementor-widget-container\">\n\t\t\t\t\t\t\t\t<div class=\"elementor-text-editor elementor-clearfix\">\n\t\t\t\t<p>El portal de cursos online realizado por Doctor Smile en colaboraci\u00f3n con los mejores expertos del sector.<\/p>\n<p>Una colecci\u00f3n multiling\u00fce y en continua actualizaci\u00f3n centrada en profundizar en todos los \u00e1mbitos de aplicaci\u00f3n de la tecnolog\u00eda l\u00e1ser de diodo y herbario en <strong>odontolog\u00eda<\/strong> e <strong>higiene dental<\/strong>.<\/p>\n<p>Desde la <a href=\"https:\/\/www.doctor-smile.com\/conservativa\/\" target=\"_blank\" rel=\"noreferrer noopener\">conservadora<\/a>, hasta el <a href=\"https:\/\/www.doctor-smile.com\/sbiancamento\/\">blanqueamiento dental<\/a>, desde la <a href=\"https:\/\/www.doctor-smile.com\/parodontologia\/\" target=\"_blank\" rel=\"noreferrer noopener\">periodontolog\u00eda<\/a> hasta la <a href=\"https:\/\/www.doctor-smile.com\/cosmetica\/\" target=\"_blank\" rel=\"noreferrer noopener\">cirug\u00eda dermatol\u00f3gica<\/a>, desde la <a href=\"https:\/\/www.doctor-smile.com\/biostimolazione\/\" target=\"_blank\" rel=\"noreferrer noopener\">bioestimulaci\u00f3n<\/a>.<\/p>\n<p>\u00a1Cada semana un nuevo contenido para ver y compartir con sus colaboradores!<\/p>\n<p>Cada apuesta puede ser vista, guardada o filmada m\u00e1s tarde, en la comodidad de cualquier navegador o dispositivo.<\/p>\n<p>Para iniciar sesi\u00f3n es suficiente crear una cuenta y empezar a navegar por la colecci\u00f3n de propuestas de formaci\u00f3n.<\/p>\n<p>Descubre todos los consejos y trucos para optimizar tu pr\u00e1ctica diaria y ofrecer el m\u00e1ximo de bienestar a tus clientes.<\/p>\n<h4>Comience su recorrido educativo <strong><a href=\"https:\/\/doctorsmile.mykajabi.com\/\" target=\"_blank\" rel=\"noreferrer noopener\">ACCEDER AHORA<\/a><\/strong><\/h4>\n\t\t\t\t\t<\/div>\n\t\t\t\t\t\t<\/div>\n\t\t\t\t<\/div>\n\t\t\t\t<div class=\"elementor-element elementor-element-4f12bf1 elementor-widget elementor-widget-heading\" data-id=\"4f12bf1\" data-element_type=\"widget\" data-widget_type=\"heading.default\">\n\t\t\t\t<div class=\"elementor-widget-container\">\n\t\t\t<h2 class=\"elementor-heading-title elementor-size-default\">Be a laser expert!<\/h2>\t\t<\/div>\n\t\t\t\t<\/div>\n\t\t\t\t<div class=\"elementor-element elementor-element-0b971e8 elementor-widget elementor-widget-spacer\" data-id=\"0b971e8\" data-element_type=\"widget\" data-widget_type=\"spacer.default\">\n\t\t\t\t<div class=\"elementor-widget-container\">\n\t\t\t\t\t<div class=\"elementor-spacer\">\n\t\t\t<div class=\"elementor-spacer-inner\"><\/div>\n\t\t<\/div>\n\t\t\t\t<\/div>\n\t\t\t\t<\/div>\n\t\t\t\t\t\t<\/div>\n\t\t\t\t\t<\/div>\n\t\t<\/div>\n\t\t\t\t\t\t\t\t<\/div>\n\t\t\t\t\t<\/div>\n\t\t<\/section>\n\t\t\t\t\t\t\t\t\t<\/div>\n\t\t\t<\/div>\n\t\t\t\t\t<\/div>\n\t\t","protected":false},"excerpt":{"rendered":"<p>Doctor Smile Education Il\u00a0 portale di corsi online realizzato da Doctor Smile in collaborazione con i migliori esperti del settore. Una raccolta multilingue e in continuo aggiornamento incentrata ad approfondire tutti gli ambiti di applicazione della tecnologia laser a diodo e a erbio in\u00a0odontoiatria\u00a0e in\u00a0igiene dentale. Dalla\u00a0conservativa, allo\u00a0sbiancamento dentale, dalla\u00a0parodontologia\u00a0alla\u00a0chirurgia dermatologica, dalla\u00a0biostimolazione\u00a0alle procedure di sicurezza &#8230; <a title=\"Doctor Smile Education\" class=\"read-more\" href=\"https:\/\/www.doctor-smile.com\/es\/doctor-smile-education\/\" aria-label=\"M\u00e1s en Doctor Smile Education\">Leer m\u00e1s<\/a><\/p>\n","protected":false},"author":8,"featured_media":0,"parent":0,"menu_order":0,"comment_status":"closed","ping_status":"closed","template":"","meta":{"content-type":"","footnotes":""},"class_list":["post-13318","page","type-page","status-publish"],"yoast_head":"<!-- This site is optimized with the Yoast SEO plugin v27.4 - https:\/\/yoast.com\/product\/yoast-seo-wordpress\/ -->\n<title>Doctor Smile Education - DOCTOR SMILE<\/title>\n<meta name=\"description\" content=\"\u00bfEst\u00e1 interesado en acceder a la colecci\u00f3n de cursos online que ofrece Doctor Smile en colaboraci\u00f3n con los mejores tutores de l\u00e1ser? No te pierdas una lecci\u00f3n de nuestros Laser Tutors.\" \/>\n<meta name=\"robots\" content=\"index, follow, max-snippet:-1, max-image-preview:large, max-video-preview:-1\" \/>\n<link rel=\"canonical\" href=\"https:\/\/www.doctor-smile.com\/es\/doctor-smile-education\/\" \/>\n<meta property=\"og:locale\" content=\"es_ES\" \/>\n<meta property=\"og:type\" content=\"article\" \/>\n<meta property=\"og:title\" content=\"Doctor Smile Education - DOCTOR SMILE\" \/>\n<meta property=\"og:description\" content=\"\u00bfEst\u00e1 interesado en acceder a la colecci\u00f3n de cursos online que ofrece Doctor Smile en colaboraci\u00f3n con los mejores tutores de l\u00e1ser? No te pierdas una lecci\u00f3n de nuestros Laser Tutors.\" \/>\n<meta property=\"og:url\" content=\"https:\/\/www.doctor-smile.com\/es\/doctor-smile-education\/\" \/>\n<meta property=\"og:site_name\" content=\"DOCTOR SMILE\" \/>\n<meta property=\"article:publisher\" content=\"https:\/\/www.facebook.com\/DoctorSmileTM\/\" \/>\n<meta property=\"og:image\" content=\"https:\/\/www.doctor-smile.com\/wp-content\/uploads\/2021\/06\/WEBINAR-ON-DEMAND-750x500_700x400int.jpg\" \/>\n<meta name=\"twitter:card\" content=\"summary_large_image\" \/>\n<script type=\"application\/ld+json\" class=\"yoast-schema-graph\">{\"@context\":\"https:\\\/\\\/schema.org\",\"@graph\":[{\"@type\":\"WebPage\",\"@id\":\"https:\\\/\\\/www.doctor-smile.com\\\/es\\\/doctor-smile-education\\\/\",\"url\":\"https:\\\/\\\/www.doctor-smile.com\\\/es\\\/doctor-smile-education\\\/\",\"name\":\"Doctor Smile Education - DOCTOR SMILE\",\"isPartOf\":{\"@id\":\"https:\\\/\\\/www.doctor-smile.com\\\/es\\\/#website\"},\"primaryImageOfPage\":{\"@id\":\"https:\\\/\\\/www.doctor-smile.com\\\/es\\\/doctor-smile-education\\\/#primaryimage\"},\"image\":{\"@id\":\"https:\\\/\\\/www.doctor-smile.com\\\/es\\\/doctor-smile-education\\\/#primaryimage\"},\"thumbnailUrl\":\"https:\\\/\\\/www.doctor-smile.com\\\/wp-content\\\/uploads\\\/2021\\\/06\\\/WEBINAR-ON-DEMAND-750x500_700x400int.jpg\",\"datePublished\":\"2021-06-16T07:10:09+00:00\",\"description\":\"\u00bfEst\u00e1 interesado en acceder a la colecci\u00f3n de cursos online que ofrece Doctor Smile en colaboraci\u00f3n con los mejores tutores de l\u00e1ser? No te pierdas una lecci\u00f3n de nuestros Laser Tutors.\",\"breadcrumb\":{\"@id\":\"https:\\\/\\\/www.doctor-smile.com\\\/es\\\/doctor-smile-education\\\/#breadcrumb\"},\"inLanguage\":\"es\",\"potentialAction\":[{\"@type\":\"ReadAction\",\"target\":[\"https:\\\/\\\/www.doctor-smile.com\\\/es\\\/doctor-smile-education\\\/\"]}]},{\"@type\":\"ImageObject\",\"inLanguage\":\"es\",\"@id\":\"https:\\\/\\\/www.doctor-smile.com\\\/es\\\/doctor-smile-education\\\/#primaryimage\",\"url\":\"https:\\\/\\\/www.doctor-smile.com\\\/wp-content\\\/uploads\\\/2021\\\/06\\\/WEBINAR-ON-DEMAND-750x500_700x400int.jpg\",\"contentUrl\":\"https:\\\/\\\/www.doctor-smile.com\\\/wp-content\\\/uploads\\\/2021\\\/06\\\/WEBINAR-ON-DEMAND-750x500_700x400int.jpg\"},{\"@type\":\"BreadcrumbList\",\"@id\":\"https:\\\/\\\/www.doctor-smile.com\\\/es\\\/doctor-smile-education\\\/#breadcrumb\",\"itemListElement\":[{\"@type\":\"ListItem\",\"position\":1,\"name\":\"Home\",\"item\":\"https:\\\/\\\/www.doctor-smile.com\\\/es\\\/\"},{\"@type\":\"ListItem\",\"position\":2,\"name\":\"Doctor Smile Education\"}]},{\"@type\":\"WebSite\",\"@id\":\"https:\\\/\\\/www.doctor-smile.com\\\/es\\\/#website\",\"url\":\"https:\\\/\\\/www.doctor-smile.com\\\/es\\\/\",\"name\":\"DOCTOR SMILE\",\"description\":\"Tecnologia Laser Odontoiatrica\",\"publisher\":{\"@id\":\"https:\\\/\\\/www.doctor-smile.com\\\/es\\\/#organization\"},\"potentialAction\":[{\"@type\":\"SearchAction\",\"target\":{\"@type\":\"EntryPoint\",\"urlTemplate\":\"https:\\\/\\\/www.doctor-smile.com\\\/es\\\/?s={search_term_string}\"},\"query-input\":{\"@type\":\"PropertyValueSpecification\",\"valueRequired\":true,\"valueName\":\"search_term_string\"}}],\"inLanguage\":\"es\"},{\"@type\":\"Organization\",\"@id\":\"https:\\\/\\\/www.doctor-smile.com\\\/es\\\/#organization\",\"name\":\"Doctor-Smile\",\"url\":\"https:\\\/\\\/www.doctor-smile.com\\\/es\\\/\",\"logo\":{\"@type\":\"ImageObject\",\"inLanguage\":\"es\",\"@id\":\"https:\\\/\\\/www.doctor-smile.com\\\/es\\\/#\\\/schema\\\/logo\\\/image\\\/\",\"url\":\"https:\\\/\\\/www.doctor-smile.com\\\/wp-content\\\/uploads\\\/2021\\\/02\\\/Logo-Doctor-Smile-1.png\",\"contentUrl\":\"https:\\\/\\\/www.doctor-smile.com\\\/wp-content\\\/uploads\\\/2021\\\/02\\\/Logo-Doctor-Smile-1.png\",\"width\":1757,\"height\":667,\"caption\":\"Doctor-Smile\"},\"image\":{\"@id\":\"https:\\\/\\\/www.doctor-smile.com\\\/es\\\/#\\\/schema\\\/logo\\\/image\\\/\"},\"sameAs\":[\"https:\\\/\\\/www.facebook.com\\\/DoctorSmileTM\\\/\",\"https:\\\/\\\/www.instagram.com\\\/doctorsmiledentallaser\\\/\",\"https:\\\/\\\/www.youtube.com\\\/user\\\/doctorsmile1\\\/\"]}]}<\/script>\n<!-- \/ Yoast SEO plugin. -->","yoast_head_json":{"title":"Doctor Smile Education - DOCTOR SMILE","description":"\u00bfEst\u00e1 interesado en acceder a la colecci\u00f3n de cursos online que ofrece Doctor Smile en colaboraci\u00f3n con los mejores tutores de l\u00e1ser? No te pierdas una lecci\u00f3n de nuestros Laser Tutors.","robots":{"index":"index","follow":"follow","max-snippet":"max-snippet:-1","max-image-preview":"max-image-preview:large","max-video-preview":"max-video-preview:-1"},"canonical":"https:\/\/www.doctor-smile.com\/es\/doctor-smile-education\/","og_locale":"es_ES","og_type":"article","og_title":"Doctor Smile Education - DOCTOR SMILE","og_description":"\u00bfEst\u00e1 interesado en acceder a la colecci\u00f3n de cursos online que ofrece Doctor Smile en colaboraci\u00f3n con los mejores tutores de l\u00e1ser? No te pierdas una lecci\u00f3n de nuestros Laser Tutors.","og_url":"https:\/\/www.doctor-smile.com\/es\/doctor-smile-education\/","og_site_name":"DOCTOR SMILE","article_publisher":"https:\/\/www.facebook.com\/DoctorSmileTM\/","og_image":[{"url":"https:\/\/www.doctor-smile.com\/wp-content\/uploads\/2021\/06\/WEBINAR-ON-DEMAND-750x500_700x400int.jpg","type":"","width":"","height":""}],"twitter_card":"summary_large_image","schema":{"@context":"https:\/\/schema.org","@graph":[{"@type":"WebPage","@id":"https:\/\/www.doctor-smile.com\/es\/doctor-smile-education\/","url":"https:\/\/www.doctor-smile.com\/es\/doctor-smile-education\/","name":"Doctor Smile Education - DOCTOR SMILE","isPartOf":{"@id":"https:\/\/www.doctor-smile.com\/es\/#website"},"primaryImageOfPage":{"@id":"https:\/\/www.doctor-smile.com\/es\/doctor-smile-education\/#primaryimage"},"image":{"@id":"https:\/\/www.doctor-smile.com\/es\/doctor-smile-education\/#primaryimage"},"thumbnailUrl":"https:\/\/www.doctor-smile.com\/wp-content\/uploads\/2021\/06\/WEBINAR-ON-DEMAND-750x500_700x400int.jpg","datePublished":"2021-06-16T07:10:09+00:00","description":"\u00bfEst\u00e1 interesado en acceder a la colecci\u00f3n de cursos online que ofrece Doctor Smile en colaboraci\u00f3n con los mejores tutores de l\u00e1ser? No te pierdas una lecci\u00f3n de nuestros Laser Tutors.","breadcrumb":{"@id":"https:\/\/www.doctor-smile.com\/es\/doctor-smile-education\/#breadcrumb"},"inLanguage":"es","potentialAction":[{"@type":"ReadAction","target":["https:\/\/www.doctor-smile.com\/es\/doctor-smile-education\/"]}]},{"@type":"ImageObject","inLanguage":"es","@id":"https:\/\/www.doctor-smile.com\/es\/doctor-smile-education\/#primaryimage","url":"https:\/\/www.doctor-smile.com\/wp-content\/uploads\/2021\/06\/WEBINAR-ON-DEMAND-750x500_700x400int.jpg","contentUrl":"https:\/\/www.doctor-smile.com\/wp-content\/uploads\/2021\/06\/WEBINAR-ON-DEMAND-750x500_700x400int.jpg"},{"@type":"BreadcrumbList","@id":"https:\/\/www.doctor-smile.com\/es\/doctor-smile-education\/#breadcrumb","itemListElement":[{"@type":"ListItem","position":1,"name":"Home","item":"https:\/\/www.doctor-smile.com\/es\/"},{"@type":"ListItem","position":2,"name":"Doctor Smile Education"}]},{"@type":"WebSite","@id":"https:\/\/www.doctor-smile.com\/es\/#website","url":"https:\/\/www.doctor-smile.com\/es\/","name":"DOCTOR SMILE","description":"Tecnologia Laser Odontoiatrica","publisher":{"@id":"https:\/\/www.doctor-smile.com\/es\/#organization"},"potentialAction":[{"@type":"SearchAction","target":{"@type":"EntryPoint","urlTemplate":"https:\/\/www.doctor-smile.com\/es\/?s={search_term_string}"},"query-input":{"@type":"PropertyValueSpecification","valueRequired":true,"valueName":"search_term_string"}}],"inLanguage":"es"},{"@type":"Organization","@id":"https:\/\/www.doctor-smile.com\/es\/#organization","name":"Doctor-Smile","url":"https:\/\/www.doctor-smile.com\/es\/","logo":{"@type":"ImageObject","inLanguage":"es","@id":"https:\/\/www.doctor-smile.com\/es\/#\/schema\/logo\/image\/","url":"https:\/\/www.doctor-smile.com\/wp-content\/uploads\/2021\/02\/Logo-Doctor-Smile-1.png","contentUrl":"https:\/\/www.doctor-smile.com\/wp-content\/uploads\/2021\/02\/Logo-Doctor-Smile-1.png","width":1757,"height":667,"caption":"Doctor-Smile"},"image":{"@id":"https:\/\/www.doctor-smile.com\/es\/#\/schema\/logo\/image\/"},"sameAs":["https:\/\/www.facebook.com\/DoctorSmileTM\/","https:\/\/www.instagram.com\/doctorsmiledentallaser\/","https:\/\/www.youtube.com\/user\/doctorsmile1\/"]}]}},"_links":{"self":[{"href":"https:\/\/www.doctor-smile.com\/es\/wp-json\/wp\/v2\/pages\/13318","targetHints":{"allow":["GET"]}}],"collection":[{"href":"https:\/\/www.doctor-smile.com\/es\/wp-json\/wp\/v2\/pages"}],"about":[{"href":"https:\/\/www.doctor-smile.com\/es\/wp-json\/wp\/v2\/types\/page"}],"author":[{"embeddable":true,"href":"https:\/\/www.doctor-smile.com\/es\/wp-json\/wp\/v2\/users\/8"}],"replies":[{"embeddable":true,"href":"https:\/\/www.doctor-smile.com\/es\/wp-json\/wp\/v2\/comments?post=13318"}],"version-history":[{"count":2,"href":"https:\/\/www.doctor-smile.com\/es\/wp-json\/wp\/v2\/pages\/13318\/revisions"}],"predecessor-version":[{"id":13320,"href":"https:\/\/www.doctor-smile.com\/es\/wp-json\/wp\/v2\/pages\/13318\/revisions\/13320"}],"wp:attachment":[{"href":"https:\/\/www.doctor-smile.com\/es\/wp-json\/wp\/v2\/media?parent=13318"}],"curies":[{"name":"wp","href":"https:\/\/api.w.org\/{rel}","templated":true}]}}