{"id":13332,"date":"2021-06-16T09:24:58","date_gmt":"2021-06-16T07:24:58","guid":{"rendered":"https:\/\/www.doctor-smile.com\/cursos-de-formacion\/"},"modified":"2021-06-16T09:24:58","modified_gmt":"2021-06-16T07:24:58","slug":"cursos-de-formacion","status":"publish","type":"page","link":"https:\/\/www.doctor-smile.com\/es\/cursos-de-formacion\/","title":{"rendered":"Cursos de formaci\u00f3n"},"content":{"rendered":"\t\t<div data-elementor-type=\"wp-page\" data-elementor-id=\"13332\" class=\"elementor elementor-13332 elementor-4358\">\n\t\t\t\t\t\t<div class=\"elementor-inner\">\n\t\t\t\t<div class=\"elementor-section-wrap\">\n\t\t\t\t\t\t\t\t\t<section class=\"elementor-section elementor-top-section elementor-element elementor-element-ea002d9 elementor-section-boxed elementor-section-height-default elementor-section-height-default\" data-id=\"ea002d9\" data-element_type=\"section\" data-settings=\"{&quot;_ha_eqh_enable&quot;:false}\">\n\t\t\t\t\t\t<div class=\"elementor-container elementor-column-gap-default\">\n\t\t\t\t\t\t\t<div class=\"elementor-row\">\n\t\t\t\t\t<div class=\"elementor-column elementor-col-100 elementor-top-column elementor-element elementor-element-9f0b689\" data-id=\"9f0b689\" data-element_type=\"column\">\n\t\t\t<div class=\"elementor-column-wrap elementor-element-populated\">\n\t\t\t\t\t\t\t<div class=\"elementor-widget-wrap\">\n\t\t\t\t\t\t<div class=\"elementor-element elementor-element-cce61d8 elementor-widget elementor-widget-image\" data-id=\"cce61d8\" data-element_type=\"widget\" data-widget_type=\"image.default\">\n\t\t\t\t<div class=\"elementor-widget-container\">\n\t\t\t\t\t\t\t\t<div class=\"elementor-image\">\n\t\t\t\t\t\t\t\t\t\t\t\t<img loading=\"lazy\" decoding=\"async\" width=\"900\" height=\"622\" src=\"https:\/\/www.doctor-smile.com\/wp-content\/uploads\/2021\/03\/CORSI-DI-FORMAZIONE.jpg\" class=\"attachment-large size-large\" alt=\"CORSI DI FORMAZIONE\" srcset=\"https:\/\/www.doctor-smile.com\/wp-content\/uploads\/2021\/03\/CORSI-DI-FORMAZIONE.jpg 900w, https:\/\/www.doctor-smile.com\/wp-content\/uploads\/2021\/03\/CORSI-DI-FORMAZIONE-300x207.jpg 300w, https:\/\/www.doctor-smile.com\/wp-content\/uploads\/2021\/03\/CORSI-DI-FORMAZIONE-768x531.jpg 768w\" sizes=\"auto, (max-width: 900px) 100vw, 900px\" \/>\t\t\t\t\t\t\t\t\t\t\t\t\t\t<\/div>\n\t\t\t\t\t\t<\/div>\n\t\t\t\t<\/div>\n\t\t\t\t<div class=\"elementor-element elementor-element-2e8ffa0 elementor-widget elementor-widget-heading\" data-id=\"2e8ffa0\" data-element_type=\"widget\" data-widget_type=\"heading.default\">\n\t\t\t\t<div class=\"elementor-widget-container\">\n\t\t\t<h2 class=\"elementor-heading-title elementor-size-default\">Le guiaremos sobre los beneficios del l\u00e1ser<\/h2>\t\t<\/div>\n\t\t\t\t<\/div>\n\t\t\t\t<div class=\"elementor-element elementor-element-047bebd elementor-widget elementor-widget-text-editor\" data-id=\"047bebd\" data-element_type=\"widget\" data-widget_type=\"text-editor.default\">\n\t\t\t\t<div class=\"elementor-widget-container\">\n\t\t\t\t\t\t\t\t<div class=\"elementor-text-editor elementor-clearfix\">\n\t\t\t\t<p>Los <strong>cursos de formaci\u00f3n<\/strong> de Doctor Smile est\u00e1n dirigidos tanto a quienes no tienen experiencia en el uso del l\u00e1ser como a quienes desean reforzar sus conocimientos sobre sus aplicaciones cl\u00ednicas en odontolog\u00eda.<\/p>\n<p>En colaboraci\u00f3n con la Master Class Academy, ofrecemos v\u00edas de desarrollo profesional destinadas a proporcionar oportunidades de formaci\u00f3n de alto nivel: desde conocimientos b\u00e1sicos, hasta m\u00e1s profundos sobre el uso de las tecnolog\u00edas l\u00e1ser en odontolog\u00eda y mucho m\u00e1s.<\/p>\n<p>Gracias a la colaboraci\u00f3n de tutores profesionales del l\u00e1ser con un profundo conocimiento del uso de los l\u00e1seres, los cursos de varios niveles se articulan en una parte t\u00e9cnico-te\u00f3rica y se centran en la parte pr\u00e1ctica a trav\u00e9s del tratamiento de un amplio panorama de casos cl\u00ednicos en pacientes y con el apoyo de v\u00eddeos.<\/p>\n\t\t\t\t\t<\/div>\n\t\t\t\t\t\t<\/div>\n\t\t\t\t<\/div>\n\t\t\t\t\t\t<\/div>\n\t\t\t\t\t<\/div>\n\t\t<\/div>\n\t\t\t\t\t\t\t\t<\/div>\n\t\t\t\t\t<\/div>\n\t\t<\/section>\n\t\t\t\t<section class=\"elementor-section elementor-top-section elementor-element elementor-element-8dca358 elementor-section-boxed elementor-section-height-default elementor-section-height-default\" data-id=\"8dca358\" data-element_type=\"section\" data-settings=\"{&quot;_ha_eqh_enable&quot;:false}\">\n\t\t\t\t\t\t<div class=\"elementor-container elementor-column-gap-default\">\n\t\t\t\t\t\t\t<div class=\"elementor-row\">\n\t\t\t\t\t<div class=\"elementor-column elementor-col-100 elementor-top-column elementor-element elementor-element-1e6d734\" data-id=\"1e6d734\" data-element_type=\"column\">\n\t\t\t<div class=\"elementor-column-wrap elementor-element-populated\">\n\t\t\t\t\t\t\t<div class=\"elementor-widget-wrap\">\n\t\t\t\t\t\t<div class=\"elementor-element elementor-element-4f12bf1 elementor-widget elementor-widget-heading\" data-id=\"4f12bf1\" data-element_type=\"widget\" data-widget_type=\"heading.default\">\n\t\t\t\t<div class=\"elementor-widget-container\">\n\t\t\t<h2 class=\"elementor-heading-title elementor-size-default\">Descubra nuestros cursos de formaci\u00f3n en l\u00e1ser<\/h2>\t\t<\/div>\n\t\t\t\t<\/div>\n\t\t\t\t\t\t<\/div>\n\t\t\t\t\t<\/div>\n\t\t<\/div>\n\t\t\t\t\t\t\t\t<\/div>\n\t\t\t\t\t<\/div>\n\t\t<\/section>\n\t\t\t\t<section class=\"elementor-section elementor-top-section elementor-element elementor-element-fdb5c4c elementor-section-boxed elementor-section-height-default elementor-section-height-default\" data-id=\"fdb5c4c\" data-element_type=\"section\" data-settings=\"{&quot;_ha_eqh_enable&quot;:false}\">\n\t\t\t\t\t\t<div class=\"elementor-container elementor-column-gap-default\">\n\t\t\t\t\t\t\t<div class=\"elementor-row\">\n\t\t\t\t\t<div class=\"elementor-column elementor-col-100 elementor-top-column elementor-element elementor-element-e806b4f\" data-id=\"e806b4f\" data-element_type=\"column\">\n\t\t\t<div class=\"elementor-column-wrap elementor-element-populated\">\n\t\t\t\t\t\t\t<div class=\"elementor-widget-wrap\">\n\t\t\t\t\t\t<div class=\"elementor-element elementor-element-8662e00 elementor-widget elementor-widget-image\" data-id=\"8662e00\" data-element_type=\"widget\" data-widget_type=\"image.default\">\n\t\t\t\t<div class=\"elementor-widget-container\">\n\t\t\t\t\t\t\t\t<div class=\"elementor-image\">\n\t\t\t\t\t\t\t\t\t\t\t\t<img loading=\"lazy\" decoding=\"async\" width=\"800\" height=\"800\" src=\"https:\/\/www.doctor-smile.com\/wp-content\/uploads\/2021\/03\/Articolo-corso-Formazione-sull_utilizzo-del-laser-a-diodo-in-odontoiatria.jpg\" class=\"attachment-large size-large\" alt=\"\" srcset=\"https:\/\/www.doctor-smile.com\/wp-content\/uploads\/2021\/03\/Articolo-corso-Formazione-sull_utilizzo-del-laser-a-diodo-in-odontoiatria.jpg 800w, https:\/\/www.doctor-smile.com\/wp-content\/uploads\/2021\/03\/Articolo-corso-Formazione-sull_utilizzo-del-laser-a-diodo-in-odontoiatria-300x300.jpg 300w, https:\/\/www.doctor-smile.com\/wp-content\/uploads\/2021\/03\/Articolo-corso-Formazione-sull_utilizzo-del-laser-a-diodo-in-odontoiatria-150x150.jpg 150w, https:\/\/www.doctor-smile.com\/wp-content\/uploads\/2021\/03\/Articolo-corso-Formazione-sull_utilizzo-del-laser-a-diodo-in-odontoiatria-768x768.jpg 768w\" sizes=\"auto, (max-width: 800px) 100vw, 800px\" \/>\t\t\t\t\t\t\t\t\t\t\t\t\t\t<\/div>\n\t\t\t\t\t\t<\/div>\n\t\t\t\t<\/div>\n\t\t\t\t<div class=\"elementor-element elementor-element-360fa55 elementor-widget elementor-widget-heading\" data-id=\"360fa55\" data-element_type=\"widget\" data-widget_type=\"heading.default\">\n\t\t\t\t<div class=\"elementor-widget-container\">\n\t\t\t<h2 class=\"elementor-heading-title elementor-size-default\">FORMAZIONE BASE SULL\u2019UTILIZZO DEL LASER A DIODO IN ODONTOIATRIA\n<\/h2>\t\t<\/div>\n\t\t\t\t<\/div>\n\t\t\t\t<div class=\"elementor-element elementor-element-a0f5403 elementor-widget elementor-widget-text-editor\" data-id=\"a0f5403\" data-element_type=\"widget\" data-widget_type=\"text-editor.default\">\n\t\t\t\t<div class=\"elementor-widget-container\">\n\t\t\t\t\t\t\t\t<div class=\"elementor-text-editor elementor-clearfix\">\n\t\t\t\t<p>Un corso strutturato per chi per la prima volta si affaccia alla tecnologia laser, concentrandosi sullo strumento che pi\u00f9 identifica ad oggi il benessere del paziente e i vantaggi operativi per il medico odontoiatra: il laser a diodo. L\u2019obiettivo di questo corso \u00e8 Fornire al professionista una didattica di base che permetta di comprendere i principi di funzionamento, le applicazioni e i benefici del laser a diodo, per avviarlo efficacemente nel suo utilizzo nella pratica quotidiana.<br \/><a href=\"#\">Leggi altro<\/a><\/p>\n\t\t\t\t\t<\/div>\n\t\t\t\t\t\t<\/div>\n\t\t\t\t<\/div>\n\t\t\t\t\t\t<\/div>\n\t\t\t\t\t<\/div>\n\t\t<\/div>\n\t\t\t\t\t\t\t\t<\/div>\n\t\t\t\t\t<\/div>\n\t\t<\/section>\n\t\t\t\t<section class=\"elementor-section elementor-top-section elementor-element elementor-element-ceb4415 elementor-section-boxed elementor-section-height-default elementor-section-height-default\" data-id=\"ceb4415\" data-element_type=\"section\" data-settings=\"{&quot;_ha_eqh_enable&quot;:false}\">\n\t\t\t\t\t\t<div class=\"elementor-container elementor-column-gap-default\">\n\t\t\t\t\t\t\t<div class=\"elementor-row\">\n\t\t\t\t\t<div class=\"elementor-column elementor-col-100 elementor-top-column elementor-element elementor-element-81b4d7d\" data-id=\"81b4d7d\" data-element_type=\"column\">\n\t\t\t<div class=\"elementor-column-wrap elementor-element-populated\">\n\t\t\t\t\t\t\t<div class=\"elementor-widget-wrap\">\n\t\t\t\t\t\t<div class=\"elementor-element elementor-element-7092707 elementor-widget elementor-widget-image\" data-id=\"7092707\" data-element_type=\"widget\" data-widget_type=\"image.default\">\n\t\t\t\t<div class=\"elementor-widget-container\">\n\t\t\t\t\t\t\t\t<div class=\"elementor-image\">\n\t\t\t\t\t\t\t\t\t\t\t\t<img loading=\"lazy\" decoding=\"async\" width=\"800\" height=\"800\" src=\"https:\/\/www.doctor-smile.com\/wp-content\/uploads\/2021\/03\/Articolo-corso-Formazione-sull_utilizzo-del-laser-a-erbio-in-odontoiatria.jpg\" class=\"attachment-large size-large\" alt=\"\" srcset=\"https:\/\/www.doctor-smile.com\/wp-content\/uploads\/2021\/03\/Articolo-corso-Formazione-sull_utilizzo-del-laser-a-erbio-in-odontoiatria.jpg 800w, https:\/\/www.doctor-smile.com\/wp-content\/uploads\/2021\/03\/Articolo-corso-Formazione-sull_utilizzo-del-laser-a-erbio-in-odontoiatria-300x300.jpg 300w, https:\/\/www.doctor-smile.com\/wp-content\/uploads\/2021\/03\/Articolo-corso-Formazione-sull_utilizzo-del-laser-a-erbio-in-odontoiatria-150x150.jpg 150w, https:\/\/www.doctor-smile.com\/wp-content\/uploads\/2021\/03\/Articolo-corso-Formazione-sull_utilizzo-del-laser-a-erbio-in-odontoiatria-768x768.jpg 768w\" sizes=\"auto, (max-width: 800px) 100vw, 800px\" \/>\t\t\t\t\t\t\t\t\t\t\t\t\t\t<\/div>\n\t\t\t\t\t\t<\/div>\n\t\t\t\t<\/div>\n\t\t\t\t<div class=\"elementor-element elementor-element-aff00eb elementor-widget elementor-widget-heading\" data-id=\"aff00eb\" data-element_type=\"widget\" data-widget_type=\"heading.default\">\n\t\t\t\t<div class=\"elementor-widget-container\">\n\t\t\t<h2 class=\"elementor-heading-title elementor-size-default\">FORMAZIONE BASE SULL\u2019UTILIZZO DEL LASER A ERBIO IN ODONTOIATRIA<\/h2>\t\t<\/div>\n\t\t\t\t<\/div>\n\t\t\t\t<div class=\"elementor-element elementor-element-f36b565 elementor-widget elementor-widget-text-editor\" data-id=\"f36b565\" data-element_type=\"widget\" data-widget_type=\"text-editor.default\">\n\t\t\t\t<div class=\"elementor-widget-container\">\n\t\t\t\t\t\t\t\t<div class=\"elementor-text-editor elementor-clearfix\">\n\t\t\t\t<p>Una giornata che porta in esame l\u2019utilizzo della tecnologia laser a ER:Yag nella risoluzione di problematiche odontoiatriche e non, consentendo al corsista di apprendere le modalit\u00e0 di applicazione del laser a erbio nelle diverse fattispecie terapeutiche. L\u2019obiettivo del corso \u00e8 accompagnare il professionista nella scoperta della lunghezza d\u2019onda 2940nm, fornendo informazioni base e direttamente spendibili sul campo. Un primo approccio all\u2019apparecchiatura, guidato dall\u2019esposizione di diversi casi clinici, case history d\u2019avanguardia e sessioni pratiche individuali.<br \/><a href=\"#\">Leggi altro<\/a><\/p>\n\t\t\t\t\t<\/div>\n\t\t\t\t\t\t<\/div>\n\t\t\t\t<\/div>\n\t\t\t\t\t\t<\/div>\n\t\t\t\t\t<\/div>\n\t\t<\/div>\n\t\t\t\t\t\t\t\t<\/div>\n\t\t\t\t\t<\/div>\n\t\t<\/section>\n\t\t\t\t<section class=\"elementor-section elementor-top-section elementor-element elementor-element-c844164 elementor-section-boxed elementor-section-height-default elementor-section-height-default\" data-id=\"c844164\" data-element_type=\"section\" data-settings=\"{&quot;_ha_eqh_enable&quot;:false}\">\n\t\t\t\t\t\t<div class=\"elementor-container elementor-column-gap-default\">\n\t\t\t\t\t\t\t<div class=\"elementor-row\">\n\t\t\t\t\t<div class=\"elementor-column elementor-col-100 elementor-top-column elementor-element elementor-element-01eb9a9\" data-id=\"01eb9a9\" data-element_type=\"column\">\n\t\t\t<div class=\"elementor-column-wrap elementor-element-populated\">\n\t\t\t\t\t\t\t<div class=\"elementor-widget-wrap\">\n\t\t\t\t\t\t<div class=\"elementor-element elementor-element-80a0489 elementor-widget elementor-widget-image\" data-id=\"80a0489\" data-element_type=\"widget\" data-widget_type=\"image.default\">\n\t\t\t\t<div class=\"elementor-widget-container\">\n\t\t\t\t\t\t\t\t<div class=\"elementor-image\">\n\t\t\t\t\t\t\t\t\t\t\t\t\t<a href=\"http:\/\/www.doctor-smile.com\/alta-formazione-laser-dentistry-2021\/\">\n\t\t\t\t\t\t\t<img loading=\"lazy\" decoding=\"async\" width=\"800\" height=\"800\" src=\"https:\/\/www.doctor-smile.com\/wp-content\/uploads\/2021\/03\/Articolo-corso-Alta-formazione-Laser-Dentistry.jpg\" class=\"attachment-large size-large\" alt=\"Corso alta formazione 2021\" srcset=\"https:\/\/www.doctor-smile.com\/wp-content\/uploads\/2021\/03\/Articolo-corso-Alta-formazione-Laser-Dentistry.jpg 800w, https:\/\/www.doctor-smile.com\/wp-content\/uploads\/2021\/03\/Articolo-corso-Alta-formazione-Laser-Dentistry-300x300.jpg 300w, https:\/\/www.doctor-smile.com\/wp-content\/uploads\/2021\/03\/Articolo-corso-Alta-formazione-Laser-Dentistry-150x150.jpg 150w, https:\/\/www.doctor-smile.com\/wp-content\/uploads\/2021\/03\/Articolo-corso-Alta-formazione-Laser-Dentistry-768x768.jpg 768w\" sizes=\"auto, (max-width: 800px) 100vw, 800px\" \/>\t\t\t\t\t\t\t\t<\/a>\n\t\t\t\t\t\t\t\t\t\t\t\t\t\t<\/div>\n\t\t\t\t\t\t<\/div>\n\t\t\t\t<\/div>\n\t\t\t\t<div class=\"elementor-element elementor-element-d9ac78b elementor-widget elementor-widget-heading\" data-id=\"d9ac78b\" data-element_type=\"widget\" data-widget_type=\"heading.default\">\n\t\t\t\t<div class=\"elementor-widget-container\">\n\t\t\t<h2 class=\"elementor-heading-title elementor-size-default\"><a href=\"http:\/\/www.doctor-smile.com\/alta-formazione-laser-dentistry-2021\/\">ALTA FORMAZIONE LASER DENTISTRY<\/a><\/h2>\t\t<\/div>\n\t\t\t\t<\/div>\n\t\t\t\t<div class=\"elementor-element elementor-element-ba98bdc elementor-widget elementor-widget-text-editor\" data-id=\"ba98bdc\" data-element_type=\"widget\" data-widget_type=\"text-editor.default\">\n\t\t\t\t<div class=\"elementor-widget-container\">\n\t\t\t\t\t\t\t\t<div class=\"elementor-text-editor elementor-clearfix\">\n\t\t\t\t<p>Un percorso di perfezionamento dedicato completamente all\u2019odontoiatria laser e realizzato in collaborazione con l\u2019Universit\u00e0 degli studi di Genova. Cinque incontri formativi, ciascuno specializzato nell\u2019approfondimento di uno specifico ambito terapeutico e di applicazione della tecnologia laser a diodo e a erbio. Una struttura didattica che coniuga sapientemente teoria e prassi, al fine di offrire al partecipante una conoscenza integrata e totale che gli permetta di applicare con maestria le diverse permetta di applicare con maestria le diverse lunghezze d\u2019onda nell\u2019attivit\u00e0 quotidiana.<br \/><a href=\"http:\/\/www.doctor-smile.com\/alta-formazione-laser-dentistry-2021\/\">Leggi altro<\/a><\/p>\n\t\t\t\t\t<\/div>\n\t\t\t\t\t\t<\/div>\n\t\t\t\t<\/div>\n\t\t\t\t\t\t<\/div>\n\t\t\t\t\t<\/div>\n\t\t<\/div>\n\t\t\t\t\t\t\t\t<\/div>\n\t\t\t\t\t<\/div>\n\t\t<\/section>\n\t\t\t\t\t\t\t\t\t<\/div>\n\t\t\t<\/div>\n\t\t\t\t\t<\/div>\n\t\t","protected":false},"excerpt":{"rendered":"<p>Le guiaremos sobre los beneficios del l\u00e1ser Los cursos de formaci\u00f3n de Doctor Smile est\u00e1n dirigidos tanto a quienes no tienen experiencia en el uso del l\u00e1ser como a quienes desean reforzar sus conocimientos sobre sus aplicaciones cl\u00ednicas en odontolog\u00eda. En colaboraci\u00f3n con la Master Class Academy, ofrecemos v\u00edas de desarrollo profesional destinadas a proporcionar &#8230; <a title=\"Cursos de formaci\u00f3n\" class=\"read-more\" href=\"https:\/\/www.doctor-smile.com\/es\/cursos-de-formacion\/\" aria-label=\"M\u00e1s en Cursos de formaci\u00f3n\">Leer m\u00e1s<\/a><\/p>\n","protected":false},"author":8,"featured_media":0,"parent":0,"menu_order":0,"comment_status":"closed","ping_status":"closed","template":"","meta":{"content-type":"","footnotes":""},"class_list":["post-13332","page","type-page","status-publish"],"yoast_head":"<!-- This site is optimized with the Yoast SEO plugin v27.5 - https:\/\/yoast.com\/product\/yoast-seo-wordpress\/ -->\n<title>Cursos de formaci\u00f3n - DOCTOR SMILE<\/title>\n<meta name=\"description\" content=\"Los cursos de formaci\u00f3n Doctor Smile est\u00e1n dirigidos tanto a quienes no tienen experiencia en el uso del l\u00e1ser como a quienes desean reforzar sus conocimientos sobre sus aplicaciones cl\u00ednicas en odontolog\u00eda.\" \/>\n<meta name=\"robots\" content=\"index, follow, max-snippet:-1, max-image-preview:large, max-video-preview:-1\" \/>\n<link rel=\"canonical\" href=\"https:\/\/www.doctor-smile.com\/es\/cursos-de-formacion\/\" \/>\n<meta property=\"og:locale\" content=\"es_ES\" \/>\n<meta property=\"og:type\" content=\"article\" \/>\n<meta property=\"og:title\" content=\"Cursos de formaci\u00f3n - DOCTOR SMILE\" \/>\n<meta property=\"og:description\" content=\"Los cursos de formaci\u00f3n Doctor Smile est\u00e1n dirigidos tanto a quienes no tienen experiencia en el uso del l\u00e1ser como a quienes desean reforzar sus conocimientos sobre sus aplicaciones cl\u00ednicas en odontolog\u00eda.\" \/>\n<meta property=\"og:url\" content=\"https:\/\/www.doctor-smile.com\/es\/cursos-de-formacion\/\" \/>\n<meta property=\"og:site_name\" content=\"DOCTOR SMILE\" \/>\n<meta property=\"article:publisher\" content=\"https:\/\/www.facebook.com\/DoctorSmileTM\/\" \/>\n<meta property=\"og:image\" content=\"https:\/\/www.doctor-smile.com\/wp-content\/uploads\/2021\/03\/CORSI-DI-FORMAZIONE.jpg\" \/>\n<meta name=\"twitter:card\" content=\"summary_large_image\" \/>\n<script type=\"application\/ld+json\" class=\"yoast-schema-graph\">{\"@context\":\"https:\\\/\\\/schema.org\",\"@graph\":[{\"@type\":\"WebPage\",\"@id\":\"https:\\\/\\\/www.doctor-smile.com\\\/es\\\/cursos-de-formacion\\\/\",\"url\":\"https:\\\/\\\/www.doctor-smile.com\\\/es\\\/cursos-de-formacion\\\/\",\"name\":\"Cursos de formaci\u00f3n - DOCTOR SMILE\",\"isPartOf\":{\"@id\":\"https:\\\/\\\/www.doctor-smile.com\\\/es\\\/#website\"},\"primaryImageOfPage\":{\"@id\":\"https:\\\/\\\/www.doctor-smile.com\\\/es\\\/cursos-de-formacion\\\/#primaryimage\"},\"image\":{\"@id\":\"https:\\\/\\\/www.doctor-smile.com\\\/es\\\/cursos-de-formacion\\\/#primaryimage\"},\"thumbnailUrl\":\"https:\\\/\\\/www.doctor-smile.com\\\/wp-content\\\/uploads\\\/2021\\\/03\\\/CORSI-DI-FORMAZIONE.jpg\",\"datePublished\":\"2021-06-16T07:24:58+00:00\",\"description\":\"Los cursos de formaci\u00f3n Doctor Smile est\u00e1n dirigidos tanto a quienes no tienen experiencia en el uso del l\u00e1ser como a quienes desean reforzar sus conocimientos sobre sus aplicaciones cl\u00ednicas en odontolog\u00eda.\",\"breadcrumb\":{\"@id\":\"https:\\\/\\\/www.doctor-smile.com\\\/es\\\/cursos-de-formacion\\\/#breadcrumb\"},\"inLanguage\":\"es\",\"potentialAction\":[{\"@type\":\"ReadAction\",\"target\":[\"https:\\\/\\\/www.doctor-smile.com\\\/es\\\/cursos-de-formacion\\\/\"]}]},{\"@type\":\"ImageObject\",\"inLanguage\":\"es\",\"@id\":\"https:\\\/\\\/www.doctor-smile.com\\\/es\\\/cursos-de-formacion\\\/#primaryimage\",\"url\":\"https:\\\/\\\/www.doctor-smile.com\\\/wp-content\\\/uploads\\\/2021\\\/03\\\/CORSI-DI-FORMAZIONE.jpg\",\"contentUrl\":\"https:\\\/\\\/www.doctor-smile.com\\\/wp-content\\\/uploads\\\/2021\\\/03\\\/CORSI-DI-FORMAZIONE.jpg\"},{\"@type\":\"BreadcrumbList\",\"@id\":\"https:\\\/\\\/www.doctor-smile.com\\\/es\\\/cursos-de-formacion\\\/#breadcrumb\",\"itemListElement\":[{\"@type\":\"ListItem\",\"position\":1,\"name\":\"Home\",\"item\":\"https:\\\/\\\/www.doctor-smile.com\\\/es\\\/\"},{\"@type\":\"ListItem\",\"position\":2,\"name\":\"Cursos de formaci\u00f3n\"}]},{\"@type\":\"WebSite\",\"@id\":\"https:\\\/\\\/www.doctor-smile.com\\\/es\\\/#website\",\"url\":\"https:\\\/\\\/www.doctor-smile.com\\\/es\\\/\",\"name\":\"DOCTOR SMILE\",\"description\":\"Tecnologia Laser Odontoiatrica\",\"publisher\":{\"@id\":\"https:\\\/\\\/www.doctor-smile.com\\\/es\\\/#organization\"},\"potentialAction\":[{\"@type\":\"SearchAction\",\"target\":{\"@type\":\"EntryPoint\",\"urlTemplate\":\"https:\\\/\\\/www.doctor-smile.com\\\/es\\\/?s={search_term_string}\"},\"query-input\":{\"@type\":\"PropertyValueSpecification\",\"valueRequired\":true,\"valueName\":\"search_term_string\"}}],\"inLanguage\":\"es\"},{\"@type\":\"Organization\",\"@id\":\"https:\\\/\\\/www.doctor-smile.com\\\/es\\\/#organization\",\"name\":\"Doctor-Smile\",\"url\":\"https:\\\/\\\/www.doctor-smile.com\\\/es\\\/\",\"logo\":{\"@type\":\"ImageObject\",\"inLanguage\":\"es\",\"@id\":\"https:\\\/\\\/www.doctor-smile.com\\\/es\\\/#\\\/schema\\\/logo\\\/image\\\/\",\"url\":\"https:\\\/\\\/www.doctor-smile.com\\\/wp-content\\\/uploads\\\/2021\\\/02\\\/Logo-Doctor-Smile-1.png\",\"contentUrl\":\"https:\\\/\\\/www.doctor-smile.com\\\/wp-content\\\/uploads\\\/2021\\\/02\\\/Logo-Doctor-Smile-1.png\",\"width\":1757,\"height\":667,\"caption\":\"Doctor-Smile\"},\"image\":{\"@id\":\"https:\\\/\\\/www.doctor-smile.com\\\/es\\\/#\\\/schema\\\/logo\\\/image\\\/\"},\"sameAs\":[\"https:\\\/\\\/www.facebook.com\\\/DoctorSmileTM\\\/\",\"https:\\\/\\\/www.instagram.com\\\/doctorsmiledentallaser\\\/\",\"https:\\\/\\\/www.youtube.com\\\/user\\\/doctorsmile1\\\/\"]}]}<\/script>\n<!-- \/ Yoast SEO plugin. -->","yoast_head_json":{"title":"Cursos de formaci\u00f3n - DOCTOR SMILE","description":"Los cursos de formaci\u00f3n Doctor Smile est\u00e1n dirigidos tanto a quienes no tienen experiencia en el uso del l\u00e1ser como a quienes desean reforzar sus conocimientos sobre sus aplicaciones cl\u00ednicas en odontolog\u00eda.","robots":{"index":"index","follow":"follow","max-snippet":"max-snippet:-1","max-image-preview":"max-image-preview:large","max-video-preview":"max-video-preview:-1"},"canonical":"https:\/\/www.doctor-smile.com\/es\/cursos-de-formacion\/","og_locale":"es_ES","og_type":"article","og_title":"Cursos de formaci\u00f3n - DOCTOR SMILE","og_description":"Los cursos de formaci\u00f3n Doctor Smile est\u00e1n dirigidos tanto a quienes no tienen experiencia en el uso del l\u00e1ser como a quienes desean reforzar sus conocimientos sobre sus aplicaciones cl\u00ednicas en odontolog\u00eda.","og_url":"https:\/\/www.doctor-smile.com\/es\/cursos-de-formacion\/","og_site_name":"DOCTOR SMILE","article_publisher":"https:\/\/www.facebook.com\/DoctorSmileTM\/","og_image":[{"url":"https:\/\/www.doctor-smile.com\/wp-content\/uploads\/2021\/03\/CORSI-DI-FORMAZIONE.jpg","type":"","width":"","height":""}],"twitter_card":"summary_large_image","schema":{"@context":"https:\/\/schema.org","@graph":[{"@type":"WebPage","@id":"https:\/\/www.doctor-smile.com\/es\/cursos-de-formacion\/","url":"https:\/\/www.doctor-smile.com\/es\/cursos-de-formacion\/","name":"Cursos de formaci\u00f3n - DOCTOR SMILE","isPartOf":{"@id":"https:\/\/www.doctor-smile.com\/es\/#website"},"primaryImageOfPage":{"@id":"https:\/\/www.doctor-smile.com\/es\/cursos-de-formacion\/#primaryimage"},"image":{"@id":"https:\/\/www.doctor-smile.com\/es\/cursos-de-formacion\/#primaryimage"},"thumbnailUrl":"https:\/\/www.doctor-smile.com\/wp-content\/uploads\/2021\/03\/CORSI-DI-FORMAZIONE.jpg","datePublished":"2021-06-16T07:24:58+00:00","description":"Los cursos de formaci\u00f3n Doctor Smile est\u00e1n dirigidos tanto a quienes no tienen experiencia en el uso del l\u00e1ser como a quienes desean reforzar sus conocimientos sobre sus aplicaciones cl\u00ednicas en odontolog\u00eda.","breadcrumb":{"@id":"https:\/\/www.doctor-smile.com\/es\/cursos-de-formacion\/#breadcrumb"},"inLanguage":"es","potentialAction":[{"@type":"ReadAction","target":["https:\/\/www.doctor-smile.com\/es\/cursos-de-formacion\/"]}]},{"@type":"ImageObject","inLanguage":"es","@id":"https:\/\/www.doctor-smile.com\/es\/cursos-de-formacion\/#primaryimage","url":"https:\/\/www.doctor-smile.com\/wp-content\/uploads\/2021\/03\/CORSI-DI-FORMAZIONE.jpg","contentUrl":"https:\/\/www.doctor-smile.com\/wp-content\/uploads\/2021\/03\/CORSI-DI-FORMAZIONE.jpg"},{"@type":"BreadcrumbList","@id":"https:\/\/www.doctor-smile.com\/es\/cursos-de-formacion\/#breadcrumb","itemListElement":[{"@type":"ListItem","position":1,"name":"Home","item":"https:\/\/www.doctor-smile.com\/es\/"},{"@type":"ListItem","position":2,"name":"Cursos de formaci\u00f3n"}]},{"@type":"WebSite","@id":"https:\/\/www.doctor-smile.com\/es\/#website","url":"https:\/\/www.doctor-smile.com\/es\/","name":"DOCTOR SMILE","description":"Tecnologia Laser Odontoiatrica","publisher":{"@id":"https:\/\/www.doctor-smile.com\/es\/#organization"},"potentialAction":[{"@type":"SearchAction","target":{"@type":"EntryPoint","urlTemplate":"https:\/\/www.doctor-smile.com\/es\/?s={search_term_string}"},"query-input":{"@type":"PropertyValueSpecification","valueRequired":true,"valueName":"search_term_string"}}],"inLanguage":"es"},{"@type":"Organization","@id":"https:\/\/www.doctor-smile.com\/es\/#organization","name":"Doctor-Smile","url":"https:\/\/www.doctor-smile.com\/es\/","logo":{"@type":"ImageObject","inLanguage":"es","@id":"https:\/\/www.doctor-smile.com\/es\/#\/schema\/logo\/image\/","url":"https:\/\/www.doctor-smile.com\/wp-content\/uploads\/2021\/02\/Logo-Doctor-Smile-1.png","contentUrl":"https:\/\/www.doctor-smile.com\/wp-content\/uploads\/2021\/02\/Logo-Doctor-Smile-1.png","width":1757,"height":667,"caption":"Doctor-Smile"},"image":{"@id":"https:\/\/www.doctor-smile.com\/es\/#\/schema\/logo\/image\/"},"sameAs":["https:\/\/www.facebook.com\/DoctorSmileTM\/","https:\/\/www.instagram.com\/doctorsmiledentallaser\/","https:\/\/www.youtube.com\/user\/doctorsmile1\/"]}]}},"_links":{"self":[{"href":"https:\/\/www.doctor-smile.com\/es\/wp-json\/wp\/v2\/pages\/13332","targetHints":{"allow":["GET"]}}],"collection":[{"href":"https:\/\/www.doctor-smile.com\/es\/wp-json\/wp\/v2\/pages"}],"about":[{"href":"https:\/\/www.doctor-smile.com\/es\/wp-json\/wp\/v2\/types\/page"}],"author":[{"embeddable":true,"href":"https:\/\/www.doctor-smile.com\/es\/wp-json\/wp\/v2\/users\/8"}],"replies":[{"embeddable":true,"href":"https:\/\/www.doctor-smile.com\/es\/wp-json\/wp\/v2\/comments?post=13332"}],"version-history":[{"count":1,"href":"https:\/\/www.doctor-smile.com\/es\/wp-json\/wp\/v2\/pages\/13332\/revisions"}],"predecessor-version":[{"id":13333,"href":"https:\/\/www.doctor-smile.com\/es\/wp-json\/wp\/v2\/pages\/13332\/revisions\/13333"}],"wp:attachment":[{"href":"https:\/\/www.doctor-smile.com\/es\/wp-json\/wp\/v2\/media?parent=13332"}],"curies":[{"name":"wp","href":"https:\/\/api.w.org\/{rel}","templated":true}]}}