{"id":13335,"date":"2021-06-16T09:30:00","date_gmt":"2021-06-16T07:30:00","guid":{"rendered":"https:\/\/www.doctor-smile.com\/articulos-cientificos-2\/"},"modified":"2021-06-16T09:30:03","modified_gmt":"2021-06-16T07:30:03","slug":"articulos-cientificos-2","status":"publish","type":"page","link":"https:\/\/www.doctor-smile.com\/es\/articulos-cientificos-2\/","title":{"rendered":"Art\u00edculos cient\u00edficos"},"content":{"rendered":"\t\t<div data-elementor-type=\"wp-page\" data-elementor-id=\"13335\" class=\"elementor elementor-13335 elementor-8789\">\n\t\t\t\t\t\t<div class=\"elementor-inner\">\n\t\t\t\t<div class=\"elementor-section-wrap\">\n\t\t\t\t\t\t\t\t\t<section class=\"elementor-section elementor-top-section elementor-element elementor-element-affaff8 elementor-section-boxed elementor-section-height-default elementor-section-height-default\" data-id=\"affaff8\" data-element_type=\"section\" data-settings=\"{&quot;_ha_eqh_enable&quot;:false}\">\n\t\t\t\t\t\t<div class=\"elementor-container elementor-column-gap-default\">\n\t\t\t\t\t\t\t<div class=\"elementor-row\">\n\t\t\t\t\t<div class=\"elementor-column elementor-col-100 elementor-top-column elementor-element elementor-element-477b5e9\" data-id=\"477b5e9\" data-element_type=\"column\">\n\t\t\t<div class=\"elementor-column-wrap elementor-element-populated\">\n\t\t\t\t\t\t\t<div class=\"elementor-widget-wrap\">\n\t\t\t\t\t\t<section class=\"elementor-section elementor-inner-section elementor-element elementor-element-7d54832 elementor-section-boxed elementor-section-height-default elementor-section-height-default\" data-id=\"7d54832\" data-element_type=\"section\" data-settings=\"{&quot;_ha_eqh_enable&quot;:false}\">\n\t\t\t\t\t\t<div class=\"elementor-container elementor-column-gap-default\">\n\t\t\t\t\t\t\t<div class=\"elementor-row\">\n\t\t\t\t\t<div class=\"elementor-column elementor-col-100 elementor-inner-column elementor-element elementor-element-94b75f5\" data-id=\"94b75f5\" data-element_type=\"column\">\n\t\t\t<div class=\"elementor-column-wrap elementor-element-populated\">\n\t\t\t\t\t\t\t<div class=\"elementor-widget-wrap\">\n\t\t\t\t\t\t<div class=\"elementor-element elementor-element-0189f72 elementor-widget elementor-widget-heading\" data-id=\"0189f72\" data-element_type=\"widget\" data-widget_type=\"heading.default\">\n\t\t\t\t<div class=\"elementor-widget-container\">\n\t\t\t<h3 class=\"elementor-heading-title elementor-size-default\">Doctor Smile investigaci\u00f3n e innovaci\u00f3n<\/h3>\t\t<\/div>\n\t\t\t\t<\/div>\n\t\t\t\t<div class=\"elementor-element elementor-element-b86079d elementor-widget elementor-widget-text-editor\" data-id=\"b86079d\" data-element_type=\"widget\" data-widget_type=\"text-editor.default\">\n\t\t\t\t<div class=\"elementor-widget-container\">\n\t\t\t\t\t\t\t\t<div class=\"elementor-text-editor elementor-clearfix\">\n\t\t\t\t<div class=\"jcms-box\">\n<div class=\"jcms-box-content\">\n<p class=\"TextbodyCxSpLast\">Estas publicaciones cient\u00edficas de diferentes revistas est\u00e1n a su disposici\u00f3n. Doctor Smile is always eager to share its knowledge of laser applications in dentisrty and dermatology with practitioners worldwide.<\/p>\n<\/div>\n<\/div>\n<div class=\"jcms-box-collapsible\">\n<div class=\"jcms-box-collapsible-title\"> <\/div>\n<\/div>\n\t\t\t\t\t<\/div>\n\t\t\t\t\t\t<\/div>\n\t\t\t\t<\/div>\n\t\t\t\t\t\t<\/div>\n\t\t\t\t\t<\/div>\n\t\t<\/div>\n\t\t\t\t\t\t\t\t<\/div>\n\t\t\t\t\t<\/div>\n\t\t<\/section>\n\t\t\t\t<section class=\"elementor-section elementor-inner-section elementor-element elementor-element-4895293 elementor-section-boxed elementor-section-height-default elementor-section-height-default\" data-id=\"4895293\" data-element_type=\"section\" data-settings=\"{&quot;_ha_eqh_enable&quot;:false}\">\n\t\t\t\t\t\t<div class=\"elementor-container elementor-column-gap-default\">\n\t\t\t\t\t\t\t<div class=\"elementor-row\">\n\t\t\t\t\t<div class=\"elementor-column elementor-col-50 elementor-inner-column elementor-element elementor-element-7ea199c\" data-id=\"7ea199c\" data-element_type=\"column\">\n\t\t\t<div class=\"elementor-column-wrap elementor-element-populated\">\n\t\t\t\t\t\t\t<div class=\"elementor-widget-wrap\">\n\t\t\t\t\t\t<div class=\"elementor-element elementor-element-05776c6 elementor-widget elementor-widget-image\" data-id=\"05776c6\" data-element_type=\"widget\" data-widget_type=\"image.default\">\n\t\t\t\t<div class=\"elementor-widget-container\">\n\t\t\t\t\t\t\t\t<div class=\"elementor-image\">\n\t\t\t\t\t\t\t\t\t\t\t\t<img loading=\"lazy\" decoding=\"async\" width=\"900\" height=\"602\" src=\"https:\/\/www.doctor-smile.com\/wp-content\/uploads\/2021\/02\/esterno-1.jpg\" class=\"attachment-large size-large\" alt=\"Lambda doctor-smile\" srcset=\"https:\/\/www.doctor-smile.com\/wp-content\/uploads\/2021\/02\/esterno-1.jpg 900w, https:\/\/www.doctor-smile.com\/wp-content\/uploads\/2021\/02\/esterno-1-300x201.jpg 300w, https:\/\/www.doctor-smile.com\/wp-content\/uploads\/2021\/02\/esterno-1-768x514.jpg 768w\" sizes=\"auto, (max-width: 900px) 100vw, 900px\" \/>\t\t\t\t\t\t\t\t\t\t\t\t\t\t<\/div>\n\t\t\t\t\t\t<\/div>\n\t\t\t\t<\/div>\n\t\t\t\t\t\t<\/div>\n\t\t\t\t\t<\/div>\n\t\t<\/div>\n\t\t\t\t<div class=\"elementor-column elementor-col-50 elementor-inner-column elementor-element elementor-element-449b547\" data-id=\"449b547\" data-element_type=\"column\">\n\t\t\t<div class=\"elementor-column-wrap elementor-element-populated\">\n\t\t\t\t\t\t\t<div class=\"elementor-widget-wrap\">\n\t\t\t\t\t\t<div class=\"elementor-element elementor-element-4b79161 elementor-widget elementor-widget-image\" data-id=\"4b79161\" data-element_type=\"widget\" data-widget_type=\"image.default\">\n\t\t\t\t<div class=\"elementor-widget-container\">\n\t\t\t\t\t\t\t\t<div class=\"elementor-image\">\n\t\t\t\t\t\t\t\t\t\t\t\t<img loading=\"lazy\" decoding=\"async\" width=\"1000\" height=\"667\" src=\"https:\/\/www.doctor-smile.com\/wp-content\/uploads\/2021\/02\/simposio-e1614168295603.jpg\" class=\"attachment-large size-large\" alt=\"\" \/>\t\t\t\t\t\t\t\t\t\t\t\t\t\t<\/div>\n\t\t\t\t\t\t<\/div>\n\t\t\t\t<\/div>\n\t\t\t\t\t\t<\/div>\n\t\t\t\t\t<\/div>\n\t\t<\/div>\n\t\t\t\t\t\t\t\t<\/div>\n\t\t\t\t\t<\/div>\n\t\t<\/section>\n\t\t\t\t\t\t<\/div>\n\t\t\t\t\t<\/div>\n\t\t<\/div>\n\t\t\t\t\t\t\t\t<\/div>\n\t\t\t\t\t<\/div>\n\t\t<\/section>\n\t\t\t\t<section class=\"elementor-section elementor-top-section elementor-element elementor-element-5c87432 elementor-section-boxed elementor-section-height-default elementor-section-height-default\" data-id=\"5c87432\" data-element_type=\"section\" data-settings=\"{&quot;_ha_eqh_enable&quot;:false}\">\n\t\t\t\t\t\t<div class=\"elementor-container elementor-column-gap-default\">\n\t\t\t\t\t\t\t<div class=\"elementor-row\">\n\t\t\t\t\t<div class=\"elementor-column elementor-col-100 elementor-top-column elementor-element elementor-element-05a7303\" data-id=\"05a7303\" data-element_type=\"column\">\n\t\t\t<div class=\"elementor-column-wrap elementor-element-populated\">\n\t\t\t\t\t\t\t<div class=\"elementor-widget-wrap\">\n\t\t\t\t\t\t<div class=\"elementor-element elementor-element-8fc042b elementor-widget elementor-widget-heading\" data-id=\"8fc042b\" data-element_type=\"widget\" data-widget_type=\"heading.default\">\n\t\t\t\t<div class=\"elementor-widget-container\">\n\t\t\t<h2 class=\"elementor-heading-title elementor-size-default\">GENERAL LASER DENTISTRY<\/h2>\t\t<\/div>\n\t\t\t\t<\/div>\n\t\t\t\t<section class=\"elementor-section elementor-inner-section elementor-element elementor-element-3cf8bac elementor-section-boxed elementor-section-height-default elementor-section-height-default\" data-id=\"3cf8bac\" data-element_type=\"section\" data-settings=\"{&quot;_ha_eqh_enable&quot;:false}\">\n\t\t\t\t\t\t<div class=\"elementor-container elementor-column-gap-default\">\n\t\t\t\t\t\t\t<div class=\"elementor-row\">\n\t\t\t\t\t<div class=\"elementor-column elementor-col-100 elementor-inner-column elementor-element elementor-element-cae22fe\" data-id=\"cae22fe\" data-element_type=\"column\">\n\t\t\t<div class=\"elementor-column-wrap elementor-element-populated\">\n\t\t\t\t\t\t\t<div class=\"elementor-widget-wrap\">\n\t\t\t\t\t\t<div class=\"elementor-element elementor-element-1e3433d elementor-widget elementor-widget-text-editor\" data-id=\"1e3433d\" data-element_type=\"widget\" data-widget_type=\"text-editor.default\">\n\t\t\t\t<div class=\"elementor-widget-container\">\n\t\t\t\t\t\t\t\t<div class=\"elementor-text-editor elementor-clearfix\">\n\t\t\t\t<div class=\"jcms-box\">\n<div class=\"jcms-box-content\">\n<p class=\"TextbodyCxSpLast\">\n<\/div>\n<\/div>\n<div class=\"jcms-box-collapsible\">\n<div class=\"jcms-box-collapsible-content\">\n<p><a href=\"\/assets\/Scientific%20pub\/Erbium%20lasers%20in%20dentistry.pdf\" target=\"_blank\" rel=\"noopener\">ERBIUM LASER IN DENTISTRY<\/a><\/p>\n<p><a href=\"\/assets\/Scientific%20pub\/OverviewLasers.pdf\" target=\"_blank\" rel=\"noopener\">AN OVERVIEW OF LASERS IN DENTISTRY<\/a><\/p>\n<p><a href=\"\/assets\/Scientific%20pub\/soft_tissue_Goldstep.pdf\" target=\"_blank\" rel=\"noopener\">SOFT TISSUE DIODE LASER: Where Have You Been All My Life?<\/a><\/p>\n<p><a href=\"\/assets\/Scientific%20pub\/SoftTissueLasersandProcedures.pdf\" target=\"_blank\" rel=\"noopener\">SOFT-TISSUE LASERS AND PROCEDURES<\/a><\/p>\n<p><a href=\"\/assets\/Scientific%20pub\/omnipratique_rey.pdf\" target=\"_blank\" rel=\"noopener\">VERS UNE NOUVELLE OMNIPRATIQUE CONSERVATRICE LASERS ASSISTEE<\/a> <img decoding=\"async\" src=\"\/assets\/Immagini%20varie\/bandiera_francia.gif\" alt=\"\" width=\"50\"><\/p>\n<\/div>\n<\/div>\n<div class=\"jcms-box-collapsible\">\n<div class=\"jcms-box-collapsible-title\">\n<h3>ENDODONTICS<\/h3>\n<\/div>\n<div class=\"jcms-box-collapsible-content\">\n<p><a href=\"\/assets\/Scientific%20pub\/Lasers%20in%20endodontics.pdf\" target=\"_blank\" rel=\"noopener\">LASERS IN ENDODONTICS<\/a><\/p>\n<\/div>\n<\/div>\n<div class=\"jcms-box-collapsible\">\n<div class=\"jcms-box-collapsible-title\">\n<h3>PERIODONTICS<\/h3>\n<\/div>\n<div class=\"jcms-box-collapsible-content\">\n<p><a href=\"\/assets\/Scientific%20pub\/Diodelaserforperiodontaltreat.pdf\" target=\"_blank\" rel=\"noopener\">DIODE LASERS FOR PERIODONTAL TREATMENT<\/a><\/p>\n<\/div>\n<\/div>\n<div class=\"jcms-box-collapsible\">\n<div class=\"jcms-box-collapsible-title\">\n<h3>IMPLANTS<\/h3>\n<\/div>\n<div class=\"jcms-box-collapsible-content\">\n<p><a href=\"\/assets\/Scientific%20pub\/Er%20Implant%20treatment.pdf\" target=\"_blank\" rel=\"noopener\">TREATMENT OF EXPOSED IMPANT SURGACES: Er:YAG laser compared to conventional mechanical therapy<\/a><\/p>\n<p><a href=\"\/assets\/Scientific%20pub\/Lasers%20in%20dental%20implantology.pdf\" target=\"_blank\" rel=\"noopener\">LASERS IN DENTAL IMPLANTOLOGY<\/a><\/p>\n<\/div>\n<\/div>\n<div class=\"jcms-box-collapsible\">\n<div class=\"jcms-box-collapsible-title\">\n<h3>SURGERY<\/h3>\n<\/div>\n<div class=\"jcms-box-collapsible-content\">\n<p><a href=\"\/assets\/Scientific%20pub\/DrSwick_A%20Comparative%20Study%20of%20Two%20Intraoral%20Laser%20Techniques%20for%20Soft%20Tissue%20Surgery.pdf\" target=\"_blank\" rel=\"noopener\">A COMPARATIVE STUDY OF TWO INTRAORAL LASER TECHNIQUES FOR SOFT TISSUE SURGERY<\/a><\/p>\n<p><a href=\"\/assets\/Scientific%20pub\/LASER%20in%20Stomatology.pdf\" target=\"_blank\" rel=\"noopener\">USE OF DIODE LASER IN SURGERY<\/a><\/p>\n<p><a href=\"\/assets\/Scientific%20pub\/SoftTissueLasersandProcedures.pdf\" target=\"_blank\" rel=\"noopener\">SOFT-TISSUE LASERS AND PROCEDURES<\/a><\/p>\n<\/div>\n<\/div>\n<div class=\"jcms-box-collapsible\">\n<div class=\"jcms-box-collapsible-title\">\n<h3>WHITENING<\/h3>\n<\/div>\n<div class=\"jcms-box-collapsible-content\">\n<p><a href=\"\/assets\/Scientific%20pub\/WHITE_TiO2_Eng.pdf\" target=\"_blank\" rel=\"noopener\">WHITENING WITH LASER<\/a><\/p>\n<\/div>\n<\/div>\n<div class=\"jcms-box-collapsible\">\n<div class=\"jcms-box-collapsible-title\">\n<h3>CONSERVATIVE<\/h3>\n<\/div>\n<div class=\"jcms-box-collapsible-content\">\n<p><a href=\"\/assets\/Scientific%20pub\/Carious_tissue_removal.pdf\" target=\"_blank\" rel=\"noopener\">EFFICIENCY AND EFFECTIVENESS OF ER:YAG LASER ON CARIOUS TISSUE REMOVAL<\/a><\/p>\n<p><a href=\"\/assets\/Scientific%20pub\/Ultraconservative_ablation.pdf\" target=\"_blank\" rel=\"noopener\">ULTRACONSERVATIVE ABLATION IN OPERATIVE AND ESTHETIC DENTISTRY<\/a><\/p>\n<\/div>\n<\/div>\n<div class=\"jcms-box-collapsible\">\n<div class=\"jcms-box-collapsible-title\">\n<h3>THERAPY<\/h3>\n<\/div>\n<div class=\"jcms-box-collapsible-content\">\n<p><a href=\"\/assets\/Scientific%20pub\/Pain_reduction_and_healing.pdf\" target=\"_blank\" rel=\"noopener\">LASER ACCELLERED INFLAMMATION\/PAIN REDUCTION AND HEALING<\/a><\/p>\n<p><a href=\"\/assets\/Scientific%20pub\/treatmentofdentinehypersensitivity.pdf\" target=\"_blank\" rel=\"noopener\">TREATMENT OF DENTINE HYPERSENSITIVITY<\/a><\/p>\n<\/div>\n<\/div>\n<div class=\"jcms-box-collapsible\">\n<div class=\"jcms-box-collapsible-title\">\n<h3>COSMETICS<\/h3>\n<\/div>\n<div class=\"jcms-box-collapsible-content\">\n<p><a href=\"\/assets\/Scientific%20pub\/E.Lee-Laser%20Assisted%20Soft%20Tissue%20Proced.pdf\" target=\"_blank\" rel=\"noopener\">LASER-ASSISTED GINGIVAL TISSUE PROCEDURES IN ESTHETIC DENTISTRY<\/a><\/p>\n<\/div>\n<\/div>\n<div class=\"jcms-box-collapsible\">\n<div class=\"jcms-box-collapsible-title\">\n<h3>ORTHODONTICS<\/h3>\n<\/div>\n<div class=\"jcms-box-collapsible-content\">\n<p><a href=\"\/assets\/Scientific%20pub\/orthodontics_lasers.pdf\" target=\"_blank\" rel=\"noopener\">LASERS IN ORTHODONTICS<\/a><\/p>\n<\/div>\n<\/div>\n<div class=\"jcms-box-collapsible\">\n<div class=\"jcms-box-collapsible-title\">\n<h3>DERMATOLOGY<\/h3>\n<\/div>\n<div class=\"jcms-box-collapsible-content\">\n<p><a href=\"\/assets\/Scientific%20pub\/corr_hist_find_resurfaceing.pdf\" target=\"_blank\" rel=\"noopener\">CORRELATION OF HISTOLOGICAL FINDINGS OF SIGLE SESSION ER:YAG SKIN FRACTIONAL RESURFACING WITH VARIOUS PASSES AND ENERGIES AND THE POSSIBLE CLINICAL IMPLICATIONS<\/a><\/p>\n<p><a href=\"\/assets\/Scientific%20pub\/fract_ablat_skin_resurface.pdf\" target=\"_blank\" rel=\"noopener\">RESULTS OF FRACTIONAL ABLATIVE FACIAL SKIN RESURFACING WITH THE ERBIUM<\/a><\/p>\n<p><a href=\"\/assets\/Scientific%20pub\/fractional_phototherm.pdf\" target=\"_blank\" rel=\"noopener\">FRACTIONAL PHOTOTHERMOLYSIS: A Review and Update<\/a><\/p>\n<\/div>\n<\/div>\n\t\t\t\t\t<\/div>\n\t\t\t\t\t\t<\/div>\n\t\t\t\t<\/div>\n\t\t\t\t\t\t<\/div>\n\t\t\t\t\t<\/div>\n\t\t<\/div>\n\t\t\t\t\t\t\t\t<\/div>\n\t\t\t\t\t<\/div>\n\t\t<\/section>\n\t\t\t\t\t\t<\/div>\n\t\t\t\t\t<\/div>\n\t\t<\/div>\n\t\t\t\t\t\t\t\t<\/div>\n\t\t\t\t\t<\/div>\n\t\t<\/section>\n\t\t\t\t\t\t\t\t\t<\/div>\n\t\t\t<\/div>\n\t\t\t\t\t<\/div>\n\t\t","protected":false},"excerpt":{"rendered":"<p>Doctor Smile research and innovation These scientific publications from different journals are at your disposal. Doctor Smile is always eager to share its knowledge of laser applications in dentisrty and dermatology with practitioners worldwide. \u00a0 GENERAL LASER DENTISTRY \u00a0 ERBIUM LASER IN DENTISTRY AN OVERVIEW OF LASERS IN DENTISTRY SOFT TISSUE DIODE LASER: Where Have &#8230; <a title=\"Art\u00edculos cient\u00edficos\" class=\"read-more\" href=\"https:\/\/www.doctor-smile.com\/es\/articulos-cientificos-2\/\" aria-label=\"M\u00e1s en Art\u00edculos cient\u00edficos\">Leer m\u00e1s<\/a><\/p>\n","protected":false},"author":101,"featured_media":0,"parent":0,"menu_order":0,"comment_status":"closed","ping_status":"closed","template":"","meta":{"content-type":"","footnotes":""},"class_list":["post-13335","page","type-page","status-publish"],"yoast_head":"<!-- This site is optimized with the Yoast SEO plugin v27.4 - https:\/\/yoast.com\/product\/yoast-seo-wordpress\/ -->\n<title>Art\u00edculos cient\u00edficos - DOCTOR SMILE<\/title>\n<meta name=\"description\" content=\"Doctor Smile investigaci\u00f3n e innovaci\u00f3n: estas publicaciones cient\u00edficas de diferentes revistas est\u00e1n a su disposici\u00f3n.\" \/>\n<meta name=\"robots\" content=\"index, follow, max-snippet:-1, max-image-preview:large, max-video-preview:-1\" \/>\n<link rel=\"canonical\" href=\"https:\/\/www.doctor-smile.com\/es\/articulos-cientificos-2\/\" \/>\n<meta property=\"og:locale\" content=\"es_ES\" \/>\n<meta property=\"og:type\" content=\"article\" \/>\n<meta property=\"og:title\" content=\"Art\u00edculos cient\u00edficos - DOCTOR SMILE\" \/>\n<meta property=\"og:description\" content=\"Doctor Smile investigaci\u00f3n e innovaci\u00f3n: estas publicaciones cient\u00edficas de diferentes revistas est\u00e1n a su disposici\u00f3n.\" \/>\n<meta property=\"og:url\" content=\"https:\/\/www.doctor-smile.com\/es\/articulos-cientificos-2\/\" \/>\n<meta property=\"og:site_name\" content=\"DOCTOR SMILE\" \/>\n<meta property=\"article:publisher\" content=\"https:\/\/www.facebook.com\/DoctorSmileTM\/\" \/>\n<meta property=\"article:modified_time\" content=\"2021-06-16T07:30:03+00:00\" \/>\n<meta property=\"og:image\" content=\"https:\/\/www.doctor-smile.com\/wp-content\/uploads\/2021\/02\/esterno-1.jpg\" \/>\n<meta name=\"twitter:card\" content=\"summary_large_image\" \/>\n<script type=\"application\/ld+json\" class=\"yoast-schema-graph\">{\"@context\":\"https:\\\/\\\/schema.org\",\"@graph\":[{\"@type\":\"WebPage\",\"@id\":\"https:\\\/\\\/www.doctor-smile.com\\\/es\\\/articulos-cientificos-2\\\/\",\"url\":\"https:\\\/\\\/www.doctor-smile.com\\\/es\\\/articulos-cientificos-2\\\/\",\"name\":\"Art\u00edculos cient\u00edficos - DOCTOR SMILE\",\"isPartOf\":{\"@id\":\"https:\\\/\\\/www.doctor-smile.com\\\/es\\\/#website\"},\"primaryImageOfPage\":{\"@id\":\"https:\\\/\\\/www.doctor-smile.com\\\/es\\\/articulos-cientificos-2\\\/#primaryimage\"},\"image\":{\"@id\":\"https:\\\/\\\/www.doctor-smile.com\\\/es\\\/articulos-cientificos-2\\\/#primaryimage\"},\"thumbnailUrl\":\"https:\\\/\\\/www.doctor-smile.com\\\/wp-content\\\/uploads\\\/2021\\\/02\\\/esterno-1.jpg\",\"datePublished\":\"2021-06-16T07:30:00+00:00\",\"dateModified\":\"2021-06-16T07:30:03+00:00\",\"description\":\"Doctor Smile investigaci\u00f3n e innovaci\u00f3n: estas publicaciones cient\u00edficas de diferentes revistas est\u00e1n a su disposici\u00f3n.\",\"breadcrumb\":{\"@id\":\"https:\\\/\\\/www.doctor-smile.com\\\/es\\\/articulos-cientificos-2\\\/#breadcrumb\"},\"inLanguage\":\"es\",\"potentialAction\":[{\"@type\":\"ReadAction\",\"target\":[\"https:\\\/\\\/www.doctor-smile.com\\\/es\\\/articulos-cientificos-2\\\/\"]}]},{\"@type\":\"ImageObject\",\"inLanguage\":\"es\",\"@id\":\"https:\\\/\\\/www.doctor-smile.com\\\/es\\\/articulos-cientificos-2\\\/#primaryimage\",\"url\":\"https:\\\/\\\/www.doctor-smile.com\\\/wp-content\\\/uploads\\\/2021\\\/02\\\/esterno-1.jpg\",\"contentUrl\":\"https:\\\/\\\/www.doctor-smile.com\\\/wp-content\\\/uploads\\\/2021\\\/02\\\/esterno-1.jpg\"},{\"@type\":\"BreadcrumbList\",\"@id\":\"https:\\\/\\\/www.doctor-smile.com\\\/es\\\/articulos-cientificos-2\\\/#breadcrumb\",\"itemListElement\":[{\"@type\":\"ListItem\",\"position\":1,\"name\":\"Home\",\"item\":\"https:\\\/\\\/www.doctor-smile.com\\\/es\\\/\"},{\"@type\":\"ListItem\",\"position\":2,\"name\":\"Art\u00edculos cient\u00edficos\"}]},{\"@type\":\"WebSite\",\"@id\":\"https:\\\/\\\/www.doctor-smile.com\\\/es\\\/#website\",\"url\":\"https:\\\/\\\/www.doctor-smile.com\\\/es\\\/\",\"name\":\"DOCTOR SMILE\",\"description\":\"Tecnologia Laser Odontoiatrica\",\"publisher\":{\"@id\":\"https:\\\/\\\/www.doctor-smile.com\\\/es\\\/#organization\"},\"potentialAction\":[{\"@type\":\"SearchAction\",\"target\":{\"@type\":\"EntryPoint\",\"urlTemplate\":\"https:\\\/\\\/www.doctor-smile.com\\\/es\\\/?s={search_term_string}\"},\"query-input\":{\"@type\":\"PropertyValueSpecification\",\"valueRequired\":true,\"valueName\":\"search_term_string\"}}],\"inLanguage\":\"es\"},{\"@type\":\"Organization\",\"@id\":\"https:\\\/\\\/www.doctor-smile.com\\\/es\\\/#organization\",\"name\":\"Doctor-Smile\",\"url\":\"https:\\\/\\\/www.doctor-smile.com\\\/es\\\/\",\"logo\":{\"@type\":\"ImageObject\",\"inLanguage\":\"es\",\"@id\":\"https:\\\/\\\/www.doctor-smile.com\\\/es\\\/#\\\/schema\\\/logo\\\/image\\\/\",\"url\":\"https:\\\/\\\/www.doctor-smile.com\\\/wp-content\\\/uploads\\\/2021\\\/02\\\/Logo-Doctor-Smile-1.png\",\"contentUrl\":\"https:\\\/\\\/www.doctor-smile.com\\\/wp-content\\\/uploads\\\/2021\\\/02\\\/Logo-Doctor-Smile-1.png\",\"width\":1757,\"height\":667,\"caption\":\"Doctor-Smile\"},\"image\":{\"@id\":\"https:\\\/\\\/www.doctor-smile.com\\\/es\\\/#\\\/schema\\\/logo\\\/image\\\/\"},\"sameAs\":[\"https:\\\/\\\/www.facebook.com\\\/DoctorSmileTM\\\/\",\"https:\\\/\\\/www.instagram.com\\\/doctorsmiledentallaser\\\/\",\"https:\\\/\\\/www.youtube.com\\\/user\\\/doctorsmile1\\\/\"]}]}<\/script>\n<!-- \/ Yoast SEO plugin. -->","yoast_head_json":{"title":"Art\u00edculos cient\u00edficos - DOCTOR SMILE","description":"Doctor Smile investigaci\u00f3n e innovaci\u00f3n: estas publicaciones cient\u00edficas de diferentes revistas est\u00e1n a su disposici\u00f3n.","robots":{"index":"index","follow":"follow","max-snippet":"max-snippet:-1","max-image-preview":"max-image-preview:large","max-video-preview":"max-video-preview:-1"},"canonical":"https:\/\/www.doctor-smile.com\/es\/articulos-cientificos-2\/","og_locale":"es_ES","og_type":"article","og_title":"Art\u00edculos cient\u00edficos - DOCTOR SMILE","og_description":"Doctor Smile investigaci\u00f3n e innovaci\u00f3n: estas publicaciones cient\u00edficas de diferentes revistas est\u00e1n a su disposici\u00f3n.","og_url":"https:\/\/www.doctor-smile.com\/es\/articulos-cientificos-2\/","og_site_name":"DOCTOR SMILE","article_publisher":"https:\/\/www.facebook.com\/DoctorSmileTM\/","article_modified_time":"2021-06-16T07:30:03+00:00","og_image":[{"url":"https:\/\/www.doctor-smile.com\/wp-content\/uploads\/2021\/02\/esterno-1.jpg","type":"","width":"","height":""}],"twitter_card":"summary_large_image","schema":{"@context":"https:\/\/schema.org","@graph":[{"@type":"WebPage","@id":"https:\/\/www.doctor-smile.com\/es\/articulos-cientificos-2\/","url":"https:\/\/www.doctor-smile.com\/es\/articulos-cientificos-2\/","name":"Art\u00edculos cient\u00edficos - DOCTOR SMILE","isPartOf":{"@id":"https:\/\/www.doctor-smile.com\/es\/#website"},"primaryImageOfPage":{"@id":"https:\/\/www.doctor-smile.com\/es\/articulos-cientificos-2\/#primaryimage"},"image":{"@id":"https:\/\/www.doctor-smile.com\/es\/articulos-cientificos-2\/#primaryimage"},"thumbnailUrl":"https:\/\/www.doctor-smile.com\/wp-content\/uploads\/2021\/02\/esterno-1.jpg","datePublished":"2021-06-16T07:30:00+00:00","dateModified":"2021-06-16T07:30:03+00:00","description":"Doctor Smile investigaci\u00f3n e innovaci\u00f3n: estas publicaciones cient\u00edficas de diferentes revistas est\u00e1n a su disposici\u00f3n.","breadcrumb":{"@id":"https:\/\/www.doctor-smile.com\/es\/articulos-cientificos-2\/#breadcrumb"},"inLanguage":"es","potentialAction":[{"@type":"ReadAction","target":["https:\/\/www.doctor-smile.com\/es\/articulos-cientificos-2\/"]}]},{"@type":"ImageObject","inLanguage":"es","@id":"https:\/\/www.doctor-smile.com\/es\/articulos-cientificos-2\/#primaryimage","url":"https:\/\/www.doctor-smile.com\/wp-content\/uploads\/2021\/02\/esterno-1.jpg","contentUrl":"https:\/\/www.doctor-smile.com\/wp-content\/uploads\/2021\/02\/esterno-1.jpg"},{"@type":"BreadcrumbList","@id":"https:\/\/www.doctor-smile.com\/es\/articulos-cientificos-2\/#breadcrumb","itemListElement":[{"@type":"ListItem","position":1,"name":"Home","item":"https:\/\/www.doctor-smile.com\/es\/"},{"@type":"ListItem","position":2,"name":"Art\u00edculos cient\u00edficos"}]},{"@type":"WebSite","@id":"https:\/\/www.doctor-smile.com\/es\/#website","url":"https:\/\/www.doctor-smile.com\/es\/","name":"DOCTOR SMILE","description":"Tecnologia Laser Odontoiatrica","publisher":{"@id":"https:\/\/www.doctor-smile.com\/es\/#organization"},"potentialAction":[{"@type":"SearchAction","target":{"@type":"EntryPoint","urlTemplate":"https:\/\/www.doctor-smile.com\/es\/?s={search_term_string}"},"query-input":{"@type":"PropertyValueSpecification","valueRequired":true,"valueName":"search_term_string"}}],"inLanguage":"es"},{"@type":"Organization","@id":"https:\/\/www.doctor-smile.com\/es\/#organization","name":"Doctor-Smile","url":"https:\/\/www.doctor-smile.com\/es\/","logo":{"@type":"ImageObject","inLanguage":"es","@id":"https:\/\/www.doctor-smile.com\/es\/#\/schema\/logo\/image\/","url":"https:\/\/www.doctor-smile.com\/wp-content\/uploads\/2021\/02\/Logo-Doctor-Smile-1.png","contentUrl":"https:\/\/www.doctor-smile.com\/wp-content\/uploads\/2021\/02\/Logo-Doctor-Smile-1.png","width":1757,"height":667,"caption":"Doctor-Smile"},"image":{"@id":"https:\/\/www.doctor-smile.com\/es\/#\/schema\/logo\/image\/"},"sameAs":["https:\/\/www.facebook.com\/DoctorSmileTM\/","https:\/\/www.instagram.com\/doctorsmiledentallaser\/","https:\/\/www.youtube.com\/user\/doctorsmile1\/"]}]}},"_links":{"self":[{"href":"https:\/\/www.doctor-smile.com\/es\/wp-json\/wp\/v2\/pages\/13335","targetHints":{"allow":["GET"]}}],"collection":[{"href":"https:\/\/www.doctor-smile.com\/es\/wp-json\/wp\/v2\/pages"}],"about":[{"href":"https:\/\/www.doctor-smile.com\/es\/wp-json\/wp\/v2\/types\/page"}],"author":[{"embeddable":true,"href":"https:\/\/www.doctor-smile.com\/es\/wp-json\/wp\/v2\/users\/101"}],"replies":[{"embeddable":true,"href":"https:\/\/www.doctor-smile.com\/es\/wp-json\/wp\/v2\/comments?post=13335"}],"version-history":[{"count":1,"href":"https:\/\/www.doctor-smile.com\/es\/wp-json\/wp\/v2\/pages\/13335\/revisions"}],"predecessor-version":[{"id":13336,"href":"https:\/\/www.doctor-smile.com\/es\/wp-json\/wp\/v2\/pages\/13335\/revisions\/13336"}],"wp:attachment":[{"href":"https:\/\/www.doctor-smile.com\/es\/wp-json\/wp\/v2\/media?parent=13335"}],"curies":[{"name":"wp","href":"https:\/\/api.w.org\/{rel}","templated":true}]}}