{"id":13372,"date":"2021-06-16T11:40:21","date_gmt":"2021-06-16T09:40:21","guid":{"rendered":"https:\/\/www.doctor-smile.com\/pieza-de-mano-onda-piana\/"},"modified":"2024-05-31T15:50:15","modified_gmt":"2024-05-31T13:50:15","slug":"pieza-de-mano-onda-piana","status":"publish","type":"page","link":"https:\/\/www.doctor-smile.com\/es\/pieza-de-mano-onda-piana\/","title":{"rendered":"pieza de mano ONDA PIANA"},"content":{"rendered":"\t\t<div data-elementor-type=\"wp-page\" data-elementor-id=\"13372\" class=\"elementor elementor-13372 elementor-6358\">\n\t\t\t\t\t\t<div class=\"elementor-inner\">\n\t\t\t\t<div class=\"elementor-section-wrap\">\n\t\t\t\t\t\t\t\t\t<section class=\"elementor-section elementor-top-section elementor-element elementor-element-91260af elementor-section-boxed elementor-section-height-default elementor-section-height-default\" data-id=\"91260af\" data-element_type=\"section\" data-settings=\"{&quot;_ha_eqh_enable&quot;:false}\">\n\t\t\t\t\t\t<div class=\"elementor-container elementor-column-gap-default\">\n\t\t\t\t\t\t\t<div class=\"elementor-row\">\n\t\t\t\t\t<div class=\"elementor-column elementor-col-100 elementor-top-column elementor-element elementor-element-bab608e\" data-id=\"bab608e\" data-element_type=\"column\">\n\t\t\t<div class=\"elementor-column-wrap elementor-element-populated\">\n\t\t\t\t\t\t\t<div class=\"elementor-widget-wrap\">\n\t\t\t\t\t\t<div class=\"elementor-element elementor-element-1f62e26 elementor-widget elementor-widget-heading\" data-id=\"1f62e26\" data-element_type=\"widget\" data-widget_type=\"heading.default\">\n\t\t\t\t<div class=\"elementor-widget-container\">\n\t\t\t<h1 class=\"elementor-heading-title elementor-size-default\">PIEZA DE MANO ONDA PIANA\u200b<\/h1>\t\t<\/div>\n\t\t\t\t<\/div>\n\t\t\t\t\t\t<\/div>\n\t\t\t\t\t<\/div>\n\t\t<\/div>\n\t\t\t\t\t\t\t\t<\/div>\n\t\t\t\t\t<\/div>\n\t\t<\/section>\n\t\t\t\t<section class=\"elementor-section elementor-top-section elementor-element elementor-element-ddab62a elementor-section-boxed elementor-section-height-default elementor-section-height-default\" data-id=\"ddab62a\" data-element_type=\"section\" data-settings=\"{&quot;_ha_eqh_enable&quot;:false}\">\n\t\t\t\t\t\t<div class=\"elementor-container elementor-column-gap-default\">\n\t\t\t\t\t\t\t<div class=\"elementor-row\">\n\t\t\t\t\t<div class=\"elementor-column elementor-col-100 elementor-top-column elementor-element elementor-element-bcdb228\" data-id=\"bcdb228\" data-element_type=\"column\">\n\t\t\t<div class=\"elementor-column-wrap elementor-element-populated\">\n\t\t\t\t\t\t\t<div class=\"elementor-widget-wrap\">\n\t\t\t\t\t\t<div class=\"elementor-element elementor-element-c074a49 animated-slow elementor-invisible elementor-widget elementor-widget-image\" data-id=\"c074a49\" data-element_type=\"widget\" data-settings=\"{&quot;_animation&quot;:&quot;zoomIn&quot;,&quot;_animation_delay&quot;:5}\" data-widget_type=\"image.default\">\n\t\t\t\t<div class=\"elementor-widget-container\">\n\t\t\t\t\t\t\t\t<div class=\"elementor-image\">\n\t\t\t\t\t\t\t\t\t\t\t\t<img loading=\"lazy\" decoding=\"async\" width=\"1001\" height=\"601\" src=\"https:\/\/www.doctor-smile.com\/wp-content\/uploads\/2021\/04\/MOP-72dpi.png\" class=\"attachment-large size-large\" alt=\"\" srcset=\"https:\/\/www.doctor-smile.com\/wp-content\/uploads\/2021\/04\/MOP-72dpi.png 1001w, https:\/\/www.doctor-smile.com\/wp-content\/uploads\/2021\/04\/MOP-72dpi-300x180.png 300w, https:\/\/www.doctor-smile.com\/wp-content\/uploads\/2021\/04\/MOP-72dpi-768x461.png 768w\" sizes=\"auto, (max-width: 1001px) 100vw, 1001px\" \/>\t\t\t\t\t\t\t\t\t\t\t\t\t\t<\/div>\n\t\t\t\t\t\t<\/div>\n\t\t\t\t<\/div>\n\t\t\t\t<div class=\"elementor-element elementor-element-1367d38 elementor-widget elementor-widget-text-editor\" data-id=\"1367d38\" data-element_type=\"widget\" data-widget_type=\"text-editor.default\">\n\t\t\t\t<div class=\"elementor-widget-container\">\n\t\t\t\t\t\t\t\t<div class=\"elementor-text-editor elementor-clearfix\">\n\t\t\t\t<p style=\"text-align: left;\"><span style=\"color: #333300;\"><span style=\"background-color: #ffffff;\">mas que UNA HERRAMIENTA<br \/><\/span><\/span><span style=\"background-color: #c6c6c6;\">PARA LA TERAPIA DEL DOLOR<\/span><span style=\"color: #e5007d;\"><span style=\"color: #333300;\"><br \/><\/span><\/span><\/p>\t\t\t\t\t<\/div>\n\t\t\t\t\t\t<\/div>\n\t\t\t\t<\/div>\n\t\t\t\t<div class=\"elementor-element elementor-element-defcabd elementor-widget elementor-widget-text-editor\" data-id=\"defcabd\" data-element_type=\"widget\" data-widget_type=\"text-editor.default\">\n\t\t\t\t<div class=\"elementor-widget-container\">\n\t\t\t\t\t\t\t\t<div class=\"elementor-text-editor elementor-clearfix\">\n\t\t\t\t<p>La pieza de mano Onda Plana AB2799 es un dispositivo indispensable para obtener efectos positivos sobre la membrana celular y las mitocondrias, con mejora en la curaci\u00f3n de heridas, reparaci\u00f3n de tejidos y prevenci\u00f3n de la necrosis tisular. Los efectos de la Fotobiomodulaci\u00f3n garantizan alivio en la inflamaci\u00f3n de enfermedades cr\u00f3nicas, en presencia de dolor neurog\u00e9nico y en algunos problemas neurol\u00f3gicos. Se puede aplicar en el tratamiento de grandes \u00e1reas de la boca y de la regi\u00f3n perioral, despu\u00e9s de la extracci\u00f3n y la cirug\u00eda de implantes, en tratamientos descongestivos y regenerativos gingivales.<\/p>\t\t\t\t\t<\/div>\n\t\t\t\t\t\t<\/div>\n\t\t\t\t<\/div>\n\t\t\t\t\t\t<\/div>\n\t\t\t\t\t<\/div>\n\t\t<\/div>\n\t\t\t\t\t\t\t\t<\/div>\n\t\t\t\t\t<\/div>\n\t\t<\/section>\n\t\t\t\t<section class=\"elementor-section elementor-top-section elementor-element elementor-element-a9b7389 elementor-section-boxed elementor-section-height-default elementor-section-height-default\" data-id=\"a9b7389\" data-element_type=\"section\" data-settings=\"{&quot;_ha_eqh_enable&quot;:false}\">\n\t\t\t\t\t\t<div class=\"elementor-container elementor-column-gap-default\">\n\t\t\t\t\t\t\t<div class=\"elementor-row\">\n\t\t\t\t\t<div class=\"elementor-column elementor-col-100 elementor-top-column elementor-element elementor-element-07211e3\" data-id=\"07211e3\" data-element_type=\"column\">\n\t\t\t<div class=\"elementor-column-wrap elementor-element-populated\">\n\t\t\t\t\t\t\t<div class=\"elementor-widget-wrap\">\n\t\t\t\t\t\t<div class=\"elementor-element elementor-element-05c7395 animated-slow elementor-invisible elementor-widget elementor-widget-image\" data-id=\"05c7395\" data-element_type=\"widget\" data-settings=\"{&quot;_animation&quot;:&quot;zoomIn&quot;,&quot;motion_fx_motion_fx_mouse&quot;:&quot;yes&quot;,&quot;_animation_delay&quot;:5}\" data-widget_type=\"image.default\">\n\t\t\t\t<div class=\"elementor-widget-container\">\n\t\t\t\t\t\t\t\t<div class=\"elementor-image\">\n\t\t\t\t\t\t\t\t\t\t\t\t<img loading=\"lazy\" decoding=\"async\" width=\"900\" height=\"540\" src=\"https:\/\/www.doctor-smile.com\/wp-content\/uploads\/2021\/03\/MOP-1.jpeg\" class=\"attachment-full size-full\" alt=\"Flat top\" srcset=\"https:\/\/www.doctor-smile.com\/wp-content\/uploads\/2021\/03\/MOP-1.jpeg 900w, https:\/\/www.doctor-smile.com\/wp-content\/uploads\/2021\/03\/MOP-1-300x180.jpeg 300w, https:\/\/www.doctor-smile.com\/wp-content\/uploads\/2021\/03\/MOP-1-768x461.jpeg 768w\" sizes=\"auto, (max-width: 900px) 100vw, 900px\" \/>\t\t\t\t\t\t\t\t\t\t\t\t\t\t<\/div>\n\t\t\t\t\t\t<\/div>\n\t\t\t\t<\/div>\n\t\t\t\t<div class=\"elementor-element elementor-element-ace0975 elementor-widget elementor-widget-text-editor\" data-id=\"ace0975\" data-element_type=\"widget\" data-widget_type=\"text-editor.default\">\n\t\t\t\t<div class=\"elementor-widget-container\">\n\t\t\t\t\t\t\t\t<div class=\"elementor-text-editor elementor-clearfix\">\n\t\t\t\t<p style=\"text-align: left;\"><span style=\"background-color: #c6c6c6;\">BIOESTIMULACI\u00d3N TISULAR<br \/><\/span>INCLUSO A DISTANCIA<\/p>\t\t\t\t\t<\/div>\n\t\t\t\t\t\t<\/div>\n\t\t\t\t<\/div>\n\t\t\t\t<div class=\"elementor-element elementor-element-32b4bd3 elementor-widget elementor-widget-text-editor\" data-id=\"32b4bd3\" data-element_type=\"widget\" data-widget_type=\"text-editor.default\">\n\t\t\t\t<div class=\"elementor-widget-container\">\n\t\t\t\t\t\t\t\t<div class=\"elementor-text-editor elementor-clearfix\">\n\t\t\t\t<p>Dise\u00f1ada por el Prof. Alberico Benedicenti de la Universidad de G\u00e9nova en colaboraci\u00f3n con Doctor Smile, la pieza de mano Onda Plana AB2799 es un dispositivo capaz de emitir una cantidad \u00f3ptima y constante de energ\u00eda en una superficie de 1 cm<span style=\"color: #4d5156; font-family: arial, sans-serif; font-size: 14px;\">\u00b2<\/span>, hasta una distancia de 105 cm del \u00e1rea afectada por el tratamiento, manteniendo el mismo efecto beneficioso. De esta manera, las propiedades del l\u00e1ser de diodo modulado garantizan un aumento adicional de ATP y prote\u00ednas sint\u00e9ticas, promoviendo una acci\u00f3n antiinflamatoria y bioestimulante de la reparaci\u00f3n celular.<\/p><p>Al adoptar un sistema especial de lentes, que permite un enfoque constante del rayo l\u00e1ser, la pieza de mano Onda Plana AB2799 permite obtener la misma densidad de energ\u00eda gracias al sistema de enfoque constante. La emisi\u00f3n del rayo l\u00e1ser es, por tanto, plana y no c\u00f3nica, lo que garantiza una mayor penetraci\u00f3n en los tejidos y un mayor resultado en las terapias, eliminando por completo los posibles errores del operador.<\/p>\t\t\t\t\t<\/div>\n\t\t\t\t\t\t<\/div>\n\t\t\t\t<\/div>\n\t\t\t\t\t\t<\/div>\n\t\t\t\t\t<\/div>\n\t\t<\/div>\n\t\t\t\t\t\t\t\t<\/div>\n\t\t\t\t\t<\/div>\n\t\t<\/section>\n\t\t\t\t<section class=\"elementor-section elementor-top-section elementor-element elementor-element-3019841 elementor-section-boxed elementor-section-height-default elementor-section-height-default\" data-id=\"3019841\" data-element_type=\"section\" data-settings=\"{&quot;_ha_eqh_enable&quot;:false}\">\n\t\t\t\t\t\t<div class=\"elementor-container elementor-column-gap-default\">\n\t\t\t\t\t\t\t<div class=\"elementor-row\">\n\t\t\t\t\t<div class=\"elementor-column elementor-col-100 elementor-top-column elementor-element elementor-element-b0b3950\" data-id=\"b0b3950\" data-element_type=\"column\">\n\t\t\t<div class=\"elementor-column-wrap elementor-element-populated\">\n\t\t\t\t\t\t\t<div class=\"elementor-widget-wrap\">\n\t\t\t\t\t\t<div class=\"elementor-element elementor-element-fb10603 elementor-cta--skin-cover elementor-animated-content elementor-bg-transform elementor-bg-transform-zoom-in elementor-widget elementor-widget-call-to-action\" data-id=\"fb10603\" data-element_type=\"widget\" data-widget_type=\"call-to-action.default\">\n\t\t\t\t<div class=\"elementor-widget-container\">\n\t\t\t\t\t<div class=\"elementor-cta\">\n\t\t\t\t\t<div class=\"elementor-cta__bg-wrapper\">\n\t\t\t\t<div class=\"elementor-cta__bg elementor-bg\" style=\"background-image: url(https:\/\/www.doctor-smile.com\/wp-content\/uploads\/2021\/05\/MOP-1024x768.jpg);\"><\/div>\n\t\t\t\t<div class=\"elementor-cta__bg-overlay\"><\/div>\n\t\t\t<\/div>\n\t\t\t\t\t\t\t<div class=\"elementor-cta__content\">\n\t\t\t\t\n\t\t\t\t\n\t\t\t\t\n\t\t\t\t\t\t\t\t\t<div class=\"elementor-cta__button-wrapper elementor-cta__content-item elementor-content-item elementor-animated-item--enter-from-bottom\">\n\t\t\t\t\t<a class=\"elementor-cta__button elementor-button elementor-size-md\" href=\"https:\/\/www.doctor-smile.com\/wp-content\/uploads\/2024\/05\/AMDP002ES.00-DEPLIANT-MANIPOLO-FLAT-TOP-MOP-ss-lr.pdf\" target=\"_blank\">\n\t\t\t\t\t\tDescarga el folleto\t\t\t\t\t<\/a>\n\t\t\t\t\t<\/div>\n\t\t\t\t\t\t\t<\/div>\n\t\t\t\t\t\t<\/div>\n\t\t\t\t<\/div>\n\t\t\t\t<\/div>\n\t\t\t\t<div class=\"elementor-element elementor-element-ba43ef8 elementor-widget elementor-widget-spacer\" data-id=\"ba43ef8\" data-element_type=\"widget\" data-widget_type=\"spacer.default\">\n\t\t\t\t<div class=\"elementor-widget-container\">\n\t\t\t\t\t<div class=\"elementor-spacer\">\n\t\t\t<div class=\"elementor-spacer-inner\"><\/div>\n\t\t<\/div>\n\t\t\t\t<\/div>\n\t\t\t\t<\/div>\n\t\t\t\t<div class=\"elementor-element elementor-element-d2dd1b9 elementor-cta--skin-classic elementor-animated-content elementor-bg-transform elementor-bg-transform-zoom-in elementor-widget elementor-widget-call-to-action\" data-id=\"d2dd1b9\" data-element_type=\"widget\" data-widget_type=\"call-to-action.default\">\n\t\t\t\t<div class=\"elementor-widget-container\">\n\t\t\t\t\t<div class=\"elementor-cta\">\n\t\t\t\t\t\t\t<div class=\"elementor-cta__content\">\n\t\t\t\t\n\t\t\t\t<h4 class=\"elementor-cta__title elementor-cta__content-item elementor-content-item\">Descubre lo que puedes hacer con el Manipolo Onda Piana<\/h4>\n\t\t\t\t\n\t\t\t\t\t\t\t\t\t<div class=\"elementor-cta__button-wrapper elementor-cta__content-item elementor-content-item \">\n\t\t\t\t\t<a class=\"elementor-cta__button elementor-button elementor-size-md\" href=\"https:\/\/www.doctor-smile.com\/es\/contactos\/\">\n\t\t\t\t\t\tCont\u00e1ctenos\t\t\t\t\t<\/a>\n\t\t\t\t\t<\/div>\n\t\t\t\t\t\t\t<\/div>\n\t\t\t\t\t\t<\/div>\n\t\t\t\t<\/div>\n\t\t\t\t<\/div>\n\t\t\t\t\t\t<\/div>\n\t\t\t\t\t<\/div>\n\t\t<\/div>\n\t\t\t\t\t\t\t\t<\/div>\n\t\t\t\t\t<\/div>\n\t\t<\/section>\n\t\t\t\t\t\t\t\t\t<\/div>\n\t\t\t<\/div>\n\t\t\t\t\t<\/div>\n\t\t","protected":false},"excerpt":{"rendered":"<p>PIEZA DE MANO ONDA PIANA\u200b mas que UNA HERRAMIENTAPARA LA TERAPIA DEL DOLOR La pieza de mano Onda Plana AB2799 es un dispositivo indispensable para obtener efectos positivos sobre la membrana celular y las mitocondrias, con mejora en la curaci\u00f3n de heridas, reparaci\u00f3n de tejidos y prevenci\u00f3n de la necrosis tisular. Los efectos de la &#8230; <a title=\"pieza de mano ONDA PIANA\" class=\"read-more\" href=\"https:\/\/www.doctor-smile.com\/es\/pieza-de-mano-onda-piana\/\" aria-label=\"M\u00e1s en pieza de mano ONDA PIANA\">Leer m\u00e1s<\/a><\/p>\n","protected":false},"author":8,"featured_media":0,"parent":0,"menu_order":0,"comment_status":"closed","ping_status":"closed","template":"","meta":{"content-type":"","footnotes":""},"class_list":["post-13372","page","type-page","status-publish"],"yoast_head":"<!-- This site is optimized with the Yoast SEO plugin v27.3 - https:\/\/yoast.com\/product\/yoast-seo-wordpress\/ -->\n<title>pieza de mano ONDA PIANA - DOCTOR SMILE<\/title>\n<meta name=\"description\" content=\"Flat Top: pieza de mano accesorio de onda plana que permite la fotobiomodulaci\u00f3n de los tejidos para dar alivio a la inflamaci\u00f3n, dolor neurog\u00e9nico y problemas neurol\u00f3gicos.\" \/>\n<meta name=\"robots\" content=\"index, follow, max-snippet:-1, max-image-preview:large, max-video-preview:-1\" \/>\n<link rel=\"canonical\" href=\"https:\/\/www.doctor-smile.com\/es\/pieza-de-mano-onda-piana\/\" \/>\n<meta property=\"og:locale\" content=\"es_ES\" \/>\n<meta property=\"og:type\" content=\"article\" \/>\n<meta property=\"og:title\" content=\"pieza de mano ONDA PIANA - DOCTOR SMILE\" \/>\n<meta property=\"og:description\" content=\"Flat Top: pieza de mano accesorio de onda plana que permite la fotobiomodulaci\u00f3n de los tejidos para dar alivio a la inflamaci\u00f3n, dolor neurog\u00e9nico y problemas neurol\u00f3gicos.\" \/>\n<meta property=\"og:url\" content=\"https:\/\/www.doctor-smile.com\/es\/pieza-de-mano-onda-piana\/\" \/>\n<meta property=\"og:site_name\" content=\"DOCTOR SMILE\" \/>\n<meta property=\"article:publisher\" content=\"https:\/\/www.facebook.com\/DoctorSmileTM\/\" \/>\n<meta property=\"article:modified_time\" content=\"2024-05-31T13:50:15+00:00\" \/>\n<meta property=\"og:image\" content=\"https:\/\/www.doctor-smile.com\/wp-content\/uploads\/2021\/04\/MOP-72dpi.png\" \/>\n<meta name=\"twitter:card\" content=\"summary_large_image\" \/>\n<script type=\"application\/ld+json\" class=\"yoast-schema-graph\">{\"@context\":\"https:\\\/\\\/schema.org\",\"@graph\":[{\"@type\":\"WebPage\",\"@id\":\"https:\\\/\\\/www.doctor-smile.com\\\/es\\\/pieza-de-mano-onda-piana\\\/\",\"url\":\"https:\\\/\\\/www.doctor-smile.com\\\/es\\\/pieza-de-mano-onda-piana\\\/\",\"name\":\"pieza de mano ONDA PIANA - DOCTOR SMILE\",\"isPartOf\":{\"@id\":\"https:\\\/\\\/www.doctor-smile.com\\\/es\\\/#website\"},\"primaryImageOfPage\":{\"@id\":\"https:\\\/\\\/www.doctor-smile.com\\\/es\\\/pieza-de-mano-onda-piana\\\/#primaryimage\"},\"image\":{\"@id\":\"https:\\\/\\\/www.doctor-smile.com\\\/es\\\/pieza-de-mano-onda-piana\\\/#primaryimage\"},\"thumbnailUrl\":\"https:\\\/\\\/www.doctor-smile.com\\\/wp-content\\\/uploads\\\/2021\\\/04\\\/MOP-72dpi.png\",\"datePublished\":\"2021-06-16T09:40:21+00:00\",\"dateModified\":\"2024-05-31T13:50:15+00:00\",\"description\":\"Flat Top: pieza de mano accesorio de onda plana que permite la fotobiomodulaci\u00f3n de los tejidos para dar alivio a la inflamaci\u00f3n, dolor neurog\u00e9nico y problemas neurol\u00f3gicos.\",\"breadcrumb\":{\"@id\":\"https:\\\/\\\/www.doctor-smile.com\\\/es\\\/pieza-de-mano-onda-piana\\\/#breadcrumb\"},\"inLanguage\":\"es\",\"potentialAction\":[{\"@type\":\"ReadAction\",\"target\":[\"https:\\\/\\\/www.doctor-smile.com\\\/es\\\/pieza-de-mano-onda-piana\\\/\"]}]},{\"@type\":\"ImageObject\",\"inLanguage\":\"es\",\"@id\":\"https:\\\/\\\/www.doctor-smile.com\\\/es\\\/pieza-de-mano-onda-piana\\\/#primaryimage\",\"url\":\"https:\\\/\\\/www.doctor-smile.com\\\/wp-content\\\/uploads\\\/2021\\\/04\\\/MOP-72dpi.png\",\"contentUrl\":\"https:\\\/\\\/www.doctor-smile.com\\\/wp-content\\\/uploads\\\/2021\\\/04\\\/MOP-72dpi.png\"},{\"@type\":\"BreadcrumbList\",\"@id\":\"https:\\\/\\\/www.doctor-smile.com\\\/es\\\/pieza-de-mano-onda-piana\\\/#breadcrumb\",\"itemListElement\":[{\"@type\":\"ListItem\",\"position\":1,\"name\":\"Home\",\"item\":\"https:\\\/\\\/www.doctor-smile.com\\\/es\\\/\"},{\"@type\":\"ListItem\",\"position\":2,\"name\":\"pieza de mano ONDA PIANA\"}]},{\"@type\":\"WebSite\",\"@id\":\"https:\\\/\\\/www.doctor-smile.com\\\/es\\\/#website\",\"url\":\"https:\\\/\\\/www.doctor-smile.com\\\/es\\\/\",\"name\":\"DOCTOR SMILE\",\"description\":\"Tecnologia Laser Odontoiatrica\",\"publisher\":{\"@id\":\"https:\\\/\\\/www.doctor-smile.com\\\/es\\\/#organization\"},\"potentialAction\":[{\"@type\":\"SearchAction\",\"target\":{\"@type\":\"EntryPoint\",\"urlTemplate\":\"https:\\\/\\\/www.doctor-smile.com\\\/es\\\/?s={search_term_string}\"},\"query-input\":{\"@type\":\"PropertyValueSpecification\",\"valueRequired\":true,\"valueName\":\"search_term_string\"}}],\"inLanguage\":\"es\"},{\"@type\":\"Organization\",\"@id\":\"https:\\\/\\\/www.doctor-smile.com\\\/es\\\/#organization\",\"name\":\"Doctor-Smile\",\"url\":\"https:\\\/\\\/www.doctor-smile.com\\\/es\\\/\",\"logo\":{\"@type\":\"ImageObject\",\"inLanguage\":\"es\",\"@id\":\"https:\\\/\\\/www.doctor-smile.com\\\/es\\\/#\\\/schema\\\/logo\\\/image\\\/\",\"url\":\"https:\\\/\\\/www.doctor-smile.com\\\/wp-content\\\/uploads\\\/2021\\\/02\\\/Logo-Doctor-Smile-1.png\",\"contentUrl\":\"https:\\\/\\\/www.doctor-smile.com\\\/wp-content\\\/uploads\\\/2021\\\/02\\\/Logo-Doctor-Smile-1.png\",\"width\":1757,\"height\":667,\"caption\":\"Doctor-Smile\"},\"image\":{\"@id\":\"https:\\\/\\\/www.doctor-smile.com\\\/es\\\/#\\\/schema\\\/logo\\\/image\\\/\"},\"sameAs\":[\"https:\\\/\\\/www.facebook.com\\\/DoctorSmileTM\\\/\",\"https:\\\/\\\/www.instagram.com\\\/doctorsmiledentallaser\\\/\",\"https:\\\/\\\/www.youtube.com\\\/user\\\/doctorsmile1\\\/\"]}]}<\/script>\n<!-- \/ Yoast SEO plugin. -->","yoast_head_json":{"title":"pieza de mano ONDA PIANA - DOCTOR SMILE","description":"Flat Top: pieza de mano accesorio de onda plana que permite la fotobiomodulaci\u00f3n de los tejidos para dar alivio a la inflamaci\u00f3n, dolor neurog\u00e9nico y problemas neurol\u00f3gicos.","robots":{"index":"index","follow":"follow","max-snippet":"max-snippet:-1","max-image-preview":"max-image-preview:large","max-video-preview":"max-video-preview:-1"},"canonical":"https:\/\/www.doctor-smile.com\/es\/pieza-de-mano-onda-piana\/","og_locale":"es_ES","og_type":"article","og_title":"pieza de mano ONDA PIANA - DOCTOR SMILE","og_description":"Flat Top: pieza de mano accesorio de onda plana que permite la fotobiomodulaci\u00f3n de los tejidos para dar alivio a la inflamaci\u00f3n, dolor neurog\u00e9nico y problemas neurol\u00f3gicos.","og_url":"https:\/\/www.doctor-smile.com\/es\/pieza-de-mano-onda-piana\/","og_site_name":"DOCTOR SMILE","article_publisher":"https:\/\/www.facebook.com\/DoctorSmileTM\/","article_modified_time":"2024-05-31T13:50:15+00:00","og_image":[{"url":"https:\/\/www.doctor-smile.com\/wp-content\/uploads\/2021\/04\/MOP-72dpi.png","type":"","width":"","height":""}],"twitter_card":"summary_large_image","schema":{"@context":"https:\/\/schema.org","@graph":[{"@type":"WebPage","@id":"https:\/\/www.doctor-smile.com\/es\/pieza-de-mano-onda-piana\/","url":"https:\/\/www.doctor-smile.com\/es\/pieza-de-mano-onda-piana\/","name":"pieza de mano ONDA PIANA - DOCTOR SMILE","isPartOf":{"@id":"https:\/\/www.doctor-smile.com\/es\/#website"},"primaryImageOfPage":{"@id":"https:\/\/www.doctor-smile.com\/es\/pieza-de-mano-onda-piana\/#primaryimage"},"image":{"@id":"https:\/\/www.doctor-smile.com\/es\/pieza-de-mano-onda-piana\/#primaryimage"},"thumbnailUrl":"https:\/\/www.doctor-smile.com\/wp-content\/uploads\/2021\/04\/MOP-72dpi.png","datePublished":"2021-06-16T09:40:21+00:00","dateModified":"2024-05-31T13:50:15+00:00","description":"Flat Top: pieza de mano accesorio de onda plana que permite la fotobiomodulaci\u00f3n de los tejidos para dar alivio a la inflamaci\u00f3n, dolor neurog\u00e9nico y problemas neurol\u00f3gicos.","breadcrumb":{"@id":"https:\/\/www.doctor-smile.com\/es\/pieza-de-mano-onda-piana\/#breadcrumb"},"inLanguage":"es","potentialAction":[{"@type":"ReadAction","target":["https:\/\/www.doctor-smile.com\/es\/pieza-de-mano-onda-piana\/"]}]},{"@type":"ImageObject","inLanguage":"es","@id":"https:\/\/www.doctor-smile.com\/es\/pieza-de-mano-onda-piana\/#primaryimage","url":"https:\/\/www.doctor-smile.com\/wp-content\/uploads\/2021\/04\/MOP-72dpi.png","contentUrl":"https:\/\/www.doctor-smile.com\/wp-content\/uploads\/2021\/04\/MOP-72dpi.png"},{"@type":"BreadcrumbList","@id":"https:\/\/www.doctor-smile.com\/es\/pieza-de-mano-onda-piana\/#breadcrumb","itemListElement":[{"@type":"ListItem","position":1,"name":"Home","item":"https:\/\/www.doctor-smile.com\/es\/"},{"@type":"ListItem","position":2,"name":"pieza de mano ONDA PIANA"}]},{"@type":"WebSite","@id":"https:\/\/www.doctor-smile.com\/es\/#website","url":"https:\/\/www.doctor-smile.com\/es\/","name":"DOCTOR SMILE","description":"Tecnologia Laser Odontoiatrica","publisher":{"@id":"https:\/\/www.doctor-smile.com\/es\/#organization"},"potentialAction":[{"@type":"SearchAction","target":{"@type":"EntryPoint","urlTemplate":"https:\/\/www.doctor-smile.com\/es\/?s={search_term_string}"},"query-input":{"@type":"PropertyValueSpecification","valueRequired":true,"valueName":"search_term_string"}}],"inLanguage":"es"},{"@type":"Organization","@id":"https:\/\/www.doctor-smile.com\/es\/#organization","name":"Doctor-Smile","url":"https:\/\/www.doctor-smile.com\/es\/","logo":{"@type":"ImageObject","inLanguage":"es","@id":"https:\/\/www.doctor-smile.com\/es\/#\/schema\/logo\/image\/","url":"https:\/\/www.doctor-smile.com\/wp-content\/uploads\/2021\/02\/Logo-Doctor-Smile-1.png","contentUrl":"https:\/\/www.doctor-smile.com\/wp-content\/uploads\/2021\/02\/Logo-Doctor-Smile-1.png","width":1757,"height":667,"caption":"Doctor-Smile"},"image":{"@id":"https:\/\/www.doctor-smile.com\/es\/#\/schema\/logo\/image\/"},"sameAs":["https:\/\/www.facebook.com\/DoctorSmileTM\/","https:\/\/www.instagram.com\/doctorsmiledentallaser\/","https:\/\/www.youtube.com\/user\/doctorsmile1\/"]}]}},"_links":{"self":[{"href":"https:\/\/www.doctor-smile.com\/es\/wp-json\/wp\/v2\/pages\/13372","targetHints":{"allow":["GET"]}}],"collection":[{"href":"https:\/\/www.doctor-smile.com\/es\/wp-json\/wp\/v2\/pages"}],"about":[{"href":"https:\/\/www.doctor-smile.com\/es\/wp-json\/wp\/v2\/types\/page"}],"author":[{"embeddable":true,"href":"https:\/\/www.doctor-smile.com\/es\/wp-json\/wp\/v2\/users\/8"}],"replies":[{"embeddable":true,"href":"https:\/\/www.doctor-smile.com\/es\/wp-json\/wp\/v2\/comments?post=13372"}],"version-history":[{"count":15,"href":"https:\/\/www.doctor-smile.com\/es\/wp-json\/wp\/v2\/pages\/13372\/revisions"}],"predecessor-version":[{"id":22979,"href":"https:\/\/www.doctor-smile.com\/es\/wp-json\/wp\/v2\/pages\/13372\/revisions\/22979"}],"wp:attachment":[{"href":"https:\/\/www.doctor-smile.com\/es\/wp-json\/wp\/v2\/media?parent=13372"}],"curies":[{"name":"wp","href":"https:\/\/api.w.org\/{rel}","templated":true}]}}