{"id":13378,"date":"2021-06-16T12:01:19","date_gmt":"2021-06-16T10:01:19","guid":{"rendered":"https:\/\/www.doctor-smile.com\/revive\/"},"modified":"2024-03-27T12:14:20","modified_gmt":"2024-03-27T11:14:20","slug":"revive","status":"publish","type":"page","link":"https:\/\/www.doctor-smile.com\/es\/revive\/","title":{"rendered":"REVIVE"},"content":{"rendered":"\t\t<div data-elementor-type=\"wp-page\" data-elementor-id=\"13378\" class=\"elementor elementor-13378 elementor-6365\">\n\t\t\t\t\t\t<div class=\"elementor-inner\">\n\t\t\t\t<div class=\"elementor-section-wrap\">\n\t\t\t\t\t\t\t\t\t<section class=\"elementor-section elementor-top-section elementor-element elementor-element-f72ef19 elementor-section-boxed elementor-section-height-default elementor-section-height-default\" data-id=\"f72ef19\" data-element_type=\"section\" data-settings=\"{&quot;_ha_eqh_enable&quot;:false}\">\n\t\t\t\t\t\t<div class=\"elementor-container elementor-column-gap-default\">\n\t\t\t\t\t\t\t<div class=\"elementor-row\">\n\t\t\t\t\t<div class=\"elementor-column elementor-col-100 elementor-top-column elementor-element elementor-element-488a107\" data-id=\"488a107\" data-element_type=\"column\">\n\t\t\t<div class=\"elementor-column-wrap elementor-element-populated\">\n\t\t\t\t\t\t\t<div class=\"elementor-widget-wrap\">\n\t\t\t\t\t\t<div class=\"elementor-element elementor-element-9f90524 elementor-widget elementor-widget-heading\" data-id=\"9f90524\" data-element_type=\"widget\" data-widget_type=\"heading.default\">\n\t\t\t\t<div class=\"elementor-widget-container\">\n\t\t\t<h1 class=\"elementor-heading-title elementor-size-default\">PIEZA DE MANO REVIVE<\/h1>\t\t<\/div>\n\t\t\t\t<\/div>\n\t\t\t\t\t\t<\/div>\n\t\t\t\t\t<\/div>\n\t\t<\/div>\n\t\t\t\t\t\t\t\t<\/div>\n\t\t\t\t\t<\/div>\n\t\t<\/section>\n\t\t\t\t<section class=\"elementor-section elementor-top-section elementor-element elementor-element-57b87fa elementor-section-boxed elementor-section-height-default elementor-section-height-default\" data-id=\"57b87fa\" data-element_type=\"section\" data-settings=\"{&quot;_ha_eqh_enable&quot;:false}\">\n\t\t\t\t\t\t<div class=\"elementor-container elementor-column-gap-default\">\n\t\t\t\t\t\t\t<div class=\"elementor-row\">\n\t\t\t\t\t<div class=\"elementor-column elementor-col-100 elementor-top-column elementor-element elementor-element-5bdfefb\" data-id=\"5bdfefb\" data-element_type=\"column\">\n\t\t\t<div class=\"elementor-column-wrap elementor-element-populated\">\n\t\t\t\t\t\t\t<div class=\"elementor-widget-wrap\">\n\t\t\t\t\t\t<div class=\"elementor-element elementor-element-a175515 animated-slow elementor-invisible elementor-widget elementor-widget-image\" data-id=\"a175515\" data-element_type=\"widget\" data-settings=\"{&quot;_animation&quot;:&quot;zoomIn&quot;,&quot;_animation_delay&quot;:5}\" data-widget_type=\"image.default\">\n\t\t\t\t<div class=\"elementor-widget-container\">\n\t\t\t\t\t\t\t\t<div class=\"elementor-image\">\n\t\t\t\t\t\t\t\t\t\t\t\t<img loading=\"lazy\" decoding=\"async\" width=\"1001\" height=\"601\" src=\"https:\/\/www.doctor-smile.com\/wp-content\/uploads\/2021\/04\/REVIVE-72dpi_Tavola-disegno-1-copia-11.png\" class=\"attachment-full size-full\" alt=\"\" srcset=\"https:\/\/www.doctor-smile.com\/wp-content\/uploads\/2021\/04\/REVIVE-72dpi_Tavola-disegno-1-copia-11.png 1001w, https:\/\/www.doctor-smile.com\/wp-content\/uploads\/2021\/04\/REVIVE-72dpi_Tavola-disegno-1-copia-11-300x180.png 300w, https:\/\/www.doctor-smile.com\/wp-content\/uploads\/2021\/04\/REVIVE-72dpi_Tavola-disegno-1-copia-11-768x461.png 768w\" sizes=\"auto, (max-width: 1001px) 100vw, 1001px\" \/>\t\t\t\t\t\t\t\t\t\t\t\t\t\t<\/div>\n\t\t\t\t\t\t<\/div>\n\t\t\t\t<\/div>\n\t\t\t\t<div class=\"elementor-element elementor-element-e071183 elementor-widget elementor-widget-text-editor\" data-id=\"e071183\" data-element_type=\"widget\" data-widget_type=\"text-editor.default\">\n\t\t\t\t<div class=\"elementor-widget-container\">\n\t\t\t\t\t\t\t\t<div class=\"elementor-text-editor elementor-clearfix\">\n\t\t\t\t<p><span style=\"font-size: 36px; background-color: #ffffff;\">EL ULTIMO<br \/><\/span><span style=\"font-size: 36px; background-color: #bd544c; color: #ffffff;\">KIT\u00a0<\/span><span style=\"background-color: #bd544c; color: #ffffff;\">DERMATOLOGICO<\/span><\/p>\t\t\t\t\t<\/div>\n\t\t\t\t\t\t<\/div>\n\t\t\t\t<\/div>\n\t\t\t\t<div class=\"elementor-element elementor-element-fbdaa37 elementor-widget elementor-widget-text-editor\" data-id=\"fbdaa37\" data-element_type=\"widget\" data-widget_type=\"text-editor.default\">\n\t\t\t\t<div class=\"elementor-widget-container\">\n\t\t\t\t\t\t\t\t<div class=\"elementor-text-editor elementor-clearfix\">\n\t\t\t\t<p>El l\u00e1ser es una tecnolog\u00eda ya consolidada en el sector m\u00e9dico: gracias a las propiedades bioestimulantes de la luz, permite eliminar las imperfecciones de la piel de forma completamente no invasiva, sin suturas y con un sencillo proceso posoperatorio hasta su total recuperaci\u00f3n.\u00a0<\/p><p>La acci\u00f3n regeneradora del l\u00e1ser es \u00fatil tambi\u00e9n para aumentar la microcirculaci\u00f3n y la oxigenaci\u00f3n de la piel, adem\u00e1s de la estimulaci\u00f3n y consecuente nueva s\u00edntesis de col\u00e1geno.<\/p>\t\t\t\t\t<\/div>\n\t\t\t\t\t\t<\/div>\n\t\t\t\t<\/div>\n\t\t\t\t<div class=\"elementor-element elementor-element-9cf0d90 animated-slow elementor-invisible elementor-widget elementor-widget-image\" data-id=\"9cf0d90\" data-element_type=\"widget\" data-settings=\"{&quot;_animation&quot;:&quot;bounceInLeft&quot;}\" data-widget_type=\"image.default\">\n\t\t\t\t<div class=\"elementor-widget-container\">\n\t\t\t\t\t\t\t\t<div class=\"elementor-image\">\n\t\t\t\t\t\t\t\t\t\t\t\t<img loading=\"lazy\" decoding=\"async\" width=\"900\" height=\"540\" src=\"https:\/\/www.doctor-smile.com\/wp-content\/uploads\/2021\/03\/REVIVE-1.jpeg\" class=\"attachment-large size-large\" alt=\"REVIVE\" srcset=\"https:\/\/www.doctor-smile.com\/wp-content\/uploads\/2021\/03\/REVIVE-1.jpeg 900w, https:\/\/www.doctor-smile.com\/wp-content\/uploads\/2021\/03\/REVIVE-1-300x180.jpeg 300w, https:\/\/www.doctor-smile.com\/wp-content\/uploads\/2021\/03\/REVIVE-1-768x461.jpeg 768w\" sizes=\"auto, (max-width: 900px) 100vw, 900px\" \/>\t\t\t\t\t\t\t\t\t\t\t\t\t\t<\/div>\n\t\t\t\t\t\t<\/div>\n\t\t\t\t<\/div>\n\t\t\t\t<div class=\"elementor-element elementor-element-b3f0c5a elementor-widget elementor-widget-text-editor\" data-id=\"b3f0c5a\" data-element_type=\"widget\" data-widget_type=\"text-editor.default\">\n\t\t\t\t<div class=\"elementor-widget-container\">\n\t\t\t\t\t\t\t\t<div class=\"elementor-text-editor elementor-clearfix\">\n\t\t\t\t<p><span style=\"color: #ffffff;\"><span style=\"background-color: #bd544c;\">AMPL\u00cdA LA OFERTA DE TRATAMIENTOS<br \/><\/span><\/span>DE TU CL\u00cdNICA<\/p>\t\t\t\t\t<\/div>\n\t\t\t\t\t\t<\/div>\n\t\t\t\t<\/div>\n\t\t\t\t<div class=\"elementor-element elementor-element-6db3f28 elementor-widget elementor-widget-text-editor\" data-id=\"6db3f28\" data-element_type=\"widget\" data-widget_type=\"text-editor.default\">\n\t\t\t\t<div class=\"elementor-widget-container\">\n\t\t\t\t\t\t\t\t<div class=\"elementor-text-editor elementor-clearfix\">\n\t\t\t\t<p>Las aplicaciones cl\u00ednicas del paquete dedicado al tratamiento de la piel de la cara permiten a\u00f1adir tratamientos espec\u00edficos a la oferta de la cl\u00ednica dental moderna, para responder a las crecientes necesidades de los pacientes. Adem\u00e1s, el uso de la pieza de mano REVIVE permite realizar intervenciones de bioregeneraci\u00f3n cut\u00e1nea para obtener una mayor firmeza de la piel y reducir la presencia de arrugas en la zona perioral.<\/p>\t\t\t\t\t<\/div>\n\t\t\t\t\t\t<\/div>\n\t\t\t\t<\/div>\n\t\t\t\t<div class=\"elementor-element elementor-element-c842162 elementor-widget elementor-widget-heading\" data-id=\"c842162\" data-element_type=\"widget\" data-widget_type=\"heading.default\">\n\t\t\t\t<div class=\"elementor-widget-container\">\n\t\t\t<h3 class=\"elementor-heading-title elementor-size-default\"><b>CIRUG\u00cdA DERMATOL\u00d3GICA*<\/b>\n<\/h3>\t\t<\/div>\n\t\t\t\t<\/div>\n\t\t\t\t<div class=\"elementor-element elementor-element-597b1bf elementor-widget elementor-widget-text-editor\" data-id=\"597b1bf\" data-element_type=\"widget\" data-widget_type=\"text-editor.default\">\n\t\t\t\t<div class=\"elementor-widget-container\">\n\t\t\t\t\t\t\t\t<div class=\"elementor-text-editor elementor-clearfix\">\n\t\t\t\t<p><em><strong>(CON PUNTA DE FIBRA)<\/strong><\/em><br \/>Con este tratamiento se pueden eliminar de forma eficaz todas las lesiones benignas de la piel de la cara, como fibromas, nevus, verrugas y queratosis. Se puede intervenir vaporizando la lesi\u00f3n capa a capa o extirp\u00e1ndola.<\/p>\t\t\t\t\t<\/div>\n\t\t\t\t\t\t<\/div>\n\t\t\t\t<\/div>\n\t\t\t\t<div class=\"elementor-element elementor-element-ac7d927 elementor-widget elementor-widget-heading\" data-id=\"ac7d927\" data-element_type=\"widget\" data-widget_type=\"heading.default\">\n\t\t\t\t<div class=\"elementor-widget-container\">\n\t\t\t<h2 class=\"elementor-heading-title elementor-size-default\"><b>MANCHAS HIPERPIGMENTADAS PERIORALES<\/b><\/h2>\t\t<\/div>\n\t\t\t\t<\/div>\n\t\t\t\t<div class=\"elementor-element elementor-element-67ff312 elementor-widget elementor-widget-text-editor\" data-id=\"67ff312\" data-element_type=\"widget\" data-widget_type=\"text-editor.default\">\n\t\t\t\t<div class=\"elementor-widget-container\">\n\t\t\t\t\t\t\t\t<div class=\"elementor-text-editor elementor-clearfix\">\n\t\t\t\t<p><em><strong>(CON PUNTA DE FIBRA)<\/strong><\/em><br \/>El l\u00e1ser vaporiza la piel superficial hiperpigmentada y elimina suavemente las capas m\u00e1s oscuras de la epidermis, extirpando a medida que la fibra \u00f3ptica se apoya sobre la zona que se desea tratar. El tratamiento finaliza tan pronto como se alcanza la dermis, que aparece de color rosado y, por lo tanto, indica que la intervenci\u00f3n se ha realizado con \u00e9xito.<\/p>\t\t\t\t\t<\/div>\n\t\t\t\t\t\t<\/div>\n\t\t\t\t<\/div>\n\t\t\t\t<div class=\"elementor-element elementor-element-f34fd47 elementor-widget elementor-widget-heading\" data-id=\"f34fd47\" data-element_type=\"widget\" data-widget_type=\"heading.default\">\n\t\t\t\t<div class=\"elementor-widget-container\">\n\t\t\t<h2 class=\"elementor-heading-title elementor-size-default\"><b>BIOREGENERACI\u00d3N CUT\u00c1NEA*<\/b><\/h2>\t\t<\/div>\n\t\t\t\t<\/div>\n\t\t\t\t<div class=\"elementor-element elementor-element-2a5cc97 elementor-widget elementor-widget-text-editor\" data-id=\"2a5cc97\" data-element_type=\"widget\" data-widget_type=\"text-editor.default\">\n\t\t\t\t<div class=\"elementor-widget-container\">\n\t\t\t\t\t\t\t\t<div class=\"elementor-text-editor elementor-clearfix\">\n\t\t\t\t<p><em><strong>(CON PIEZA DE MANO REVIVE)<\/strong><\/em><br \/>La pieza de mano espec\u00edfica REVIVE permite irradiar las zonas de la cara afectadas por la flacidez de la piel, donde las arrugas se forman f\u00e1cilmente o donde los tejidos tienden a perder elasticidad con el paso del tiempo. La bioestimulaci\u00f3n con l\u00e1ser estimula la regeneraci\u00f3n normal de col\u00e1geno, sobre todo como ayuda a otros dispositivos m\u00e9dicos.<\/p>\t\t\t\t\t<\/div>\n\t\t\t\t\t\t<\/div>\n\t\t\t\t<\/div>\n\t\t\t\t\t\t<\/div>\n\t\t\t\t\t<\/div>\n\t\t<\/div>\n\t\t\t\t\t\t\t\t<\/div>\n\t\t\t\t\t<\/div>\n\t\t<\/section>\n\t\t\t\t<section class=\"elementor-section elementor-top-section elementor-element elementor-element-3019841 elementor-section-boxed elementor-section-height-default elementor-section-height-default\" data-id=\"3019841\" data-element_type=\"section\" data-settings=\"{&quot;_ha_eqh_enable&quot;:false}\">\n\t\t\t\t\t\t<div class=\"elementor-container elementor-column-gap-default\">\n\t\t\t\t\t\t\t<div class=\"elementor-row\">\n\t\t\t\t\t<div class=\"elementor-column elementor-col-100 elementor-top-column elementor-element elementor-element-b0b3950\" data-id=\"b0b3950\" data-element_type=\"column\">\n\t\t\t<div class=\"elementor-column-wrap elementor-element-populated\">\n\t\t\t\t\t\t\t<div class=\"elementor-widget-wrap\">\n\t\t\t\t\t\t<div class=\"elementor-element elementor-element-fb10603 elementor-cta--skin-cover elementor-animated-content elementor-bg-transform elementor-bg-transform-zoom-in elementor-widget elementor-widget-call-to-action\" data-id=\"fb10603\" data-element_type=\"widget\" data-widget_type=\"call-to-action.default\">\n\t\t\t\t<div class=\"elementor-widget-container\">\n\t\t\t\t\t<div class=\"elementor-cta\">\n\t\t\t\t\t<div class=\"elementor-cta__bg-wrapper\">\n\t\t\t\t<div class=\"elementor-cta__bg elementor-bg\" style=\"background-image: url(https:\/\/www.doctor-smile.com\/wp-content\/uploads\/2021\/05\/REVIVE.jpg);\"><\/div>\n\t\t\t\t<div class=\"elementor-cta__bg-overlay\"><\/div>\n\t\t\t<\/div>\n\t\t\t\t\t\t\t<div class=\"elementor-cta__content\">\n\t\t\t\t\n\t\t\t\t\n\t\t\t\t\n\t\t\t\t\t\t\t\t\t<div class=\"elementor-cta__button-wrapper elementor-cta__content-item elementor-content-item elementor-animated-item--enter-from-bottom\">\n\t\t\t\t\t<a class=\"elementor-cta__button elementor-button elementor-size-md\" href=\"https:\/\/www.doctor-smile.com\/wp-content\/uploads\/2021\/05\/Depliant-REVIVE-ITA-A-M-FLY-090-Rev.C-ss.pdf\" target=\"_blank\">\n\t\t\t\t\t\tDescarga el folleto\t\t\t\t\t<\/a>\n\t\t\t\t\t<\/div>\n\t\t\t\t\t\t\t<\/div>\n\t\t\t\t\t\t<\/div>\n\t\t\t\t<\/div>\n\t\t\t\t<\/div>\n\t\t\t\t<div class=\"elementor-element elementor-element-d22d40e elementor-widget elementor-widget-spacer\" data-id=\"d22d40e\" data-element_type=\"widget\" data-widget_type=\"spacer.default\">\n\t\t\t\t<div class=\"elementor-widget-container\">\n\t\t\t\t\t<div class=\"elementor-spacer\">\n\t\t\t<div class=\"elementor-spacer-inner\"><\/div>\n\t\t<\/div>\n\t\t\t\t<\/div>\n\t\t\t\t<\/div>\n\t\t\t\t<div class=\"elementor-element elementor-element-329466c elementor-cta--skin-classic elementor-animated-content elementor-bg-transform elementor-bg-transform-zoom-in elementor-widget elementor-widget-call-to-action\" data-id=\"329466c\" data-element_type=\"widget\" data-widget_type=\"call-to-action.default\">\n\t\t\t\t<div class=\"elementor-widget-container\">\n\t\t\t\t\t<div class=\"elementor-cta\">\n\t\t\t\t\t\t\t<div class=\"elementor-cta__content\">\n\t\t\t\t\n\t\t\t\t<h4 class=\"elementor-cta__title elementor-cta__content-item elementor-content-item\">Descubre lo que puedes hacer con el mango Revive<\/h4>\n\t\t\t\t\n\t\t\t\t\t\t\t\t\t<div class=\"elementor-cta__button-wrapper elementor-cta__content-item elementor-content-item \">\n\t\t\t\t\t<a class=\"elementor-cta__button elementor-button elementor-size-md\" href=\"https:\/\/www.doctor-smile.com\/es\/contactos\/\">\n\t\t\t\t\t\tCont\u00e1ctenos\t\t\t\t\t<\/a>\n\t\t\t\t\t<\/div>\n\t\t\t\t\t\t\t<\/div>\n\t\t\t\t\t\t<\/div>\n\t\t\t\t<\/div>\n\t\t\t\t<\/div>\n\t\t\t\t\t\t<\/div>\n\t\t\t\t\t<\/div>\n\t\t<\/div>\n\t\t\t\t\t\t\t\t<\/div>\n\t\t\t\t\t<\/div>\n\t\t<\/section>\n\t\t\t\t\t\t\t\t\t<\/div>\n\t\t\t<\/div>\n\t\t\t\t\t<\/div>\n\t\t","protected":false},"excerpt":{"rendered":"<p>PIEZA DE MANO REVIVE EL ULTIMOKIT\u00a0DERMATOLOGICO El l\u00e1ser es una tecnolog\u00eda ya consolidada en el sector m\u00e9dico: gracias a las propiedades bioestimulantes de la luz, permite eliminar las imperfecciones de la piel de forma completamente no invasiva, sin suturas y con un sencillo proceso posoperatorio hasta su total recuperaci\u00f3n.\u00a0 La acci\u00f3n regeneradora del l\u00e1ser es &#8230; <a title=\"REVIVE\" class=\"read-more\" href=\"https:\/\/www.doctor-smile.com\/es\/revive\/\" aria-label=\"M\u00e1s en REVIVE\">Leer m\u00e1s<\/a><\/p>\n","protected":false},"author":8,"featured_media":0,"parent":0,"menu_order":0,"comment_status":"closed","ping_status":"closed","template":"","meta":{"content-type":"","footnotes":""},"class_list":["post-13378","page","type-page","status-publish"],"yoast_head":"<!-- This site is optimized with the Yoast SEO plugin v27.4 - https:\/\/yoast.com\/product\/yoast-seo-wordpress\/ -->\n<title>REVIVE - DOCTOR SMILE<\/title>\n<meta name=\"description\" content=\"Con REVIVE ampl\u00eda las posibilidades de tratamientos realizados en tu cl\u00ednica, y los pacientes se beneficiar\u00e1n de servicios adicionales espec\u00edficos para su salud y belleza.\" \/>\n<meta name=\"robots\" content=\"index, follow, max-snippet:-1, max-image-preview:large, max-video-preview:-1\" \/>\n<link rel=\"canonical\" href=\"https:\/\/www.doctor-smile.com\/es\/revive\/\" \/>\n<meta property=\"og:locale\" content=\"es_ES\" \/>\n<meta property=\"og:type\" content=\"article\" \/>\n<meta property=\"og:title\" content=\"REVIVE - DOCTOR SMILE\" \/>\n<meta property=\"og:description\" content=\"Con REVIVE ampl\u00eda las posibilidades de tratamientos realizados en tu cl\u00ednica, y los pacientes se beneficiar\u00e1n de servicios adicionales espec\u00edficos para su salud y belleza.\" \/>\n<meta property=\"og:url\" content=\"https:\/\/www.doctor-smile.com\/es\/revive\/\" \/>\n<meta property=\"og:site_name\" content=\"DOCTOR SMILE\" \/>\n<meta property=\"article:publisher\" content=\"https:\/\/www.facebook.com\/DoctorSmileTM\/\" \/>\n<meta property=\"article:modified_time\" content=\"2024-03-27T11:14:20+00:00\" \/>\n<meta property=\"og:image\" content=\"https:\/\/www.doctor-smile.com\/wp-content\/uploads\/2021\/04\/REVIVE-72dpi_Tavola-disegno-1-copia-11.png\" \/>\n<meta name=\"twitter:card\" content=\"summary_large_image\" \/>\n<script type=\"application\/ld+json\" class=\"yoast-schema-graph\">{\"@context\":\"https:\\\/\\\/schema.org\",\"@graph\":[{\"@type\":\"WebPage\",\"@id\":\"https:\\\/\\\/www.doctor-smile.com\\\/es\\\/revive\\\/\",\"url\":\"https:\\\/\\\/www.doctor-smile.com\\\/es\\\/revive\\\/\",\"name\":\"REVIVE - DOCTOR SMILE\",\"isPartOf\":{\"@id\":\"https:\\\/\\\/www.doctor-smile.com\\\/es\\\/#website\"},\"primaryImageOfPage\":{\"@id\":\"https:\\\/\\\/www.doctor-smile.com\\\/es\\\/revive\\\/#primaryimage\"},\"image\":{\"@id\":\"https:\\\/\\\/www.doctor-smile.com\\\/es\\\/revive\\\/#primaryimage\"},\"thumbnailUrl\":\"https:\\\/\\\/www.doctor-smile.com\\\/wp-content\\\/uploads\\\/2021\\\/04\\\/REVIVE-72dpi_Tavola-disegno-1-copia-11.png\",\"datePublished\":\"2021-06-16T10:01:19+00:00\",\"dateModified\":\"2024-03-27T11:14:20+00:00\",\"description\":\"Con REVIVE ampl\u00eda las posibilidades de tratamientos realizados en tu cl\u00ednica, y los pacientes se beneficiar\u00e1n de servicios adicionales espec\u00edficos para su salud y belleza.\",\"breadcrumb\":{\"@id\":\"https:\\\/\\\/www.doctor-smile.com\\\/es\\\/revive\\\/#breadcrumb\"},\"inLanguage\":\"es\",\"potentialAction\":[{\"@type\":\"ReadAction\",\"target\":[\"https:\\\/\\\/www.doctor-smile.com\\\/es\\\/revive\\\/\"]}]},{\"@type\":\"ImageObject\",\"inLanguage\":\"es\",\"@id\":\"https:\\\/\\\/www.doctor-smile.com\\\/es\\\/revive\\\/#primaryimage\",\"url\":\"https:\\\/\\\/www.doctor-smile.com\\\/wp-content\\\/uploads\\\/2021\\\/04\\\/REVIVE-72dpi_Tavola-disegno-1-copia-11.png\",\"contentUrl\":\"https:\\\/\\\/www.doctor-smile.com\\\/wp-content\\\/uploads\\\/2021\\\/04\\\/REVIVE-72dpi_Tavola-disegno-1-copia-11.png\"},{\"@type\":\"BreadcrumbList\",\"@id\":\"https:\\\/\\\/www.doctor-smile.com\\\/es\\\/revive\\\/#breadcrumb\",\"itemListElement\":[{\"@type\":\"ListItem\",\"position\":1,\"name\":\"Home\",\"item\":\"https:\\\/\\\/www.doctor-smile.com\\\/es\\\/\"},{\"@type\":\"ListItem\",\"position\":2,\"name\":\"REVIVE\"}]},{\"@type\":\"WebSite\",\"@id\":\"https:\\\/\\\/www.doctor-smile.com\\\/es\\\/#website\",\"url\":\"https:\\\/\\\/www.doctor-smile.com\\\/es\\\/\",\"name\":\"DOCTOR SMILE\",\"description\":\"Tecnologia Laser Odontoiatrica\",\"publisher\":{\"@id\":\"https:\\\/\\\/www.doctor-smile.com\\\/es\\\/#organization\"},\"potentialAction\":[{\"@type\":\"SearchAction\",\"target\":{\"@type\":\"EntryPoint\",\"urlTemplate\":\"https:\\\/\\\/www.doctor-smile.com\\\/es\\\/?s={search_term_string}\"},\"query-input\":{\"@type\":\"PropertyValueSpecification\",\"valueRequired\":true,\"valueName\":\"search_term_string\"}}],\"inLanguage\":\"es\"},{\"@type\":\"Organization\",\"@id\":\"https:\\\/\\\/www.doctor-smile.com\\\/es\\\/#organization\",\"name\":\"Doctor-Smile\",\"url\":\"https:\\\/\\\/www.doctor-smile.com\\\/es\\\/\",\"logo\":{\"@type\":\"ImageObject\",\"inLanguage\":\"es\",\"@id\":\"https:\\\/\\\/www.doctor-smile.com\\\/es\\\/#\\\/schema\\\/logo\\\/image\\\/\",\"url\":\"https:\\\/\\\/www.doctor-smile.com\\\/wp-content\\\/uploads\\\/2021\\\/02\\\/Logo-Doctor-Smile-1.png\",\"contentUrl\":\"https:\\\/\\\/www.doctor-smile.com\\\/wp-content\\\/uploads\\\/2021\\\/02\\\/Logo-Doctor-Smile-1.png\",\"width\":1757,\"height\":667,\"caption\":\"Doctor-Smile\"},\"image\":{\"@id\":\"https:\\\/\\\/www.doctor-smile.com\\\/es\\\/#\\\/schema\\\/logo\\\/image\\\/\"},\"sameAs\":[\"https:\\\/\\\/www.facebook.com\\\/DoctorSmileTM\\\/\",\"https:\\\/\\\/www.instagram.com\\\/doctorsmiledentallaser\\\/\",\"https:\\\/\\\/www.youtube.com\\\/user\\\/doctorsmile1\\\/\"]}]}<\/script>\n<!-- \/ Yoast SEO plugin. -->","yoast_head_json":{"title":"REVIVE - DOCTOR SMILE","description":"Con REVIVE ampl\u00eda las posibilidades de tratamientos realizados en tu cl\u00ednica, y los pacientes se beneficiar\u00e1n de servicios adicionales espec\u00edficos para su salud y belleza.","robots":{"index":"index","follow":"follow","max-snippet":"max-snippet:-1","max-image-preview":"max-image-preview:large","max-video-preview":"max-video-preview:-1"},"canonical":"https:\/\/www.doctor-smile.com\/es\/revive\/","og_locale":"es_ES","og_type":"article","og_title":"REVIVE - DOCTOR SMILE","og_description":"Con REVIVE ampl\u00eda las posibilidades de tratamientos realizados en tu cl\u00ednica, y los pacientes se beneficiar\u00e1n de servicios adicionales espec\u00edficos para su salud y belleza.","og_url":"https:\/\/www.doctor-smile.com\/es\/revive\/","og_site_name":"DOCTOR SMILE","article_publisher":"https:\/\/www.facebook.com\/DoctorSmileTM\/","article_modified_time":"2024-03-27T11:14:20+00:00","og_image":[{"url":"https:\/\/www.doctor-smile.com\/wp-content\/uploads\/2021\/04\/REVIVE-72dpi_Tavola-disegno-1-copia-11.png","type":"","width":"","height":""}],"twitter_card":"summary_large_image","schema":{"@context":"https:\/\/schema.org","@graph":[{"@type":"WebPage","@id":"https:\/\/www.doctor-smile.com\/es\/revive\/","url":"https:\/\/www.doctor-smile.com\/es\/revive\/","name":"REVIVE - DOCTOR SMILE","isPartOf":{"@id":"https:\/\/www.doctor-smile.com\/es\/#website"},"primaryImageOfPage":{"@id":"https:\/\/www.doctor-smile.com\/es\/revive\/#primaryimage"},"image":{"@id":"https:\/\/www.doctor-smile.com\/es\/revive\/#primaryimage"},"thumbnailUrl":"https:\/\/www.doctor-smile.com\/wp-content\/uploads\/2021\/04\/REVIVE-72dpi_Tavola-disegno-1-copia-11.png","datePublished":"2021-06-16T10:01:19+00:00","dateModified":"2024-03-27T11:14:20+00:00","description":"Con REVIVE ampl\u00eda las posibilidades de tratamientos realizados en tu cl\u00ednica, y los pacientes se beneficiar\u00e1n de servicios adicionales espec\u00edficos para su salud y belleza.","breadcrumb":{"@id":"https:\/\/www.doctor-smile.com\/es\/revive\/#breadcrumb"},"inLanguage":"es","potentialAction":[{"@type":"ReadAction","target":["https:\/\/www.doctor-smile.com\/es\/revive\/"]}]},{"@type":"ImageObject","inLanguage":"es","@id":"https:\/\/www.doctor-smile.com\/es\/revive\/#primaryimage","url":"https:\/\/www.doctor-smile.com\/wp-content\/uploads\/2021\/04\/REVIVE-72dpi_Tavola-disegno-1-copia-11.png","contentUrl":"https:\/\/www.doctor-smile.com\/wp-content\/uploads\/2021\/04\/REVIVE-72dpi_Tavola-disegno-1-copia-11.png"},{"@type":"BreadcrumbList","@id":"https:\/\/www.doctor-smile.com\/es\/revive\/#breadcrumb","itemListElement":[{"@type":"ListItem","position":1,"name":"Home","item":"https:\/\/www.doctor-smile.com\/es\/"},{"@type":"ListItem","position":2,"name":"REVIVE"}]},{"@type":"WebSite","@id":"https:\/\/www.doctor-smile.com\/es\/#website","url":"https:\/\/www.doctor-smile.com\/es\/","name":"DOCTOR SMILE","description":"Tecnologia Laser Odontoiatrica","publisher":{"@id":"https:\/\/www.doctor-smile.com\/es\/#organization"},"potentialAction":[{"@type":"SearchAction","target":{"@type":"EntryPoint","urlTemplate":"https:\/\/www.doctor-smile.com\/es\/?s={search_term_string}"},"query-input":{"@type":"PropertyValueSpecification","valueRequired":true,"valueName":"search_term_string"}}],"inLanguage":"es"},{"@type":"Organization","@id":"https:\/\/www.doctor-smile.com\/es\/#organization","name":"Doctor-Smile","url":"https:\/\/www.doctor-smile.com\/es\/","logo":{"@type":"ImageObject","inLanguage":"es","@id":"https:\/\/www.doctor-smile.com\/es\/#\/schema\/logo\/image\/","url":"https:\/\/www.doctor-smile.com\/wp-content\/uploads\/2021\/02\/Logo-Doctor-Smile-1.png","contentUrl":"https:\/\/www.doctor-smile.com\/wp-content\/uploads\/2021\/02\/Logo-Doctor-Smile-1.png","width":1757,"height":667,"caption":"Doctor-Smile"},"image":{"@id":"https:\/\/www.doctor-smile.com\/es\/#\/schema\/logo\/image\/"},"sameAs":["https:\/\/www.facebook.com\/DoctorSmileTM\/","https:\/\/www.instagram.com\/doctorsmiledentallaser\/","https:\/\/www.youtube.com\/user\/doctorsmile1\/"]}]}},"_links":{"self":[{"href":"https:\/\/www.doctor-smile.com\/es\/wp-json\/wp\/v2\/pages\/13378","targetHints":{"allow":["GET"]}}],"collection":[{"href":"https:\/\/www.doctor-smile.com\/es\/wp-json\/wp\/v2\/pages"}],"about":[{"href":"https:\/\/www.doctor-smile.com\/es\/wp-json\/wp\/v2\/types\/page"}],"author":[{"embeddable":true,"href":"https:\/\/www.doctor-smile.com\/es\/wp-json\/wp\/v2\/users\/8"}],"replies":[{"embeddable":true,"href":"https:\/\/www.doctor-smile.com\/es\/wp-json\/wp\/v2\/comments?post=13378"}],"version-history":[{"count":15,"href":"https:\/\/www.doctor-smile.com\/es\/wp-json\/wp\/v2\/pages\/13378\/revisions"}],"predecessor-version":[{"id":21200,"href":"https:\/\/www.doctor-smile.com\/es\/wp-json\/wp\/v2\/pages\/13378\/revisions\/21200"}],"wp:attachment":[{"href":"https:\/\/www.doctor-smile.com\/es\/wp-json\/wp\/v2\/media?parent=13378"}],"curies":[{"name":"wp","href":"https:\/\/api.w.org\/{rel}","templated":true}]}}