{"id":20198,"date":"2024-03-25T11:52:57","date_gmt":"2024-03-25T10:52:57","guid":{"rendered":"https:\/\/www.doctor-smile.com\/?page_id=20198"},"modified":"2024-03-25T15:54:11","modified_gmt":"2024-03-25T14:54:11","slug":"endodoncia","status":"publish","type":"page","link":"https:\/\/www.doctor-smile.com\/es\/endodoncia\/","title":{"rendered":"Endodoncia"},"content":{"rendered":"\t\t<div data-elementor-type=\"wp-page\" data-elementor-id=\"20198\" class=\"elementor elementor-20198 elementor-3289\">\n\t\t\t\t\t\t<div class=\"elementor-inner\">\n\t\t\t\t<div class=\"elementor-section-wrap\">\n\t\t\t\t\t\t\t\t\t<section class=\"elementor-section elementor-top-section elementor-element elementor-element-41228e3 elementor-section-boxed elementor-section-height-default elementor-section-height-default\" data-id=\"41228e3\" data-element_type=\"section\" data-settings=\"{&quot;_ha_eqh_enable&quot;:false}\">\n\t\t\t\t\t\t<div class=\"elementor-container elementor-column-gap-default\">\n\t\t\t\t\t\t\t<div class=\"elementor-row\">\n\t\t\t\t\t<div class=\"elementor-column elementor-col-50 elementor-top-column elementor-element elementor-element-bb6e37a\" data-id=\"bb6e37a\" data-element_type=\"column\">\n\t\t\t<div class=\"elementor-column-wrap elementor-element-populated\">\n\t\t\t\t\t\t\t<div class=\"elementor-widget-wrap\">\n\t\t\t\t\t\t<section class=\"elementor-section elementor-inner-section elementor-element elementor-element-f3de381 elementor-section-boxed elementor-section-height-default elementor-section-height-default\" data-id=\"f3de381\" data-element_type=\"section\" data-settings=\"{&quot;_ha_eqh_enable&quot;:false}\">\n\t\t\t\t\t\t<div class=\"elementor-container elementor-column-gap-default\">\n\t\t\t\t\t\t\t<div class=\"elementor-row\">\n\t\t\t\t\t<div class=\"elementor-column elementor-col-100 elementor-inner-column elementor-element elementor-element-da544d2\" data-id=\"da544d2\" data-element_type=\"column\">\n\t\t\t<div class=\"elementor-column-wrap elementor-element-populated\">\n\t\t\t\t\t\t\t<div class=\"elementor-widget-wrap\">\n\t\t\t\t\t\t<div class=\"elementor-element elementor-element-73c214e elementor-widget elementor-widget-image\" data-id=\"73c214e\" data-element_type=\"widget\" data-widget_type=\"image.default\">\n\t\t\t\t<div class=\"elementor-widget-container\">\n\t\t\t\t\t\t\t\t<div class=\"elementor-image\">\n\t\t\t\t\t\t\t\t\t\t\t\t<img loading=\"lazy\" decoding=\"async\" width=\"600\" height=\"400\" src=\"https:\/\/www.doctor-smile.com\/wp-content\/uploads\/2021\/02\/applicazione-laser-dentale-5114-xsm.jpg\" class=\"attachment-large size-large\" alt=\"Endodoncia\" srcset=\"https:\/\/www.doctor-smile.com\/wp-content\/uploads\/2021\/02\/applicazione-laser-dentale-5114-xsm.jpg 600w, https:\/\/www.doctor-smile.com\/wp-content\/uploads\/2021\/02\/applicazione-laser-dentale-5114-xsm-300x200.jpg 300w\" sizes=\"auto, (max-width: 600px) 100vw, 600px\" \/>\t\t\t\t\t\t\t\t\t\t\t\t\t\t<\/div>\n\t\t\t\t\t\t<\/div>\n\t\t\t\t<\/div>\n\t\t\t\t<div class=\"elementor-element elementor-element-0be21eb elementor-widget elementor-widget-heading\" data-id=\"0be21eb\" data-element_type=\"widget\" data-widget_type=\"heading.default\">\n\t\t\t\t<div class=\"elementor-widget-container\">\n\t\t\t<h2 class=\"elementor-heading-title elementor-size-default\">Aplicaciones del l\u00e1ser en endodoncia: descontaminaci\u00f3n del conducto radicular, granuloma, pulpectom\u00eda.\n<\/h2>\t\t<\/div>\n\t\t\t\t<\/div>\n\t\t\t\t<div class=\"elementor-element elementor-element-8cc458e elementor-widget elementor-widget-text-editor\" data-id=\"8cc458e\" data-element_type=\"widget\" data-widget_type=\"text-editor.default\">\n\t\t\t\t<div class=\"elementor-widget-container\">\n\t\t\t\t\t\t\t\t<div class=\"elementor-text-editor elementor-clearfix\">\n\t\t\t\t<div class=\"cw\"><div class=\"cf wrap\"><article class=\"cf\"><div class=\"fr\"><section class=\"content\"><div class=\"jcms-box\"><div class=\"jcms-box-content\"><div class=\"cw\"><div class=\"cf wrap\"><article class=\"cf\"><div class=\"fr\"><section class=\"content\"><div class=\"jcms-box\"><div class=\"jcms-box-content\"><p>El objetivo del tratamiento endod\u00f3ntico es eliminar por completo el tejido infectado para que el <b>conducto radicular<\/b> preparado est\u00e9 lo m\u00e1s libre posible de bacterias. El efecto bactericida del l\u00e1ser de diodo\u00a0<a href=\"https:\/\/www.doctor-smile.com\/es\/wiser-3\/\" target=\"_blank\" rel=\"noopener\"><b>Wiser<\/b><\/a>\u00a0es eficaz en el conducto radicular, el delta apical y los t\u00fabulos dentinarios, favoreciendo la curaci\u00f3n de las lesiones periapicales en un tiempo mucho m\u00e1s corto que con los tratamientos convencionales.<\/p><p>En endodoncia, el l\u00e1ser de erbio\u00a0<a href=\"https:\/\/www.doctor-smile.com\/es\/pluser-kombi\/\" target=\"_blank\" rel=\"noopener\"><b>Pluser<\/b><\/a>\u00a0demuestra ser un valioso aliado en la limpieza del barrillo dentinario de las paredes dentinarias, en la eliminaci\u00f3n del biofilm bacteriano y en la <b>descontaminaci\u00f3n del conducto radicular<\/b> gracias al efecto fotoac\u00fastico generado por el l\u00e1ser en modo de onda cuadrada.<\/p><\/div><\/div><\/section><\/div><\/article><\/div><\/div><\/div><\/div><\/section><\/div><\/article><\/div><\/div>\t\t\t\t\t<\/div>\n\t\t\t\t\t\t<\/div>\n\t\t\t\t<\/div>\n\t\t\t\t\t\t<\/div>\n\t\t\t\t\t<\/div>\n\t\t<\/div>\n\t\t\t\t\t\t\t\t<\/div>\n\t\t\t\t\t<\/div>\n\t\t<\/section>\n\t\t\t\t\t\t<\/div>\n\t\t\t\t\t<\/div>\n\t\t<\/div>\n\t\t\t\t<div class=\"elementor-column elementor-col-50 elementor-top-column elementor-element elementor-element-6d341a2 elementor-hidden-mobile\" data-id=\"6d341a2\" data-element_type=\"column\">\n\t\t\t<div class=\"elementor-column-wrap elementor-element-populated\">\n\t\t\t\t\t\t\t<div class=\"elementor-widget-wrap\">\n\t\t\t\t\t\t<div class=\"elementor-element elementor-element-a08c69a elementor-widget elementor-widget-heading\" data-id=\"a08c69a\" data-element_type=\"widget\" data-widget_type=\"heading.default\">\n\t\t\t\t<div class=\"elementor-widget-container\">\n\t\t\t<h3 class=\"elementor-heading-title elementor-size-default\"><a href=\"http:\/\/www.doctor-smile.com\/applicazioni-cliniche-laser\/\">Tratamientos con l\u00e1ser\u200b<\/a><\/h3>\t\t<\/div>\n\t\t\t\t<\/div>\n\t\t\t\t<div class=\"elementor-element elementor-element-f92f7ba elementor-nav-menu__align-left elementor-nav-menu--dropdown-none elementor-widget elementor-widget-nav-menu\" data-id=\"f92f7ba\" data-element_type=\"widget\" data-settings=\"{&quot;layout&quot;:&quot;vertical&quot;,&quot;submenu_icon&quot;:{&quot;value&quot;:&quot;&lt;i class=\\&quot;fas fa-caret-down\\&quot;&gt;&lt;\\\/i&gt;&quot;,&quot;library&quot;:&quot;fa-solid&quot;}}\" data-widget_type=\"nav-menu.default\">\n\t\t\t\t<div class=\"elementor-widget-container\">\n\t\t\t\t\t\t<nav migration_allowed=\"1\" migrated=\"0\" class=\"elementor-nav-menu--main elementor-nav-menu__container elementor-nav-menu--layout-vertical e--pointer-background e--animation-fade\">\n\t\t\t\t<ul id=\"menu-1-f92f7ba\" class=\"elementor-nav-menu sm-vertical\"><li class=\"menu-item menu-item-type-post_type menu-item-object-page menu-item-20384\"><a href=\"https:\/\/www.doctor-smile.com\/es\/endodoncia\/\" data-ps2id-api=\"true\" class=\"elementor-item\">Endodoncia<\/a><\/li>\n<li class=\"menu-item menu-item-type-post_type menu-item-object-page menu-item-20385\"><a href=\"https:\/\/www.doctor-smile.com\/es\/periodoncia\/\" data-ps2id-api=\"true\" class=\"elementor-item\">Periodoncia<\/a><\/li>\n<li class=\"menu-item menu-item-type-post_type menu-item-object-page menu-item-20386\"><a href=\"https:\/\/www.doctor-smile.com\/es\/implantologia\/\" data-ps2id-api=\"true\" class=\"elementor-item\">Implantolog\u00eda<\/a><\/li>\n<li class=\"menu-item menu-item-type-post_type menu-item-object-page menu-item-20387\"><a href=\"https:\/\/www.doctor-smile.com\/es\/cirugia-gingival\/\" data-ps2id-api=\"true\" class=\"elementor-item\">Cirug\u00eda de tejidos blandos<\/a><\/li>\n<li class=\"menu-item menu-item-type-post_type menu-item-object-page menu-item-20388\"><a href=\"https:\/\/www.doctor-smile.com\/es\/cirugia-osea\/\" data-ps2id-api=\"true\" class=\"elementor-item\">Cirug\u00eda \u00f3sea<\/a><\/li>\n<li class=\"menu-item menu-item-type-post_type menu-item-object-page menu-item-20390\"><a href=\"https:\/\/www.doctor-smile.com\/es\/conservadora\/\" data-ps2id-api=\"true\" class=\"elementor-item\">Conservadora<\/a><\/li>\n<li class=\"menu-item menu-item-type-post_type menu-item-object-page menu-item-20391\"><a href=\"https:\/\/www.doctor-smile.com\/es\/bioestimulacion\/\" data-ps2id-api=\"true\" class=\"elementor-item\">Bioestimulaci\u00f3n<\/a><\/li>\n<li class=\"menu-item menu-item-type-post_type menu-item-object-page menu-item-20392\"><a href=\"https:\/\/www.doctor-smile.com\/es\/terapia\/\" data-ps2id-api=\"true\" class=\"elementor-item\">Terapia<\/a><\/li>\n<li class=\"menu-item menu-item-type-post_type menu-item-object-page menu-item-20403\"><a href=\"https:\/\/www.doctor-smile.com\/es\/productos-cosmeticos\/\" data-ps2id-api=\"true\" class=\"elementor-item\">Est\u00e9tica m\u00ednimamente invasiva<\/a><\/li>\n<li class=\"menu-item menu-item-type-post_type menu-item-object-page menu-item-20389\"><a href=\"https:\/\/www.doctor-smile.com\/es\/blanqueamiento\/\" data-ps2id-api=\"true\" class=\"elementor-item\">Laser Whitening System (LWS)<\/a><\/li>\n<\/ul>\t\t\t<\/nav>\n\t\t\t\t\t<div class=\"elementor-menu-toggle\" role=\"button\" tabindex=\"0\" aria-label=\"Alternar men\u00fa\" aria-expanded=\"false\">\n\t\t\t<i aria-hidden=\"true\" role=\"presentation\" class=\"elementor-menu-toggle__icon--open eicon-menu-bar\"><\/i><i aria-hidden=\"true\" role=\"presentation\" class=\"elementor-menu-toggle__icon--close eicon-close\"><\/i>\t\t\t<span class=\"elementor-screen-only\">Men\u00fa<\/span>\n\t\t<\/div>\n\t\t\t<nav class=\"elementor-nav-menu--dropdown elementor-nav-menu__container\" aria-hidden=\"true\">\n\t\t\t\t<ul id=\"menu-2-f92f7ba\" class=\"elementor-nav-menu sm-vertical\"><li class=\"menu-item menu-item-type-post_type menu-item-object-page menu-item-20384\"><a href=\"https:\/\/www.doctor-smile.com\/es\/endodoncia\/\" data-ps2id-api=\"true\" class=\"elementor-item\" tabindex=\"-1\">Endodoncia<\/a><\/li>\n<li class=\"menu-item menu-item-type-post_type menu-item-object-page menu-item-20385\"><a href=\"https:\/\/www.doctor-smile.com\/es\/periodoncia\/\" data-ps2id-api=\"true\" class=\"elementor-item\" tabindex=\"-1\">Periodoncia<\/a><\/li>\n<li class=\"menu-item menu-item-type-post_type menu-item-object-page menu-item-20386\"><a href=\"https:\/\/www.doctor-smile.com\/es\/implantologia\/\" data-ps2id-api=\"true\" class=\"elementor-item\" tabindex=\"-1\">Implantolog\u00eda<\/a><\/li>\n<li class=\"menu-item menu-item-type-post_type menu-item-object-page menu-item-20387\"><a href=\"https:\/\/www.doctor-smile.com\/es\/cirugia-gingival\/\" data-ps2id-api=\"true\" class=\"elementor-item\" tabindex=\"-1\">Cirug\u00eda de tejidos blandos<\/a><\/li>\n<li class=\"menu-item menu-item-type-post_type menu-item-object-page menu-item-20388\"><a href=\"https:\/\/www.doctor-smile.com\/es\/cirugia-osea\/\" data-ps2id-api=\"true\" class=\"elementor-item\" tabindex=\"-1\">Cirug\u00eda \u00f3sea<\/a><\/li>\n<li class=\"menu-item menu-item-type-post_type menu-item-object-page menu-item-20390\"><a href=\"https:\/\/www.doctor-smile.com\/es\/conservadora\/\" data-ps2id-api=\"true\" class=\"elementor-item\" tabindex=\"-1\">Conservadora<\/a><\/li>\n<li class=\"menu-item menu-item-type-post_type menu-item-object-page menu-item-20391\"><a href=\"https:\/\/www.doctor-smile.com\/es\/bioestimulacion\/\" data-ps2id-api=\"true\" class=\"elementor-item\" tabindex=\"-1\">Bioestimulaci\u00f3n<\/a><\/li>\n<li class=\"menu-item menu-item-type-post_type menu-item-object-page menu-item-20392\"><a href=\"https:\/\/www.doctor-smile.com\/es\/terapia\/\" data-ps2id-api=\"true\" class=\"elementor-item\" tabindex=\"-1\">Terapia<\/a><\/li>\n<li class=\"menu-item menu-item-type-post_type menu-item-object-page menu-item-20403\"><a href=\"https:\/\/www.doctor-smile.com\/es\/productos-cosmeticos\/\" data-ps2id-api=\"true\" class=\"elementor-item\" tabindex=\"-1\">Est\u00e9tica m\u00ednimamente invasiva<\/a><\/li>\n<li class=\"menu-item menu-item-type-post_type menu-item-object-page menu-item-20389\"><a href=\"https:\/\/www.doctor-smile.com\/es\/blanqueamiento\/\" data-ps2id-api=\"true\" class=\"elementor-item\" tabindex=\"-1\">Laser Whitening System (LWS)<\/a><\/li>\n<\/ul>\t\t\t<\/nav>\n\t\t\t\t<\/div>\n\t\t\t\t<\/div>\n\t\t\t\t\t\t<\/div>\n\t\t\t\t\t<\/div>\n\t\t<\/div>\n\t\t\t\t\t\t\t\t<\/div>\n\t\t\t\t\t<\/div>\n\t\t<\/section>\n\t\t\t\t<section class=\"elementor-section elementor-top-section elementor-element elementor-element-203bedd elementor-section-boxed elementor-section-height-default elementor-section-height-default\" data-id=\"203bedd\" data-element_type=\"section\" data-settings=\"{&quot;_ha_eqh_enable&quot;:false}\">\n\t\t\t\t\t\t<div class=\"elementor-container elementor-column-gap-default\">\n\t\t\t\t\t\t\t<div class=\"elementor-row\">\n\t\t\t\t\t<div class=\"elementor-column elementor-col-100 elementor-top-column elementor-element elementor-element-9ca4881\" data-id=\"9ca4881\" data-element_type=\"column\">\n\t\t\t<div class=\"elementor-column-wrap elementor-element-populated\">\n\t\t\t\t\t\t\t<div class=\"elementor-widget-wrap\">\n\t\t\t\t\t\t<section class=\"elementor-section elementor-inner-section elementor-element elementor-element-ba96070 elementor-section-boxed elementor-section-height-default elementor-section-height-default\" data-id=\"ba96070\" data-element_type=\"section\" data-settings=\"{&quot;_ha_eqh_enable&quot;:false}\">\n\t\t\t\t\t\t<div class=\"elementor-container elementor-column-gap-default\">\n\t\t\t\t\t\t\t<div class=\"elementor-row\">\n\t\t\t\t\t<div class=\"elementor-column elementor-col-50 elementor-inner-column elementor-element elementor-element-0088905\" data-id=\"0088905\" data-element_type=\"column\">\n\t\t\t<div class=\"elementor-column-wrap elementor-element-populated\">\n\t\t\t\t\t\t\t<div class=\"elementor-widget-wrap\">\n\t\t\t\t\t\t<div class=\"elementor-element elementor-element-901c2d4 elementor-widget elementor-widget-heading\" data-id=\"901c2d4\" data-element_type=\"widget\" data-widget_type=\"heading.default\">\n\t\t\t\t<div class=\"elementor-widget-container\">\n\t\t\t<h2 class=\"elementor-heading-title elementor-size-default\">V\u00eddeo<\/h2>\t\t<\/div>\n\t\t\t\t<\/div>\n\t\t\t\t<div class=\"elementor-element elementor-element-76360a1 elementor-aspect-ratio-169 elementor-widget elementor-widget-video\" data-id=\"76360a1\" data-element_type=\"widget\" data-settings=\"{&quot;youtube_url&quot;:&quot;https:\\\/\\\/youtu.be\\\/mt_hfkC8Df4&quot;,&quot;video_type&quot;:&quot;youtube&quot;,&quot;controls&quot;:&quot;yes&quot;,&quot;aspect_ratio&quot;:&quot;169&quot;}\" data-widget_type=\"video.default\">\n\t\t\t\t<div class=\"elementor-widget-container\">\n\t\t\t\t\t<div class=\"elementor-wrapper elementor-fit-aspect-ratio elementor-open-inline\">\n\t\t\t<div class=\"elementor-video\"><\/div>\t\t<\/div>\n\t\t\t\t<\/div>\n\t\t\t\t<\/div>\n\t\t\t\t\t\t<\/div>\n\t\t\t\t\t<\/div>\n\t\t<\/div>\n\t\t\t\t<div class=\"elementor-column elementor-col-50 elementor-inner-column elementor-element elementor-element-7d5c538\" data-id=\"7d5c538\" data-element_type=\"column\">\n\t\t\t<div class=\"elementor-column-wrap\">\n\t\t\t\t\t\t\t<div class=\"elementor-widget-wrap\">\n\t\t\t\t\t\t\t\t<\/div>\n\t\t\t\t\t<\/div>\n\t\t<\/div>\n\t\t\t\t\t\t\t\t<\/div>\n\t\t\t\t\t<\/div>\n\t\t<\/section>\n\t\t\t\t\t\t<\/div>\n\t\t\t\t\t<\/div>\n\t\t<\/div>\n\t\t\t\t\t\t\t\t<\/div>\n\t\t\t\t\t<\/div>\n\t\t<\/section>\n\t\t\t\t\t\t\t\t\t<\/div>\n\t\t\t<\/div>\n\t\t\t\t\t<\/div>\n\t\t","protected":false},"excerpt":{"rendered":"<p>Aplicaciones del l\u00e1ser en endodoncia: descontaminaci\u00f3n del conducto radicular, granuloma, pulpectom\u00eda. El objetivo del tratamiento endod\u00f3ntico es eliminar por completo el tejido infectado para que el conducto radicular preparado est\u00e9 lo m\u00e1s libre posible de bacterias. El efecto bactericida del l\u00e1ser de diodo\u00a0Wiser\u00a0es eficaz en el conducto radicular, el delta apical y los t\u00fabulos dentinarios, &#8230; <a title=\"Endodoncia\" class=\"read-more\" href=\"https:\/\/www.doctor-smile.com\/es\/endodoncia\/\" aria-label=\"M\u00e1s en Endodoncia\">Leer m\u00e1s<\/a><\/p>\n","protected":false},"author":115,"featured_media":0,"parent":0,"menu_order":0,"comment_status":"closed","ping_status":"closed","template":"","meta":{"content-type":"","footnotes":""},"class_list":["post-20198","page","type-page","status-publish"],"yoast_head":"<!-- This site is optimized with the Yoast SEO plugin v27.3 - https:\/\/yoast.com\/product\/yoast-seo-wordpress\/ -->\n<title>Endodoncia - DOCTOR SMILE<\/title>\n<meta name=\"robots\" content=\"index, follow, max-snippet:-1, max-image-preview:large, max-video-preview:-1\" \/>\n<link rel=\"canonical\" href=\"https:\/\/www.doctor-smile.com\/es\/endodoncia\/\" \/>\n<meta property=\"og:locale\" content=\"es_ES\" \/>\n<meta property=\"og:type\" content=\"article\" \/>\n<meta property=\"og:title\" content=\"Endodoncia - DOCTOR SMILE\" \/>\n<meta property=\"og:description\" content=\"Aplicaciones del l\u00e1ser en endodoncia: descontaminaci\u00f3n del conducto radicular, granuloma, pulpectom\u00eda. El objetivo del tratamiento endod\u00f3ntico es eliminar por completo el tejido infectado para que el conducto radicular preparado est\u00e9 lo m\u00e1s libre posible de bacterias. El efecto bactericida del l\u00e1ser de diodo\u00a0Wiser\u00a0es eficaz en el conducto radicular, el delta apical y los t\u00fabulos dentinarios, ... Leer m\u00e1s\" \/>\n<meta property=\"og:url\" content=\"https:\/\/www.doctor-smile.com\/es\/endodoncia\/\" \/>\n<meta property=\"og:site_name\" content=\"DOCTOR SMILE\" \/>\n<meta property=\"article:publisher\" content=\"https:\/\/www.facebook.com\/DoctorSmileTM\/\" \/>\n<meta property=\"article:modified_time\" content=\"2024-03-25T14:54:11+00:00\" \/>\n<meta property=\"og:image\" content=\"https:\/\/www.doctor-smile.com\/wp-content\/uploads\/2021\/02\/applicazione-laser-dentale-5114-xsm.jpg\" \/>\n<meta name=\"twitter:card\" content=\"summary_large_image\" \/>\n<script type=\"application\/ld+json\" class=\"yoast-schema-graph\">{\"@context\":\"https:\\\/\\\/schema.org\",\"@graph\":[{\"@type\":\"WebPage\",\"@id\":\"https:\\\/\\\/www.doctor-smile.com\\\/es\\\/endodoncia\\\/\",\"url\":\"https:\\\/\\\/www.doctor-smile.com\\\/es\\\/endodoncia\\\/\",\"name\":\"Endodoncia - DOCTOR SMILE\",\"isPartOf\":{\"@id\":\"https:\\\/\\\/www.doctor-smile.com\\\/es\\\/#website\"},\"primaryImageOfPage\":{\"@id\":\"https:\\\/\\\/www.doctor-smile.com\\\/es\\\/endodoncia\\\/#primaryimage\"},\"image\":{\"@id\":\"https:\\\/\\\/www.doctor-smile.com\\\/es\\\/endodoncia\\\/#primaryimage\"},\"thumbnailUrl\":\"https:\\\/\\\/www.doctor-smile.com\\\/wp-content\\\/uploads\\\/2021\\\/02\\\/applicazione-laser-dentale-5114-xsm.jpg\",\"datePublished\":\"2024-03-25T10:52:57+00:00\",\"dateModified\":\"2024-03-25T14:54:11+00:00\",\"breadcrumb\":{\"@id\":\"https:\\\/\\\/www.doctor-smile.com\\\/es\\\/endodoncia\\\/#breadcrumb\"},\"inLanguage\":\"es\",\"potentialAction\":[{\"@type\":\"ReadAction\",\"target\":[\"https:\\\/\\\/www.doctor-smile.com\\\/es\\\/endodoncia\\\/\"]}]},{\"@type\":\"ImageObject\",\"inLanguage\":\"es\",\"@id\":\"https:\\\/\\\/www.doctor-smile.com\\\/es\\\/endodoncia\\\/#primaryimage\",\"url\":\"https:\\\/\\\/www.doctor-smile.com\\\/wp-content\\\/uploads\\\/2021\\\/02\\\/applicazione-laser-dentale-5114-xsm.jpg\",\"contentUrl\":\"https:\\\/\\\/www.doctor-smile.com\\\/wp-content\\\/uploads\\\/2021\\\/02\\\/applicazione-laser-dentale-5114-xsm.jpg\"},{\"@type\":\"BreadcrumbList\",\"@id\":\"https:\\\/\\\/www.doctor-smile.com\\\/es\\\/endodoncia\\\/#breadcrumb\",\"itemListElement\":[{\"@type\":\"ListItem\",\"position\":1,\"name\":\"Home\",\"item\":\"https:\\\/\\\/www.doctor-smile.com\\\/es\\\/\"},{\"@type\":\"ListItem\",\"position\":2,\"name\":\"Endodoncia\"}]},{\"@type\":\"WebSite\",\"@id\":\"https:\\\/\\\/www.doctor-smile.com\\\/es\\\/#website\",\"url\":\"https:\\\/\\\/www.doctor-smile.com\\\/es\\\/\",\"name\":\"DOCTOR SMILE\",\"description\":\"Tecnologia Laser Odontoiatrica\",\"publisher\":{\"@id\":\"https:\\\/\\\/www.doctor-smile.com\\\/es\\\/#organization\"},\"potentialAction\":[{\"@type\":\"SearchAction\",\"target\":{\"@type\":\"EntryPoint\",\"urlTemplate\":\"https:\\\/\\\/www.doctor-smile.com\\\/es\\\/?s={search_term_string}\"},\"query-input\":{\"@type\":\"PropertyValueSpecification\",\"valueRequired\":true,\"valueName\":\"search_term_string\"}}],\"inLanguage\":\"es\"},{\"@type\":\"Organization\",\"@id\":\"https:\\\/\\\/www.doctor-smile.com\\\/es\\\/#organization\",\"name\":\"Doctor-Smile\",\"url\":\"https:\\\/\\\/www.doctor-smile.com\\\/es\\\/\",\"logo\":{\"@type\":\"ImageObject\",\"inLanguage\":\"es\",\"@id\":\"https:\\\/\\\/www.doctor-smile.com\\\/es\\\/#\\\/schema\\\/logo\\\/image\\\/\",\"url\":\"https:\\\/\\\/www.doctor-smile.com\\\/wp-content\\\/uploads\\\/2021\\\/02\\\/Logo-Doctor-Smile-1.png\",\"contentUrl\":\"https:\\\/\\\/www.doctor-smile.com\\\/wp-content\\\/uploads\\\/2021\\\/02\\\/Logo-Doctor-Smile-1.png\",\"width\":1757,\"height\":667,\"caption\":\"Doctor-Smile\"},\"image\":{\"@id\":\"https:\\\/\\\/www.doctor-smile.com\\\/es\\\/#\\\/schema\\\/logo\\\/image\\\/\"},\"sameAs\":[\"https:\\\/\\\/www.facebook.com\\\/DoctorSmileTM\\\/\",\"https:\\\/\\\/www.instagram.com\\\/doctorsmiledentallaser\\\/\",\"https:\\\/\\\/www.youtube.com\\\/user\\\/doctorsmile1\\\/\"]}]}<\/script>\n<!-- \/ Yoast SEO plugin. -->","yoast_head_json":{"title":"Endodoncia - DOCTOR SMILE","robots":{"index":"index","follow":"follow","max-snippet":"max-snippet:-1","max-image-preview":"max-image-preview:large","max-video-preview":"max-video-preview:-1"},"canonical":"https:\/\/www.doctor-smile.com\/es\/endodoncia\/","og_locale":"es_ES","og_type":"article","og_title":"Endodoncia - DOCTOR SMILE","og_description":"Aplicaciones del l\u00e1ser en endodoncia: descontaminaci\u00f3n del conducto radicular, granuloma, pulpectom\u00eda. El objetivo del tratamiento endod\u00f3ntico es eliminar por completo el tejido infectado para que el conducto radicular preparado est\u00e9 lo m\u00e1s libre posible de bacterias. El efecto bactericida del l\u00e1ser de diodo\u00a0Wiser\u00a0es eficaz en el conducto radicular, el delta apical y los t\u00fabulos dentinarios, ... Leer m\u00e1s","og_url":"https:\/\/www.doctor-smile.com\/es\/endodoncia\/","og_site_name":"DOCTOR SMILE","article_publisher":"https:\/\/www.facebook.com\/DoctorSmileTM\/","article_modified_time":"2024-03-25T14:54:11+00:00","og_image":[{"url":"https:\/\/www.doctor-smile.com\/wp-content\/uploads\/2021\/02\/applicazione-laser-dentale-5114-xsm.jpg","type":"","width":"","height":""}],"twitter_card":"summary_large_image","schema":{"@context":"https:\/\/schema.org","@graph":[{"@type":"WebPage","@id":"https:\/\/www.doctor-smile.com\/es\/endodoncia\/","url":"https:\/\/www.doctor-smile.com\/es\/endodoncia\/","name":"Endodoncia - DOCTOR SMILE","isPartOf":{"@id":"https:\/\/www.doctor-smile.com\/es\/#website"},"primaryImageOfPage":{"@id":"https:\/\/www.doctor-smile.com\/es\/endodoncia\/#primaryimage"},"image":{"@id":"https:\/\/www.doctor-smile.com\/es\/endodoncia\/#primaryimage"},"thumbnailUrl":"https:\/\/www.doctor-smile.com\/wp-content\/uploads\/2021\/02\/applicazione-laser-dentale-5114-xsm.jpg","datePublished":"2024-03-25T10:52:57+00:00","dateModified":"2024-03-25T14:54:11+00:00","breadcrumb":{"@id":"https:\/\/www.doctor-smile.com\/es\/endodoncia\/#breadcrumb"},"inLanguage":"es","potentialAction":[{"@type":"ReadAction","target":["https:\/\/www.doctor-smile.com\/es\/endodoncia\/"]}]},{"@type":"ImageObject","inLanguage":"es","@id":"https:\/\/www.doctor-smile.com\/es\/endodoncia\/#primaryimage","url":"https:\/\/www.doctor-smile.com\/wp-content\/uploads\/2021\/02\/applicazione-laser-dentale-5114-xsm.jpg","contentUrl":"https:\/\/www.doctor-smile.com\/wp-content\/uploads\/2021\/02\/applicazione-laser-dentale-5114-xsm.jpg"},{"@type":"BreadcrumbList","@id":"https:\/\/www.doctor-smile.com\/es\/endodoncia\/#breadcrumb","itemListElement":[{"@type":"ListItem","position":1,"name":"Home","item":"https:\/\/www.doctor-smile.com\/es\/"},{"@type":"ListItem","position":2,"name":"Endodoncia"}]},{"@type":"WebSite","@id":"https:\/\/www.doctor-smile.com\/es\/#website","url":"https:\/\/www.doctor-smile.com\/es\/","name":"DOCTOR SMILE","description":"Tecnologia Laser Odontoiatrica","publisher":{"@id":"https:\/\/www.doctor-smile.com\/es\/#organization"},"potentialAction":[{"@type":"SearchAction","target":{"@type":"EntryPoint","urlTemplate":"https:\/\/www.doctor-smile.com\/es\/?s={search_term_string}"},"query-input":{"@type":"PropertyValueSpecification","valueRequired":true,"valueName":"search_term_string"}}],"inLanguage":"es"},{"@type":"Organization","@id":"https:\/\/www.doctor-smile.com\/es\/#organization","name":"Doctor-Smile","url":"https:\/\/www.doctor-smile.com\/es\/","logo":{"@type":"ImageObject","inLanguage":"es","@id":"https:\/\/www.doctor-smile.com\/es\/#\/schema\/logo\/image\/","url":"https:\/\/www.doctor-smile.com\/wp-content\/uploads\/2021\/02\/Logo-Doctor-Smile-1.png","contentUrl":"https:\/\/www.doctor-smile.com\/wp-content\/uploads\/2021\/02\/Logo-Doctor-Smile-1.png","width":1757,"height":667,"caption":"Doctor-Smile"},"image":{"@id":"https:\/\/www.doctor-smile.com\/es\/#\/schema\/logo\/image\/"},"sameAs":["https:\/\/www.facebook.com\/DoctorSmileTM\/","https:\/\/www.instagram.com\/doctorsmiledentallaser\/","https:\/\/www.youtube.com\/user\/doctorsmile1\/"]}]}},"_links":{"self":[{"href":"https:\/\/www.doctor-smile.com\/es\/wp-json\/wp\/v2\/pages\/20198","targetHints":{"allow":["GET"]}}],"collection":[{"href":"https:\/\/www.doctor-smile.com\/es\/wp-json\/wp\/v2\/pages"}],"about":[{"href":"https:\/\/www.doctor-smile.com\/es\/wp-json\/wp\/v2\/types\/page"}],"author":[{"embeddable":true,"href":"https:\/\/www.doctor-smile.com\/es\/wp-json\/wp\/v2\/users\/115"}],"replies":[{"embeddable":true,"href":"https:\/\/www.doctor-smile.com\/es\/wp-json\/wp\/v2\/comments?post=20198"}],"version-history":[{"count":13,"href":"https:\/\/www.doctor-smile.com\/es\/wp-json\/wp\/v2\/pages\/20198\/revisions"}],"predecessor-version":[{"id":20490,"href":"https:\/\/www.doctor-smile.com\/es\/wp-json\/wp\/v2\/pages\/20198\/revisions\/20490"}],"wp:attachment":[{"href":"https:\/\/www.doctor-smile.com\/es\/wp-json\/wp\/v2\/media?parent=20198"}],"curies":[{"name":"wp","href":"https:\/\/api.w.org\/{rel}","templated":true}]}}