{"id":20229,"date":"2024-03-25T12:25:04","date_gmt":"2024-03-25T11:25:04","guid":{"rendered":"https:\/\/www.doctor-smile.com\/?page_id=20229"},"modified":"2024-03-25T15:57:25","modified_gmt":"2024-03-25T14:57:25","slug":"implantologia","status":"publish","type":"page","link":"https:\/\/www.doctor-smile.com\/es\/implantologia\/","title":{"rendered":"Implantolog\u00eda"},"content":{"rendered":"\t\t<div data-elementor-type=\"wp-page\" data-elementor-id=\"20229\" class=\"elementor elementor-20229 elementor-3219\">\n\t\t\t\t\t\t<div class=\"elementor-inner\">\n\t\t\t\t<div class=\"elementor-section-wrap\">\n\t\t\t\t\t\t\t\t\t<section class=\"elementor-section elementor-top-section elementor-element elementor-element-41228e3 elementor-section-boxed elementor-section-height-default elementor-section-height-default\" data-id=\"41228e3\" data-element_type=\"section\" data-settings=\"{&quot;_ha_eqh_enable&quot;:false}\">\n\t\t\t\t\t\t<div class=\"elementor-container elementor-column-gap-default\">\n\t\t\t\t\t\t\t<div class=\"elementor-row\">\n\t\t\t\t\t<div class=\"elementor-column elementor-col-50 elementor-top-column elementor-element elementor-element-bb6e37a\" data-id=\"bb6e37a\" data-element_type=\"column\">\n\t\t\t<div class=\"elementor-column-wrap elementor-element-populated\">\n\t\t\t\t\t\t\t<div class=\"elementor-widget-wrap\">\n\t\t\t\t\t\t<section class=\"elementor-section elementor-inner-section elementor-element elementor-element-f3de381 elementor-section-boxed elementor-section-height-default elementor-section-height-default\" data-id=\"f3de381\" data-element_type=\"section\" data-settings=\"{&quot;_ha_eqh_enable&quot;:false}\">\n\t\t\t\t\t\t<div class=\"elementor-container elementor-column-gap-default\">\n\t\t\t\t\t\t\t<div class=\"elementor-row\">\n\t\t\t\t\t<div class=\"elementor-column elementor-col-100 elementor-inner-column elementor-element elementor-element-da544d2\" data-id=\"da544d2\" data-element_type=\"column\">\n\t\t\t<div class=\"elementor-column-wrap elementor-element-populated\">\n\t\t\t\t\t\t\t<div class=\"elementor-widget-wrap\">\n\t\t\t\t\t\t<div class=\"elementor-element elementor-element-73c214e elementor-widget elementor-widget-image\" data-id=\"73c214e\" data-element_type=\"widget\" data-widget_type=\"image.default\">\n\t\t\t\t<div class=\"elementor-widget-container\">\n\t\t\t\t\t\t\t\t<div class=\"elementor-image\">\n\t\t\t\t\t\t\t\t\t\t\t\t<img loading=\"lazy\" decoding=\"async\" width=\"1024\" height=\"682\" src=\"https:\/\/www.doctor-smile.com\/wp-content\/uploads\/2021\/02\/Implantologia.jpg\" class=\"attachment-large size-large\" alt=\"Implantologia\" srcset=\"https:\/\/www.doctor-smile.com\/wp-content\/uploads\/2021\/02\/Implantologia.jpg 1024w, https:\/\/www.doctor-smile.com\/wp-content\/uploads\/2021\/02\/Implantologia-300x200.jpg 300w, https:\/\/www.doctor-smile.com\/wp-content\/uploads\/2021\/02\/Implantologia-768x512.jpg 768w\" sizes=\"auto, (max-width: 1024px) 100vw, 1024px\" \/>\t\t\t\t\t\t\t\t\t\t\t\t\t\t<\/div>\n\t\t\t\t\t\t<\/div>\n\t\t\t\t<\/div>\n\t\t\t\t<div class=\"elementor-element elementor-element-0be21eb elementor-widget elementor-widget-heading\" data-id=\"0be21eb\" data-element_type=\"widget\" data-widget_type=\"heading.default\">\n\t\t\t\t<div class=\"elementor-widget-container\">\n\t\t\t<h2 class=\"elementor-heading-title elementor-size-default\">Aplicaciones en implantolog\u00eda: operculectom\u00eda y descontaminaci\u00f3n de implantes, tratamiento de la periimplantitis.<\/h2>\t\t<\/div>\n\t\t\t\t<\/div>\n\t\t\t\t<div class=\"elementor-element elementor-element-8cc458e elementor-widget elementor-widget-text-editor\" data-id=\"8cc458e\" data-element_type=\"widget\" data-widget_type=\"text-editor.default\">\n\t\t\t\t<div class=\"elementor-widget-container\">\n\t\t\t\t\t\t\t\t<div class=\"elementor-text-editor elementor-clearfix\">\n\t\t\t\t<div><div><article><div><section><div><div><div><div><p>La implantolog\u00eda tambi\u00e9n se beneficia de la aplicaci\u00f3n del l\u00e1ser, especialmente en la resoluci\u00f3n de casos de periimucositis, periimplantitis y en el destaponamiento de implantes.<\/p><p>El <a href=\"https:\/\/www.doctor-smile.com\/es\/wiser-3\/\"><strong>l\u00e1ser de diodo Wiser<\/strong><\/a> es una herramienta adecuada para el tratamiento de la perimucositis y la periimplantitis, en combinaci\u00f3n con t\u00e9cnicas de regeneraci\u00f3n guiada.<\/p><p>Tambi\u00e9n puede utilizarse con \u00e9xito para la desepitelizaci\u00f3n m\u00ednimamente invasiva o la remodelaci\u00f3n de partes blandas.<\/p><p>El <a href=\"https:\/\/www.doctor-smile.com\/es\/pluser-kombi\/\"><strong>l\u00e1ser de erbio Pluser<\/strong><\/a> tambi\u00e9n desempe\u00f1a su papel en el campo del descubrimiento de implantes. En efecto, la ausencia de interacci\u00f3n entre la longitud de onda de 2940 nm y la superficie del implante, unida a la ausencia de potenciaci\u00f3n t\u00e9rmica, permite utilizar el l\u00e1ser de erbio con total seguridad. Adem\u00e1s, resulta ser una herramienta muy eficaz para limpiar y descontaminar las espiras de los implantes infectados con el fin de lograr una regeneraci\u00f3n muy eficaz.<\/p><div>\u00a0<\/div><\/div><\/div><\/div><\/div><\/section><\/div><\/article><\/div><\/div>\t\t\t\t\t<\/div>\n\t\t\t\t\t\t<\/div>\n\t\t\t\t<\/div>\n\t\t\t\t\t\t<\/div>\n\t\t\t\t\t<\/div>\n\t\t<\/div>\n\t\t\t\t\t\t\t\t<\/div>\n\t\t\t\t\t<\/div>\n\t\t<\/section>\n\t\t\t\t\t\t<\/div>\n\t\t\t\t\t<\/div>\n\t\t<\/div>\n\t\t\t\t<div class=\"elementor-column elementor-col-50 elementor-top-column elementor-element elementor-element-6d341a2 elementor-hidden-mobile\" data-id=\"6d341a2\" data-element_type=\"column\">\n\t\t\t<div class=\"elementor-column-wrap elementor-element-populated\">\n\t\t\t\t\t\t\t<div class=\"elementor-widget-wrap\">\n\t\t\t\t\t\t<div class=\"elementor-element elementor-element-a08c69a elementor-widget elementor-widget-heading\" data-id=\"a08c69a\" data-element_type=\"widget\" data-widget_type=\"heading.default\">\n\t\t\t\t<div class=\"elementor-widget-container\">\n\t\t\t<h3 class=\"elementor-heading-title elementor-size-default\"><a href=\"http:\/\/www.doctor-smile.com\/applicazioni-cliniche-laser\/\">Tratamientos con l\u00e1ser\u200b<\/a><\/h3>\t\t<\/div>\n\t\t\t\t<\/div>\n\t\t\t\t<div class=\"elementor-element elementor-element-f92f7ba elementor-nav-menu__align-left elementor-nav-menu--dropdown-none elementor-widget elementor-widget-nav-menu\" data-id=\"f92f7ba\" data-element_type=\"widget\" data-settings=\"{&quot;layout&quot;:&quot;vertical&quot;,&quot;submenu_icon&quot;:{&quot;value&quot;:&quot;&lt;i class=\\&quot;fas fa-caret-down\\&quot;&gt;&lt;\\\/i&gt;&quot;,&quot;library&quot;:&quot;fa-solid&quot;}}\" data-widget_type=\"nav-menu.default\">\n\t\t\t\t<div class=\"elementor-widget-container\">\n\t\t\t\t\t\t<nav migration_allowed=\"1\" migrated=\"0\" class=\"elementor-nav-menu--main elementor-nav-menu__container elementor-nav-menu--layout-vertical e--pointer-background e--animation-fade\">\n\t\t\t\t<ul id=\"menu-1-f92f7ba\" class=\"elementor-nav-menu sm-vertical\"><li class=\"menu-item menu-item-type-post_type menu-item-object-page menu-item-20384\"><a href=\"https:\/\/www.doctor-smile.com\/es\/endodoncia\/\" data-ps2id-api=\"true\" class=\"elementor-item\">Endodoncia<\/a><\/li>\n<li class=\"menu-item menu-item-type-post_type menu-item-object-page menu-item-20385\"><a href=\"https:\/\/www.doctor-smile.com\/es\/periodoncia\/\" data-ps2id-api=\"true\" class=\"elementor-item\">Periodoncia<\/a><\/li>\n<li class=\"menu-item menu-item-type-post_type menu-item-object-page menu-item-20386\"><a href=\"https:\/\/www.doctor-smile.com\/es\/implantologia\/\" data-ps2id-api=\"true\" class=\"elementor-item\">Implantolog\u00eda<\/a><\/li>\n<li class=\"menu-item menu-item-type-post_type menu-item-object-page menu-item-20387\"><a href=\"https:\/\/www.doctor-smile.com\/es\/cirugia-gingival\/\" data-ps2id-api=\"true\" class=\"elementor-item\">Cirug\u00eda de tejidos blandos<\/a><\/li>\n<li class=\"menu-item menu-item-type-post_type menu-item-object-page menu-item-20388\"><a href=\"https:\/\/www.doctor-smile.com\/es\/cirugia-osea\/\" data-ps2id-api=\"true\" class=\"elementor-item\">Cirug\u00eda \u00f3sea<\/a><\/li>\n<li class=\"menu-item menu-item-type-post_type menu-item-object-page menu-item-20390\"><a href=\"https:\/\/www.doctor-smile.com\/es\/conservadora\/\" data-ps2id-api=\"true\" class=\"elementor-item\">Conservadora<\/a><\/li>\n<li class=\"menu-item menu-item-type-post_type menu-item-object-page menu-item-20391\"><a href=\"https:\/\/www.doctor-smile.com\/es\/bioestimulacion\/\" data-ps2id-api=\"true\" class=\"elementor-item\">Bioestimulaci\u00f3n<\/a><\/li>\n<li class=\"menu-item menu-item-type-post_type menu-item-object-page menu-item-20392\"><a href=\"https:\/\/www.doctor-smile.com\/es\/terapia\/\" data-ps2id-api=\"true\" class=\"elementor-item\">Terapia<\/a><\/li>\n<li class=\"menu-item menu-item-type-post_type menu-item-object-page menu-item-20403\"><a href=\"https:\/\/www.doctor-smile.com\/es\/productos-cosmeticos\/\" data-ps2id-api=\"true\" class=\"elementor-item\">Est\u00e9tica m\u00ednimamente invasiva<\/a><\/li>\n<li class=\"menu-item menu-item-type-post_type menu-item-object-page menu-item-20389\"><a href=\"https:\/\/www.doctor-smile.com\/es\/blanqueamiento\/\" data-ps2id-api=\"true\" class=\"elementor-item\">Laser Whitening System (LWS)<\/a><\/li>\n<\/ul>\t\t\t<\/nav>\n\t\t\t\t\t<div class=\"elementor-menu-toggle\" role=\"button\" tabindex=\"0\" aria-label=\"Alternar men\u00fa\" aria-expanded=\"false\">\n\t\t\t<i aria-hidden=\"true\" role=\"presentation\" class=\"elementor-menu-toggle__icon--open eicon-menu-bar\"><\/i><i aria-hidden=\"true\" role=\"presentation\" class=\"elementor-menu-toggle__icon--close eicon-close\"><\/i>\t\t\t<span class=\"elementor-screen-only\">Men\u00fa<\/span>\n\t\t<\/div>\n\t\t\t<nav class=\"elementor-nav-menu--dropdown elementor-nav-menu__container\" aria-hidden=\"true\">\n\t\t\t\t<ul id=\"menu-2-f92f7ba\" class=\"elementor-nav-menu sm-vertical\"><li class=\"menu-item menu-item-type-post_type menu-item-object-page menu-item-20384\"><a href=\"https:\/\/www.doctor-smile.com\/es\/endodoncia\/\" data-ps2id-api=\"true\" class=\"elementor-item\" tabindex=\"-1\">Endodoncia<\/a><\/li>\n<li class=\"menu-item menu-item-type-post_type menu-item-object-page menu-item-20385\"><a href=\"https:\/\/www.doctor-smile.com\/es\/periodoncia\/\" data-ps2id-api=\"true\" class=\"elementor-item\" tabindex=\"-1\">Periodoncia<\/a><\/li>\n<li class=\"menu-item menu-item-type-post_type menu-item-object-page menu-item-20386\"><a href=\"https:\/\/www.doctor-smile.com\/es\/implantologia\/\" data-ps2id-api=\"true\" class=\"elementor-item\" tabindex=\"-1\">Implantolog\u00eda<\/a><\/li>\n<li class=\"menu-item menu-item-type-post_type menu-item-object-page menu-item-20387\"><a href=\"https:\/\/www.doctor-smile.com\/es\/cirugia-gingival\/\" data-ps2id-api=\"true\" class=\"elementor-item\" tabindex=\"-1\">Cirug\u00eda de tejidos blandos<\/a><\/li>\n<li class=\"menu-item menu-item-type-post_type menu-item-object-page menu-item-20388\"><a href=\"https:\/\/www.doctor-smile.com\/es\/cirugia-osea\/\" data-ps2id-api=\"true\" class=\"elementor-item\" tabindex=\"-1\">Cirug\u00eda \u00f3sea<\/a><\/li>\n<li class=\"menu-item menu-item-type-post_type menu-item-object-page menu-item-20390\"><a href=\"https:\/\/www.doctor-smile.com\/es\/conservadora\/\" data-ps2id-api=\"true\" class=\"elementor-item\" tabindex=\"-1\">Conservadora<\/a><\/li>\n<li class=\"menu-item menu-item-type-post_type menu-item-object-page menu-item-20391\"><a href=\"https:\/\/www.doctor-smile.com\/es\/bioestimulacion\/\" data-ps2id-api=\"true\" class=\"elementor-item\" tabindex=\"-1\">Bioestimulaci\u00f3n<\/a><\/li>\n<li class=\"menu-item menu-item-type-post_type menu-item-object-page menu-item-20392\"><a href=\"https:\/\/www.doctor-smile.com\/es\/terapia\/\" data-ps2id-api=\"true\" class=\"elementor-item\" tabindex=\"-1\">Terapia<\/a><\/li>\n<li class=\"menu-item menu-item-type-post_type menu-item-object-page menu-item-20403\"><a href=\"https:\/\/www.doctor-smile.com\/es\/productos-cosmeticos\/\" data-ps2id-api=\"true\" class=\"elementor-item\" tabindex=\"-1\">Est\u00e9tica m\u00ednimamente invasiva<\/a><\/li>\n<li class=\"menu-item menu-item-type-post_type menu-item-object-page menu-item-20389\"><a href=\"https:\/\/www.doctor-smile.com\/es\/blanqueamiento\/\" data-ps2id-api=\"true\" class=\"elementor-item\" tabindex=\"-1\">Laser Whitening System (LWS)<\/a><\/li>\n<\/ul>\t\t\t<\/nav>\n\t\t\t\t<\/div>\n\t\t\t\t<\/div>\n\t\t\t\t\t\t<\/div>\n\t\t\t\t\t<\/div>\n\t\t<\/div>\n\t\t\t\t\t\t\t\t<\/div>\n\t\t\t\t\t<\/div>\n\t\t<\/section>\n\t\t\t\t<section class=\"elementor-section elementor-top-section elementor-element elementor-element-3a540fe elementor-section-boxed elementor-section-height-default elementor-section-height-default\" data-id=\"3a540fe\" data-element_type=\"section\" data-settings=\"{&quot;_ha_eqh_enable&quot;:false}\">\n\t\t\t\t\t\t<div class=\"elementor-container elementor-column-gap-default\">\n\t\t\t\t\t\t\t<div class=\"elementor-row\">\n\t\t\t\t\t<div class=\"elementor-column elementor-col-50 elementor-top-column elementor-element elementor-element-41e0ece\" data-id=\"41e0ece\" data-element_type=\"column\">\n\t\t\t<div class=\"elementor-column-wrap elementor-element-populated\">\n\t\t\t\t\t\t\t<div class=\"elementor-widget-wrap\">\n\t\t\t\t\t\t<div class=\"elementor-element elementor-element-f691e45 elementor-widget elementor-widget-heading\" data-id=\"f691e45\" data-element_type=\"widget\" data-widget_type=\"heading.default\">\n\t\t\t\t<div class=\"elementor-widget-container\">\n\t\t\t<h2 class=\"elementor-heading-title elementor-size-default\">Vid\u00e9o<\/h2>\t\t<\/div>\n\t\t\t\t<\/div>\n\t\t\t\t<div class=\"elementor-element elementor-element-5e79a64 elementor-aspect-ratio-169 elementor-widget elementor-widget-video\" data-id=\"5e79a64\" data-element_type=\"widget\" data-settings=\"{&quot;youtube_url&quot;:&quot;https:\\\/\\\/youtu.be\\\/YKQdpQJzpYg&quot;,&quot;video_type&quot;:&quot;youtube&quot;,&quot;controls&quot;:&quot;yes&quot;,&quot;aspect_ratio&quot;:&quot;169&quot;}\" data-widget_type=\"video.default\">\n\t\t\t\t<div class=\"elementor-widget-container\">\n\t\t\t\t\t<div class=\"elementor-wrapper elementor-fit-aspect-ratio elementor-open-inline\">\n\t\t\t<div class=\"elementor-video\"><\/div>\t\t<\/div>\n\t\t\t\t<\/div>\n\t\t\t\t<\/div>\n\t\t\t\t\t\t<\/div>\n\t\t\t\t\t<\/div>\n\t\t<\/div>\n\t\t\t\t<div class=\"elementor-column elementor-col-50 elementor-top-column elementor-element elementor-element-b5e41f5\" data-id=\"b5e41f5\" data-element_type=\"column\">\n\t\t\t<div class=\"elementor-column-wrap\">\n\t\t\t\t\t\t\t<div class=\"elementor-widget-wrap\">\n\t\t\t\t\t\t\t\t<\/div>\n\t\t\t\t\t<\/div>\n\t\t<\/div>\n\t\t\t\t\t\t\t\t<\/div>\n\t\t\t\t\t<\/div>\n\t\t<\/section>\n\t\t\t\t\t\t\t\t\t<\/div>\n\t\t\t<\/div>\n\t\t\t\t\t<\/div>\n\t\t","protected":false},"excerpt":{"rendered":"<p>Aplicaciones en implantolog\u00eda: operculectom\u00eda y descontaminaci\u00f3n de implantes, tratamiento de la periimplantitis. La implantolog\u00eda tambi\u00e9n se beneficia de la aplicaci\u00f3n del l\u00e1ser, especialmente en la resoluci\u00f3n de casos de periimucositis, periimplantitis y en el destaponamiento de implantes. El l\u00e1ser de diodo Wiser es una herramienta adecuada para el tratamiento de la perimucositis y la periimplantitis, &#8230; <a title=\"Implantolog\u00eda\" class=\"read-more\" href=\"https:\/\/www.doctor-smile.com\/es\/implantologia\/\" aria-label=\"M\u00e1s en Implantolog\u00eda\">Leer m\u00e1s<\/a><\/p>\n","protected":false},"author":115,"featured_media":0,"parent":0,"menu_order":0,"comment_status":"closed","ping_status":"closed","template":"","meta":{"content-type":"","footnotes":""},"class_list":["post-20229","page","type-page","status-publish"],"yoast_head":"<!-- This site is optimized with the Yoast SEO plugin v27.3 - https:\/\/yoast.com\/product\/yoast-seo-wordpress\/ -->\n<title>Implantolog\u00eda - DOCTOR SMILE<\/title>\n<meta name=\"robots\" content=\"index, follow, max-snippet:-1, max-image-preview:large, max-video-preview:-1\" \/>\n<link rel=\"canonical\" href=\"https:\/\/www.doctor-smile.com\/es\/implantologia\/\" \/>\n<meta property=\"og:locale\" content=\"es_ES\" \/>\n<meta property=\"og:type\" content=\"article\" \/>\n<meta property=\"og:title\" content=\"Implantolog\u00eda - DOCTOR SMILE\" \/>\n<meta property=\"og:description\" content=\"Aplicaciones en implantolog\u00eda: operculectom\u00eda y descontaminaci\u00f3n de implantes, tratamiento de la periimplantitis. La implantolog\u00eda tambi\u00e9n se beneficia de la aplicaci\u00f3n del l\u00e1ser, especialmente en la resoluci\u00f3n de casos de periimucositis, periimplantitis y en el destaponamiento de implantes. El l\u00e1ser de diodo Wiser es una herramienta adecuada para el tratamiento de la perimucositis y la periimplantitis, ... Leer m\u00e1s\" \/>\n<meta property=\"og:url\" content=\"https:\/\/www.doctor-smile.com\/es\/implantologia\/\" \/>\n<meta property=\"og:site_name\" content=\"DOCTOR SMILE\" \/>\n<meta property=\"article:publisher\" content=\"https:\/\/www.facebook.com\/DoctorSmileTM\/\" \/>\n<meta property=\"article:modified_time\" content=\"2024-03-25T14:57:25+00:00\" \/>\n<meta property=\"og:image\" content=\"https:\/\/www.doctor-smile.com\/wp-content\/uploads\/2021\/02\/Implantologia.jpg\" \/>\n<meta name=\"twitter:card\" content=\"summary_large_image\" \/>\n<script type=\"application\/ld+json\" class=\"yoast-schema-graph\">{\"@context\":\"https:\\\/\\\/schema.org\",\"@graph\":[{\"@type\":\"WebPage\",\"@id\":\"https:\\\/\\\/www.doctor-smile.com\\\/es\\\/implantologia\\\/\",\"url\":\"https:\\\/\\\/www.doctor-smile.com\\\/es\\\/implantologia\\\/\",\"name\":\"Implantolog\u00eda - DOCTOR SMILE\",\"isPartOf\":{\"@id\":\"https:\\\/\\\/www.doctor-smile.com\\\/es\\\/#website\"},\"primaryImageOfPage\":{\"@id\":\"https:\\\/\\\/www.doctor-smile.com\\\/es\\\/implantologia\\\/#primaryimage\"},\"image\":{\"@id\":\"https:\\\/\\\/www.doctor-smile.com\\\/es\\\/implantologia\\\/#primaryimage\"},\"thumbnailUrl\":\"https:\\\/\\\/www.doctor-smile.com\\\/wp-content\\\/uploads\\\/2021\\\/02\\\/Implantologia.jpg\",\"datePublished\":\"2024-03-25T11:25:04+00:00\",\"dateModified\":\"2024-03-25T14:57:25+00:00\",\"breadcrumb\":{\"@id\":\"https:\\\/\\\/www.doctor-smile.com\\\/es\\\/implantologia\\\/#breadcrumb\"},\"inLanguage\":\"es\",\"potentialAction\":[{\"@type\":\"ReadAction\",\"target\":[\"https:\\\/\\\/www.doctor-smile.com\\\/es\\\/implantologia\\\/\"]}]},{\"@type\":\"ImageObject\",\"inLanguage\":\"es\",\"@id\":\"https:\\\/\\\/www.doctor-smile.com\\\/es\\\/implantologia\\\/#primaryimage\",\"url\":\"https:\\\/\\\/www.doctor-smile.com\\\/wp-content\\\/uploads\\\/2021\\\/02\\\/Implantologia.jpg\",\"contentUrl\":\"https:\\\/\\\/www.doctor-smile.com\\\/wp-content\\\/uploads\\\/2021\\\/02\\\/Implantologia.jpg\"},{\"@type\":\"BreadcrumbList\",\"@id\":\"https:\\\/\\\/www.doctor-smile.com\\\/es\\\/implantologia\\\/#breadcrumb\",\"itemListElement\":[{\"@type\":\"ListItem\",\"position\":1,\"name\":\"Home\",\"item\":\"https:\\\/\\\/www.doctor-smile.com\\\/es\\\/\"},{\"@type\":\"ListItem\",\"position\":2,\"name\":\"Implantolog\u00eda\"}]},{\"@type\":\"WebSite\",\"@id\":\"https:\\\/\\\/www.doctor-smile.com\\\/es\\\/#website\",\"url\":\"https:\\\/\\\/www.doctor-smile.com\\\/es\\\/\",\"name\":\"DOCTOR SMILE\",\"description\":\"Tecnologia Laser Odontoiatrica\",\"publisher\":{\"@id\":\"https:\\\/\\\/www.doctor-smile.com\\\/es\\\/#organization\"},\"potentialAction\":[{\"@type\":\"SearchAction\",\"target\":{\"@type\":\"EntryPoint\",\"urlTemplate\":\"https:\\\/\\\/www.doctor-smile.com\\\/es\\\/?s={search_term_string}\"},\"query-input\":{\"@type\":\"PropertyValueSpecification\",\"valueRequired\":true,\"valueName\":\"search_term_string\"}}],\"inLanguage\":\"es\"},{\"@type\":\"Organization\",\"@id\":\"https:\\\/\\\/www.doctor-smile.com\\\/es\\\/#organization\",\"name\":\"Doctor-Smile\",\"url\":\"https:\\\/\\\/www.doctor-smile.com\\\/es\\\/\",\"logo\":{\"@type\":\"ImageObject\",\"inLanguage\":\"es\",\"@id\":\"https:\\\/\\\/www.doctor-smile.com\\\/es\\\/#\\\/schema\\\/logo\\\/image\\\/\",\"url\":\"https:\\\/\\\/www.doctor-smile.com\\\/wp-content\\\/uploads\\\/2021\\\/02\\\/Logo-Doctor-Smile-1.png\",\"contentUrl\":\"https:\\\/\\\/www.doctor-smile.com\\\/wp-content\\\/uploads\\\/2021\\\/02\\\/Logo-Doctor-Smile-1.png\",\"width\":1757,\"height\":667,\"caption\":\"Doctor-Smile\"},\"image\":{\"@id\":\"https:\\\/\\\/www.doctor-smile.com\\\/es\\\/#\\\/schema\\\/logo\\\/image\\\/\"},\"sameAs\":[\"https:\\\/\\\/www.facebook.com\\\/DoctorSmileTM\\\/\",\"https:\\\/\\\/www.instagram.com\\\/doctorsmiledentallaser\\\/\",\"https:\\\/\\\/www.youtube.com\\\/user\\\/doctorsmile1\\\/\"]}]}<\/script>\n<!-- \/ Yoast SEO plugin. -->","yoast_head_json":{"title":"Implantolog\u00eda - DOCTOR SMILE","robots":{"index":"index","follow":"follow","max-snippet":"max-snippet:-1","max-image-preview":"max-image-preview:large","max-video-preview":"max-video-preview:-1"},"canonical":"https:\/\/www.doctor-smile.com\/es\/implantologia\/","og_locale":"es_ES","og_type":"article","og_title":"Implantolog\u00eda - DOCTOR SMILE","og_description":"Aplicaciones en implantolog\u00eda: operculectom\u00eda y descontaminaci\u00f3n de implantes, tratamiento de la periimplantitis. La implantolog\u00eda tambi\u00e9n se beneficia de la aplicaci\u00f3n del l\u00e1ser, especialmente en la resoluci\u00f3n de casos de periimucositis, periimplantitis y en el destaponamiento de implantes. El l\u00e1ser de diodo Wiser es una herramienta adecuada para el tratamiento de la perimucositis y la periimplantitis, ... Leer m\u00e1s","og_url":"https:\/\/www.doctor-smile.com\/es\/implantologia\/","og_site_name":"DOCTOR SMILE","article_publisher":"https:\/\/www.facebook.com\/DoctorSmileTM\/","article_modified_time":"2024-03-25T14:57:25+00:00","og_image":[{"url":"https:\/\/www.doctor-smile.com\/wp-content\/uploads\/2021\/02\/Implantologia.jpg","type":"","width":"","height":""}],"twitter_card":"summary_large_image","schema":{"@context":"https:\/\/schema.org","@graph":[{"@type":"WebPage","@id":"https:\/\/www.doctor-smile.com\/es\/implantologia\/","url":"https:\/\/www.doctor-smile.com\/es\/implantologia\/","name":"Implantolog\u00eda - DOCTOR SMILE","isPartOf":{"@id":"https:\/\/www.doctor-smile.com\/es\/#website"},"primaryImageOfPage":{"@id":"https:\/\/www.doctor-smile.com\/es\/implantologia\/#primaryimage"},"image":{"@id":"https:\/\/www.doctor-smile.com\/es\/implantologia\/#primaryimage"},"thumbnailUrl":"https:\/\/www.doctor-smile.com\/wp-content\/uploads\/2021\/02\/Implantologia.jpg","datePublished":"2024-03-25T11:25:04+00:00","dateModified":"2024-03-25T14:57:25+00:00","breadcrumb":{"@id":"https:\/\/www.doctor-smile.com\/es\/implantologia\/#breadcrumb"},"inLanguage":"es","potentialAction":[{"@type":"ReadAction","target":["https:\/\/www.doctor-smile.com\/es\/implantologia\/"]}]},{"@type":"ImageObject","inLanguage":"es","@id":"https:\/\/www.doctor-smile.com\/es\/implantologia\/#primaryimage","url":"https:\/\/www.doctor-smile.com\/wp-content\/uploads\/2021\/02\/Implantologia.jpg","contentUrl":"https:\/\/www.doctor-smile.com\/wp-content\/uploads\/2021\/02\/Implantologia.jpg"},{"@type":"BreadcrumbList","@id":"https:\/\/www.doctor-smile.com\/es\/implantologia\/#breadcrumb","itemListElement":[{"@type":"ListItem","position":1,"name":"Home","item":"https:\/\/www.doctor-smile.com\/es\/"},{"@type":"ListItem","position":2,"name":"Implantolog\u00eda"}]},{"@type":"WebSite","@id":"https:\/\/www.doctor-smile.com\/es\/#website","url":"https:\/\/www.doctor-smile.com\/es\/","name":"DOCTOR SMILE","description":"Tecnologia Laser Odontoiatrica","publisher":{"@id":"https:\/\/www.doctor-smile.com\/es\/#organization"},"potentialAction":[{"@type":"SearchAction","target":{"@type":"EntryPoint","urlTemplate":"https:\/\/www.doctor-smile.com\/es\/?s={search_term_string}"},"query-input":{"@type":"PropertyValueSpecification","valueRequired":true,"valueName":"search_term_string"}}],"inLanguage":"es"},{"@type":"Organization","@id":"https:\/\/www.doctor-smile.com\/es\/#organization","name":"Doctor-Smile","url":"https:\/\/www.doctor-smile.com\/es\/","logo":{"@type":"ImageObject","inLanguage":"es","@id":"https:\/\/www.doctor-smile.com\/es\/#\/schema\/logo\/image\/","url":"https:\/\/www.doctor-smile.com\/wp-content\/uploads\/2021\/02\/Logo-Doctor-Smile-1.png","contentUrl":"https:\/\/www.doctor-smile.com\/wp-content\/uploads\/2021\/02\/Logo-Doctor-Smile-1.png","width":1757,"height":667,"caption":"Doctor-Smile"},"image":{"@id":"https:\/\/www.doctor-smile.com\/es\/#\/schema\/logo\/image\/"},"sameAs":["https:\/\/www.facebook.com\/DoctorSmileTM\/","https:\/\/www.instagram.com\/doctorsmiledentallaser\/","https:\/\/www.youtube.com\/user\/doctorsmile1\/"]}]}},"_links":{"self":[{"href":"https:\/\/www.doctor-smile.com\/es\/wp-json\/wp\/v2\/pages\/20229","targetHints":{"allow":["GET"]}}],"collection":[{"href":"https:\/\/www.doctor-smile.com\/es\/wp-json\/wp\/v2\/pages"}],"about":[{"href":"https:\/\/www.doctor-smile.com\/es\/wp-json\/wp\/v2\/types\/page"}],"author":[{"embeddable":true,"href":"https:\/\/www.doctor-smile.com\/es\/wp-json\/wp\/v2\/users\/115"}],"replies":[{"embeddable":true,"href":"https:\/\/www.doctor-smile.com\/es\/wp-json\/wp\/v2\/comments?post=20229"}],"version-history":[{"count":14,"href":"https:\/\/www.doctor-smile.com\/es\/wp-json\/wp\/v2\/pages\/20229\/revisions"}],"predecessor-version":[{"id":20514,"href":"https:\/\/www.doctor-smile.com\/es\/wp-json\/wp\/v2\/pages\/20229\/revisions\/20514"}],"wp:attachment":[{"href":"https:\/\/www.doctor-smile.com\/es\/wp-json\/wp\/v2\/media?parent=20229"}],"curies":[{"name":"wp","href":"https:\/\/api.w.org\/{rel}","templated":true}]}}