{"id":20257,"date":"2024-03-25T12:47:22","date_gmt":"2024-03-25T11:47:22","guid":{"rendered":"https:\/\/www.doctor-smile.com\/?page_id=20257"},"modified":"2024-03-25T16:03:59","modified_gmt":"2024-03-25T15:03:59","slug":"cirugia-osea","status":"publish","type":"page","link":"https:\/\/www.doctor-smile.com\/es\/cirugia-osea\/","title":{"rendered":"Cirug\u00eda \u00f3sea"},"content":{"rendered":"\t\t<div data-elementor-type=\"wp-page\" data-elementor-id=\"20257\" class=\"elementor elementor-20257 elementor-3231\">\n\t\t\t\t\t\t<div class=\"elementor-inner\">\n\t\t\t\t<div class=\"elementor-section-wrap\">\n\t\t\t\t\t\t\t\t\t<section class=\"elementor-section elementor-top-section elementor-element elementor-element-41228e3 elementor-section-boxed elementor-section-height-default elementor-section-height-default\" data-id=\"41228e3\" data-element_type=\"section\" data-settings=\"{&quot;_ha_eqh_enable&quot;:false}\">\n\t\t\t\t\t\t<div class=\"elementor-container elementor-column-gap-default\">\n\t\t\t\t\t\t\t<div class=\"elementor-row\">\n\t\t\t\t\t<div class=\"elementor-column elementor-col-50 elementor-top-column elementor-element elementor-element-bb6e37a\" data-id=\"bb6e37a\" data-element_type=\"column\">\n\t\t\t<div class=\"elementor-column-wrap elementor-element-populated\">\n\t\t\t\t\t\t\t<div class=\"elementor-widget-wrap\">\n\t\t\t\t\t\t<section class=\"elementor-section elementor-inner-section elementor-element elementor-element-f3de381 elementor-section-boxed elementor-section-height-default elementor-section-height-default\" data-id=\"f3de381\" data-element_type=\"section\" data-settings=\"{&quot;_ha_eqh_enable&quot;:false}\">\n\t\t\t\t\t\t<div class=\"elementor-container elementor-column-gap-default\">\n\t\t\t\t\t\t\t<div class=\"elementor-row\">\n\t\t\t\t\t<div class=\"elementor-column elementor-col-100 elementor-inner-column elementor-element elementor-element-da544d2\" data-id=\"da544d2\" data-element_type=\"column\">\n\t\t\t<div class=\"elementor-column-wrap elementor-element-populated\">\n\t\t\t\t\t\t\t<div class=\"elementor-widget-wrap\">\n\t\t\t\t\t\t<div class=\"elementor-element elementor-element-73c214e elementor-widget elementor-widget-image\" data-id=\"73c214e\" data-element_type=\"widget\" data-widget_type=\"image.default\">\n\t\t\t\t<div class=\"elementor-widget-container\">\n\t\t\t\t\t\t\t\t<div class=\"elementor-image\">\n\t\t\t\t\t\t\t\t\t\t\t\t<img loading=\"lazy\" decoding=\"async\" width=\"1024\" height=\"683\" src=\"https:\/\/www.doctor-smile.com\/wp-content\/uploads\/2021\/02\/Chirurgia-ossea.jpg\" class=\"attachment-large size-large\" alt=\"Chirurgia ossea\" srcset=\"https:\/\/www.doctor-smile.com\/wp-content\/uploads\/2021\/02\/Chirurgia-ossea.jpg 1024w, https:\/\/www.doctor-smile.com\/wp-content\/uploads\/2021\/02\/Chirurgia-ossea-300x200.jpg 300w, https:\/\/www.doctor-smile.com\/wp-content\/uploads\/2021\/02\/Chirurgia-ossea-768x512.jpg 768w\" sizes=\"auto, (max-width: 1024px) 100vw, 1024px\" \/>\t\t\t\t\t\t\t\t\t\t\t\t\t\t<\/div>\n\t\t\t\t\t\t<\/div>\n\t\t\t\t<\/div>\n\t\t\t\t<div class=\"elementor-element elementor-element-0be21eb elementor-widget elementor-widget-heading\" data-id=\"0be21eb\" data-element_type=\"widget\" data-widget_type=\"heading.default\">\n\t\t\t\t<div class=\"elementor-widget-container\">\n\t\t\t<h2 class=\"elementor-heading-title elementor-size-default\">Aplicaciones y tratamientos l\u00e1ser en cirug\u00eda \u00f3sea: elevaci\u00f3n de seno, cresta dividida, apicectom\u00eda, injerto \u00f3seo, preparaci\u00f3n del lecho del implante, alargamiento cl\u00ednico de coronas, regeneraci\u00f3n \u00f3sea, tratamiento de la periimplantitis.\n<\/h2>\t\t<\/div>\n\t\t\t\t<\/div>\n\t\t\t\t<div class=\"elementor-element elementor-element-8cc458e elementor-widget elementor-widget-text-editor\" data-id=\"8cc458e\" data-element_type=\"widget\" data-widget_type=\"text-editor.default\">\n\t\t\t\t<div class=\"elementor-widget-container\">\n\t\t\t\t\t\t\t\t<div class=\"elementor-text-editor elementor-clearfix\">\n\t\t\t\t<p>El <a href=\"https:\/\/www.doctor-smile.com\/es\/pluser-kombi\/\"><strong>l\u00e1ser de erbio Pluser<\/strong><\/a> puede operar en los tejidos duros de la cavidad oral, f\u00e1cilmente y con menos traumatismo, creando tanto un colgajo de acceso gingival como una eliminaci\u00f3n \u00f3sea de forma r\u00e1pida y precisa, con m\u00e1rgenes de brecha \u00f3sea m\u00e1s exactos que los obtenidos con instrumentos rotatorios.<\/p><p>El l\u00e1ser de erbio, adem\u00e1s de tener una acci\u00f3n bactericida al mismo tiempo que se realiza el tratamiento, mantiene inalterada la temperatura del tejido diana gracias al spray de agua emitido por la pieza de mano y a la vaporizaci\u00f3n instant\u00e1nea de la misma en el interior de los tejidos.<\/p><p>Este mecanismo de acci\u00f3n garantiza el respeto de las propiedades biol\u00f3gicas del hueso residual, sin crear necrosis ni desnaturalizar la matriz proteica. De hecho, a diferencia de la preparaci\u00f3n mec\u00e1nica del tejido \u00f3seo mediante instrumentos rotatorios, el riesgo de sobrecalentamiento del tejido es pr\u00e1cticamente inexistente.<\/p><p>Adem\u00e1s, la capacidad bioestimulante de la luz l\u00e1ser favorece la cicatrizaci\u00f3n al aumentar el metabolismo oxidativo, lo que se traduce en una mejora del transporte de ox\u00edgeno por la oxihemoglobina de los vasos superficiales. La cirug\u00eda \u00f3sea con l\u00e1ser de erbio tambi\u00e9n aumenta el riego sangu\u00edneo, lo que ser\u00e1 de gran ayuda en la posterior actividad de regeneraci\u00f3n.\u00a0<\/p>\t\t\t\t\t<\/div>\n\t\t\t\t\t\t<\/div>\n\t\t\t\t<\/div>\n\t\t\t\t\t\t<\/div>\n\t\t\t\t\t<\/div>\n\t\t<\/div>\n\t\t\t\t\t\t\t\t<\/div>\n\t\t\t\t\t<\/div>\n\t\t<\/section>\n\t\t\t\t\t\t<\/div>\n\t\t\t\t\t<\/div>\n\t\t<\/div>\n\t\t\t\t<div class=\"elementor-column elementor-col-50 elementor-top-column elementor-element elementor-element-6d341a2 elementor-hidden-mobile\" data-id=\"6d341a2\" data-element_type=\"column\">\n\t\t\t<div class=\"elementor-column-wrap elementor-element-populated\">\n\t\t\t\t\t\t\t<div class=\"elementor-widget-wrap\">\n\t\t\t\t\t\t<div class=\"elementor-element elementor-element-a08c69a elementor-widget elementor-widget-heading\" data-id=\"a08c69a\" data-element_type=\"widget\" data-widget_type=\"heading.default\">\n\t\t\t\t<div class=\"elementor-widget-container\">\n\t\t\t<h3 class=\"elementor-heading-title elementor-size-default\"><a href=\"http:\/\/www.doctor-smile.com\/applicazioni-cliniche-laser\/\">Tratamientos con l\u00e1ser\u200b<\/a><\/h3>\t\t<\/div>\n\t\t\t\t<\/div>\n\t\t\t\t<div class=\"elementor-element elementor-element-f92f7ba elementor-nav-menu--dropdown-none elementor-nav-menu__align-left elementor-widget elementor-widget-nav-menu\" data-id=\"f92f7ba\" data-element_type=\"widget\" data-settings=\"{&quot;layout&quot;:&quot;vertical&quot;,&quot;submenu_icon&quot;:{&quot;value&quot;:&quot;&lt;i class=\\&quot;fas fa-caret-down\\&quot;&gt;&lt;\\\/i&gt;&quot;,&quot;library&quot;:&quot;fa-solid&quot;}}\" data-widget_type=\"nav-menu.default\">\n\t\t\t\t<div class=\"elementor-widget-container\">\n\t\t\t\t\t\t<nav migration_allowed=\"1\" migrated=\"0\" class=\"elementor-nav-menu--main elementor-nav-menu__container elementor-nav-menu--layout-vertical e--pointer-background e--animation-fade\">\n\t\t\t\t<ul id=\"menu-1-f92f7ba\" class=\"elementor-nav-menu sm-vertical\"><li class=\"menu-item menu-item-type-post_type menu-item-object-page menu-item-20384\"><a href=\"https:\/\/www.doctor-smile.com\/es\/endodoncia\/\" data-ps2id-api=\"true\" class=\"elementor-item\">Endodoncia<\/a><\/li>\n<li class=\"menu-item menu-item-type-post_type menu-item-object-page menu-item-20385\"><a href=\"https:\/\/www.doctor-smile.com\/es\/periodoncia\/\" data-ps2id-api=\"true\" class=\"elementor-item\">Periodoncia<\/a><\/li>\n<li class=\"menu-item menu-item-type-post_type menu-item-object-page menu-item-20386\"><a href=\"https:\/\/www.doctor-smile.com\/es\/implantologia\/\" data-ps2id-api=\"true\" class=\"elementor-item\">Implantolog\u00eda<\/a><\/li>\n<li class=\"menu-item menu-item-type-post_type menu-item-object-page menu-item-20387\"><a href=\"https:\/\/www.doctor-smile.com\/es\/cirugia-gingival\/\" data-ps2id-api=\"true\" class=\"elementor-item\">Cirug\u00eda de tejidos blandos<\/a><\/li>\n<li class=\"menu-item menu-item-type-post_type menu-item-object-page menu-item-20388\"><a href=\"https:\/\/www.doctor-smile.com\/es\/cirugia-osea\/\" data-ps2id-api=\"true\" class=\"elementor-item\">Cirug\u00eda \u00f3sea<\/a><\/li>\n<li class=\"menu-item menu-item-type-post_type menu-item-object-page menu-item-20390\"><a href=\"https:\/\/www.doctor-smile.com\/es\/conservadora\/\" data-ps2id-api=\"true\" class=\"elementor-item\">Conservadora<\/a><\/li>\n<li class=\"menu-item menu-item-type-post_type menu-item-object-page menu-item-20391\"><a href=\"https:\/\/www.doctor-smile.com\/es\/bioestimulacion\/\" data-ps2id-api=\"true\" class=\"elementor-item\">Bioestimulaci\u00f3n<\/a><\/li>\n<li class=\"menu-item menu-item-type-post_type menu-item-object-page menu-item-20392\"><a href=\"https:\/\/www.doctor-smile.com\/es\/terapia\/\" data-ps2id-api=\"true\" class=\"elementor-item\">Terapia<\/a><\/li>\n<li class=\"menu-item menu-item-type-post_type menu-item-object-page menu-item-20403\"><a href=\"https:\/\/www.doctor-smile.com\/es\/productos-cosmeticos\/\" data-ps2id-api=\"true\" class=\"elementor-item\">Est\u00e9tica m\u00ednimamente invasiva<\/a><\/li>\n<li class=\"menu-item menu-item-type-post_type menu-item-object-page menu-item-20389\"><a href=\"https:\/\/www.doctor-smile.com\/es\/blanqueamiento\/\" data-ps2id-api=\"true\" class=\"elementor-item\">Laser Whitening System (LWS)<\/a><\/li>\n<\/ul>\t\t\t<\/nav>\n\t\t\t\t\t<div class=\"elementor-menu-toggle\" role=\"button\" tabindex=\"0\" aria-label=\"Alternar men\u00fa\" aria-expanded=\"false\">\n\t\t\t<i aria-hidden=\"true\" role=\"presentation\" class=\"elementor-menu-toggle__icon--open eicon-menu-bar\"><\/i><i aria-hidden=\"true\" role=\"presentation\" class=\"elementor-menu-toggle__icon--close eicon-close\"><\/i>\t\t\t<span class=\"elementor-screen-only\">Men\u00fa<\/span>\n\t\t<\/div>\n\t\t\t<nav class=\"elementor-nav-menu--dropdown elementor-nav-menu__container\" aria-hidden=\"true\">\n\t\t\t\t<ul id=\"menu-2-f92f7ba\" class=\"elementor-nav-menu sm-vertical\"><li class=\"menu-item menu-item-type-post_type menu-item-object-page menu-item-20384\"><a href=\"https:\/\/www.doctor-smile.com\/es\/endodoncia\/\" data-ps2id-api=\"true\" class=\"elementor-item\" tabindex=\"-1\">Endodoncia<\/a><\/li>\n<li class=\"menu-item menu-item-type-post_type menu-item-object-page menu-item-20385\"><a href=\"https:\/\/www.doctor-smile.com\/es\/periodoncia\/\" data-ps2id-api=\"true\" class=\"elementor-item\" tabindex=\"-1\">Periodoncia<\/a><\/li>\n<li class=\"menu-item menu-item-type-post_type menu-item-object-page menu-item-20386\"><a href=\"https:\/\/www.doctor-smile.com\/es\/implantologia\/\" data-ps2id-api=\"true\" class=\"elementor-item\" tabindex=\"-1\">Implantolog\u00eda<\/a><\/li>\n<li class=\"menu-item menu-item-type-post_type menu-item-object-page menu-item-20387\"><a href=\"https:\/\/www.doctor-smile.com\/es\/cirugia-gingival\/\" data-ps2id-api=\"true\" class=\"elementor-item\" tabindex=\"-1\">Cirug\u00eda de tejidos blandos<\/a><\/li>\n<li class=\"menu-item menu-item-type-post_type menu-item-object-page menu-item-20388\"><a href=\"https:\/\/www.doctor-smile.com\/es\/cirugia-osea\/\" data-ps2id-api=\"true\" class=\"elementor-item\" tabindex=\"-1\">Cirug\u00eda \u00f3sea<\/a><\/li>\n<li class=\"menu-item menu-item-type-post_type menu-item-object-page menu-item-20390\"><a href=\"https:\/\/www.doctor-smile.com\/es\/conservadora\/\" data-ps2id-api=\"true\" class=\"elementor-item\" tabindex=\"-1\">Conservadora<\/a><\/li>\n<li class=\"menu-item menu-item-type-post_type menu-item-object-page menu-item-20391\"><a href=\"https:\/\/www.doctor-smile.com\/es\/bioestimulacion\/\" data-ps2id-api=\"true\" class=\"elementor-item\" tabindex=\"-1\">Bioestimulaci\u00f3n<\/a><\/li>\n<li class=\"menu-item menu-item-type-post_type menu-item-object-page menu-item-20392\"><a href=\"https:\/\/www.doctor-smile.com\/es\/terapia\/\" data-ps2id-api=\"true\" class=\"elementor-item\" tabindex=\"-1\">Terapia<\/a><\/li>\n<li class=\"menu-item menu-item-type-post_type menu-item-object-page menu-item-20403\"><a href=\"https:\/\/www.doctor-smile.com\/es\/productos-cosmeticos\/\" data-ps2id-api=\"true\" class=\"elementor-item\" tabindex=\"-1\">Est\u00e9tica m\u00ednimamente invasiva<\/a><\/li>\n<li class=\"menu-item menu-item-type-post_type menu-item-object-page menu-item-20389\"><a href=\"https:\/\/www.doctor-smile.com\/es\/blanqueamiento\/\" data-ps2id-api=\"true\" class=\"elementor-item\" tabindex=\"-1\">Laser Whitening System (LWS)<\/a><\/li>\n<\/ul>\t\t\t<\/nav>\n\t\t\t\t<\/div>\n\t\t\t\t<\/div>\n\t\t\t\t\t\t<\/div>\n\t\t\t\t\t<\/div>\n\t\t<\/div>\n\t\t\t\t\t\t\t\t<\/div>\n\t\t\t\t\t<\/div>\n\t\t<\/section>\n\t\t\t\t<section class=\"elementor-section elementor-top-section elementor-element elementor-element-203bedd elementor-section-boxed elementor-section-height-default elementor-section-height-default\" data-id=\"203bedd\" data-element_type=\"section\" data-settings=\"{&quot;_ha_eqh_enable&quot;:false}\">\n\t\t\t\t\t\t<div class=\"elementor-container elementor-column-gap-default\">\n\t\t\t\t\t\t\t<div class=\"elementor-row\">\n\t\t\t\t\t<div class=\"elementor-column elementor-col-100 elementor-top-column elementor-element elementor-element-9ca4881\" data-id=\"9ca4881\" data-element_type=\"column\">\n\t\t\t<div class=\"elementor-column-wrap elementor-element-populated\">\n\t\t\t\t\t\t\t<div class=\"elementor-widget-wrap\">\n\t\t\t\t\t\t<div class=\"elementor-element elementor-element-901c2d4 elementor-widget elementor-widget-heading\" data-id=\"901c2d4\" data-element_type=\"widget\" data-widget_type=\"heading.default\">\n\t\t\t\t<div class=\"elementor-widget-container\">\n\t\t\t<h2 class=\"elementor-heading-title elementor-size-default\">V\u00eddeo<\/h2>\t\t<\/div>\n\t\t\t\t<\/div>\n\t\t\t\t<section class=\"elementor-section elementor-inner-section elementor-element elementor-element-ba96070 elementor-section-boxed elementor-section-height-default elementor-section-height-default\" data-id=\"ba96070\" data-element_type=\"section\" data-settings=\"{&quot;_ha_eqh_enable&quot;:false}\">\n\t\t\t\t\t\t<div class=\"elementor-container elementor-column-gap-default\">\n\t\t\t\t\t\t\t<div class=\"elementor-row\">\n\t\t\t\t\t<div class=\"elementor-column elementor-col-50 elementor-inner-column elementor-element elementor-element-0088905\" data-id=\"0088905\" data-element_type=\"column\">\n\t\t\t<div class=\"elementor-column-wrap elementor-element-populated\">\n\t\t\t\t\t\t\t<div class=\"elementor-widget-wrap\">\n\t\t\t\t\t\t<div class=\"elementor-element elementor-element-76360a1 elementor-aspect-ratio-169 elementor-widget elementor-widget-video\" data-id=\"76360a1\" data-element_type=\"widget\" data-settings=\"{&quot;youtube_url&quot;:&quot;https:\\\/\\\/youtu.be\\\/LMEHlQzthIk&quot;,&quot;video_type&quot;:&quot;youtube&quot;,&quot;controls&quot;:&quot;yes&quot;,&quot;aspect_ratio&quot;:&quot;169&quot;}\" data-widget_type=\"video.default\">\n\t\t\t\t<div class=\"elementor-widget-container\">\n\t\t\t\t\t<div class=\"elementor-wrapper elementor-fit-aspect-ratio elementor-open-inline\">\n\t\t\t<div class=\"elementor-video\"><\/div>\t\t<\/div>\n\t\t\t\t<\/div>\n\t\t\t\t<\/div>\n\t\t\t\t\t\t<\/div>\n\t\t\t\t\t<\/div>\n\t\t<\/div>\n\t\t\t\t<div class=\"elementor-column elementor-col-50 elementor-inner-column elementor-element elementor-element-7d5c538\" data-id=\"7d5c538\" data-element_type=\"column\">\n\t\t\t<div class=\"elementor-column-wrap elementor-element-populated\">\n\t\t\t\t\t\t\t<div class=\"elementor-widget-wrap\">\n\t\t\t\t\t\t<div class=\"elementor-element elementor-element-fab3095 elementor-aspect-ratio-169 elementor-widget elementor-widget-video\" data-id=\"fab3095\" data-element_type=\"widget\" data-settings=\"{&quot;youtube_url&quot;:&quot;https:\\\/\\\/youtu.be\\\/HSAAEHv-lfc&quot;,&quot;video_type&quot;:&quot;youtube&quot;,&quot;controls&quot;:&quot;yes&quot;,&quot;aspect_ratio&quot;:&quot;169&quot;}\" data-widget_type=\"video.default\">\n\t\t\t\t<div class=\"elementor-widget-container\">\n\t\t\t\t\t<div class=\"elementor-wrapper elementor-fit-aspect-ratio elementor-open-inline\">\n\t\t\t<div class=\"elementor-video\"><\/div>\t\t<\/div>\n\t\t\t\t<\/div>\n\t\t\t\t<\/div>\n\t\t\t\t\t\t<\/div>\n\t\t\t\t\t<\/div>\n\t\t<\/div>\n\t\t\t\t\t\t\t\t<\/div>\n\t\t\t\t\t<\/div>\n\t\t<\/section>\n\t\t\t\t\t\t<\/div>\n\t\t\t\t\t<\/div>\n\t\t<\/div>\n\t\t\t\t\t\t\t\t<\/div>\n\t\t\t\t\t<\/div>\n\t\t<\/section>\n\t\t\t\t\t\t\t\t\t<\/div>\n\t\t\t<\/div>\n\t\t\t\t\t<\/div>\n\t\t","protected":false},"excerpt":{"rendered":"<p>Aplicaciones y tratamientos l\u00e1ser en cirug\u00eda \u00f3sea: elevaci\u00f3n de seno, cresta dividida, apicectom\u00eda, injerto \u00f3seo, preparaci\u00f3n del lecho del implante, alargamiento cl\u00ednico de coronas, regeneraci\u00f3n \u00f3sea, tratamiento de la periimplantitis. El l\u00e1ser de erbio Pluser puede operar en los tejidos duros de la cavidad oral, f\u00e1cilmente y con menos traumatismo, creando tanto un colgajo de &#8230; <a title=\"Cirug\u00eda \u00f3sea\" class=\"read-more\" href=\"https:\/\/www.doctor-smile.com\/es\/cirugia-osea\/\" aria-label=\"M\u00e1s en Cirug\u00eda \u00f3sea\">Leer m\u00e1s<\/a><\/p>\n","protected":false},"author":115,"featured_media":0,"parent":0,"menu_order":0,"comment_status":"closed","ping_status":"closed","template":"","meta":{"content-type":"","footnotes":""},"class_list":["post-20257","page","type-page","status-publish"],"yoast_head":"<!-- This site is optimized with the Yoast SEO plugin v27.4 - https:\/\/yoast.com\/product\/yoast-seo-wordpress\/ -->\n<title>Cirug\u00eda \u00f3sea - DOCTOR SMILE<\/title>\n<meta name=\"robots\" content=\"index, follow, max-snippet:-1, max-image-preview:large, max-video-preview:-1\" \/>\n<link rel=\"canonical\" href=\"https:\/\/www.doctor-smile.com\/es\/cirugia-osea\/\" \/>\n<meta property=\"og:locale\" content=\"es_ES\" \/>\n<meta property=\"og:type\" content=\"article\" \/>\n<meta property=\"og:title\" content=\"Cirug\u00eda \u00f3sea - DOCTOR SMILE\" \/>\n<meta property=\"og:description\" content=\"Aplicaciones y tratamientos l\u00e1ser en cirug\u00eda \u00f3sea: elevaci\u00f3n de seno, cresta dividida, apicectom\u00eda, injerto \u00f3seo, preparaci\u00f3n del lecho del implante, alargamiento cl\u00ednico de coronas, regeneraci\u00f3n \u00f3sea, tratamiento de la periimplantitis. El l\u00e1ser de erbio Pluser puede operar en los tejidos duros de la cavidad oral, f\u00e1cilmente y con menos traumatismo, creando tanto un colgajo de ... Leer m\u00e1s\" \/>\n<meta property=\"og:url\" content=\"https:\/\/www.doctor-smile.com\/es\/cirugia-osea\/\" \/>\n<meta property=\"og:site_name\" content=\"DOCTOR SMILE\" \/>\n<meta property=\"article:publisher\" content=\"https:\/\/www.facebook.com\/DoctorSmileTM\/\" \/>\n<meta property=\"article:modified_time\" content=\"2024-03-25T15:03:59+00:00\" \/>\n<meta property=\"og:image\" content=\"https:\/\/www.doctor-smile.com\/wp-content\/uploads\/2021\/02\/Chirurgia-ossea.jpg\" \/>\n<meta name=\"twitter:card\" content=\"summary_large_image\" \/>\n<script type=\"application\/ld+json\" class=\"yoast-schema-graph\">{\"@context\":\"https:\\\/\\\/schema.org\",\"@graph\":[{\"@type\":\"WebPage\",\"@id\":\"https:\\\/\\\/www.doctor-smile.com\\\/es\\\/cirugia-osea\\\/\",\"url\":\"https:\\\/\\\/www.doctor-smile.com\\\/es\\\/cirugia-osea\\\/\",\"name\":\"Cirug\u00eda \u00f3sea - DOCTOR SMILE\",\"isPartOf\":{\"@id\":\"https:\\\/\\\/www.doctor-smile.com\\\/es\\\/#website\"},\"primaryImageOfPage\":{\"@id\":\"https:\\\/\\\/www.doctor-smile.com\\\/es\\\/cirugia-osea\\\/#primaryimage\"},\"image\":{\"@id\":\"https:\\\/\\\/www.doctor-smile.com\\\/es\\\/cirugia-osea\\\/#primaryimage\"},\"thumbnailUrl\":\"https:\\\/\\\/www.doctor-smile.com\\\/wp-content\\\/uploads\\\/2021\\\/02\\\/Chirurgia-ossea.jpg\",\"datePublished\":\"2024-03-25T11:47:22+00:00\",\"dateModified\":\"2024-03-25T15:03:59+00:00\",\"breadcrumb\":{\"@id\":\"https:\\\/\\\/www.doctor-smile.com\\\/es\\\/cirugia-osea\\\/#breadcrumb\"},\"inLanguage\":\"es\",\"potentialAction\":[{\"@type\":\"ReadAction\",\"target\":[\"https:\\\/\\\/www.doctor-smile.com\\\/es\\\/cirugia-osea\\\/\"]}]},{\"@type\":\"ImageObject\",\"inLanguage\":\"es\",\"@id\":\"https:\\\/\\\/www.doctor-smile.com\\\/es\\\/cirugia-osea\\\/#primaryimage\",\"url\":\"https:\\\/\\\/www.doctor-smile.com\\\/wp-content\\\/uploads\\\/2021\\\/02\\\/Chirurgia-ossea.jpg\",\"contentUrl\":\"https:\\\/\\\/www.doctor-smile.com\\\/wp-content\\\/uploads\\\/2021\\\/02\\\/Chirurgia-ossea.jpg\"},{\"@type\":\"BreadcrumbList\",\"@id\":\"https:\\\/\\\/www.doctor-smile.com\\\/es\\\/cirugia-osea\\\/#breadcrumb\",\"itemListElement\":[{\"@type\":\"ListItem\",\"position\":1,\"name\":\"Home\",\"item\":\"https:\\\/\\\/www.doctor-smile.com\\\/es\\\/\"},{\"@type\":\"ListItem\",\"position\":2,\"name\":\"Cirug\u00eda \u00f3sea\"}]},{\"@type\":\"WebSite\",\"@id\":\"https:\\\/\\\/www.doctor-smile.com\\\/es\\\/#website\",\"url\":\"https:\\\/\\\/www.doctor-smile.com\\\/es\\\/\",\"name\":\"DOCTOR SMILE\",\"description\":\"Tecnologia Laser Odontoiatrica\",\"publisher\":{\"@id\":\"https:\\\/\\\/www.doctor-smile.com\\\/es\\\/#organization\"},\"potentialAction\":[{\"@type\":\"SearchAction\",\"target\":{\"@type\":\"EntryPoint\",\"urlTemplate\":\"https:\\\/\\\/www.doctor-smile.com\\\/es\\\/?s={search_term_string}\"},\"query-input\":{\"@type\":\"PropertyValueSpecification\",\"valueRequired\":true,\"valueName\":\"search_term_string\"}}],\"inLanguage\":\"es\"},{\"@type\":\"Organization\",\"@id\":\"https:\\\/\\\/www.doctor-smile.com\\\/es\\\/#organization\",\"name\":\"Doctor-Smile\",\"url\":\"https:\\\/\\\/www.doctor-smile.com\\\/es\\\/\",\"logo\":{\"@type\":\"ImageObject\",\"inLanguage\":\"es\",\"@id\":\"https:\\\/\\\/www.doctor-smile.com\\\/es\\\/#\\\/schema\\\/logo\\\/image\\\/\",\"url\":\"https:\\\/\\\/www.doctor-smile.com\\\/wp-content\\\/uploads\\\/2021\\\/02\\\/Logo-Doctor-Smile-1.png\",\"contentUrl\":\"https:\\\/\\\/www.doctor-smile.com\\\/wp-content\\\/uploads\\\/2021\\\/02\\\/Logo-Doctor-Smile-1.png\",\"width\":1757,\"height\":667,\"caption\":\"Doctor-Smile\"},\"image\":{\"@id\":\"https:\\\/\\\/www.doctor-smile.com\\\/es\\\/#\\\/schema\\\/logo\\\/image\\\/\"},\"sameAs\":[\"https:\\\/\\\/www.facebook.com\\\/DoctorSmileTM\\\/\",\"https:\\\/\\\/www.instagram.com\\\/doctorsmiledentallaser\\\/\",\"https:\\\/\\\/www.youtube.com\\\/user\\\/doctorsmile1\\\/\"]}]}<\/script>\n<!-- \/ Yoast SEO plugin. -->","yoast_head_json":{"title":"Cirug\u00eda \u00f3sea - DOCTOR SMILE","robots":{"index":"index","follow":"follow","max-snippet":"max-snippet:-1","max-image-preview":"max-image-preview:large","max-video-preview":"max-video-preview:-1"},"canonical":"https:\/\/www.doctor-smile.com\/es\/cirugia-osea\/","og_locale":"es_ES","og_type":"article","og_title":"Cirug\u00eda \u00f3sea - DOCTOR SMILE","og_description":"Aplicaciones y tratamientos l\u00e1ser en cirug\u00eda \u00f3sea: elevaci\u00f3n de seno, cresta dividida, apicectom\u00eda, injerto \u00f3seo, preparaci\u00f3n del lecho del implante, alargamiento cl\u00ednico de coronas, regeneraci\u00f3n \u00f3sea, tratamiento de la periimplantitis. El l\u00e1ser de erbio Pluser puede operar en los tejidos duros de la cavidad oral, f\u00e1cilmente y con menos traumatismo, creando tanto un colgajo de ... Leer m\u00e1s","og_url":"https:\/\/www.doctor-smile.com\/es\/cirugia-osea\/","og_site_name":"DOCTOR SMILE","article_publisher":"https:\/\/www.facebook.com\/DoctorSmileTM\/","article_modified_time":"2024-03-25T15:03:59+00:00","og_image":[{"url":"https:\/\/www.doctor-smile.com\/wp-content\/uploads\/2021\/02\/Chirurgia-ossea.jpg","type":"","width":"","height":""}],"twitter_card":"summary_large_image","schema":{"@context":"https:\/\/schema.org","@graph":[{"@type":"WebPage","@id":"https:\/\/www.doctor-smile.com\/es\/cirugia-osea\/","url":"https:\/\/www.doctor-smile.com\/es\/cirugia-osea\/","name":"Cirug\u00eda \u00f3sea - DOCTOR SMILE","isPartOf":{"@id":"https:\/\/www.doctor-smile.com\/es\/#website"},"primaryImageOfPage":{"@id":"https:\/\/www.doctor-smile.com\/es\/cirugia-osea\/#primaryimage"},"image":{"@id":"https:\/\/www.doctor-smile.com\/es\/cirugia-osea\/#primaryimage"},"thumbnailUrl":"https:\/\/www.doctor-smile.com\/wp-content\/uploads\/2021\/02\/Chirurgia-ossea.jpg","datePublished":"2024-03-25T11:47:22+00:00","dateModified":"2024-03-25T15:03:59+00:00","breadcrumb":{"@id":"https:\/\/www.doctor-smile.com\/es\/cirugia-osea\/#breadcrumb"},"inLanguage":"es","potentialAction":[{"@type":"ReadAction","target":["https:\/\/www.doctor-smile.com\/es\/cirugia-osea\/"]}]},{"@type":"ImageObject","inLanguage":"es","@id":"https:\/\/www.doctor-smile.com\/es\/cirugia-osea\/#primaryimage","url":"https:\/\/www.doctor-smile.com\/wp-content\/uploads\/2021\/02\/Chirurgia-ossea.jpg","contentUrl":"https:\/\/www.doctor-smile.com\/wp-content\/uploads\/2021\/02\/Chirurgia-ossea.jpg"},{"@type":"BreadcrumbList","@id":"https:\/\/www.doctor-smile.com\/es\/cirugia-osea\/#breadcrumb","itemListElement":[{"@type":"ListItem","position":1,"name":"Home","item":"https:\/\/www.doctor-smile.com\/es\/"},{"@type":"ListItem","position":2,"name":"Cirug\u00eda \u00f3sea"}]},{"@type":"WebSite","@id":"https:\/\/www.doctor-smile.com\/es\/#website","url":"https:\/\/www.doctor-smile.com\/es\/","name":"DOCTOR SMILE","description":"Tecnologia Laser Odontoiatrica","publisher":{"@id":"https:\/\/www.doctor-smile.com\/es\/#organization"},"potentialAction":[{"@type":"SearchAction","target":{"@type":"EntryPoint","urlTemplate":"https:\/\/www.doctor-smile.com\/es\/?s={search_term_string}"},"query-input":{"@type":"PropertyValueSpecification","valueRequired":true,"valueName":"search_term_string"}}],"inLanguage":"es"},{"@type":"Organization","@id":"https:\/\/www.doctor-smile.com\/es\/#organization","name":"Doctor-Smile","url":"https:\/\/www.doctor-smile.com\/es\/","logo":{"@type":"ImageObject","inLanguage":"es","@id":"https:\/\/www.doctor-smile.com\/es\/#\/schema\/logo\/image\/","url":"https:\/\/www.doctor-smile.com\/wp-content\/uploads\/2021\/02\/Logo-Doctor-Smile-1.png","contentUrl":"https:\/\/www.doctor-smile.com\/wp-content\/uploads\/2021\/02\/Logo-Doctor-Smile-1.png","width":1757,"height":667,"caption":"Doctor-Smile"},"image":{"@id":"https:\/\/www.doctor-smile.com\/es\/#\/schema\/logo\/image\/"},"sameAs":["https:\/\/www.facebook.com\/DoctorSmileTM\/","https:\/\/www.instagram.com\/doctorsmiledentallaser\/","https:\/\/www.youtube.com\/user\/doctorsmile1\/"]}]}},"_links":{"self":[{"href":"https:\/\/www.doctor-smile.com\/es\/wp-json\/wp\/v2\/pages\/20257","targetHints":{"allow":["GET"]}}],"collection":[{"href":"https:\/\/www.doctor-smile.com\/es\/wp-json\/wp\/v2\/pages"}],"about":[{"href":"https:\/\/www.doctor-smile.com\/es\/wp-json\/wp\/v2\/types\/page"}],"author":[{"embeddable":true,"href":"https:\/\/www.doctor-smile.com\/es\/wp-json\/wp\/v2\/users\/115"}],"replies":[{"embeddable":true,"href":"https:\/\/www.doctor-smile.com\/es\/wp-json\/wp\/v2\/comments?post=20257"}],"version-history":[{"count":7,"href":"https:\/\/www.doctor-smile.com\/es\/wp-json\/wp\/v2\/pages\/20257\/revisions"}],"predecessor-version":[{"id":20544,"href":"https:\/\/www.doctor-smile.com\/es\/wp-json\/wp\/v2\/pages\/20257\/revisions\/20544"}],"wp:attachment":[{"href":"https:\/\/www.doctor-smile.com\/es\/wp-json\/wp\/v2\/media?parent=20257"}],"curies":[{"name":"wp","href":"https:\/\/api.w.org\/{rel}","templated":true}]}}