{"id":21327,"date":"2024-03-27T15:30:19","date_gmt":"2024-03-27T14:30:19","guid":{"rendered":"https:\/\/www.doctor-smile.com\/?page_id=21327"},"modified":"2025-02-05T12:55:33","modified_gmt":"2025-02-05T11:55:33","slug":"didactica","status":"publish","type":"page","link":"https:\/\/www.doctor-smile.com\/es\/didactica\/","title":{"rendered":"Did\u00e1ctica"},"content":{"rendered":"\t\t<div data-elementor-type=\"wp-page\" data-elementor-id=\"21327\" class=\"elementor elementor-21327 elementor-4030\">\n\t\t\t\t\t\t<div class=\"elementor-inner\">\n\t\t\t\t<div class=\"elementor-section-wrap\">\n\t\t\t\t\t\t\t\t\t<section class=\"elementor-section elementor-top-section elementor-element elementor-element-0e6aa78 elementor-section-boxed elementor-section-height-default elementor-section-height-default\" data-id=\"0e6aa78\" data-element_type=\"section\" data-settings=\"{&quot;_ha_eqh_enable&quot;:false}\">\n\t\t\t\t\t\t<div class=\"elementor-container elementor-column-gap-default\">\n\t\t\t\t\t\t\t<div class=\"elementor-row\">\n\t\t\t\t\t<div class=\"elementor-column elementor-col-100 elementor-top-column elementor-element elementor-element-2bcf1a9\" data-id=\"2bcf1a9\" data-element_type=\"column\">\n\t\t\t<div class=\"elementor-column-wrap elementor-element-populated\">\n\t\t\t\t\t\t\t<div class=\"elementor-widget-wrap\">\n\t\t\t\t\t\t<div class=\"elementor-element elementor-element-77301aa elementor-widget elementor-widget-heading\" data-id=\"77301aa\" data-element_type=\"widget\" data-widget_type=\"heading.default\">\n\t\t\t\t<div class=\"elementor-widget-container\">\n\t\t\t<h1 class=\"elementor-heading-title elementor-size-default\">DID\u00c1CTICA SOBRE TERAPIA L\u00c1SER<\/h1>\t\t<\/div>\n\t\t\t\t<\/div>\n\t\t\t\t<div class=\"elementor-element elementor-element-8cc458e elementor-widget elementor-widget-text-editor\" data-id=\"8cc458e\" data-element_type=\"widget\" data-widget_type=\"text-editor.default\">\n\t\t\t\t<div class=\"elementor-widget-container\">\n\t\t\t\t\t\t\t\t<div class=\"elementor-text-editor elementor-clearfix\">\n\t\t\t\t<section class=\"abstract\"><h3 style=\"text-align: left;\">Libros de apoyo a la odontolog\u00eda asistida por l\u00e1ser<\/h3><\/section><section class=\"links\"><\/section>\t\t\t\t\t<\/div>\n\t\t\t\t\t\t<\/div>\n\t\t\t\t<\/div>\n\t\t\t\t<div class=\"elementor-element elementor-element-2d6425b elementor-widget elementor-widget-text-editor\" data-id=\"2d6425b\" data-element_type=\"widget\" data-widget_type=\"text-editor.default\">\n\t\t\t\t<div class=\"elementor-widget-container\">\n\t\t\t\t\t\t\t\t<div class=\"elementor-text-editor elementor-clearfix\">\n\t\t\t\t<div class=\"jcms-box\"><div class=\"jcms-box-content\"><p style=\"text-align: left;\">Una empresa de educaci\u00f3n puede ofrecer la riqueza de sus conocimientos a trav\u00e9s de materiales de apoyo a la ense\u00f1anza. En esta secci\u00f3n encontrar\u00e1 manuales sobre los beneficios de la terapia l\u00e1ser en odontolog\u00eda.<\/p><\/div><\/div>\t\t\t\t\t<\/div>\n\t\t\t\t\t\t<\/div>\n\t\t\t\t<\/div>\n\t\t\t\t\t\t<\/div>\n\t\t\t\t\t<\/div>\n\t\t<\/div>\n\t\t\t\t\t\t\t\t<\/div>\n\t\t\t\t\t<\/div>\n\t\t<\/section>\n\t\t\t\t<section class=\"elementor-section elementor-top-section elementor-element elementor-element-2fc0f91 elementor-section-boxed elementor-section-height-default elementor-section-height-default\" data-id=\"2fc0f91\" data-element_type=\"section\" data-settings=\"{&quot;_ha_eqh_enable&quot;:false}\">\n\t\t\t\t\t\t<div class=\"elementor-container elementor-column-gap-wider\">\n\t\t\t\t\t\t\t<div class=\"elementor-row\">\n\t\t\t\t\t<div class=\"elementor-column elementor-col-50 elementor-top-column elementor-element elementor-element-79068c7\" data-id=\"79068c7\" data-element_type=\"column\">\n\t\t\t<div class=\"elementor-column-wrap elementor-element-populated\">\n\t\t\t\t\t\t\t<div class=\"elementor-widget-wrap\">\n\t\t\t\t\t\t<div class=\"elementor-element elementor-element-977aab8 elementor-widget elementor-widget-image\" data-id=\"977aab8\" data-element_type=\"widget\" data-widget_type=\"image.default\">\n\t\t\t\t<div class=\"elementor-widget-container\">\n\t\t\t\t\t\t\t\t<div class=\"elementor-image\">\n\t\t\t\t\t\t\t\t\t\t\t\t<img loading=\"lazy\" decoding=\"async\" width=\"1024\" height=\"737\" src=\"https:\/\/www.doctor-smile.com\/wp-content\/uploads\/2023\/05\/La-tecnologia-laser-nuova-frontiera-del-sorriso-1024x737.jpg\" class=\"attachment-large size-large\" alt=\"\" srcset=\"https:\/\/www.doctor-smile.com\/wp-content\/uploads\/2023\/05\/La-tecnologia-laser-nuova-frontiera-del-sorriso-1024x737.jpg 1024w, https:\/\/www.doctor-smile.com\/wp-content\/uploads\/2023\/05\/La-tecnologia-laser-nuova-frontiera-del-sorriso-300x216.jpg 300w, https:\/\/www.doctor-smile.com\/wp-content\/uploads\/2023\/05\/La-tecnologia-laser-nuova-frontiera-del-sorriso-768x553.jpg 768w, https:\/\/www.doctor-smile.com\/wp-content\/uploads\/2023\/05\/La-tecnologia-laser-nuova-frontiera-del-sorriso-1536x1106.jpg 1536w, https:\/\/www.doctor-smile.com\/wp-content\/uploads\/2023\/05\/La-tecnologia-laser-nuova-frontiera-del-sorriso-2048x1475.jpg 2048w\" sizes=\"auto, (max-width: 1024px) 100vw, 1024px\" \/>\t\t\t\t\t\t\t\t\t\t\t\t\t\t<\/div>\n\t\t\t\t\t\t<\/div>\n\t\t\t\t<\/div>\n\t\t\t\t<div class=\"elementor-element elementor-element-fb24a0a elementor-widget elementor-widget-text-editor\" data-id=\"fb24a0a\" data-element_type=\"widget\" data-widget_type=\"text-editor.default\">\n\t\t\t\t<div class=\"elementor-widget-container\">\n\t\t\t\t\t\t\t\t<div class=\"elementor-text-editor elementor-clearfix\">\n\t\t\t\t<p style=\"text-align: center;\"><strong>&#8220;TECNOLOG\u00cdA L\u00c1SER: LA NUEVA FRONTERA DE LA SONRISA&#8221;<\/strong><\/p>\t\t\t\t\t<\/div>\n\t\t\t\t\t\t<\/div>\n\t\t\t\t<\/div>\n\t\t\t\t<div class=\"elementor-element elementor-element-8210d60 elementor-align-center elementor-widget elementor-widget-button\" data-id=\"8210d60\" data-element_type=\"widget\" data-widget_type=\"button.default\">\n\t\t\t\t<div class=\"elementor-widget-container\">\n\t\t\t\t\t<div class=\"elementor-button-wrapper\">\n\t\t\t<a href=\"https:\/\/www.doctor-smile.com\/es\/tecnologia-laser-nueva-frontera-de-la-sonrisa-por-franco-barze\/\" class=\"elementor-button-link elementor-button elementor-size-sm\" role=\"button\">\n\t\t\t\t\t\t<span class=\"elementor-button-content-wrapper\">\n\t\t\t\t\t\t<span class=\"elementor-button-text\">M\u00e1s informaci\u00f3n<\/span>\n\t\t<\/span>\n\t\t\t\t\t<\/a>\n\t\t<\/div>\n\t\t\t\t<\/div>\n\t\t\t\t<\/div>\n\t\t\t\t\t\t<\/div>\n\t\t\t\t\t<\/div>\n\t\t<\/div>\n\t\t\t\t<div class=\"elementor-column elementor-col-50 elementor-top-column elementor-element elementor-element-203222b\" data-id=\"203222b\" data-element_type=\"column\">\n\t\t\t<div class=\"elementor-column-wrap elementor-element-populated\">\n\t\t\t\t\t\t\t<div class=\"elementor-widget-wrap\">\n\t\t\t\t\t\t<div class=\"elementor-element elementor-element-97a0186 elementor-widget elementor-widget-image\" data-id=\"97a0186\" data-element_type=\"widget\" data-widget_type=\"image.default\">\n\t\t\t\t<div class=\"elementor-widget-container\">\n\t\t\t\t\t\t\t\t<div class=\"elementor-image\">\n\t\t\t\t\t\t\t\t\t\t\t\t<img loading=\"lazy\" decoding=\"async\" width=\"1024\" height=\"737\" src=\"https:\/\/www.doctor-smile.com\/wp-content\/uploads\/2023\/05\/Fotobiomodulazione-con-manipolo-a-onda-piana-1024x737.jpg\" class=\"attachment-large size-large\" alt=\"\" srcset=\"https:\/\/www.doctor-smile.com\/wp-content\/uploads\/2023\/05\/Fotobiomodulazione-con-manipolo-a-onda-piana-1024x737.jpg 1024w, https:\/\/www.doctor-smile.com\/wp-content\/uploads\/2023\/05\/Fotobiomodulazione-con-manipolo-a-onda-piana-300x216.jpg 300w, https:\/\/www.doctor-smile.com\/wp-content\/uploads\/2023\/05\/Fotobiomodulazione-con-manipolo-a-onda-piana-768x553.jpg 768w, https:\/\/www.doctor-smile.com\/wp-content\/uploads\/2023\/05\/Fotobiomodulazione-con-manipolo-a-onda-piana-1536x1106.jpg 1536w, https:\/\/www.doctor-smile.com\/wp-content\/uploads\/2023\/05\/Fotobiomodulazione-con-manipolo-a-onda-piana-2048x1475.jpg 2048w\" sizes=\"auto, (max-width: 1024px) 100vw, 1024px\" \/>\t\t\t\t\t\t\t\t\t\t\t\t\t\t<\/div>\n\t\t\t\t\t\t<\/div>\n\t\t\t\t<\/div>\n\t\t\t\t<div class=\"elementor-element elementor-element-ec06eae elementor-widget elementor-widget-text-editor\" data-id=\"ec06eae\" data-element_type=\"widget\" data-widget_type=\"text-editor.default\">\n\t\t\t\t<div class=\"elementor-widget-container\">\n\t\t\t\t\t\t\t\t<div class=\"elementor-text-editor elementor-clearfix\">\n\t\t\t\t<p style=\"text-align: center;\"><strong>&#8220;FOTOBIOMODULACI\u00d3N CON PIEZA DE MANO ONDA PLANA&#8221;<\/strong><\/p>\t\t\t\t\t<\/div>\n\t\t\t\t\t\t<\/div>\n\t\t\t\t<\/div>\n\t\t\t\t<div class=\"elementor-element elementor-element-7a8a3fe elementor-align-center elementor-widget elementor-widget-button\" data-id=\"7a8a3fe\" data-element_type=\"widget\" data-widget_type=\"button.default\">\n\t\t\t\t<div class=\"elementor-widget-container\">\n\t\t\t\t\t<div class=\"elementor-button-wrapper\">\n\t\t\t<a href=\"https:\/\/www.doctor-smile.com\/es\/libro-fotobiomodulazione-con-manipolo-a-onda-piana-di-benedicenti-amaroli-e-pasquale-es\/\" class=\"elementor-button-link elementor-button elementor-size-sm\" role=\"button\">\n\t\t\t\t\t\t<span class=\"elementor-button-content-wrapper\">\n\t\t\t\t\t\t<span class=\"elementor-button-text\">M\u00e1s informaci\u00f3n<\/span>\n\t\t<\/span>\n\t\t\t\t\t<\/a>\n\t\t<\/div>\n\t\t\t\t<\/div>\n\t\t\t\t<\/div>\n\t\t\t\t\t\t<\/div>\n\t\t\t\t\t<\/div>\n\t\t<\/div>\n\t\t\t\t\t\t\t\t<\/div>\n\t\t\t\t\t<\/div>\n\t\t<\/section>\n\t\t\t\t<section class=\"elementor-section elementor-top-section elementor-element elementor-element-21d58ec elementor-section-boxed elementor-section-height-default elementor-section-height-default\" data-id=\"21d58ec\" data-element_type=\"section\" data-settings=\"{&quot;_ha_eqh_enable&quot;:false}\">\n\t\t\t\t\t\t<div class=\"elementor-container elementor-column-gap-wider\">\n\t\t\t\t\t\t\t<div class=\"elementor-row\">\n\t\t\t\t\t<div class=\"elementor-column elementor-col-50 elementor-top-column elementor-element elementor-element-19885ce\" data-id=\"19885ce\" data-element_type=\"column\">\n\t\t\t<div class=\"elementor-column-wrap elementor-element-populated\">\n\t\t\t\t\t\t\t<div class=\"elementor-widget-wrap\">\n\t\t\t\t\t\t<div class=\"elementor-element elementor-element-125360e elementor-widget elementor-widget-image\" data-id=\"125360e\" data-element_type=\"widget\" data-widget_type=\"image.default\">\n\t\t\t\t<div class=\"elementor-widget-container\">\n\t\t\t\t\t\t\t\t<div class=\"elementor-image\">\n\t\t\t\t\t\t\t\t\t\t\t\t<img loading=\"lazy\" decoding=\"async\" width=\"1024\" height=\"737\" src=\"https:\/\/www.doctor-smile.com\/wp-content\/uploads\/2023\/05\/Atlas-of-laser-therapy-1024x737.jpg\" class=\"attachment-large size-large\" alt=\"\" srcset=\"https:\/\/www.doctor-smile.com\/wp-content\/uploads\/2023\/05\/Atlas-of-laser-therapy-1024x737.jpg 1024w, https:\/\/www.doctor-smile.com\/wp-content\/uploads\/2023\/05\/Atlas-of-laser-therapy-300x216.jpg 300w, https:\/\/www.doctor-smile.com\/wp-content\/uploads\/2023\/05\/Atlas-of-laser-therapy-768x553.jpg 768w, https:\/\/www.doctor-smile.com\/wp-content\/uploads\/2023\/05\/Atlas-of-laser-therapy-1536x1106.jpg 1536w, https:\/\/www.doctor-smile.com\/wp-content\/uploads\/2023\/05\/Atlas-of-laser-therapy-2048x1475.jpg 2048w\" sizes=\"auto, (max-width: 1024px) 100vw, 1024px\" \/>\t\t\t\t\t\t\t\t\t\t\t\t\t\t<\/div>\n\t\t\t\t\t\t<\/div>\n\t\t\t\t<\/div>\n\t\t\t\t<div class=\"elementor-element elementor-element-7862589 elementor-widget elementor-widget-text-editor\" data-id=\"7862589\" data-element_type=\"widget\" data-widget_type=\"text-editor.default\">\n\t\t\t\t<div class=\"elementor-widget-container\">\n\t\t\t\t\t\t\t\t<div class=\"elementor-text-editor elementor-clearfix\">\n\t\t\t\t<p style=\"text-align: center;\"><span style=\"font-weight: bold;\">&#8220;ATLAS OF LASER <\/span><strong>THERAPY&#8221;<\/strong><br style=\"font-weight: bold;\" \/><strong>Cuarta edici\u00f3n<\/strong><\/p>\t\t\t\t\t<\/div>\n\t\t\t\t\t\t<\/div>\n\t\t\t\t<\/div>\n\t\t\t\t<div class=\"elementor-element elementor-element-b166312 elementor-align-center elementor-widget elementor-widget-button\" data-id=\"b166312\" data-element_type=\"widget\" data-widget_type=\"button.default\">\n\t\t\t\t<div class=\"elementor-widget-container\">\n\t\t\t\t\t<div class=\"elementor-button-wrapper\">\n\t\t\t<a href=\"https:\/\/www.doctor-smile.com\/es\/atlas-de-terapia-laser-cuarta-edicion\/\" class=\"elementor-button-link elementor-button elementor-size-sm\" role=\"button\">\n\t\t\t\t\t\t<span class=\"elementor-button-content-wrapper\">\n\t\t\t\t\t\t<span class=\"elementor-button-text\">M\u00e1s informaci\u00f3n<\/span>\n\t\t<\/span>\n\t\t\t\t\t<\/a>\n\t\t<\/div>\n\t\t\t\t<\/div>\n\t\t\t\t<\/div>\n\t\t\t\t\t\t<\/div>\n\t\t\t\t\t<\/div>\n\t\t<\/div>\n\t\t\t\t<div class=\"elementor-column elementor-col-50 elementor-top-column elementor-element elementor-element-32bb67f\" data-id=\"32bb67f\" data-element_type=\"column\">\n\t\t\t<div class=\"elementor-column-wrap elementor-element-populated\">\n\t\t\t\t\t\t\t<div class=\"elementor-widget-wrap\">\n\t\t\t\t\t\t<div class=\"elementor-element elementor-element-66ff1a3 elementor-widget elementor-widget-image\" data-id=\"66ff1a3\" data-element_type=\"widget\" data-widget_type=\"image.default\">\n\t\t\t\t<div class=\"elementor-widget-container\">\n\t\t\t\t\t\t\t\t<div class=\"elementor-image\">\n\t\t\t\t\t\t\t\t\t\t\t\t<img loading=\"lazy\" decoding=\"async\" width=\"1024\" height=\"737\" src=\"https:\/\/www.doctor-smile.com\/wp-content\/uploads\/2023\/05\/Copertina-1-1024x737.jpg\" class=\"attachment-large size-large\" alt=\"\" srcset=\"https:\/\/www.doctor-smile.com\/wp-content\/uploads\/2023\/05\/Copertina-1-1024x737.jpg 1024w, https:\/\/www.doctor-smile.com\/wp-content\/uploads\/2023\/05\/Copertina-1-300x216.jpg 300w, https:\/\/www.doctor-smile.com\/wp-content\/uploads\/2023\/05\/Copertina-1-768x553.jpg 768w, https:\/\/www.doctor-smile.com\/wp-content\/uploads\/2023\/05\/Copertina-1-1536x1106.jpg 1536w, https:\/\/www.doctor-smile.com\/wp-content\/uploads\/2023\/05\/Copertina-1-2048x1475.jpg 2048w\" sizes=\"auto, (max-width: 1024px) 100vw, 1024px\" \/>\t\t\t\t\t\t\t\t\t\t\t\t\t\t<\/div>\n\t\t\t\t\t\t<\/div>\n\t\t\t\t<\/div>\n\t\t\t\t<div class=\"elementor-element elementor-element-39200bf elementor-widget elementor-widget-text-editor\" data-id=\"39200bf\" data-element_type=\"widget\" data-widget_type=\"text-editor.default\">\n\t\t\t\t<div class=\"elementor-widget-container\">\n\t\t\t\t\t\t\t\t<div class=\"elementor-text-editor elementor-clearfix\">\n\t\t\t\t<p style=\"text-align: center;\"><strong>&#8220;TRATAMIENTOS PERIODONTALES Y PERIIMPLANTARIOS ASISTIDOS POR L\u00c1SER&#8221;<\/strong><\/p>\t\t\t\t\t<\/div>\n\t\t\t\t\t\t<\/div>\n\t\t\t\t<\/div>\n\t\t\t\t<div class=\"elementor-element elementor-element-98dc2bc elementor-align-center elementor-widget elementor-widget-button\" data-id=\"98dc2bc\" data-element_type=\"widget\" data-widget_type=\"button.default\">\n\t\t\t\t<div class=\"elementor-widget-container\">\n\t\t\t\t\t<div class=\"elementor-button-wrapper\">\n\t\t\t<a href=\"https:\/\/www.doctor-smile.com\/es\/libro-trattamenti-parodontali-e-peri-implantari-laser-assistiti-di-gerard-rey-es\/\" class=\"elementor-button-link elementor-button elementor-size-sm\" role=\"button\">\n\t\t\t\t\t\t<span class=\"elementor-button-content-wrapper\">\n\t\t\t\t\t\t<span class=\"elementor-button-text\">M\u00e1s informaci\u00f3n<\/span>\n\t\t<\/span>\n\t\t\t\t\t<\/a>\n\t\t<\/div>\n\t\t\t\t<\/div>\n\t\t\t\t<\/div>\n\t\t\t\t\t\t<\/div>\n\t\t\t\t\t<\/div>\n\t\t<\/div>\n\t\t\t\t\t\t\t\t<\/div>\n\t\t\t\t\t<\/div>\n\t\t<\/section>\n\t\t\t\t\t\t\t\t\t<\/div>\n\t\t\t<\/div>\n\t\t\t\t\t<\/div>\n\t\t","protected":false},"excerpt":{"rendered":"<p>DID\u00c1CTICA SOBRE TERAPIA L\u00c1SER Libros de apoyo a la odontolog\u00eda asistida por l\u00e1ser Una empresa de educaci\u00f3n puede ofrecer la riqueza de sus conocimientos a trav\u00e9s de materiales de apoyo a la ense\u00f1anza. En esta secci\u00f3n encontrar\u00e1 manuales sobre los beneficios de la terapia l\u00e1ser en odontolog\u00eda. &#8220;TECNOLOG\u00cdA L\u00c1SER: LA NUEVA FRONTERA DE LA SONRISA&#8221; &#8230; <a title=\"Did\u00e1ctica\" class=\"read-more\" href=\"https:\/\/www.doctor-smile.com\/es\/didactica\/\" aria-label=\"M\u00e1s en Did\u00e1ctica\">Leer m\u00e1s<\/a><\/p>\n","protected":false},"author":115,"featured_media":0,"parent":0,"menu_order":0,"comment_status":"closed","ping_status":"closed","template":"","meta":{"content-type":"","footnotes":""},"class_list":["post-21327","page","type-page","status-publish"],"yoast_head":"<!-- This site is optimized with the Yoast SEO plugin v27.3 - https:\/\/yoast.com\/product\/yoast-seo-wordpress\/ -->\n<title>Did\u00e1ctica - DOCTOR SMILE<\/title>\n<meta name=\"robots\" content=\"index, follow, max-snippet:-1, max-image-preview:large, max-video-preview:-1\" \/>\n<link rel=\"canonical\" href=\"https:\/\/www.doctor-smile.com\/es\/didactica\/\" \/>\n<meta property=\"og:locale\" content=\"es_ES\" \/>\n<meta property=\"og:type\" content=\"article\" \/>\n<meta property=\"og:title\" content=\"Did\u00e1ctica - DOCTOR SMILE\" \/>\n<meta property=\"og:description\" content=\"DID\u00c1CTICA SOBRE TERAPIA L\u00c1SER Libros de apoyo a la odontolog\u00eda asistida por l\u00e1ser Una empresa de educaci\u00f3n puede ofrecer la riqueza de sus conocimientos a trav\u00e9s de materiales de apoyo a la ense\u00f1anza. En esta secci\u00f3n encontrar\u00e1 manuales sobre los beneficios de la terapia l\u00e1ser en odontolog\u00eda. &#8220;TECNOLOG\u00cdA L\u00c1SER: LA NUEVA FRONTERA DE LA SONRISA&#8221; ... Leer m\u00e1s\" \/>\n<meta property=\"og:url\" content=\"https:\/\/www.doctor-smile.com\/es\/didactica\/\" \/>\n<meta property=\"og:site_name\" content=\"DOCTOR SMILE\" \/>\n<meta property=\"article:publisher\" content=\"https:\/\/www.facebook.com\/DoctorSmileTM\/\" \/>\n<meta property=\"article:modified_time\" content=\"2025-02-05T11:55:33+00:00\" \/>\n<meta property=\"og:image\" content=\"https:\/\/www.doctor-smile.com\/wp-content\/uploads\/2023\/05\/La-tecnologia-laser-nuova-frontiera-del-sorriso-1024x737.jpg\" \/>\n<meta name=\"twitter:card\" content=\"summary_large_image\" \/>\n<script type=\"application\/ld+json\" class=\"yoast-schema-graph\">{\"@context\":\"https:\\\/\\\/schema.org\",\"@graph\":[{\"@type\":\"WebPage\",\"@id\":\"https:\\\/\\\/www.doctor-smile.com\\\/es\\\/didactica\\\/\",\"url\":\"https:\\\/\\\/www.doctor-smile.com\\\/es\\\/didactica\\\/\",\"name\":\"Did\u00e1ctica - DOCTOR SMILE\",\"isPartOf\":{\"@id\":\"https:\\\/\\\/www.doctor-smile.com\\\/es\\\/#website\"},\"primaryImageOfPage\":{\"@id\":\"https:\\\/\\\/www.doctor-smile.com\\\/es\\\/didactica\\\/#primaryimage\"},\"image\":{\"@id\":\"https:\\\/\\\/www.doctor-smile.com\\\/es\\\/didactica\\\/#primaryimage\"},\"thumbnailUrl\":\"https:\\\/\\\/www.doctor-smile.com\\\/wp-content\\\/uploads\\\/2023\\\/05\\\/La-tecnologia-laser-nuova-frontiera-del-sorriso-1024x737.jpg\",\"datePublished\":\"2024-03-27T14:30:19+00:00\",\"dateModified\":\"2025-02-05T11:55:33+00:00\",\"breadcrumb\":{\"@id\":\"https:\\\/\\\/www.doctor-smile.com\\\/es\\\/didactica\\\/#breadcrumb\"},\"inLanguage\":\"es\",\"potentialAction\":[{\"@type\":\"ReadAction\",\"target\":[\"https:\\\/\\\/www.doctor-smile.com\\\/es\\\/didactica\\\/\"]}]},{\"@type\":\"ImageObject\",\"inLanguage\":\"es\",\"@id\":\"https:\\\/\\\/www.doctor-smile.com\\\/es\\\/didactica\\\/#primaryimage\",\"url\":\"https:\\\/\\\/www.doctor-smile.com\\\/wp-content\\\/uploads\\\/2023\\\/05\\\/La-tecnologia-laser-nuova-frontiera-del-sorriso-1024x737.jpg\",\"contentUrl\":\"https:\\\/\\\/www.doctor-smile.com\\\/wp-content\\\/uploads\\\/2023\\\/05\\\/La-tecnologia-laser-nuova-frontiera-del-sorriso-1024x737.jpg\"},{\"@type\":\"BreadcrumbList\",\"@id\":\"https:\\\/\\\/www.doctor-smile.com\\\/es\\\/didactica\\\/#breadcrumb\",\"itemListElement\":[{\"@type\":\"ListItem\",\"position\":1,\"name\":\"Home\",\"item\":\"https:\\\/\\\/www.doctor-smile.com\\\/es\\\/\"},{\"@type\":\"ListItem\",\"position\":2,\"name\":\"Did\u00e1ctica\"}]},{\"@type\":\"WebSite\",\"@id\":\"https:\\\/\\\/www.doctor-smile.com\\\/es\\\/#website\",\"url\":\"https:\\\/\\\/www.doctor-smile.com\\\/es\\\/\",\"name\":\"DOCTOR SMILE\",\"description\":\"Tecnologia Laser Odontoiatrica\",\"publisher\":{\"@id\":\"https:\\\/\\\/www.doctor-smile.com\\\/es\\\/#organization\"},\"potentialAction\":[{\"@type\":\"SearchAction\",\"target\":{\"@type\":\"EntryPoint\",\"urlTemplate\":\"https:\\\/\\\/www.doctor-smile.com\\\/es\\\/?s={search_term_string}\"},\"query-input\":{\"@type\":\"PropertyValueSpecification\",\"valueRequired\":true,\"valueName\":\"search_term_string\"}}],\"inLanguage\":\"es\"},{\"@type\":\"Organization\",\"@id\":\"https:\\\/\\\/www.doctor-smile.com\\\/es\\\/#organization\",\"name\":\"Doctor-Smile\",\"url\":\"https:\\\/\\\/www.doctor-smile.com\\\/es\\\/\",\"logo\":{\"@type\":\"ImageObject\",\"inLanguage\":\"es\",\"@id\":\"https:\\\/\\\/www.doctor-smile.com\\\/es\\\/#\\\/schema\\\/logo\\\/image\\\/\",\"url\":\"https:\\\/\\\/www.doctor-smile.com\\\/wp-content\\\/uploads\\\/2021\\\/02\\\/Logo-Doctor-Smile-1.png\",\"contentUrl\":\"https:\\\/\\\/www.doctor-smile.com\\\/wp-content\\\/uploads\\\/2021\\\/02\\\/Logo-Doctor-Smile-1.png\",\"width\":1757,\"height\":667,\"caption\":\"Doctor-Smile\"},\"image\":{\"@id\":\"https:\\\/\\\/www.doctor-smile.com\\\/es\\\/#\\\/schema\\\/logo\\\/image\\\/\"},\"sameAs\":[\"https:\\\/\\\/www.facebook.com\\\/DoctorSmileTM\\\/\",\"https:\\\/\\\/www.instagram.com\\\/doctorsmiledentallaser\\\/\",\"https:\\\/\\\/www.youtube.com\\\/user\\\/doctorsmile1\\\/\"]}]}<\/script>\n<!-- \/ Yoast SEO plugin. -->","yoast_head_json":{"title":"Did\u00e1ctica - DOCTOR SMILE","robots":{"index":"index","follow":"follow","max-snippet":"max-snippet:-1","max-image-preview":"max-image-preview:large","max-video-preview":"max-video-preview:-1"},"canonical":"https:\/\/www.doctor-smile.com\/es\/didactica\/","og_locale":"es_ES","og_type":"article","og_title":"Did\u00e1ctica - DOCTOR SMILE","og_description":"DID\u00c1CTICA SOBRE TERAPIA L\u00c1SER Libros de apoyo a la odontolog\u00eda asistida por l\u00e1ser Una empresa de educaci\u00f3n puede ofrecer la riqueza de sus conocimientos a trav\u00e9s de materiales de apoyo a la ense\u00f1anza. En esta secci\u00f3n encontrar\u00e1 manuales sobre los beneficios de la terapia l\u00e1ser en odontolog\u00eda. &#8220;TECNOLOG\u00cdA L\u00c1SER: LA NUEVA FRONTERA DE LA SONRISA&#8221; ... Leer m\u00e1s","og_url":"https:\/\/www.doctor-smile.com\/es\/didactica\/","og_site_name":"DOCTOR SMILE","article_publisher":"https:\/\/www.facebook.com\/DoctorSmileTM\/","article_modified_time":"2025-02-05T11:55:33+00:00","og_image":[{"url":"https:\/\/www.doctor-smile.com\/wp-content\/uploads\/2023\/05\/La-tecnologia-laser-nuova-frontiera-del-sorriso-1024x737.jpg","type":"","width":"","height":""}],"twitter_card":"summary_large_image","schema":{"@context":"https:\/\/schema.org","@graph":[{"@type":"WebPage","@id":"https:\/\/www.doctor-smile.com\/es\/didactica\/","url":"https:\/\/www.doctor-smile.com\/es\/didactica\/","name":"Did\u00e1ctica - DOCTOR SMILE","isPartOf":{"@id":"https:\/\/www.doctor-smile.com\/es\/#website"},"primaryImageOfPage":{"@id":"https:\/\/www.doctor-smile.com\/es\/didactica\/#primaryimage"},"image":{"@id":"https:\/\/www.doctor-smile.com\/es\/didactica\/#primaryimage"},"thumbnailUrl":"https:\/\/www.doctor-smile.com\/wp-content\/uploads\/2023\/05\/La-tecnologia-laser-nuova-frontiera-del-sorriso-1024x737.jpg","datePublished":"2024-03-27T14:30:19+00:00","dateModified":"2025-02-05T11:55:33+00:00","breadcrumb":{"@id":"https:\/\/www.doctor-smile.com\/es\/didactica\/#breadcrumb"},"inLanguage":"es","potentialAction":[{"@type":"ReadAction","target":["https:\/\/www.doctor-smile.com\/es\/didactica\/"]}]},{"@type":"ImageObject","inLanguage":"es","@id":"https:\/\/www.doctor-smile.com\/es\/didactica\/#primaryimage","url":"https:\/\/www.doctor-smile.com\/wp-content\/uploads\/2023\/05\/La-tecnologia-laser-nuova-frontiera-del-sorriso-1024x737.jpg","contentUrl":"https:\/\/www.doctor-smile.com\/wp-content\/uploads\/2023\/05\/La-tecnologia-laser-nuova-frontiera-del-sorriso-1024x737.jpg"},{"@type":"BreadcrumbList","@id":"https:\/\/www.doctor-smile.com\/es\/didactica\/#breadcrumb","itemListElement":[{"@type":"ListItem","position":1,"name":"Home","item":"https:\/\/www.doctor-smile.com\/es\/"},{"@type":"ListItem","position":2,"name":"Did\u00e1ctica"}]},{"@type":"WebSite","@id":"https:\/\/www.doctor-smile.com\/es\/#website","url":"https:\/\/www.doctor-smile.com\/es\/","name":"DOCTOR SMILE","description":"Tecnologia Laser Odontoiatrica","publisher":{"@id":"https:\/\/www.doctor-smile.com\/es\/#organization"},"potentialAction":[{"@type":"SearchAction","target":{"@type":"EntryPoint","urlTemplate":"https:\/\/www.doctor-smile.com\/es\/?s={search_term_string}"},"query-input":{"@type":"PropertyValueSpecification","valueRequired":true,"valueName":"search_term_string"}}],"inLanguage":"es"},{"@type":"Organization","@id":"https:\/\/www.doctor-smile.com\/es\/#organization","name":"Doctor-Smile","url":"https:\/\/www.doctor-smile.com\/es\/","logo":{"@type":"ImageObject","inLanguage":"es","@id":"https:\/\/www.doctor-smile.com\/es\/#\/schema\/logo\/image\/","url":"https:\/\/www.doctor-smile.com\/wp-content\/uploads\/2021\/02\/Logo-Doctor-Smile-1.png","contentUrl":"https:\/\/www.doctor-smile.com\/wp-content\/uploads\/2021\/02\/Logo-Doctor-Smile-1.png","width":1757,"height":667,"caption":"Doctor-Smile"},"image":{"@id":"https:\/\/www.doctor-smile.com\/es\/#\/schema\/logo\/image\/"},"sameAs":["https:\/\/www.facebook.com\/DoctorSmileTM\/","https:\/\/www.instagram.com\/doctorsmiledentallaser\/","https:\/\/www.youtube.com\/user\/doctorsmile1\/"]}]}},"_links":{"self":[{"href":"https:\/\/www.doctor-smile.com\/es\/wp-json\/wp\/v2\/pages\/21327","targetHints":{"allow":["GET"]}}],"collection":[{"href":"https:\/\/www.doctor-smile.com\/es\/wp-json\/wp\/v2\/pages"}],"about":[{"href":"https:\/\/www.doctor-smile.com\/es\/wp-json\/wp\/v2\/types\/page"}],"author":[{"embeddable":true,"href":"https:\/\/www.doctor-smile.com\/es\/wp-json\/wp\/v2\/users\/115"}],"replies":[{"embeddable":true,"href":"https:\/\/www.doctor-smile.com\/es\/wp-json\/wp\/v2\/comments?post=21327"}],"version-history":[{"count":16,"href":"https:\/\/www.doctor-smile.com\/es\/wp-json\/wp\/v2\/pages\/21327\/revisions"}],"predecessor-version":[{"id":24055,"href":"https:\/\/www.doctor-smile.com\/es\/wp-json\/wp\/v2\/pages\/21327\/revisions\/24055"}],"wp:attachment":[{"href":"https:\/\/www.doctor-smile.com\/es\/wp-json\/wp\/v2\/media?parent=21327"}],"curies":[{"name":"wp","href":"https:\/\/api.w.org\/{rel}","templated":true}]}}