{"id":24816,"date":"2025-11-12T14:23:44","date_gmt":"2025-11-12T13:23:44","guid":{"rendered":"https:\/\/www.doctor-smile.com\/?page_id=24816"},"modified":"2025-11-12T14:42:56","modified_gmt":"2025-11-12T13:42:56","slug":"tmi","status":"publish","type":"page","link":"https:\/\/www.doctor-smile.com\/es\/tmi\/","title":{"rendered":"TMI"},"content":{"rendered":"\t\t<div data-elementor-type=\"wp-page\" data-elementor-id=\"24816\" class=\"elementor elementor-24816 elementor-24814\">\n\t\t\t\t\t\t<div class=\"elementor-inner\">\n\t\t\t\t<div class=\"elementor-section-wrap\">\n\t\t\t\t\t\t\t\t\t<section class=\"elementor-section elementor-top-section elementor-element elementor-element-f72ef19 elementor-section-boxed elementor-section-height-default elementor-section-height-default\" data-id=\"f72ef19\" data-element_type=\"section\" data-settings=\"{&quot;_ha_eqh_enable&quot;:false}\">\n\t\t\t\t\t\t<div class=\"elementor-container elementor-column-gap-default\">\n\t\t\t\t\t\t\t<div class=\"elementor-row\">\n\t\t\t\t\t<div class=\"elementor-column elementor-col-100 elementor-top-column elementor-element elementor-element-488a107\" data-id=\"488a107\" data-element_type=\"column\">\n\t\t\t<div class=\"elementor-column-wrap elementor-element-populated\">\n\t\t\t\t\t\t\t<div class=\"elementor-widget-wrap\">\n\t\t\t\t\t\t<div class=\"elementor-element elementor-element-9f90524 elementor-widget elementor-widget-heading\" data-id=\"9f90524\" data-element_type=\"widget\" data-widget_type=\"heading.default\">\n\t\t\t\t<div class=\"elementor-widget-container\">\n\t\t\t<h1 class=\"elementor-heading-title elementor-size-default\">PIEZA DE MANO TMI<\/h1>\t\t<\/div>\n\t\t\t\t<\/div>\n\t\t\t\t\t\t<\/div>\n\t\t\t\t\t<\/div>\n\t\t<\/div>\n\t\t\t\t\t\t\t\t<\/div>\n\t\t\t\t\t<\/div>\n\t\t<\/section>\n\t\t\t\t<section class=\"elementor-section elementor-top-section elementor-element elementor-element-57b87fa elementor-section-boxed elementor-section-height-default elementor-section-height-default\" data-id=\"57b87fa\" data-element_type=\"section\" data-settings=\"{&quot;_ha_eqh_enable&quot;:false}\">\n\t\t\t\t\t\t<div class=\"elementor-container elementor-column-gap-default\">\n\t\t\t\t\t\t\t<div class=\"elementor-row\">\n\t\t\t\t\t<div class=\"elementor-column elementor-col-100 elementor-top-column elementor-element elementor-element-5bdfefb\" data-id=\"5bdfefb\" data-element_type=\"column\">\n\t\t\t<div class=\"elementor-column-wrap elementor-element-populated\">\n\t\t\t\t\t\t\t<div class=\"elementor-widget-wrap\">\n\t\t\t\t\t\t<div class=\"elementor-element elementor-element-246d6f4 animated-slow elementor-invisible elementor-widget elementor-widget-image\" data-id=\"246d6f4\" data-element_type=\"widget\" data-settings=\"{&quot;_animation&quot;:&quot;zoomIn&quot;,&quot;_animation_delay&quot;:5}\" data-widget_type=\"image.default\">\n\t\t\t\t<div class=\"elementor-widget-container\">\n\t\t\t\t\t\t\t\t<div class=\"elementor-image\">\n\t\t\t\t\t\t\t\t\t\t\t\t<img loading=\"lazy\" decoding=\"async\" width=\"1000\" height=\"600\" src=\"https:\/\/www.doctor-smile.com\/wp-content\/uploads\/2025\/11\/TMI-immagine.png\" class=\"attachment-full size-full\" alt=\"\" srcset=\"https:\/\/www.doctor-smile.com\/wp-content\/uploads\/2025\/11\/TMI-immagine.png 1000w, https:\/\/www.doctor-smile.com\/wp-content\/uploads\/2025\/11\/TMI-immagine-300x180.png 300w, https:\/\/www.doctor-smile.com\/wp-content\/uploads\/2025\/11\/TMI-immagine-768x461.png 768w\" sizes=\"auto, (max-width: 1000px) 100vw, 1000px\" \/>\t\t\t\t\t\t\t\t\t\t\t\t\t\t<\/div>\n\t\t\t\t\t\t<\/div>\n\t\t\t\t<\/div>\n\t\t\t\t<div class=\"elementor-element elementor-element-2f461f1 elementor-widget elementor-widget-text-editor\" data-id=\"2f461f1\" data-element_type=\"widget\" data-widget_type=\"text-editor.default\">\n\t\t\t\t<div class=\"elementor-widget-container\">\n\t\t\t\t\t\t\t\t<div class=\"elementor-text-editor elementor-clearfix\">\n\t\t\t\tLA PIEZA DE MANO L\u00c1SER EXCLUSIVA <br>\n<span style=\"font-size: 36px; background-color: #008bd2; color: #ffffff;\">PARA UNA SALUD BUCAL TOTAL<\/span>\t\t\t\t\t<\/div>\n\t\t\t\t\t\t<\/div>\n\t\t\t\t<\/div>\n\t\t\t\t<div class=\"elementor-element elementor-element-f0c5f5c elementor-widget elementor-widget-heading\" data-id=\"f0c5f5c\" data-element_type=\"widget\" data-widget_type=\"heading.default\">\n\t\t\t\t<div class=\"elementor-widget-container\">\n\t\t\t<h3 class=\"elementor-heading-title elementor-size-default\"><b>DESCONTAMINACI\u00d3N\nDE LA CAVIDAD ORAL<\/b><\/h3>\t\t<\/div>\n\t\t\t\t<\/div>\n\t\t\t\t<div class=\"elementor-element elementor-element-88c4e9a elementor-widget elementor-widget-text-editor\" data-id=\"88c4e9a\" data-element_type=\"widget\" data-widget_type=\"text-editor.default\">\n\t\t\t\t<div class=\"elementor-widget-container\">\n\t\t\t\t\t\t\t\t<div class=\"elementor-text-editor elementor-clearfix\">\n\t\t\t\t<p>Elimina bacterias y biofilm pat\u00f3geno en segundos: TMI reduce el riesgo de infecciones periodontales y periimplantarias, mejorando la salud oral de tus pacientes sin dolor ni molestias.<\/p>\t\t\t\t\t<\/div>\n\t\t\t\t\t\t<\/div>\n\t\t\t\t<\/div>\n\t\t\t\t<div class=\"elementor-element elementor-element-0e65928 elementor-widget elementor-widget-heading\" data-id=\"0e65928\" data-element_type=\"widget\" data-widget_type=\"heading.default\">\n\t\t\t\t<div class=\"elementor-widget-container\">\n\t\t\t<h3 class=\"elementor-heading-title elementor-size-default\"><b>TRATAMIENTO DE LAS MUCOSITIS<\/b><\/h3>\t\t<\/div>\n\t\t\t\t<\/div>\n\t\t\t\t<div class=\"elementor-element elementor-element-b0edb12 elementor-widget elementor-widget-text-editor\" data-id=\"b0edb12\" data-element_type=\"widget\" data-widget_type=\"text-editor.default\">\n\t\t\t\t<div class=\"elementor-widget-container\">\n\t\t\t\t\t\t\t\t<div class=\"elementor-text-editor elementor-clearfix\">\n\t\t\t\t<p>Alivio inmediato y curaci\u00f3n acelerada: con TMI puedes reducir la inflamaci\u00f3n y el dolor en mucositis, mejorando la calidad de vida de los pacientes oncol\u00f3gicos e inmunodeprimidos.<\/p>\t\t\t\t\t<\/div>\n\t\t\t\t\t\t<\/div>\n\t\t\t\t<\/div>\n\t\t\t\t<div class=\"elementor-element elementor-element-bcc7173 elementor-widget elementor-widget-heading\" data-id=\"bcc7173\" data-element_type=\"widget\" data-widget_type=\"heading.default\">\n\t\t\t\t<div class=\"elementor-widget-container\">\n\t\t\t<h3 class=\"elementor-heading-title elementor-size-default\"><b>ACELERACI\u00d3N DEL\nMOVIMIENTO ORTOD\u00d3NCICO<\/b><\/h3>\t\t<\/div>\n\t\t\t\t<\/div>\n\t\t\t\t<div class=\"elementor-element elementor-element-01317e4 elementor-widget elementor-widget-text-editor\" data-id=\"01317e4\" data-element_type=\"widget\" data-widget_type=\"text-editor.default\">\n\t\t\t\t<div class=\"elementor-widget-container\">\n\t\t\t\t\t\t\t\t<div class=\"elementor-text-editor elementor-clearfix\">\n\t\t\t\t<p>Menos tiempo, m\u00e1s comodidad: TMI estimula el metabolismo \u00f3seo, favoreciendo un movimiento dental m\u00e1s r\u00e1pido y reduciendo la duraci\u00f3n del tratamiento ortod\u00f3ncico.<\/p>\t\t\t\t\t<\/div>\n\t\t\t\t\t\t<\/div>\n\t\t\t\t<\/div>\n\t\t\t\t<div class=\"elementor-element elementor-element-bc191d5 elementor-widget elementor-widget-heading\" data-id=\"bc191d5\" data-element_type=\"widget\" data-widget_type=\"heading.default\">\n\t\t\t\t<div class=\"elementor-widget-container\">\n\t\t\t<h3 class=\"elementor-heading-title elementor-size-default\"><b>FOTOBIOMODULACI\u00d3N ORAL<\/b><\/h3>\t\t<\/div>\n\t\t\t\t<\/div>\n\t\t\t\t<div class=\"elementor-element elementor-element-12d87c1 elementor-widget elementor-widget-text-editor\" data-id=\"12d87c1\" data-element_type=\"widget\" data-widget_type=\"text-editor.default\">\n\t\t\t\t<div class=\"elementor-widget-container\">\n\t\t\t\t\t\t\t\t<div class=\"elementor-text-editor elementor-clearfix\">\n\t\t\t\t<p>M\u00e1s vitalidad para los tejidos: TMI activa la regeneraci\u00f3n celular, favorece la cicatrizaci\u00f3n postquir\u00fargica y reduce la inflamaci\u00f3n, para una sonrisa m\u00e1s sana y fuerte.<\/p>\t\t\t\t\t<\/div>\n\t\t\t\t\t\t<\/div>\n\t\t\t\t<\/div>\n\t\t\t\t\t\t<\/div>\n\t\t\t\t\t<\/div>\n\t\t<\/div>\n\t\t\t\t\t\t\t\t<\/div>\n\t\t\t\t\t<\/div>\n\t\t<\/section>\n\t\t\t\t<section class=\"elementor-section elementor-top-section elementor-element elementor-element-3019841 elementor-section-boxed elementor-section-height-default elementor-section-height-default\" data-id=\"3019841\" data-element_type=\"section\" data-settings=\"{&quot;_ha_eqh_enable&quot;:false}\">\n\t\t\t\t\t\t<div class=\"elementor-container elementor-column-gap-default\">\n\t\t\t\t\t\t\t<div class=\"elementor-row\">\n\t\t\t\t\t<div class=\"elementor-column elementor-col-100 elementor-top-column elementor-element elementor-element-b0b3950\" data-id=\"b0b3950\" data-element_type=\"column\">\n\t\t\t<div class=\"elementor-column-wrap elementor-element-populated\">\n\t\t\t\t\t\t\t<div class=\"elementor-widget-wrap\">\n\t\t\t\t\t\t<div class=\"elementor-element elementor-element-8be3e58 animated-slow elementor-invisible elementor-widget elementor-widget-image\" data-id=\"8be3e58\" data-element_type=\"widget\" data-settings=\"{&quot;_animation&quot;:&quot;bounceInLeft&quot;}\" data-widget_type=\"image.default\">\n\t\t\t\t<div class=\"elementor-widget-container\">\n\t\t\t\t\t\t\t\t<div class=\"elementor-image\">\n\t\t\t\t\t\t\t\t\t\t\t\t<img loading=\"lazy\" decoding=\"async\" width=\"1024\" height=\"614\" src=\"https:\/\/www.doctor-smile.com\/wp-content\/uploads\/2025\/11\/TMI-con-logo-1024x614.png\" class=\"attachment-large size-large\" alt=\"\" srcset=\"https:\/\/www.doctor-smile.com\/wp-content\/uploads\/2025\/11\/TMI-con-logo-1024x614.png 1024w, https:\/\/www.doctor-smile.com\/wp-content\/uploads\/2025\/11\/TMI-con-logo-300x180.png 300w, https:\/\/www.doctor-smile.com\/wp-content\/uploads\/2025\/11\/TMI-con-logo-768x461.png 768w, https:\/\/www.doctor-smile.com\/wp-content\/uploads\/2025\/11\/TMI-con-logo-1536x922.png 1536w, https:\/\/www.doctor-smile.com\/wp-content\/uploads\/2025\/11\/TMI-con-logo-2048x1229.png 2048w\" sizes=\"auto, (max-width: 1024px) 100vw, 1024px\" \/>\t\t\t\t\t\t\t\t\t\t\t\t\t\t<\/div>\n\t\t\t\t\t\t<\/div>\n\t\t\t\t<\/div>\n\t\t\t\t<div class=\"elementor-element elementor-element-39b2b1f elementor-cta--skin-cover elementor-animated-content elementor-bg-transform elementor-bg-transform-zoom-in elementor-widget elementor-widget-call-to-action\" data-id=\"39b2b1f\" data-element_type=\"widget\" data-widget_type=\"call-to-action.default\">\n\t\t\t\t<div class=\"elementor-widget-container\">\n\t\t\t\t\t<div class=\"elementor-cta\">\n\t\t\t\t\t<div class=\"elementor-cta__bg-wrapper\">\n\t\t\t\t<div class=\"elementor-cta__bg elementor-bg\" style=\"background-image: url(https:\/\/www.doctor-smile.com\/wp-content\/uploads\/2025\/11\/TMI-SPA.jpg);\"><\/div>\n\t\t\t\t<div class=\"elementor-cta__bg-overlay\"><\/div>\n\t\t\t<\/div>\n\t\t\t\t\t\t\t<div class=\"elementor-cta__content\">\n\t\t\t\t\n\t\t\t\t\n\t\t\t\t\n\t\t\t\t\t\t\t\t\t<div class=\"elementor-cta__button-wrapper elementor-cta__content-item elementor-content-item elementor-animated-item--enter-from-bottom\">\n\t\t\t\t\t<a class=\"elementor-cta__button elementor-button elementor-size-md\" href=\"https:\/\/www.doctor-smile.com\/wp-content\/uploads\/2025\/11\/1.-Flyer_TMI-3.pdf\" target=\"_blank\">\n\t\t\t\t\t\tDescarga el folleto\t\t\t\t\t<\/a>\n\t\t\t\t\t<\/div>\n\t\t\t\t\t\t\t<\/div>\n\t\t\t\t\t\t<\/div>\n\t\t\t\t<\/div>\n\t\t\t\t<\/div>\n\t\t\t\t<div class=\"elementor-element elementor-element-d22d40e elementor-widget elementor-widget-spacer\" data-id=\"d22d40e\" data-element_type=\"widget\" data-widget_type=\"spacer.default\">\n\t\t\t\t<div class=\"elementor-widget-container\">\n\t\t\t\t\t<div class=\"elementor-spacer\">\n\t\t\t<div class=\"elementor-spacer-inner\"><\/div>\n\t\t<\/div>\n\t\t\t\t<\/div>\n\t\t\t\t<\/div>\n\t\t\t\t<div class=\"elementor-element elementor-element-78f5d42 elementor-cta--skin-classic elementor-animated-content elementor-bg-transform elementor-bg-transform-zoom-in elementor-widget elementor-widget-call-to-action\" data-id=\"78f5d42\" data-element_type=\"widget\" data-widget_type=\"call-to-action.default\">\n\t\t\t\t<div class=\"elementor-widget-container\">\n\t\t\t\t\t<div class=\"elementor-cta\">\n\t\t\t\t\t\t\t<div class=\"elementor-cta__content\">\n\t\t\t\t\n\t\t\t\t<h4 class=\"elementor-cta__title elementor-cta__content-item elementor-content-item\">Descubre lo que puedes hacer con el pieza de mano TMI<\/h4>\n\t\t\t\t\n\t\t\t\t\t\t\t\t\t<div class=\"elementor-cta__button-wrapper elementor-cta__content-item elementor-content-item \">\n\t\t\t\t\t<a class=\"elementor-cta__button elementor-button elementor-size-md\" href=\"https:\/\/www.doctor-smile.com\/es\/contactos\/\">\n\t\t\t\t\t\tCont\u00e1ctenos\t\t\t\t\t<\/a>\n\t\t\t\t\t<\/div>\n\t\t\t\t\t\t\t<\/div>\n\t\t\t\t\t\t<\/div>\n\t\t\t\t<\/div>\n\t\t\t\t<\/div>\n\t\t\t\t\t\t<\/div>\n\t\t\t\t\t<\/div>\n\t\t<\/div>\n\t\t\t\t\t\t\t\t<\/div>\n\t\t\t\t\t<\/div>\n\t\t<\/section>\n\t\t\t\t\t\t\t\t\t<\/div>\n\t\t\t<\/div>\n\t\t\t\t\t<\/div>\n\t\t","protected":false},"excerpt":{"rendered":"<p>PIEZA DE MANO TMI LA PIEZA DE MANO L\u00c1SER EXCLUSIVA PARA UNA SALUD BUCAL TOTAL DESCONTAMINACI\u00d3N DE LA CAVIDAD ORAL Elimina bacterias y biofilm pat\u00f3geno en segundos: TMI reduce el riesgo de infecciones periodontales y periimplantarias, mejorando la salud oral de tus pacientes sin dolor ni molestias. TRATAMIENTO DE LAS MUCOSITIS Alivio inmediato y curaci\u00f3n &#8230; <a title=\"TMI\" class=\"read-more\" href=\"https:\/\/www.doctor-smile.com\/es\/tmi\/\" aria-label=\"M\u00e1s en TMI\">Leer m\u00e1s<\/a><\/p>\n","protected":false},"author":115,"featured_media":0,"parent":0,"menu_order":0,"comment_status":"closed","ping_status":"closed","template":"","meta":{"content-type":"","footnotes":""},"class_list":["post-24816","page","type-page","status-publish"],"yoast_head":"<!-- This site is optimized with the Yoast SEO plugin v27.4 - https:\/\/yoast.com\/product\/yoast-seo-wordpress\/ -->\n<title>PIEZA DE MANO TMI - DOCTOR SMILE<\/title>\n<meta name=\"description\" content=\"La pieza de mano l\u00e1ser exclusiva para una salud bucal total.\" \/>\n<meta name=\"robots\" content=\"index, follow, max-snippet:-1, max-image-preview:large, max-video-preview:-1\" \/>\n<link rel=\"canonical\" href=\"https:\/\/www.doctor-smile.com\/es\/tmi\/\" \/>\n<meta property=\"og:locale\" content=\"es_ES\" \/>\n<meta property=\"og:type\" content=\"article\" \/>\n<meta property=\"og:title\" content=\"PIEZA DE MANO TMI - DOCTOR SMILE\" \/>\n<meta property=\"og:description\" content=\"La pieza de mano l\u00e1ser exclusiva para una salud bucal total.\" \/>\n<meta property=\"og:url\" content=\"https:\/\/www.doctor-smile.com\/es\/tmi\/\" \/>\n<meta property=\"og:site_name\" content=\"DOCTOR SMILE\" \/>\n<meta property=\"article:publisher\" content=\"https:\/\/www.facebook.com\/DoctorSmileTM\/\" \/>\n<meta property=\"article:modified_time\" content=\"2025-11-12T13:42:56+00:00\" \/>\n<meta property=\"og:image\" content=\"https:\/\/www.doctor-smile.com\/wp-content\/uploads\/2025\/11\/TMI-immagine.png\" \/>\n<meta name=\"twitter:card\" content=\"summary_large_image\" \/>\n<script type=\"application\/ld+json\" class=\"yoast-schema-graph\">{\"@context\":\"https:\\\/\\\/schema.org\",\"@graph\":[{\"@type\":\"WebPage\",\"@id\":\"https:\\\/\\\/www.doctor-smile.com\\\/es\\\/tmi\\\/\",\"url\":\"https:\\\/\\\/www.doctor-smile.com\\\/es\\\/tmi\\\/\",\"name\":\"PIEZA DE MANO TMI - DOCTOR SMILE\",\"isPartOf\":{\"@id\":\"https:\\\/\\\/www.doctor-smile.com\\\/es\\\/#website\"},\"primaryImageOfPage\":{\"@id\":\"https:\\\/\\\/www.doctor-smile.com\\\/es\\\/tmi\\\/#primaryimage\"},\"image\":{\"@id\":\"https:\\\/\\\/www.doctor-smile.com\\\/es\\\/tmi\\\/#primaryimage\"},\"thumbnailUrl\":\"https:\\\/\\\/www.doctor-smile.com\\\/wp-content\\\/uploads\\\/2025\\\/11\\\/TMI-immagine.png\",\"datePublished\":\"2025-11-12T13:23:44+00:00\",\"dateModified\":\"2025-11-12T13:42:56+00:00\",\"description\":\"La pieza de mano l\u00e1ser exclusiva para una salud bucal total.\",\"breadcrumb\":{\"@id\":\"https:\\\/\\\/www.doctor-smile.com\\\/es\\\/tmi\\\/#breadcrumb\"},\"inLanguage\":\"es\",\"potentialAction\":[{\"@type\":\"ReadAction\",\"target\":[\"https:\\\/\\\/www.doctor-smile.com\\\/es\\\/tmi\\\/\"]}]},{\"@type\":\"ImageObject\",\"inLanguage\":\"es\",\"@id\":\"https:\\\/\\\/www.doctor-smile.com\\\/es\\\/tmi\\\/#primaryimage\",\"url\":\"https:\\\/\\\/www.doctor-smile.com\\\/wp-content\\\/uploads\\\/2025\\\/11\\\/TMI-immagine.png\",\"contentUrl\":\"https:\\\/\\\/www.doctor-smile.com\\\/wp-content\\\/uploads\\\/2025\\\/11\\\/TMI-immagine.png\"},{\"@type\":\"BreadcrumbList\",\"@id\":\"https:\\\/\\\/www.doctor-smile.com\\\/es\\\/tmi\\\/#breadcrumb\",\"itemListElement\":[{\"@type\":\"ListItem\",\"position\":1,\"name\":\"Home\",\"item\":\"https:\\\/\\\/www.doctor-smile.com\\\/es\\\/\"},{\"@type\":\"ListItem\",\"position\":2,\"name\":\"TMI\"}]},{\"@type\":\"WebSite\",\"@id\":\"https:\\\/\\\/www.doctor-smile.com\\\/es\\\/#website\",\"url\":\"https:\\\/\\\/www.doctor-smile.com\\\/es\\\/\",\"name\":\"DOCTOR SMILE\",\"description\":\"Tecnologia Laser Odontoiatrica\",\"publisher\":{\"@id\":\"https:\\\/\\\/www.doctor-smile.com\\\/es\\\/#organization\"},\"potentialAction\":[{\"@type\":\"SearchAction\",\"target\":{\"@type\":\"EntryPoint\",\"urlTemplate\":\"https:\\\/\\\/www.doctor-smile.com\\\/es\\\/?s={search_term_string}\"},\"query-input\":{\"@type\":\"PropertyValueSpecification\",\"valueRequired\":true,\"valueName\":\"search_term_string\"}}],\"inLanguage\":\"es\"},{\"@type\":\"Organization\",\"@id\":\"https:\\\/\\\/www.doctor-smile.com\\\/es\\\/#organization\",\"name\":\"Doctor-Smile\",\"url\":\"https:\\\/\\\/www.doctor-smile.com\\\/es\\\/\",\"logo\":{\"@type\":\"ImageObject\",\"inLanguage\":\"es\",\"@id\":\"https:\\\/\\\/www.doctor-smile.com\\\/es\\\/#\\\/schema\\\/logo\\\/image\\\/\",\"url\":\"https:\\\/\\\/www.doctor-smile.com\\\/wp-content\\\/uploads\\\/2021\\\/02\\\/Logo-Doctor-Smile-1.png\",\"contentUrl\":\"https:\\\/\\\/www.doctor-smile.com\\\/wp-content\\\/uploads\\\/2021\\\/02\\\/Logo-Doctor-Smile-1.png\",\"width\":1757,\"height\":667,\"caption\":\"Doctor-Smile\"},\"image\":{\"@id\":\"https:\\\/\\\/www.doctor-smile.com\\\/es\\\/#\\\/schema\\\/logo\\\/image\\\/\"},\"sameAs\":[\"https:\\\/\\\/www.facebook.com\\\/DoctorSmileTM\\\/\",\"https:\\\/\\\/www.instagram.com\\\/doctorsmiledentallaser\\\/\",\"https:\\\/\\\/www.youtube.com\\\/user\\\/doctorsmile1\\\/\"]}]}<\/script>\n<!-- \/ Yoast SEO plugin. -->","yoast_head_json":{"title":"PIEZA DE MANO TMI - DOCTOR SMILE","description":"La pieza de mano l\u00e1ser exclusiva para una salud bucal total.","robots":{"index":"index","follow":"follow","max-snippet":"max-snippet:-1","max-image-preview":"max-image-preview:large","max-video-preview":"max-video-preview:-1"},"canonical":"https:\/\/www.doctor-smile.com\/es\/tmi\/","og_locale":"es_ES","og_type":"article","og_title":"PIEZA DE MANO TMI - DOCTOR SMILE","og_description":"La pieza de mano l\u00e1ser exclusiva para una salud bucal total.","og_url":"https:\/\/www.doctor-smile.com\/es\/tmi\/","og_site_name":"DOCTOR SMILE","article_publisher":"https:\/\/www.facebook.com\/DoctorSmileTM\/","article_modified_time":"2025-11-12T13:42:56+00:00","og_image":[{"url":"https:\/\/www.doctor-smile.com\/wp-content\/uploads\/2025\/11\/TMI-immagine.png","type":"","width":"","height":""}],"twitter_card":"summary_large_image","schema":{"@context":"https:\/\/schema.org","@graph":[{"@type":"WebPage","@id":"https:\/\/www.doctor-smile.com\/es\/tmi\/","url":"https:\/\/www.doctor-smile.com\/es\/tmi\/","name":"PIEZA DE MANO TMI - DOCTOR SMILE","isPartOf":{"@id":"https:\/\/www.doctor-smile.com\/es\/#website"},"primaryImageOfPage":{"@id":"https:\/\/www.doctor-smile.com\/es\/tmi\/#primaryimage"},"image":{"@id":"https:\/\/www.doctor-smile.com\/es\/tmi\/#primaryimage"},"thumbnailUrl":"https:\/\/www.doctor-smile.com\/wp-content\/uploads\/2025\/11\/TMI-immagine.png","datePublished":"2025-11-12T13:23:44+00:00","dateModified":"2025-11-12T13:42:56+00:00","description":"La pieza de mano l\u00e1ser exclusiva para una salud bucal total.","breadcrumb":{"@id":"https:\/\/www.doctor-smile.com\/es\/tmi\/#breadcrumb"},"inLanguage":"es","potentialAction":[{"@type":"ReadAction","target":["https:\/\/www.doctor-smile.com\/es\/tmi\/"]}]},{"@type":"ImageObject","inLanguage":"es","@id":"https:\/\/www.doctor-smile.com\/es\/tmi\/#primaryimage","url":"https:\/\/www.doctor-smile.com\/wp-content\/uploads\/2025\/11\/TMI-immagine.png","contentUrl":"https:\/\/www.doctor-smile.com\/wp-content\/uploads\/2025\/11\/TMI-immagine.png"},{"@type":"BreadcrumbList","@id":"https:\/\/www.doctor-smile.com\/es\/tmi\/#breadcrumb","itemListElement":[{"@type":"ListItem","position":1,"name":"Home","item":"https:\/\/www.doctor-smile.com\/es\/"},{"@type":"ListItem","position":2,"name":"TMI"}]},{"@type":"WebSite","@id":"https:\/\/www.doctor-smile.com\/es\/#website","url":"https:\/\/www.doctor-smile.com\/es\/","name":"DOCTOR SMILE","description":"Tecnologia Laser Odontoiatrica","publisher":{"@id":"https:\/\/www.doctor-smile.com\/es\/#organization"},"potentialAction":[{"@type":"SearchAction","target":{"@type":"EntryPoint","urlTemplate":"https:\/\/www.doctor-smile.com\/es\/?s={search_term_string}"},"query-input":{"@type":"PropertyValueSpecification","valueRequired":true,"valueName":"search_term_string"}}],"inLanguage":"es"},{"@type":"Organization","@id":"https:\/\/www.doctor-smile.com\/es\/#organization","name":"Doctor-Smile","url":"https:\/\/www.doctor-smile.com\/es\/","logo":{"@type":"ImageObject","inLanguage":"es","@id":"https:\/\/www.doctor-smile.com\/es\/#\/schema\/logo\/image\/","url":"https:\/\/www.doctor-smile.com\/wp-content\/uploads\/2021\/02\/Logo-Doctor-Smile-1.png","contentUrl":"https:\/\/www.doctor-smile.com\/wp-content\/uploads\/2021\/02\/Logo-Doctor-Smile-1.png","width":1757,"height":667,"caption":"Doctor-Smile"},"image":{"@id":"https:\/\/www.doctor-smile.com\/es\/#\/schema\/logo\/image\/"},"sameAs":["https:\/\/www.facebook.com\/DoctorSmileTM\/","https:\/\/www.instagram.com\/doctorsmiledentallaser\/","https:\/\/www.youtube.com\/user\/doctorsmile1\/"]}]}},"_links":{"self":[{"href":"https:\/\/www.doctor-smile.com\/es\/wp-json\/wp\/v2\/pages\/24816","targetHints":{"allow":["GET"]}}],"collection":[{"href":"https:\/\/www.doctor-smile.com\/es\/wp-json\/wp\/v2\/pages"}],"about":[{"href":"https:\/\/www.doctor-smile.com\/es\/wp-json\/wp\/v2\/types\/page"}],"author":[{"embeddable":true,"href":"https:\/\/www.doctor-smile.com\/es\/wp-json\/wp\/v2\/users\/115"}],"replies":[{"embeddable":true,"href":"https:\/\/www.doctor-smile.com\/es\/wp-json\/wp\/v2\/comments?post=24816"}],"version-history":[{"count":13,"href":"https:\/\/www.doctor-smile.com\/es\/wp-json\/wp\/v2\/pages\/24816\/revisions"}],"predecessor-version":[{"id":24936,"href":"https:\/\/www.doctor-smile.com\/es\/wp-json\/wp\/v2\/pages\/24816\/revisions\/24936"}],"wp:attachment":[{"href":"https:\/\/www.doctor-smile.com\/es\/wp-json\/wp\/v2\/media?parent=24816"}],"curies":[{"name":"wp","href":"https:\/\/api.w.org\/{rel}","templated":true}]}}