{"id":8419,"date":"2021-04-04T10:00:17","date_gmt":"2021-04-04T08:00:17","guid":{"rendered":"http:\/\/test.doctor-smile.com\/contactos\/"},"modified":"2024-05-30T12:09:13","modified_gmt":"2024-05-30T10:09:13","slug":"contactos","status":"publish","type":"page","link":"https:\/\/www.doctor-smile.com\/es\/contactos\/","title":{"rendered":"Contactos"},"content":{"rendered":"\t\t<div data-elementor-type=\"wp-post\" data-elementor-id=\"8419\" class=\"elementor elementor-8419 elementor-99\">\n\t\t\t\t\t\t<div class=\"elementor-inner\">\n\t\t\t\t<div class=\"elementor-section-wrap\">\n\t\t\t\t\t\t\t\t\t<section class=\"elementor-section elementor-top-section elementor-element elementor-element-3bff4d1 elementor-section-content-top elementor-section-boxed elementor-section-height-default elementor-section-height-default\" data-id=\"3bff4d1\" data-element_type=\"section\" data-settings=\"{&quot;background_background&quot;:&quot;classic&quot;,&quot;_ha_eqh_enable&quot;:false}\">\n\t\t\t\t\t\t\t<div class=\"elementor-background-overlay\"><\/div>\n\t\t\t\t\t\t\t<div class=\"elementor-container elementor-column-gap-default\">\n\t\t\t\t\t\t\t<div class=\"elementor-row\">\n\t\t\t\t\t<div class=\"elementor-column elementor-col-50 elementor-top-column elementor-element elementor-element-89ddc7a\" data-id=\"89ddc7a\" data-element_type=\"column\">\n\t\t\t<div class=\"elementor-column-wrap elementor-element-populated\">\n\t\t\t\t\t\t\t<div class=\"elementor-widget-wrap\">\n\t\t\t\t\t\t<div class=\"elementor-element elementor-element-5011bbc elementor-widget elementor-widget-heading\" data-id=\"5011bbc\" data-element_type=\"widget\" data-widget_type=\"heading.default\">\n\t\t\t\t<div class=\"elementor-widget-container\">\n\t\t\t<h2 class=\"elementor-heading-title elementor-size-default\">Contacta con nosotros<\/h2>\t\t<\/div>\n\t\t\t\t<\/div>\n\t\t\t\t<div class=\"elementor-element elementor-element-4cdcef2 elementor-widget elementor-widget-text-editor\" data-id=\"4cdcef2\" data-element_type=\"widget\" data-widget_type=\"text-editor.default\">\n\t\t\t\t<div class=\"elementor-widget-container\">\n\t\t\t\t\t\t\t\t<div class=\"elementor-text-editor elementor-clearfix\">\n\t\t\t\t<p style=\"text-align: left;\">Doctor Smile es una l\u00ednea de productos de Lambda S.p.A.<\/p><p style=\"text-align: left;\">Nuestras oficinas est\u00e1n abiertas de lunes a viernes, de 8:30 a 13:00 y de 14:00 a 17:30.<\/p>\t\t\t\t\t<\/div>\n\t\t\t\t\t\t<\/div>\n\t\t\t\t<\/div>\n\t\t\t\t<div class=\"elementor-element elementor-element-203a367 elementor-align-left elementor-icon-list--layout-traditional elementor-list-item-link-full_width elementor-widget elementor-widget-icon-list\" data-id=\"203a367\" data-element_type=\"widget\" data-widget_type=\"icon-list.default\">\n\t\t\t\t<div class=\"elementor-widget-container\">\n\t\t\t\t\t<ul class=\"elementor-icon-list-items\">\n\t\t\t\t\t\t\t<li class=\"elementor-icon-list-item\">\n\t\t\t\t\t\t\t\t\t\t\t<a href=\"tel:+390444349165\">\n\n\t\t\t\t\t\t\t\t\t\t\t\t<span class=\"elementor-icon-list-icon\">\n\t\t\t\t\t\t\t<i aria-hidden=\"true\" class=\"fas fa-phone\"><\/i>\t\t\t\t\t\t<\/span>\n\t\t\t\t\t\t\t\t\t\t<span class=\"elementor-icon-list-text\">Tel. +39 0444 349165<\/span>\n\t\t\t\t\t\t\t\t\t\t\t<\/a>\n\t\t\t\t\t\t\t\t\t<\/li>\n\t\t\t\t\t\t\t\t<li class=\"elementor-icon-list-item\">\n\t\t\t\t\t\t\t\t\t\t\t<span class=\"elementor-icon-list-icon\">\n\t\t\t\t\t\t\t<i aria-hidden=\"true\" class=\"fas fa-fax\"><\/i>\t\t\t\t\t\t<\/span>\n\t\t\t\t\t\t\t\t\t\t<span class=\"elementor-icon-list-text\">Fax +39 0444 349954<\/span>\n\t\t\t\t\t\t\t\t\t<\/li>\n\t\t\t\t\t\t\t\t<li class=\"elementor-icon-list-item\">\n\t\t\t\t\t\t\t\t\t\t\t<a href=\"http:\/\/info@doctor-smile.com\">\n\n\t\t\t\t\t\t\t\t\t\t\t\t<span class=\"elementor-icon-list-icon\">\n\t\t\t\t\t\t\t<i aria-hidden=\"true\" class=\"fas fa-envelope\"><\/i>\t\t\t\t\t\t<\/span>\n\t\t\t\t\t\t\t\t\t\t<span class=\"elementor-icon-list-text\">Email: info@doctor-smile.com<\/span>\n\t\t\t\t\t\t\t\t\t\t\t<\/a>\n\t\t\t\t\t\t\t\t\t<\/li>\n\t\t\t\t\t\t<\/ul>\n\t\t\t\t<\/div>\n\t\t\t\t<\/div>\n\t\t\t\t<div class=\"elementor-element elementor-element-2606b09 elementor-widget elementor-widget-text-editor\" data-id=\"2606b09\" data-element_type=\"widget\" data-widget_type=\"text-editor.default\">\n\t\t\t\t<div class=\"elementor-widget-container\">\n\t\t\t\t\t\t\t\t<div class=\"elementor-text-editor elementor-clearfix\">\n\t\t\t\t<p><strong>Asistencia t\u00e9cnica:<br \/><\/strong> <span style=\"color: #ffffff;\"><a style=\"color: #ffffff;\" href=\"mailto:service@lambdaspa.com\">service@lambdaspa.com<\/a><\/span><\/p>\t\t\t\t\t<\/div>\n\t\t\t\t\t\t<\/div>\n\t\t\t\t<\/div>\n\t\t\t\t<div class=\"elementor-element elementor-element-20925e4 elementor-widget elementor-widget-text-editor\" data-id=\"20925e4\" data-element_type=\"widget\" data-widget_type=\"text-editor.default\">\n\t\t\t\t<div class=\"elementor-widget-container\">\n\t\t\t\t\t\t\t\t<div class=\"elementor-text-editor elementor-clearfix\">\n\t\t\t\t<p style=\"text-align: left;\">FOLLOW US!<\/p>\t\t\t\t\t<\/div>\n\t\t\t\t\t\t<\/div>\n\t\t\t\t<\/div>\n\t\t\t\t<div class=\"elementor-element elementor-element-732fc4e e-grid-align-left e-grid-align-mobile-left elementor-shape-rounded elementor-grid-0 elementor-widget elementor-widget-social-icons\" data-id=\"732fc4e\" data-element_type=\"widget\" data-widget_type=\"social-icons.default\">\n\t\t\t\t<div class=\"elementor-widget-container\">\n\t\t\t\t\t<div class=\"elementor-social-icons-wrapper elementor-grid\">\n\t\t\t\t\t\t\t<span class=\"elementor-grid-item\">\n\t\t\t\t\t<a class=\"elementor-icon elementor-social-icon elementor-social-icon-facebook elementor-animation-float elementor-repeater-item-54a67c2\" href=\"https:\/\/www.facebook.com\/DoctorSmileTM\" target=\"_blank\">\n\t\t\t\t\t\t<span class=\"elementor-screen-only\">Facebook<\/span>\n\t\t\t\t\t\t<i class=\"fab fa-facebook\"><\/i>\t\t\t\t\t<\/a>\n\t\t\t\t<\/span>\n\t\t\t\t\t\t\t<span class=\"elementor-grid-item\">\n\t\t\t\t\t<a class=\"elementor-icon elementor-social-icon elementor-social-icon-instagram elementor-animation-float elementor-repeater-item-7f0a033\" href=\"https:\/\/www.instagram.com\/doctorsmiledentallaser\/\" target=\"_blank\">\n\t\t\t\t\t\t<span class=\"elementor-screen-only\">Instagram<\/span>\n\t\t\t\t\t\t<i class=\"fab fa-instagram\"><\/i>\t\t\t\t\t<\/a>\n\t\t\t\t<\/span>\n\t\t\t\t\t\t\t<span class=\"elementor-grid-item\">\n\t\t\t\t\t<a class=\"elementor-icon elementor-social-icon elementor-social-icon-youtube elementor-animation-float elementor-repeater-item-971364c\" href=\"https:\/\/www.youtube.com\/channel\/UCh9gzY_NWDuOohcmxt3vOoQ\" target=\"_blank\">\n\t\t\t\t\t\t<span class=\"elementor-screen-only\">Youtube<\/span>\n\t\t\t\t\t\t<i class=\"fab fa-youtube\"><\/i>\t\t\t\t\t<\/a>\n\t\t\t\t<\/span>\n\t\t\t\t\t\t\t<span class=\"elementor-grid-item\">\n\t\t\t\t\t<a class=\"elementor-icon elementor-social-icon elementor-social-icon-linkedin elementor-animation-float elementor-repeater-item-cdb0aa6\" href=\"https:\/\/www.linkedin.com\/company\/doctor-smile-dental-laser\/\" target=\"_blank\">\n\t\t\t\t\t\t<span class=\"elementor-screen-only\">Linkedin<\/span>\n\t\t\t\t\t\t<i class=\"fab fa-linkedin\"><\/i>\t\t\t\t\t<\/a>\n\t\t\t\t<\/span>\n\t\t\t\t\t<\/div>\n\t\t\t\t<\/div>\n\t\t\t\t<\/div>\n\t\t\t\t\t\t<\/div>\n\t\t\t\t\t<\/div>\n\t\t<\/div>\n\t\t\t\t<div class=\"elementor-column elementor-col-50 elementor-top-column elementor-element elementor-element-4ba6203\" data-id=\"4ba6203\" data-element_type=\"column\">\n\t\t\t<div class=\"elementor-column-wrap elementor-element-populated\">\n\t\t\t\t\t\t\t<div class=\"elementor-widget-wrap\">\n\t\t\t\t\t\t<div class=\"elementor-element elementor-element-7b2467e elementor-hidden-desktop elementor-hidden-tablet elementor-hidden-phone elementor-widget elementor-widget-html\" data-id=\"7b2467e\" data-element_type=\"widget\" data-widget_type=\"html.default\">\n\t\t\t\t<div class=\"elementor-widget-container\">\n\t\t\t<!--[if lte IE 8]>\n<script charset=\"utf-8\" type=\"text\/javascript\" src=\"\/\/js.hsforms.net\/forms\/v2-legacy.js\"><\/script>\n<![endif]-->\n<script charset=\"utf-8\" type=\"text\/javascript\" src=\"\/\/js.hsforms.net\/forms\/v2.js\"><\/script>\n<script>\n  hbspt.forms.create({\nregion: \"na1\",\nportalId: \"19955895\",\nformId: \"f307a243-189d-4309-b649-67f1a5716234\"\n});\n<\/script>\t\t<\/div>\n\t\t\t\t<\/div>\n\t\t\t\t<div class=\"elementor-element elementor-element-6ae0d39 elementor-widget elementor-widget-html\" data-id=\"6ae0d39\" data-element_type=\"widget\" data-widget_type=\"html.default\">\n\t\t\t\t<div class=\"elementor-widget-container\">\n\t\t\t<div class=Form-HS><script charset=\"utf-8\" type=\"text\/javascript\" data-cmp-ab = \"1\" src=\"\/\/js.hsforms.net\/forms\/embed\/v2.js\"><\/script>\r\n<script>\r\n  hbspt.forms.create({\r\n    region: \"na1\",\r\n    portalId: \"19955895\",\r\n    formId: \"34cfef31-0a10-4309-8afc-87d4685552f2\"\r\n  });\r\n<\/script>\r\n<\/div>\t\t<\/div>\n\t\t\t\t<\/div>\n\t\t\t\t\t\t<\/div>\n\t\t\t\t\t<\/div>\n\t\t<\/div>\n\t\t\t\t\t\t\t\t<\/div>\n\t\t\t\t\t<\/div>\n\t\t<\/section>\n\t\t\t\t<section class=\"elementor-section elementor-top-section elementor-element elementor-element-192a3e7 elementor-section-boxed elementor-section-height-default elementor-section-height-default\" data-id=\"192a3e7\" data-element_type=\"section\" data-settings=\"{&quot;_ha_eqh_enable&quot;:false}\">\n\t\t\t\t\t\t<div class=\"elementor-container elementor-column-gap-default\">\n\t\t\t\t\t\t\t<div class=\"elementor-row\">\n\t\t\t\t\t<div class=\"elementor-column elementor-col-100 elementor-top-column elementor-element elementor-element-6da8232\" data-id=\"6da8232\" data-element_type=\"column\">\n\t\t\t<div class=\"elementor-column-wrap elementor-element-populated\">\n\t\t\t\t\t\t\t<div class=\"elementor-widget-wrap\">\n\t\t\t\t\t\t<section class=\"elementor-section elementor-inner-section elementor-element elementor-element-f291890 elementor-section-boxed elementor-section-height-default elementor-section-height-default\" data-id=\"f291890\" data-element_type=\"section\" data-settings=\"{&quot;_ha_eqh_enable&quot;:false}\">\n\t\t\t\t\t\t<div class=\"elementor-container elementor-column-gap-default\">\n\t\t\t\t\t\t\t<div class=\"elementor-row\">\n\t\t\t\t\t<div class=\"elementor-column elementor-col-50 elementor-inner-column elementor-element elementor-element-a0a7dc7\" data-id=\"a0a7dc7\" data-element_type=\"column\">\n\t\t\t<div class=\"elementor-column-wrap elementor-element-populated\">\n\t\t\t\t\t\t\t<div class=\"elementor-widget-wrap\">\n\t\t\t\t\t\t<div class=\"elementor-element elementor-element-4abb003 elementor-widget elementor-widget-google_maps\" data-id=\"4abb003\" data-element_type=\"widget\" data-widget_type=\"google_maps.default\">\n\t\t\t\t<div class=\"elementor-widget-container\">\n\t\t\t\t\t<div class=\"elementor-custom-embed\">\n\t\t\t<iframe frameborder=\"0\" scrolling=\"no\" marginheight=\"0\" marginwidth=\"0\"\n\t\t\t\t\tsrc=\"https:\/\/maps.google.com\/maps?q=Via%20dell%27Impresa%2036040%20Brendola&#038;t=m&#038;z=10&#038;output=embed&#038;iwloc=near\"\n\t\t\t\t\ttitle=\"Via dell&#039;Impresa 36040 Brendola\"\n\t\t\t\t\taria-label=\"Via dell&#039;Impresa 36040 Brendola\"\n\t\t\t><\/iframe>\n\t\t<\/div>\n\t\t\t\t<\/div>\n\t\t\t\t<\/div>\n\t\t\t\t\t\t<\/div>\n\t\t\t\t\t<\/div>\n\t\t<\/div>\n\t\t\t\t<div class=\"elementor-column elementor-col-50 elementor-inner-column elementor-element elementor-element-dfe7586\" data-id=\"dfe7586\" data-element_type=\"column\">\n\t\t\t<div class=\"elementor-column-wrap elementor-element-populated\">\n\t\t\t\t\t\t\t<div class=\"elementor-widget-wrap\">\n\t\t\t\t\t\t<div class=\"elementor-element elementor-element-b5c6844 elementor-widget elementor-widget-text-editor\" data-id=\"b5c6844\" data-element_type=\"widget\" data-widget_type=\"text-editor.default\">\n\t\t\t\t<div class=\"elementor-widget-container\">\n\t\t\t\t\t\t\t\t<div class=\"elementor-text-editor elementor-clearfix\">\n\t\t\t\t<p><span style=\"white-space-collapse: preserve;\">Via dell\u2019Impresa, Brendola (VI), Italia, 36040 <\/span><\/p>\t\t\t\t\t<\/div>\n\t\t\t\t\t\t<\/div>\n\t\t\t\t<\/div>\n\t\t\t\t<div class=\"elementor-element elementor-element-90ec1bf elementor-widget elementor-widget-text-editor\" data-id=\"90ec1bf\" data-element_type=\"widget\" data-widget_type=\"text-editor.default\">\n\t\t\t\t<div class=\"elementor-widget-container\">\n\t\t\t\t\t\t\t\t<div class=\"elementor-text-editor elementor-clearfix\">\n\t\t\t\t<p><span style=\"font-weight: bold;\">C\u00d3MO LLEGAR<\/span><\/p><p><span style=\"font-weight: bold;\">En coche<\/span><br \/>salida MONTECCHIO MAGGIORE de la autopista A4 Mil\u00e1n &#8211; Venecia, direcci\u00f3n Lonigo. Despu\u00e9s de 5 km, LAMBDA est\u00e1 frente a la estaci\u00f3n de servicio.<\/p><p><span style=\"font-weight: bold;\">En tren<\/span><br \/>La estaci\u00f3n m\u00e1s cercana es Vicenza.<\/p><p><span style=\"font-weight: bold;\">En avi\u00f3n<\/span><br \/>Los aeropuertos m\u00e1s cercanos son:<br \/>&#8211; Verona (40 km)<br \/>&#8211; Venecia (50 km)<br \/>&#8211; Treviso (50 km)<br \/>&#8211; B\u00e9rgamo (150 km)<br \/>&#8211; Mil\u00e1n Lin \/ Mpx (200\/230 km)<\/p>\t\t\t\t\t<\/div>\n\t\t\t\t\t\t<\/div>\n\t\t\t\t<\/div>\n\t\t\t\t\t\t<\/div>\n\t\t\t\t\t<\/div>\n\t\t<\/div>\n\t\t\t\t\t\t\t\t<\/div>\n\t\t\t\t\t<\/div>\n\t\t<\/section>\n\t\t\t\t\t\t<\/div>\n\t\t\t\t\t<\/div>\n\t\t<\/div>\n\t\t\t\t\t\t\t\t<\/div>\n\t\t\t\t\t<\/div>\n\t\t<\/section>\n\t\t\t\t\t\t\t\t\t<\/div>\n\t\t\t<\/div>\n\t\t\t\t\t<\/div>\n\t\t","protected":false},"excerpt":{"rendered":"<p>Contacta con nosotros Doctor Smile es una l\u00ednea de productos de Lambda S.p.A. Nuestras oficinas est\u00e1n abiertas de lunes a viernes, de 8:30 a 13:00 y de 14:00 a 17:30. Tel. +39 0444 349165 Fax +39 0444 349954 Email: info@doctor-smile.com Asistencia t\u00e9cnica: service@lambdaspa.com FOLLOW US! Facebook Instagram Youtube Linkedin Via dell\u2019Impresa, Brendola (VI), Italia, 36040 &#8230; <a title=\"Contactos\" class=\"read-more\" href=\"https:\/\/www.doctor-smile.com\/es\/contactos\/\" aria-label=\"M\u00e1s en Contactos\">Leer m\u00e1s<\/a><\/p>\n","protected":false},"author":8,"featured_media":0,"parent":0,"menu_order":0,"comment_status":"closed","ping_status":"closed","template":"","meta":{"content-type":"","footnotes":""},"class_list":["post-8419","page","type-page","status-publish"],"yoast_head":"<!-- This site is optimized with the Yoast SEO plugin v27.3 - https:\/\/yoast.com\/product\/yoast-seo-wordpress\/ -->\n<title>Contactos - DOCTOR SMILE<\/title>\n<meta name=\"robots\" content=\"index, follow, max-snippet:-1, max-image-preview:large, max-video-preview:-1\" \/>\n<link rel=\"canonical\" href=\"https:\/\/www.doctor-smile.com\/es\/contactos\/\" \/>\n<meta property=\"og:locale\" content=\"es_ES\" \/>\n<meta property=\"og:type\" content=\"article\" \/>\n<meta property=\"og:title\" content=\"Contactos - DOCTOR SMILE\" \/>\n<meta property=\"og:description\" content=\"Contacta con nosotros Doctor Smile es una l\u00ednea de productos de Lambda S.p.A. Nuestras oficinas est\u00e1n abiertas de lunes a viernes, de 8:30 a 13:00 y de 14:00 a 17:30. Tel. +39 0444 349165 Fax +39 0444 349954 Email: info@doctor-smile.com Asistencia t\u00e9cnica: service@lambdaspa.com FOLLOW US! Facebook Instagram Youtube Linkedin Via dell\u2019Impresa, Brendola (VI), Italia, 36040 ... Leer m\u00e1s\" \/>\n<meta property=\"og:url\" content=\"https:\/\/www.doctor-smile.com\/es\/contactos\/\" \/>\n<meta property=\"og:site_name\" content=\"DOCTOR SMILE\" \/>\n<meta property=\"article:publisher\" content=\"https:\/\/www.facebook.com\/DoctorSmileTM\/\" \/>\n<meta property=\"article:modified_time\" content=\"2024-05-30T10:09:13+00:00\" \/>\n<meta name=\"twitter:card\" content=\"summary_large_image\" \/>\n<script type=\"application\/ld+json\" class=\"yoast-schema-graph\">{\"@context\":\"https:\\\/\\\/schema.org\",\"@graph\":[{\"@type\":\"WebPage\",\"@id\":\"https:\\\/\\\/www.doctor-smile.com\\\/es\\\/contactos\\\/\",\"url\":\"https:\\\/\\\/www.doctor-smile.com\\\/es\\\/contactos\\\/\",\"name\":\"Contactos - DOCTOR SMILE\",\"isPartOf\":{\"@id\":\"https:\\\/\\\/www.doctor-smile.com\\\/es\\\/#website\"},\"datePublished\":\"2021-04-04T08:00:17+00:00\",\"dateModified\":\"2024-05-30T10:09:13+00:00\",\"breadcrumb\":{\"@id\":\"https:\\\/\\\/www.doctor-smile.com\\\/es\\\/contactos\\\/#breadcrumb\"},\"inLanguage\":\"es\",\"potentialAction\":[{\"@type\":\"ReadAction\",\"target\":[\"https:\\\/\\\/www.doctor-smile.com\\\/es\\\/contactos\\\/\"]}]},{\"@type\":\"BreadcrumbList\",\"@id\":\"https:\\\/\\\/www.doctor-smile.com\\\/es\\\/contactos\\\/#breadcrumb\",\"itemListElement\":[{\"@type\":\"ListItem\",\"position\":1,\"name\":\"Home\",\"item\":\"https:\\\/\\\/www.doctor-smile.com\\\/es\\\/\"},{\"@type\":\"ListItem\",\"position\":2,\"name\":\"Contactos\"}]},{\"@type\":\"WebSite\",\"@id\":\"https:\\\/\\\/www.doctor-smile.com\\\/es\\\/#website\",\"url\":\"https:\\\/\\\/www.doctor-smile.com\\\/es\\\/\",\"name\":\"DOCTOR SMILE\",\"description\":\"Tecnologia Laser Odontoiatrica\",\"publisher\":{\"@id\":\"https:\\\/\\\/www.doctor-smile.com\\\/es\\\/#organization\"},\"potentialAction\":[{\"@type\":\"SearchAction\",\"target\":{\"@type\":\"EntryPoint\",\"urlTemplate\":\"https:\\\/\\\/www.doctor-smile.com\\\/es\\\/?s={search_term_string}\"},\"query-input\":{\"@type\":\"PropertyValueSpecification\",\"valueRequired\":true,\"valueName\":\"search_term_string\"}}],\"inLanguage\":\"es\"},{\"@type\":\"Organization\",\"@id\":\"https:\\\/\\\/www.doctor-smile.com\\\/es\\\/#organization\",\"name\":\"Doctor-Smile\",\"url\":\"https:\\\/\\\/www.doctor-smile.com\\\/es\\\/\",\"logo\":{\"@type\":\"ImageObject\",\"inLanguage\":\"es\",\"@id\":\"https:\\\/\\\/www.doctor-smile.com\\\/es\\\/#\\\/schema\\\/logo\\\/image\\\/\",\"url\":\"https:\\\/\\\/www.doctor-smile.com\\\/wp-content\\\/uploads\\\/2021\\\/02\\\/Logo-Doctor-Smile-1.png\",\"contentUrl\":\"https:\\\/\\\/www.doctor-smile.com\\\/wp-content\\\/uploads\\\/2021\\\/02\\\/Logo-Doctor-Smile-1.png\",\"width\":1757,\"height\":667,\"caption\":\"Doctor-Smile\"},\"image\":{\"@id\":\"https:\\\/\\\/www.doctor-smile.com\\\/es\\\/#\\\/schema\\\/logo\\\/image\\\/\"},\"sameAs\":[\"https:\\\/\\\/www.facebook.com\\\/DoctorSmileTM\\\/\",\"https:\\\/\\\/www.instagram.com\\\/doctorsmiledentallaser\\\/\",\"https:\\\/\\\/www.youtube.com\\\/user\\\/doctorsmile1\\\/\"]}]}<\/script>\n<!-- \/ Yoast SEO plugin. -->","yoast_head_json":{"title":"Contactos - DOCTOR SMILE","robots":{"index":"index","follow":"follow","max-snippet":"max-snippet:-1","max-image-preview":"max-image-preview:large","max-video-preview":"max-video-preview:-1"},"canonical":"https:\/\/www.doctor-smile.com\/es\/contactos\/","og_locale":"es_ES","og_type":"article","og_title":"Contactos - DOCTOR SMILE","og_description":"Contacta con nosotros Doctor Smile es una l\u00ednea de productos de Lambda S.p.A. Nuestras oficinas est\u00e1n abiertas de lunes a viernes, de 8:30 a 13:00 y de 14:00 a 17:30. Tel. +39 0444 349165 Fax +39 0444 349954 Email: info@doctor-smile.com Asistencia t\u00e9cnica: service@lambdaspa.com FOLLOW US! Facebook Instagram Youtube Linkedin Via dell\u2019Impresa, Brendola (VI), Italia, 36040 ... Leer m\u00e1s","og_url":"https:\/\/www.doctor-smile.com\/es\/contactos\/","og_site_name":"DOCTOR SMILE","article_publisher":"https:\/\/www.facebook.com\/DoctorSmileTM\/","article_modified_time":"2024-05-30T10:09:13+00:00","twitter_card":"summary_large_image","schema":{"@context":"https:\/\/schema.org","@graph":[{"@type":"WebPage","@id":"https:\/\/www.doctor-smile.com\/es\/contactos\/","url":"https:\/\/www.doctor-smile.com\/es\/contactos\/","name":"Contactos - DOCTOR SMILE","isPartOf":{"@id":"https:\/\/www.doctor-smile.com\/es\/#website"},"datePublished":"2021-04-04T08:00:17+00:00","dateModified":"2024-05-30T10:09:13+00:00","breadcrumb":{"@id":"https:\/\/www.doctor-smile.com\/es\/contactos\/#breadcrumb"},"inLanguage":"es","potentialAction":[{"@type":"ReadAction","target":["https:\/\/www.doctor-smile.com\/es\/contactos\/"]}]},{"@type":"BreadcrumbList","@id":"https:\/\/www.doctor-smile.com\/es\/contactos\/#breadcrumb","itemListElement":[{"@type":"ListItem","position":1,"name":"Home","item":"https:\/\/www.doctor-smile.com\/es\/"},{"@type":"ListItem","position":2,"name":"Contactos"}]},{"@type":"WebSite","@id":"https:\/\/www.doctor-smile.com\/es\/#website","url":"https:\/\/www.doctor-smile.com\/es\/","name":"DOCTOR SMILE","description":"Tecnologia Laser Odontoiatrica","publisher":{"@id":"https:\/\/www.doctor-smile.com\/es\/#organization"},"potentialAction":[{"@type":"SearchAction","target":{"@type":"EntryPoint","urlTemplate":"https:\/\/www.doctor-smile.com\/es\/?s={search_term_string}"},"query-input":{"@type":"PropertyValueSpecification","valueRequired":true,"valueName":"search_term_string"}}],"inLanguage":"es"},{"@type":"Organization","@id":"https:\/\/www.doctor-smile.com\/es\/#organization","name":"Doctor-Smile","url":"https:\/\/www.doctor-smile.com\/es\/","logo":{"@type":"ImageObject","inLanguage":"es","@id":"https:\/\/www.doctor-smile.com\/es\/#\/schema\/logo\/image\/","url":"https:\/\/www.doctor-smile.com\/wp-content\/uploads\/2021\/02\/Logo-Doctor-Smile-1.png","contentUrl":"https:\/\/www.doctor-smile.com\/wp-content\/uploads\/2021\/02\/Logo-Doctor-Smile-1.png","width":1757,"height":667,"caption":"Doctor-Smile"},"image":{"@id":"https:\/\/www.doctor-smile.com\/es\/#\/schema\/logo\/image\/"},"sameAs":["https:\/\/www.facebook.com\/DoctorSmileTM\/","https:\/\/www.instagram.com\/doctorsmiledentallaser\/","https:\/\/www.youtube.com\/user\/doctorsmile1\/"]}]}},"_links":{"self":[{"href":"https:\/\/www.doctor-smile.com\/es\/wp-json\/wp\/v2\/pages\/8419","targetHints":{"allow":["GET"]}}],"collection":[{"href":"https:\/\/www.doctor-smile.com\/es\/wp-json\/wp\/v2\/pages"}],"about":[{"href":"https:\/\/www.doctor-smile.com\/es\/wp-json\/wp\/v2\/types\/page"}],"author":[{"embeddable":true,"href":"https:\/\/www.doctor-smile.com\/es\/wp-json\/wp\/v2\/users\/8"}],"replies":[{"embeddable":true,"href":"https:\/\/www.doctor-smile.com\/es\/wp-json\/wp\/v2\/comments?post=8419"}],"version-history":[{"count":20,"href":"https:\/\/www.doctor-smile.com\/es\/wp-json\/wp\/v2\/pages\/8419\/revisions"}],"predecessor-version":[{"id":22778,"href":"https:\/\/www.doctor-smile.com\/es\/wp-json\/wp\/v2\/pages\/8419\/revisions\/22778"}],"wp:attachment":[{"href":"https:\/\/www.doctor-smile.com\/es\/wp-json\/wp\/v2\/media?parent=8419"}],"curies":[{"name":"wp","href":"https:\/\/api.w.org\/{rel}","templated":true}]}}