{"id":13125,"date":"2021-06-15T17:31:34","date_gmt":"2021-06-15T15:31:34","guid":{"rendered":"https:\/\/www.doctor-smile.com\/sealver-gel\/"},"modified":"2024-12-09T10:23:32","modified_gmt":"2024-12-09T09:23:32","slug":"sealver-gel","status":"publish","type":"page","link":"https:\/\/www.doctor-smile.com\/fr\/sealver-gel\/","title":{"rendered":"Sealver GEL"},"content":{"rendered":"\t\t<div data-elementor-type=\"wp-page\" data-elementor-id=\"13125\" class=\"elementor elementor-13125 elementor-3846\">\n\t\t\t\t\t\t<div class=\"elementor-inner\">\n\t\t\t\t<div class=\"elementor-section-wrap\">\n\t\t\t\t\t\t\t\t\t<section class=\"elementor-section elementor-top-section elementor-element elementor-element-dc91599 elementor-section-boxed elementor-section-height-default elementor-section-height-default\" data-id=\"dc91599\" data-element_type=\"section\" data-settings=\"{&quot;_ha_eqh_enable&quot;:false}\">\n\t\t\t\t\t\t<div class=\"elementor-container elementor-column-gap-default\">\n\t\t\t\t\t\t\t<div class=\"elementor-row\">\n\t\t\t\t\t<div class=\"elementor-column elementor-col-100 elementor-top-column elementor-element elementor-element-094cf4e\" data-id=\"094cf4e\" data-element_type=\"column\">\n\t\t\t<div class=\"elementor-column-wrap elementor-element-populated\">\n\t\t\t\t\t\t\t<div class=\"elementor-widget-wrap\">\n\t\t\t\t\t\t<div class=\"elementor-element elementor-element-956c3a8 elementor-widget elementor-widget-image\" data-id=\"956c3a8\" data-element_type=\"widget\" data-widget_type=\"image.default\">\n\t\t\t\t<div class=\"elementor-widget-container\">\n\t\t\t\t\t\t\t\t<div class=\"elementor-image\">\n\t\t\t\t\t\t\t\t\t\t\t\t<img loading=\"lazy\" decoding=\"async\" width=\"256\" height=\"59\" src=\"https:\/\/www.doctor-smile.com\/wp-content\/uploads\/2024\/12\/Logo-SEALVER-NEW.png\" class=\"attachment-large size-large\" alt=\"\" \/>\t\t\t\t\t\t\t\t\t\t\t\t\t\t<\/div>\n\t\t\t\t\t\t<\/div>\n\t\t\t\t<\/div>\n\t\t\t\t<div class=\"elementor-element elementor-element-9d5d16b elementor-widget elementor-widget-heading\" data-id=\"9d5d16b\" data-element_type=\"widget\" data-widget_type=\"heading.default\">\n\t\t\t\t<div class=\"elementor-widget-container\">\n\t\t\t<p class=\"elementor-heading-title elementor-size-default\">Sensitive Professional Repair<\/p>\t\t<\/div>\n\t\t\t\t<\/div>\n\t\t\t\t\t\t<\/div>\n\t\t\t\t\t<\/div>\n\t\t<\/div>\n\t\t\t\t\t\t\t\t<\/div>\n\t\t\t\t\t<\/div>\n\t\t<\/section>\n\t\t\t\t<section class=\"elementor-section elementor-top-section elementor-element elementor-element-41228e3 elementor-section-boxed elementor-section-height-default elementor-section-height-default\" data-id=\"41228e3\" data-element_type=\"section\" data-settings=\"{&quot;_ha_eqh_enable&quot;:false}\">\n\t\t\t\t\t\t<div class=\"elementor-container elementor-column-gap-default\">\n\t\t\t\t\t\t\t<div class=\"elementor-row\">\n\t\t\t\t\t<div class=\"elementor-column elementor-col-100 elementor-top-column elementor-element elementor-element-bb6e37a\" data-id=\"bb6e37a\" data-element_type=\"column\">\n\t\t\t<div class=\"elementor-column-wrap elementor-element-populated\">\n\t\t\t\t\t\t\t<div class=\"elementor-widget-wrap\">\n\t\t\t\t\t\t<section class=\"elementor-section elementor-inner-section elementor-element elementor-element-f3de381 elementor-section-boxed elementor-section-height-default elementor-section-height-default\" data-id=\"f3de381\" data-element_type=\"section\" data-settings=\"{&quot;_ha_eqh_enable&quot;:false}\">\n\t\t\t\t\t\t<div class=\"elementor-container elementor-column-gap-default\">\n\t\t\t\t\t\t\t<div class=\"elementor-row\">\n\t\t\t\t\t<div class=\"elementor-column elementor-col-100 elementor-inner-column elementor-element elementor-element-da544d2\" data-id=\"da544d2\" data-element_type=\"column\">\n\t\t\t<div class=\"elementor-column-wrap elementor-element-populated\">\n\t\t\t\t\t\t\t<div class=\"elementor-widget-wrap\">\n\t\t\t\t\t\t<div class=\"elementor-element elementor-element-73c214e animated-slow elementor-invisible elementor-widget elementor-widget-image\" data-id=\"73c214e\" data-element_type=\"widget\" data-settings=\"{&quot;_animation&quot;:&quot;bounceInLeft&quot;}\" data-widget_type=\"image.default\">\n\t\t\t\t<div class=\"elementor-widget-container\">\n\t\t\t\t\t\t\t\t<div class=\"elementor-image\">\n\t\t\t\t\t\t\t\t\t\t\t\t<img loading=\"lazy\" decoding=\"async\" width=\"900\" height=\"956\" src=\"https:\/\/www.doctor-smile.com\/wp-content\/uploads\/2024\/12\/PACK-SEALVER-NEW.png\" class=\"attachment-large size-large\" alt=\"\" srcset=\"https:\/\/www.doctor-smile.com\/wp-content\/uploads\/2024\/12\/PACK-SEALVER-NEW.png 900w, https:\/\/www.doctor-smile.com\/wp-content\/uploads\/2024\/12\/PACK-SEALVER-NEW-282x300.png 282w, https:\/\/www.doctor-smile.com\/wp-content\/uploads\/2024\/12\/PACK-SEALVER-NEW-768x816.png 768w\" sizes=\"auto, (max-width: 900px) 100vw, 900px\" \/>\t\t\t\t\t\t\t\t\t\t\t\t\t\t<\/div>\n\t\t\t\t\t\t<\/div>\n\t\t\t\t<\/div>\n\t\t\t\t<div class=\"elementor-element elementor-element-613d025 elementor-widget elementor-widget-text-editor\" data-id=\"613d025\" data-element_type=\"widget\" data-widget_type=\"text-editor.default\">\n\t\t\t\t<div class=\"elementor-widget-container\">\n\t\t\t\t\t\t\t\t<div class=\"elementor-text-editor elementor-clearfix\">\n\t\t\t\t<span style=\"color: #2d2e2b;\"> ADIEU \u00c0 LA <\/span> <br>\n<span style=\"background: #69C0AC; color: #ffffff;\"> SENSIBILIT\u00c9 DENTINAIRE <\/span>\t\t\t\t\t<\/div>\n\t\t\t\t\t\t<\/div>\n\t\t\t\t<\/div>\n\t\t\t\t<div class=\"elementor-element elementor-element-8cc458e elementor-widget elementor-widget-text-editor\" data-id=\"8cc458e\" data-element_type=\"widget\" data-widget_type=\"text-editor.default\">\n\t\t\t\t<div class=\"elementor-widget-container\">\n\t\t\t\t\t\t\t\t<div class=\"elementor-text-editor elementor-clearfix\">\n\t\t\t\t<section><p style=\"text-align: left;\">Avec Sealver GEL, il est possible de faire oublier aux patients cet inconfort en seulement 3 minutes : gr\u00e2ce \u00e0 son action localis\u00e9e, le gel activ\u00e9 par l&#8217;\u00e9nergie laser d\u00e9sensibilise et scelle les tubules dentinaires responsables de ce d\u00e9sagr\u00e9ment, prot\u00e9geant l&#8217;\u00e9mail et la dentine de l&#8217;inconfort douloureux. L\u2019avantage de Sealver GEL est imm\u00e9diat et transmet la s\u00e9r\u00e9nit\u00e9 au patient gr\u00e2ce \u00e0 un traitement tr\u00e8s court. Un service suppl\u00e9mentaire qui peut faire la diff\u00e9rence m\u00eame dans les \u00e9tapes ult\u00e9rieures de blanchiment dentaire.<\/p><\/section><p><strong style=\"color: #69c0ac;\">Libre de l&#8217;hypersensibilit\u00e9 dentinaire en seulement 3 minutes.<\/strong><\/p><p>Chaque emballage contient:<\/p><ul><li>1 Seringue Sealver gel 2ml cr\u00e8me apr\u00e8s traitement blanchissant go\u00fbt menthe poivr\u00e9e<\/li><li>1 Mode d&#8217;emploi\u00a0<\/li><\/ul>\t\t\t\t\t<\/div>\n\t\t\t\t\t\t<\/div>\n\t\t\t\t<\/div>\n\t\t\t\t<div class=\"elementor-element elementor-element-8cacb21 animated-slow elementor-invisible elementor-widget elementor-widget-image\" data-id=\"8cacb21\" data-element_type=\"widget\" data-settings=\"{&quot;_animation&quot;:&quot;slideInLeft&quot;,&quot;_animation_delay&quot;:10}\" data-widget_type=\"image.default\">\n\t\t\t\t<div class=\"elementor-widget-container\">\n\t\t\t\t\t\t\t\t<div class=\"elementor-image\">\n\t\t\t\t\t\t\t\t\t\t\t\t<img loading=\"lazy\" decoding=\"async\" width=\"730\" height=\"373\" src=\"https:\/\/www.doctor-smile.com\/wp-content\/uploads\/2024\/12\/young-woman-with-color-hair-with-ice-cream.jpg\" class=\"attachment-large size-large\" alt=\"\" srcset=\"https:\/\/www.doctor-smile.com\/wp-content\/uploads\/2024\/12\/young-woman-with-color-hair-with-ice-cream.jpg 730w, https:\/\/www.doctor-smile.com\/wp-content\/uploads\/2024\/12\/young-woman-with-color-hair-with-ice-cream-300x153.jpg 300w\" sizes=\"auto, (max-width: 730px) 100vw, 730px\" \/>\t\t\t\t\t\t\t\t\t\t\t\t\t\t<\/div>\n\t\t\t\t\t\t<\/div>\n\t\t\t\t<\/div>\n\t\t\t\t\t\t<\/div>\n\t\t\t\t\t<\/div>\n\t\t<\/div>\n\t\t\t\t\t\t\t\t<\/div>\n\t\t\t\t\t<\/div>\n\t\t<\/section>\n\t\t\t\t\t\t<\/div>\n\t\t\t\t\t<\/div>\n\t\t<\/div>\n\t\t\t\t\t\t\t\t<\/div>\n\t\t\t\t\t<\/div>\n\t\t<\/section>\n\t\t\t\t<section class=\"elementor-section elementor-top-section elementor-element elementor-element-3019841 elementor-section-boxed elementor-section-height-default elementor-section-height-default\" data-id=\"3019841\" data-element_type=\"section\" data-settings=\"{&quot;_ha_eqh_enable&quot;:false}\">\n\t\t\t\t\t\t<div class=\"elementor-container elementor-column-gap-default\">\n\t\t\t\t\t\t\t<div class=\"elementor-row\">\n\t\t\t\t\t<div class=\"elementor-column elementor-col-100 elementor-top-column elementor-element elementor-element-b0b3950\" data-id=\"b0b3950\" data-element_type=\"column\">\n\t\t\t<div class=\"elementor-column-wrap elementor-element-populated\">\n\t\t\t\t\t\t\t<div class=\"elementor-widget-wrap\">\n\t\t\t\t\t\t<div class=\"elementor-element elementor-element-fb10603 elementor-cta--skin-cover elementor-animated-content elementor-bg-transform elementor-bg-transform-zoom-in elementor-widget elementor-widget-call-to-action\" data-id=\"fb10603\" data-element_type=\"widget\" data-widget_type=\"call-to-action.default\">\n\t\t\t\t<div class=\"elementor-widget-container\">\n\t\t\t\t\t<div class=\"elementor-cta\">\n\t\t\t\t\t<div class=\"elementor-cta__bg-wrapper\">\n\t\t\t\t<div class=\"elementor-cta__bg elementor-bg\" style=\"background-image: url(https:\/\/www.doctor-smile.com\/wp-content\/uploads\/2024\/12\/SEALVER-NEW.jpg);\"><\/div>\n\t\t\t\t<div class=\"elementor-cta__bg-overlay\"><\/div>\n\t\t\t<\/div>\n\t\t\t\t\t\t\t<div class=\"elementor-cta__content\">\n\t\t\t\t\n\t\t\t\t\n\t\t\t\t\n\t\t\t\t\t\t\t\t\t<div class=\"elementor-cta__button-wrapper elementor-cta__content-item elementor-content-item elementor-animated-item--enter-from-bottom\">\n\t\t\t\t\t<a class=\"elementor-cta__button elementor-button elementor-size-md\" href=\"https:\/\/www.doctor-smile.com\/wp-content\/uploads\/2024\/12\/AMDP004FR.00-DEPLIANT-SEALVER-GEL-online.pdf\" target=\"_blank\">\n\t\t\t\t\t\tT\u00e9l\u00e9chargez la brochure\t\t\t\t\t<\/a>\n\t\t\t\t\t<\/div>\n\t\t\t\t\t\t\t<\/div>\n\t\t\t\t\t\t<\/div>\n\t\t\t\t<\/div>\n\t\t\t\t<\/div>\n\t\t\t\t<div class=\"elementor-element elementor-element-5021369 elementor-cta--skin-classic elementor-animated-content elementor-bg-transform elementor-bg-transform-zoom-in elementor-widget elementor-widget-call-to-action\" data-id=\"5021369\" data-element_type=\"widget\" data-widget_type=\"call-to-action.default\">\n\t\t\t\t<div class=\"elementor-widget-container\">\n\t\t\t\t\t<div class=\"elementor-cta\">\n\t\t\t\t\t\t\t<div class=\"elementor-cta__content\">\n\t\t\t\t\n\t\t\t\t<h4 class=\"elementor-cta__title elementor-cta__content-item elementor-content-item\">D\u00e9couvrez ce que vous pouvez faire avec Sealver GEL<\/h4>\n\t\t\t\t\n\t\t\t\t\t\t\t\t\t<div class=\"elementor-cta__button-wrapper elementor-cta__content-item elementor-content-item \">\n\t\t\t\t\t<a class=\"elementor-cta__button elementor-button elementor-size-md\" href=\"https:\/\/www.doctor-smile.com\/fr\/contacts\/\">\n\t\t\t\t\t\tContactez-nous\t\t\t\t\t<\/a>\n\t\t\t\t\t<\/div>\n\t\t\t\t\t\t\t<\/div>\n\t\t\t\t\t\t<\/div>\n\t\t\t\t<\/div>\n\t\t\t\t<\/div>\n\t\t\t\t\t\t<\/div>\n\t\t\t\t\t<\/div>\n\t\t<\/div>\n\t\t\t\t\t\t\t\t<\/div>\n\t\t\t\t\t<\/div>\n\t\t<\/section>\n\t\t\t\t\t\t\t\t\t<\/div>\n\t\t\t<\/div>\n\t\t\t\t\t<\/div>\n\t\t","protected":false},"excerpt":{"rendered":"<p>Sensitive Professional Repair ADIEU \u00c0 LA SENSIBILIT\u00c9 DENTINAIRE Avec Sealver GEL, il est possible de faire oublier aux patients cet inconfort en seulement 3 minutes : gr\u00e2ce \u00e0 son action localis\u00e9e, le gel activ\u00e9 par l&#8217;\u00e9nergie laser d\u00e9sensibilise et scelle les tubules dentinaires responsables de ce d\u00e9sagr\u00e9ment, prot\u00e9geant l&#8217;\u00e9mail et la dentine de l&#8217;inconfort douloureux. &#8230; <a title=\"Sealver GEL\" class=\"read-more\" href=\"https:\/\/www.doctor-smile.com\/fr\/sealver-gel\/\" aria-label=\"Plus sur Sealver GEL\">Lire plus<\/a><\/p>\n","protected":false},"author":8,"featured_media":0,"parent":0,"menu_order":0,"comment_status":"closed","ping_status":"closed","template":"","meta":{"content-type":"","footnotes":""},"class_list":["post-13125","page","type-page","status-publish"],"yoast_head":"<!-- This site is optimized with the Yoast SEO plugin v27.4 - https:\/\/yoast.com\/product\/yoast-seo-wordpress\/ -->\n<title>Sealver GEL - DOCTOR SMILE<\/title>\n<meta name=\"description\" content=\"Sealver gel est adapt\u00e9 pour ceux qui sont sensibles. Avec le traitement de d\u00e9sensibilisation Sealver gel vous mordre tout!\" \/>\n<meta name=\"robots\" content=\"index, follow, max-snippet:-1, max-image-preview:large, max-video-preview:-1\" \/>\n<link rel=\"canonical\" href=\"https:\/\/www.doctor-smile.com\/fr\/sealver-gel\/\" \/>\n<meta property=\"og:locale\" content=\"fr_FR\" \/>\n<meta property=\"og:type\" content=\"article\" \/>\n<meta property=\"og:title\" content=\"Sealver GEL - DOCTOR SMILE\" \/>\n<meta property=\"og:description\" content=\"Sealver gel est adapt\u00e9 pour ceux qui sont sensibles. Avec le traitement de d\u00e9sensibilisation Sealver gel vous mordre tout!\" \/>\n<meta property=\"og:url\" content=\"https:\/\/www.doctor-smile.com\/fr\/sealver-gel\/\" \/>\n<meta property=\"og:site_name\" content=\"DOCTOR SMILE\" \/>\n<meta property=\"article:publisher\" content=\"https:\/\/www.facebook.com\/DoctorSmileTM\/\" \/>\n<meta property=\"article:modified_time\" content=\"2024-12-09T09:23:32+00:00\" \/>\n<meta property=\"og:image\" content=\"https:\/\/www.doctor-smile.com\/wp-content\/uploads\/2024\/12\/Logo-SEALVER-NEW.png\" \/>\n<meta name=\"twitter:card\" content=\"summary_large_image\" \/>\n<script type=\"application\/ld+json\" class=\"yoast-schema-graph\">{\"@context\":\"https:\\\/\\\/schema.org\",\"@graph\":[{\"@type\":\"WebPage\",\"@id\":\"https:\\\/\\\/www.doctor-smile.com\\\/fr\\\/sealver-gel\\\/\",\"url\":\"https:\\\/\\\/www.doctor-smile.com\\\/fr\\\/sealver-gel\\\/\",\"name\":\"Sealver GEL - DOCTOR SMILE\",\"isPartOf\":{\"@id\":\"https:\\\/\\\/www.doctor-smile.com\\\/fr\\\/#website\"},\"primaryImageOfPage\":{\"@id\":\"https:\\\/\\\/www.doctor-smile.com\\\/fr\\\/sealver-gel\\\/#primaryimage\"},\"image\":{\"@id\":\"https:\\\/\\\/www.doctor-smile.com\\\/fr\\\/sealver-gel\\\/#primaryimage\"},\"thumbnailUrl\":\"https:\\\/\\\/www.doctor-smile.com\\\/wp-content\\\/uploads\\\/2024\\\/12\\\/Logo-SEALVER-NEW.png\",\"datePublished\":\"2021-06-15T15:31:34+00:00\",\"dateModified\":\"2024-12-09T09:23:32+00:00\",\"description\":\"Sealver gel est adapt\u00e9 pour ceux qui sont sensibles. Avec le traitement de d\u00e9sensibilisation Sealver gel vous mordre tout!\",\"breadcrumb\":{\"@id\":\"https:\\\/\\\/www.doctor-smile.com\\\/fr\\\/sealver-gel\\\/#breadcrumb\"},\"inLanguage\":\"fr-FR\",\"potentialAction\":[{\"@type\":\"ReadAction\",\"target\":[\"https:\\\/\\\/www.doctor-smile.com\\\/fr\\\/sealver-gel\\\/\"]}]},{\"@type\":\"ImageObject\",\"inLanguage\":\"fr-FR\",\"@id\":\"https:\\\/\\\/www.doctor-smile.com\\\/fr\\\/sealver-gel\\\/#primaryimage\",\"url\":\"https:\\\/\\\/www.doctor-smile.com\\\/wp-content\\\/uploads\\\/2024\\\/12\\\/Logo-SEALVER-NEW.png\",\"contentUrl\":\"https:\\\/\\\/www.doctor-smile.com\\\/wp-content\\\/uploads\\\/2024\\\/12\\\/Logo-SEALVER-NEW.png\"},{\"@type\":\"BreadcrumbList\",\"@id\":\"https:\\\/\\\/www.doctor-smile.com\\\/fr\\\/sealver-gel\\\/#breadcrumb\",\"itemListElement\":[{\"@type\":\"ListItem\",\"position\":1,\"name\":\"Home\",\"item\":\"https:\\\/\\\/www.doctor-smile.com\\\/fr\\\/\"},{\"@type\":\"ListItem\",\"position\":2,\"name\":\"Sealver GEL\"}]},{\"@type\":\"WebSite\",\"@id\":\"https:\\\/\\\/www.doctor-smile.com\\\/fr\\\/#website\",\"url\":\"https:\\\/\\\/www.doctor-smile.com\\\/fr\\\/\",\"name\":\"DOCTOR SMILE\",\"description\":\"Tecnologia Laser Odontoiatrica\",\"publisher\":{\"@id\":\"https:\\\/\\\/www.doctor-smile.com\\\/fr\\\/#organization\"},\"potentialAction\":[{\"@type\":\"SearchAction\",\"target\":{\"@type\":\"EntryPoint\",\"urlTemplate\":\"https:\\\/\\\/www.doctor-smile.com\\\/fr\\\/?s={search_term_string}\"},\"query-input\":{\"@type\":\"PropertyValueSpecification\",\"valueRequired\":true,\"valueName\":\"search_term_string\"}}],\"inLanguage\":\"fr-FR\"},{\"@type\":\"Organization\",\"@id\":\"https:\\\/\\\/www.doctor-smile.com\\\/fr\\\/#organization\",\"name\":\"Doctor-Smile\",\"url\":\"https:\\\/\\\/www.doctor-smile.com\\\/fr\\\/\",\"logo\":{\"@type\":\"ImageObject\",\"inLanguage\":\"fr-FR\",\"@id\":\"https:\\\/\\\/www.doctor-smile.com\\\/fr\\\/#\\\/schema\\\/logo\\\/image\\\/\",\"url\":\"https:\\\/\\\/www.doctor-smile.com\\\/wp-content\\\/uploads\\\/2021\\\/02\\\/Logo-Doctor-Smile-1.png\",\"contentUrl\":\"https:\\\/\\\/www.doctor-smile.com\\\/wp-content\\\/uploads\\\/2021\\\/02\\\/Logo-Doctor-Smile-1.png\",\"width\":1757,\"height\":667,\"caption\":\"Doctor-Smile\"},\"image\":{\"@id\":\"https:\\\/\\\/www.doctor-smile.com\\\/fr\\\/#\\\/schema\\\/logo\\\/image\\\/\"},\"sameAs\":[\"https:\\\/\\\/www.facebook.com\\\/DoctorSmileTM\\\/\",\"https:\\\/\\\/www.instagram.com\\\/doctorsmiledentallaser\\\/\",\"https:\\\/\\\/www.youtube.com\\\/user\\\/doctorsmile1\\\/\"]}]}<\/script>\n<!-- \/ Yoast SEO plugin. -->","yoast_head_json":{"title":"Sealver GEL - DOCTOR SMILE","description":"Sealver gel est adapt\u00e9 pour ceux qui sont sensibles. Avec le traitement de d\u00e9sensibilisation Sealver gel vous mordre tout!","robots":{"index":"index","follow":"follow","max-snippet":"max-snippet:-1","max-image-preview":"max-image-preview:large","max-video-preview":"max-video-preview:-1"},"canonical":"https:\/\/www.doctor-smile.com\/fr\/sealver-gel\/","og_locale":"fr_FR","og_type":"article","og_title":"Sealver GEL - DOCTOR SMILE","og_description":"Sealver gel est adapt\u00e9 pour ceux qui sont sensibles. Avec le traitement de d\u00e9sensibilisation Sealver gel vous mordre tout!","og_url":"https:\/\/www.doctor-smile.com\/fr\/sealver-gel\/","og_site_name":"DOCTOR SMILE","article_publisher":"https:\/\/www.facebook.com\/DoctorSmileTM\/","article_modified_time":"2024-12-09T09:23:32+00:00","og_image":[{"url":"https:\/\/www.doctor-smile.com\/wp-content\/uploads\/2024\/12\/Logo-SEALVER-NEW.png","type":"","width":"","height":""}],"twitter_card":"summary_large_image","schema":{"@context":"https:\/\/schema.org","@graph":[{"@type":"WebPage","@id":"https:\/\/www.doctor-smile.com\/fr\/sealver-gel\/","url":"https:\/\/www.doctor-smile.com\/fr\/sealver-gel\/","name":"Sealver GEL - DOCTOR SMILE","isPartOf":{"@id":"https:\/\/www.doctor-smile.com\/fr\/#website"},"primaryImageOfPage":{"@id":"https:\/\/www.doctor-smile.com\/fr\/sealver-gel\/#primaryimage"},"image":{"@id":"https:\/\/www.doctor-smile.com\/fr\/sealver-gel\/#primaryimage"},"thumbnailUrl":"https:\/\/www.doctor-smile.com\/wp-content\/uploads\/2024\/12\/Logo-SEALVER-NEW.png","datePublished":"2021-06-15T15:31:34+00:00","dateModified":"2024-12-09T09:23:32+00:00","description":"Sealver gel est adapt\u00e9 pour ceux qui sont sensibles. Avec le traitement de d\u00e9sensibilisation Sealver gel vous mordre tout!","breadcrumb":{"@id":"https:\/\/www.doctor-smile.com\/fr\/sealver-gel\/#breadcrumb"},"inLanguage":"fr-FR","potentialAction":[{"@type":"ReadAction","target":["https:\/\/www.doctor-smile.com\/fr\/sealver-gel\/"]}]},{"@type":"ImageObject","inLanguage":"fr-FR","@id":"https:\/\/www.doctor-smile.com\/fr\/sealver-gel\/#primaryimage","url":"https:\/\/www.doctor-smile.com\/wp-content\/uploads\/2024\/12\/Logo-SEALVER-NEW.png","contentUrl":"https:\/\/www.doctor-smile.com\/wp-content\/uploads\/2024\/12\/Logo-SEALVER-NEW.png"},{"@type":"BreadcrumbList","@id":"https:\/\/www.doctor-smile.com\/fr\/sealver-gel\/#breadcrumb","itemListElement":[{"@type":"ListItem","position":1,"name":"Home","item":"https:\/\/www.doctor-smile.com\/fr\/"},{"@type":"ListItem","position":2,"name":"Sealver GEL"}]},{"@type":"WebSite","@id":"https:\/\/www.doctor-smile.com\/fr\/#website","url":"https:\/\/www.doctor-smile.com\/fr\/","name":"DOCTOR SMILE","description":"Tecnologia Laser Odontoiatrica","publisher":{"@id":"https:\/\/www.doctor-smile.com\/fr\/#organization"},"potentialAction":[{"@type":"SearchAction","target":{"@type":"EntryPoint","urlTemplate":"https:\/\/www.doctor-smile.com\/fr\/?s={search_term_string}"},"query-input":{"@type":"PropertyValueSpecification","valueRequired":true,"valueName":"search_term_string"}}],"inLanguage":"fr-FR"},{"@type":"Organization","@id":"https:\/\/www.doctor-smile.com\/fr\/#organization","name":"Doctor-Smile","url":"https:\/\/www.doctor-smile.com\/fr\/","logo":{"@type":"ImageObject","inLanguage":"fr-FR","@id":"https:\/\/www.doctor-smile.com\/fr\/#\/schema\/logo\/image\/","url":"https:\/\/www.doctor-smile.com\/wp-content\/uploads\/2021\/02\/Logo-Doctor-Smile-1.png","contentUrl":"https:\/\/www.doctor-smile.com\/wp-content\/uploads\/2021\/02\/Logo-Doctor-Smile-1.png","width":1757,"height":667,"caption":"Doctor-Smile"},"image":{"@id":"https:\/\/www.doctor-smile.com\/fr\/#\/schema\/logo\/image\/"},"sameAs":["https:\/\/www.facebook.com\/DoctorSmileTM\/","https:\/\/www.instagram.com\/doctorsmiledentallaser\/","https:\/\/www.youtube.com\/user\/doctorsmile1\/"]}]}},"_links":{"self":[{"href":"https:\/\/www.doctor-smile.com\/fr\/wp-json\/wp\/v2\/pages\/13125","targetHints":{"allow":["GET"]}}],"collection":[{"href":"https:\/\/www.doctor-smile.com\/fr\/wp-json\/wp\/v2\/pages"}],"about":[{"href":"https:\/\/www.doctor-smile.com\/fr\/wp-json\/wp\/v2\/types\/page"}],"author":[{"embeddable":true,"href":"https:\/\/www.doctor-smile.com\/fr\/wp-json\/wp\/v2\/users\/8"}],"replies":[{"embeddable":true,"href":"https:\/\/www.doctor-smile.com\/fr\/wp-json\/wp\/v2\/comments?post=13125"}],"version-history":[{"count":20,"href":"https:\/\/www.doctor-smile.com\/fr\/wp-json\/wp\/v2\/pages\/13125\/revisions"}],"predecessor-version":[{"id":24006,"href":"https:\/\/www.doctor-smile.com\/fr\/wp-json\/wp\/v2\/pages\/13125\/revisions\/24006"}],"wp:attachment":[{"href":"https:\/\/www.doctor-smile.com\/fr\/wp-json\/wp\/v2\/media?parent=13125"}],"curies":[{"name":"wp","href":"https:\/\/api.w.org\/{rel}","templated":true}]}}