{"id":13315,"date":"2021-06-16T09:06:34","date_gmt":"2021-06-16T07:06:34","guid":{"rendered":"https:\/\/www.doctor-smile.com\/doctor-smile-education\/"},"modified":"2021-06-16T09:06:34","modified_gmt":"2021-06-16T07:06:34","slug":"doctor-smile-education","status":"publish","type":"page","link":"https:\/\/www.doctor-smile.com\/fr\/doctor-smile-education\/","title":{"rendered":"Doctor Smile Education"},"content":{"rendered":"\t\t<div data-elementor-type=\"wp-page\" data-elementor-id=\"13315\" class=\"elementor elementor-13315 elementor-4170\">\n\t\t\t\t\t\t<div class=\"elementor-inner\">\n\t\t\t\t<div class=\"elementor-section-wrap\">\n\t\t\t\t\t\t\t\t\t<section class=\"elementor-section elementor-top-section elementor-element elementor-element-ea002d9 elementor-section-boxed elementor-section-height-default elementor-section-height-default\" data-id=\"ea002d9\" data-element_type=\"section\" data-settings=\"{&quot;_ha_eqh_enable&quot;:false}\">\n\t\t\t\t\t\t<div class=\"elementor-container elementor-column-gap-default\">\n\t\t\t\t\t\t\t<div class=\"elementor-row\">\n\t\t\t\t\t<div class=\"elementor-column elementor-col-100 elementor-top-column elementor-element elementor-element-9f0b689\" data-id=\"9f0b689\" data-element_type=\"column\">\n\t\t\t<div class=\"elementor-column-wrap elementor-element-populated\">\n\t\t\t\t\t\t\t<div class=\"elementor-widget-wrap\">\n\t\t\t\t\t\t<div class=\"elementor-element elementor-element-cce61d8 elementor-widget elementor-widget-image\" data-id=\"cce61d8\" data-element_type=\"widget\" data-widget_type=\"image.default\">\n\t\t\t\t<div class=\"elementor-widget-container\">\n\t\t\t\t\t\t\t\t<div class=\"elementor-image\">\n\t\t\t\t\t\t\t\t\t\t\t\t<img loading=\"lazy\" decoding=\"async\" width=\"751\" height=\"501\" src=\"https:\/\/www.doctor-smile.com\/wp-content\/uploads\/2021\/06\/WEBINAR-ON-DEMAND-750x500_700x400int.jpg\" class=\"attachment-large size-large\" alt=\"\" srcset=\"https:\/\/www.doctor-smile.com\/wp-content\/uploads\/2021\/06\/WEBINAR-ON-DEMAND-750x500_700x400int.jpg 751w, https:\/\/www.doctor-smile.com\/wp-content\/uploads\/2021\/06\/WEBINAR-ON-DEMAND-750x500_700x400int-300x200.jpg 300w\" sizes=\"auto, (max-width: 751px) 100vw, 751px\" \/>\t\t\t\t\t\t\t\t\t\t\t\t\t\t<\/div>\n\t\t\t\t\t\t<\/div>\n\t\t\t\t<\/div>\n\t\t\t\t<div class=\"elementor-element elementor-element-2e8ffa0 elementor-widget elementor-widget-heading\" data-id=\"2e8ffa0\" data-element_type=\"widget\" data-widget_type=\"heading.default\">\n\t\t\t\t<div class=\"elementor-widget-container\">\n\t\t\t<h2 class=\"elementor-heading-title elementor-size-default\"><a href=\"https:\/\/doctorsmile.mykajabi.com\/\">Doctor Smile Education\n<\/a><\/h2>\t\t<\/div>\n\t\t\t\t<\/div>\n\t\t\t\t<div class=\"elementor-element elementor-element-047bebd elementor-widget elementor-widget-text-editor\" data-id=\"047bebd\" data-element_type=\"widget\" data-widget_type=\"text-editor.default\">\n\t\t\t\t<div class=\"elementor-widget-container\">\n\t\t\t\t\t\t\t\t<div class=\"elementor-text-editor elementor-clearfix\">\n\t\t\t\t<p>Le portail de cours en ligne r\u00e9alis\u00e9 par Doctor Smile en collaboration avec les meilleurs experts de l\u2019industrie.<\/p>\n<p>Une collection multilingue et continuellement mise \u00e0 jour centr\u00e9e \u00e0 approfondir tous les domaines d\u2019application de la technologie laser \u00e0 diode et \u00e0 herbier en <strong>dentisterie<\/strong> et en <strong>hygi\u00e8ne dentaire<\/strong>.<\/p>\n<p>De la <a href=\"https:\/\/www.doctor-smile.com\/conservativa\/\" target=\"_blank\" rel=\"noreferrer noopener\">conservation<\/a> au <a href=\"https:\/\/www.doctor-smile.com\/sbiancamento\/\">blanchiment dentaire<\/a>, de la <a href=\"https:\/\/www.doctor-smile.com\/parodontologia\/\" target=\"_blank\" rel=\"noreferrer noopener\">parodontologie<\/a> \u00e0 la <a href=\"https:\/\/www.doctor-smile.com\/cosmetica\/\" target=\"_blank\" rel=\"noreferrer noopener\">chirurgie dermatologique<\/a>, de la <a href=\"https:\/\/www.doctor-smile.com\/biostimolazione\/\" target=\"_blank\" rel=\"noreferrer noopener\">biostimolation<\/a> aux proc\u00e9dures de s\u00e9curit\u00e9 ambulatoire.<\/p>\n<p>Chaque semaine, un nouveau contenu \u00e0 afficher et \u00e0 partager avec vos collaborateurs!<\/p>\n<p>Chaque mise peut \u00eatre vue, enregistr\u00e9e ou reprise ult\u00e9rieurement, dans le confort de n\u2019importe quel navigateur ou appareil.<\/p>\n<p>Pour vous connecter, il vous suffit de cr\u00e9er un compte et de commencer \u00e0 parcourir la collection de propositions de formation.<\/p>\n<p>D\u00e9couvrez tous les Tips &amp; Tricks pour optimiser votre pratique quotidienne et offrir le maximum de bien-\u00eatre \u00e0 vos clients.<\/p>\n<h4>Commencez votre formation <strong><a href=\"https:\/\/doctorsmile.mykajabi.com\/\" target=\"_blank\" rel=\"noreferrer noopener\">CONNECTEZ-VOUS MAINTENANT<\/a><\/strong><\/h4>\n\t\t\t\t\t<\/div>\n\t\t\t\t\t\t<\/div>\n\t\t\t\t<\/div>\n\t\t\t\t<div class=\"elementor-element elementor-element-4f12bf1 elementor-widget elementor-widget-heading\" data-id=\"4f12bf1\" data-element_type=\"widget\" data-widget_type=\"heading.default\">\n\t\t\t\t<div class=\"elementor-widget-container\">\n\t\t\t<h2 class=\"elementor-heading-title elementor-size-default\">Be a laser expert!<\/h2>\t\t<\/div>\n\t\t\t\t<\/div>\n\t\t\t\t<div class=\"elementor-element elementor-element-0b971e8 elementor-widget elementor-widget-spacer\" data-id=\"0b971e8\" data-element_type=\"widget\" data-widget_type=\"spacer.default\">\n\t\t\t\t<div class=\"elementor-widget-container\">\n\t\t\t\t\t<div class=\"elementor-spacer\">\n\t\t\t<div class=\"elementor-spacer-inner\"><\/div>\n\t\t<\/div>\n\t\t\t\t<\/div>\n\t\t\t\t<\/div>\n\t\t\t\t\t\t<\/div>\n\t\t\t\t\t<\/div>\n\t\t<\/div>\n\t\t\t\t\t\t\t\t<\/div>\n\t\t\t\t\t<\/div>\n\t\t<\/section>\n\t\t\t\t\t\t\t\t\t<\/div>\n\t\t\t<\/div>\n\t\t\t\t\t<\/div>\n\t\t","protected":false},"excerpt":{"rendered":"<p>Doctor Smile Education Le portail de cours en ligne r\u00e9alis\u00e9 par Doctor Smile en collaboration avec les meilleurs experts de l\u2019industrie. Une collection multilingue et continuellement mise \u00e0 jour centr\u00e9e \u00e0 approfondir tous les domaines d\u2019application de la technologie laser \u00e0 diode et \u00e0 herbier en dentisterie et en hygi\u00e8ne dentaire. De la conservation au &#8230; <a title=\"Doctor Smile Education\" class=\"read-more\" href=\"https:\/\/www.doctor-smile.com\/fr\/doctor-smile-education\/\" aria-label=\"Plus sur Doctor Smile Education\">Lire plus<\/a><\/p>\n","protected":false},"author":8,"featured_media":0,"parent":0,"menu_order":0,"comment_status":"closed","ping_status":"closed","template":"","meta":{"content-type":"","footnotes":""},"class_list":["post-13315","page","type-page","status-publish"],"yoast_head":"<!-- This site is optimized with the Yoast SEO plugin v27.3 - https:\/\/yoast.com\/product\/yoast-seo-wordpress\/ -->\n<title>Doctor Smile Education - DOCTOR SMILE<\/title>\n<meta name=\"description\" content=\"Vous souhaitez acc\u00e9der \u00e0 la collection de cours en ligne propos\u00e9e par Doctor Smile en collaboration avec les meilleurs laser tutors ? Ne manquez pas une seule le\u00e7on de nos Lasers Tuteurs.\" \/>\n<meta name=\"robots\" content=\"index, follow, max-snippet:-1, max-image-preview:large, max-video-preview:-1\" \/>\n<link rel=\"canonical\" href=\"https:\/\/www.doctor-smile.com\/fr\/doctor-smile-education\/\" \/>\n<meta property=\"og:locale\" content=\"fr_FR\" \/>\n<meta property=\"og:type\" content=\"article\" \/>\n<meta property=\"og:title\" content=\"Doctor Smile Education - DOCTOR SMILE\" \/>\n<meta property=\"og:description\" content=\"Vous souhaitez acc\u00e9der \u00e0 la collection de cours en ligne propos\u00e9e par Doctor Smile en collaboration avec les meilleurs laser tutors ? Ne manquez pas une seule le\u00e7on de nos Lasers Tuteurs.\" \/>\n<meta property=\"og:url\" content=\"https:\/\/www.doctor-smile.com\/fr\/doctor-smile-education\/\" \/>\n<meta property=\"og:site_name\" content=\"DOCTOR SMILE\" \/>\n<meta property=\"article:publisher\" content=\"https:\/\/www.facebook.com\/DoctorSmileTM\/\" \/>\n<meta property=\"og:image\" content=\"https:\/\/www.doctor-smile.com\/wp-content\/uploads\/2021\/06\/WEBINAR-ON-DEMAND-750x500_700x400int.jpg\" \/>\n<meta name=\"twitter:card\" content=\"summary_large_image\" \/>\n<script type=\"application\/ld+json\" class=\"yoast-schema-graph\">{\"@context\":\"https:\\\/\\\/schema.org\",\"@graph\":[{\"@type\":\"WebPage\",\"@id\":\"https:\\\/\\\/www.doctor-smile.com\\\/fr\\\/doctor-smile-education\\\/\",\"url\":\"https:\\\/\\\/www.doctor-smile.com\\\/fr\\\/doctor-smile-education\\\/\",\"name\":\"Doctor Smile Education - DOCTOR SMILE\",\"isPartOf\":{\"@id\":\"https:\\\/\\\/www.doctor-smile.com\\\/fr\\\/#website\"},\"primaryImageOfPage\":{\"@id\":\"https:\\\/\\\/www.doctor-smile.com\\\/fr\\\/doctor-smile-education\\\/#primaryimage\"},\"image\":{\"@id\":\"https:\\\/\\\/www.doctor-smile.com\\\/fr\\\/doctor-smile-education\\\/#primaryimage\"},\"thumbnailUrl\":\"https:\\\/\\\/www.doctor-smile.com\\\/wp-content\\\/uploads\\\/2021\\\/06\\\/WEBINAR-ON-DEMAND-750x500_700x400int.jpg\",\"datePublished\":\"2021-06-16T07:06:34+00:00\",\"description\":\"Vous souhaitez acc\u00e9der \u00e0 la collection de cours en ligne propos\u00e9e par Doctor Smile en collaboration avec les meilleurs laser tutors ? Ne manquez pas une seule le\u00e7on de nos Lasers Tuteurs.\",\"breadcrumb\":{\"@id\":\"https:\\\/\\\/www.doctor-smile.com\\\/fr\\\/doctor-smile-education\\\/#breadcrumb\"},\"inLanguage\":\"fr-FR\",\"potentialAction\":[{\"@type\":\"ReadAction\",\"target\":[\"https:\\\/\\\/www.doctor-smile.com\\\/fr\\\/doctor-smile-education\\\/\"]}]},{\"@type\":\"ImageObject\",\"inLanguage\":\"fr-FR\",\"@id\":\"https:\\\/\\\/www.doctor-smile.com\\\/fr\\\/doctor-smile-education\\\/#primaryimage\",\"url\":\"https:\\\/\\\/www.doctor-smile.com\\\/wp-content\\\/uploads\\\/2021\\\/06\\\/WEBINAR-ON-DEMAND-750x500_700x400int.jpg\",\"contentUrl\":\"https:\\\/\\\/www.doctor-smile.com\\\/wp-content\\\/uploads\\\/2021\\\/06\\\/WEBINAR-ON-DEMAND-750x500_700x400int.jpg\"},{\"@type\":\"BreadcrumbList\",\"@id\":\"https:\\\/\\\/www.doctor-smile.com\\\/fr\\\/doctor-smile-education\\\/#breadcrumb\",\"itemListElement\":[{\"@type\":\"ListItem\",\"position\":1,\"name\":\"Home\",\"item\":\"https:\\\/\\\/www.doctor-smile.com\\\/fr\\\/\"},{\"@type\":\"ListItem\",\"position\":2,\"name\":\"Doctor Smile Education\"}]},{\"@type\":\"WebSite\",\"@id\":\"https:\\\/\\\/www.doctor-smile.com\\\/fr\\\/#website\",\"url\":\"https:\\\/\\\/www.doctor-smile.com\\\/fr\\\/\",\"name\":\"DOCTOR SMILE\",\"description\":\"Tecnologia Laser Odontoiatrica\",\"publisher\":{\"@id\":\"https:\\\/\\\/www.doctor-smile.com\\\/fr\\\/#organization\"},\"potentialAction\":[{\"@type\":\"SearchAction\",\"target\":{\"@type\":\"EntryPoint\",\"urlTemplate\":\"https:\\\/\\\/www.doctor-smile.com\\\/fr\\\/?s={search_term_string}\"},\"query-input\":{\"@type\":\"PropertyValueSpecification\",\"valueRequired\":true,\"valueName\":\"search_term_string\"}}],\"inLanguage\":\"fr-FR\"},{\"@type\":\"Organization\",\"@id\":\"https:\\\/\\\/www.doctor-smile.com\\\/fr\\\/#organization\",\"name\":\"Doctor-Smile\",\"url\":\"https:\\\/\\\/www.doctor-smile.com\\\/fr\\\/\",\"logo\":{\"@type\":\"ImageObject\",\"inLanguage\":\"fr-FR\",\"@id\":\"https:\\\/\\\/www.doctor-smile.com\\\/fr\\\/#\\\/schema\\\/logo\\\/image\\\/\",\"url\":\"https:\\\/\\\/www.doctor-smile.com\\\/wp-content\\\/uploads\\\/2021\\\/02\\\/Logo-Doctor-Smile-1.png\",\"contentUrl\":\"https:\\\/\\\/www.doctor-smile.com\\\/wp-content\\\/uploads\\\/2021\\\/02\\\/Logo-Doctor-Smile-1.png\",\"width\":1757,\"height\":667,\"caption\":\"Doctor-Smile\"},\"image\":{\"@id\":\"https:\\\/\\\/www.doctor-smile.com\\\/fr\\\/#\\\/schema\\\/logo\\\/image\\\/\"},\"sameAs\":[\"https:\\\/\\\/www.facebook.com\\\/DoctorSmileTM\\\/\",\"https:\\\/\\\/www.instagram.com\\\/doctorsmiledentallaser\\\/\",\"https:\\\/\\\/www.youtube.com\\\/user\\\/doctorsmile1\\\/\"]}]}<\/script>\n<!-- \/ Yoast SEO plugin. -->","yoast_head_json":{"title":"Doctor Smile Education - DOCTOR SMILE","description":"Vous souhaitez acc\u00e9der \u00e0 la collection de cours en ligne propos\u00e9e par Doctor Smile en collaboration avec les meilleurs laser tutors ? Ne manquez pas une seule le\u00e7on de nos Lasers Tuteurs.","robots":{"index":"index","follow":"follow","max-snippet":"max-snippet:-1","max-image-preview":"max-image-preview:large","max-video-preview":"max-video-preview:-1"},"canonical":"https:\/\/www.doctor-smile.com\/fr\/doctor-smile-education\/","og_locale":"fr_FR","og_type":"article","og_title":"Doctor Smile Education - DOCTOR SMILE","og_description":"Vous souhaitez acc\u00e9der \u00e0 la collection de cours en ligne propos\u00e9e par Doctor Smile en collaboration avec les meilleurs laser tutors ? Ne manquez pas une seule le\u00e7on de nos Lasers Tuteurs.","og_url":"https:\/\/www.doctor-smile.com\/fr\/doctor-smile-education\/","og_site_name":"DOCTOR SMILE","article_publisher":"https:\/\/www.facebook.com\/DoctorSmileTM\/","og_image":[{"url":"https:\/\/www.doctor-smile.com\/wp-content\/uploads\/2021\/06\/WEBINAR-ON-DEMAND-750x500_700x400int.jpg","type":"","width":"","height":""}],"twitter_card":"summary_large_image","schema":{"@context":"https:\/\/schema.org","@graph":[{"@type":"WebPage","@id":"https:\/\/www.doctor-smile.com\/fr\/doctor-smile-education\/","url":"https:\/\/www.doctor-smile.com\/fr\/doctor-smile-education\/","name":"Doctor Smile Education - DOCTOR SMILE","isPartOf":{"@id":"https:\/\/www.doctor-smile.com\/fr\/#website"},"primaryImageOfPage":{"@id":"https:\/\/www.doctor-smile.com\/fr\/doctor-smile-education\/#primaryimage"},"image":{"@id":"https:\/\/www.doctor-smile.com\/fr\/doctor-smile-education\/#primaryimage"},"thumbnailUrl":"https:\/\/www.doctor-smile.com\/wp-content\/uploads\/2021\/06\/WEBINAR-ON-DEMAND-750x500_700x400int.jpg","datePublished":"2021-06-16T07:06:34+00:00","description":"Vous souhaitez acc\u00e9der \u00e0 la collection de cours en ligne propos\u00e9e par Doctor Smile en collaboration avec les meilleurs laser tutors ? Ne manquez pas une seule le\u00e7on de nos Lasers Tuteurs.","breadcrumb":{"@id":"https:\/\/www.doctor-smile.com\/fr\/doctor-smile-education\/#breadcrumb"},"inLanguage":"fr-FR","potentialAction":[{"@type":"ReadAction","target":["https:\/\/www.doctor-smile.com\/fr\/doctor-smile-education\/"]}]},{"@type":"ImageObject","inLanguage":"fr-FR","@id":"https:\/\/www.doctor-smile.com\/fr\/doctor-smile-education\/#primaryimage","url":"https:\/\/www.doctor-smile.com\/wp-content\/uploads\/2021\/06\/WEBINAR-ON-DEMAND-750x500_700x400int.jpg","contentUrl":"https:\/\/www.doctor-smile.com\/wp-content\/uploads\/2021\/06\/WEBINAR-ON-DEMAND-750x500_700x400int.jpg"},{"@type":"BreadcrumbList","@id":"https:\/\/www.doctor-smile.com\/fr\/doctor-smile-education\/#breadcrumb","itemListElement":[{"@type":"ListItem","position":1,"name":"Home","item":"https:\/\/www.doctor-smile.com\/fr\/"},{"@type":"ListItem","position":2,"name":"Doctor Smile Education"}]},{"@type":"WebSite","@id":"https:\/\/www.doctor-smile.com\/fr\/#website","url":"https:\/\/www.doctor-smile.com\/fr\/","name":"DOCTOR SMILE","description":"Tecnologia Laser Odontoiatrica","publisher":{"@id":"https:\/\/www.doctor-smile.com\/fr\/#organization"},"potentialAction":[{"@type":"SearchAction","target":{"@type":"EntryPoint","urlTemplate":"https:\/\/www.doctor-smile.com\/fr\/?s={search_term_string}"},"query-input":{"@type":"PropertyValueSpecification","valueRequired":true,"valueName":"search_term_string"}}],"inLanguage":"fr-FR"},{"@type":"Organization","@id":"https:\/\/www.doctor-smile.com\/fr\/#organization","name":"Doctor-Smile","url":"https:\/\/www.doctor-smile.com\/fr\/","logo":{"@type":"ImageObject","inLanguage":"fr-FR","@id":"https:\/\/www.doctor-smile.com\/fr\/#\/schema\/logo\/image\/","url":"https:\/\/www.doctor-smile.com\/wp-content\/uploads\/2021\/02\/Logo-Doctor-Smile-1.png","contentUrl":"https:\/\/www.doctor-smile.com\/wp-content\/uploads\/2021\/02\/Logo-Doctor-Smile-1.png","width":1757,"height":667,"caption":"Doctor-Smile"},"image":{"@id":"https:\/\/www.doctor-smile.com\/fr\/#\/schema\/logo\/image\/"},"sameAs":["https:\/\/www.facebook.com\/DoctorSmileTM\/","https:\/\/www.instagram.com\/doctorsmiledentallaser\/","https:\/\/www.youtube.com\/user\/doctorsmile1\/"]}]}},"_links":{"self":[{"href":"https:\/\/www.doctor-smile.com\/fr\/wp-json\/wp\/v2\/pages\/13315","targetHints":{"allow":["GET"]}}],"collection":[{"href":"https:\/\/www.doctor-smile.com\/fr\/wp-json\/wp\/v2\/pages"}],"about":[{"href":"https:\/\/www.doctor-smile.com\/fr\/wp-json\/wp\/v2\/types\/page"}],"author":[{"embeddable":true,"href":"https:\/\/www.doctor-smile.com\/fr\/wp-json\/wp\/v2\/users\/8"}],"replies":[{"embeddable":true,"href":"https:\/\/www.doctor-smile.com\/fr\/wp-json\/wp\/v2\/comments?post=13315"}],"version-history":[{"count":1,"href":"https:\/\/www.doctor-smile.com\/fr\/wp-json\/wp\/v2\/pages\/13315\/revisions"}],"predecessor-version":[{"id":13316,"href":"https:\/\/www.doctor-smile.com\/fr\/wp-json\/wp\/v2\/pages\/13315\/revisions\/13316"}],"wp:attachment":[{"href":"https:\/\/www.doctor-smile.com\/fr\/wp-json\/wp\/v2\/media?parent=13315"}],"curies":[{"name":"wp","href":"https:\/\/api.w.org\/{rel}","templated":true}]}}