{"id":13328,"date":"2021-06-16T09:21:24","date_gmt":"2021-06-16T07:21:24","guid":{"rendered":"https:\/\/www.doctor-smile.com\/cours-de-formation\/"},"modified":"2021-06-16T09:21:30","modified_gmt":"2021-06-16T07:21:30","slug":"cours-de-formation","status":"publish","type":"page","link":"https:\/\/www.doctor-smile.com\/fr\/cours-de-formation\/","title":{"rendered":"Cours de formation"},"content":{"rendered":"\t\t<div data-elementor-type=\"wp-page\" data-elementor-id=\"13328\" class=\"elementor elementor-13328 elementor-4358\">\n\t\t\t\t\t\t<div class=\"elementor-inner\">\n\t\t\t\t<div class=\"elementor-section-wrap\">\n\t\t\t\t\t\t\t\t\t<section class=\"elementor-section elementor-top-section elementor-element elementor-element-ea002d9 elementor-section-boxed elementor-section-height-default elementor-section-height-default\" data-id=\"ea002d9\" data-element_type=\"section\" data-settings=\"{&quot;_ha_eqh_enable&quot;:false}\">\n\t\t\t\t\t\t<div class=\"elementor-container elementor-column-gap-default\">\n\t\t\t\t\t\t\t<div class=\"elementor-row\">\n\t\t\t\t\t<div class=\"elementor-column elementor-col-100 elementor-top-column elementor-element elementor-element-9f0b689\" data-id=\"9f0b689\" data-element_type=\"column\">\n\t\t\t<div class=\"elementor-column-wrap elementor-element-populated\">\n\t\t\t\t\t\t\t<div class=\"elementor-widget-wrap\">\n\t\t\t\t\t\t<div class=\"elementor-element elementor-element-cce61d8 elementor-widget elementor-widget-image\" data-id=\"cce61d8\" data-element_type=\"widget\" data-widget_type=\"image.default\">\n\t\t\t\t<div class=\"elementor-widget-container\">\n\t\t\t\t\t\t\t\t<div class=\"elementor-image\">\n\t\t\t\t\t\t\t\t\t\t\t\t<img loading=\"lazy\" decoding=\"async\" width=\"900\" height=\"622\" src=\"https:\/\/www.doctor-smile.com\/wp-content\/uploads\/2021\/03\/CORSI-DI-FORMAZIONE.jpg\" class=\"attachment-large size-large\" alt=\"CORSI DI FORMAZIONE\" srcset=\"https:\/\/www.doctor-smile.com\/wp-content\/uploads\/2021\/03\/CORSI-DI-FORMAZIONE.jpg 900w, https:\/\/www.doctor-smile.com\/wp-content\/uploads\/2021\/03\/CORSI-DI-FORMAZIONE-300x207.jpg 300w, https:\/\/www.doctor-smile.com\/wp-content\/uploads\/2021\/03\/CORSI-DI-FORMAZIONE-768x531.jpg 768w\" sizes=\"auto, (max-width: 900px) 100vw, 900px\" \/>\t\t\t\t\t\t\t\t\t\t\t\t\t\t<\/div>\n\t\t\t\t\t\t<\/div>\n\t\t\t\t<\/div>\n\t\t\t\t<div class=\"elementor-element elementor-element-2e8ffa0 elementor-widget elementor-widget-heading\" data-id=\"2e8ffa0\" data-element_type=\"widget\" data-widget_type=\"heading.default\">\n\t\t\t\t<div class=\"elementor-widget-container\">\n\t\t\t<h2 class=\"elementor-heading-title elementor-size-default\">Nous vous guiderons \u00e0 la d\u00e9couverte des bienfaits du laser !<\/h2>\t\t<\/div>\n\t\t\t\t<\/div>\n\t\t\t\t<div class=\"elementor-element elementor-element-047bebd elementor-widget elementor-widget-text-editor\" data-id=\"047bebd\" data-element_type=\"widget\" data-widget_type=\"text-editor.default\">\n\t\t\t\t<div class=\"elementor-widget-container\">\n\t\t\t\t\t\t\t\t<div class=\"elementor-text-editor elementor-clearfix\">\n\t\t\t\t<p><strong>Les formations<\/strong> Doctor Smile s&#8217;adressent aussi bien \u00e0 ceux qui n&#8217;ont aucune exp\u00e9rience dans l&#8217;utilisation des lasers qu&#8217;\u00e0 ceux qui souhaitent renforcer leurs connaissances sur ses applications cliniques en odontologie.<\/p>\n<p>En collaboration avec la Master Class Academy, nous proposons des parcours de d\u00e9veloppement professionnel, visant \u00e0 offrir des possibilit\u00e9s de formation de haut niveau, allant des connaissances de base aux connaissances plus approfondies sur l&#8217;utilisation des technologies laser en odontologie et au-del\u00e0.<\/p>\n<p>Faisant appel \u00e0 des tuteurs professionnels ayant une connaissance approfondie de l&#8217;utilisation du laser, les cours de diff\u00e9rents niveaux s&#8217;articulent en une partie technique-th\u00e9orique et se concentrent sur la partie pratique \u00e0 travers le traitement d&#8217;un large \u00e9ventail de cas cliniques sur des patients et avec le support de vid\u00e9os.<\/p>\n\t\t\t\t\t<\/div>\n\t\t\t\t\t\t<\/div>\n\t\t\t\t<\/div>\n\t\t\t\t\t\t<\/div>\n\t\t\t\t\t<\/div>\n\t\t<\/div>\n\t\t\t\t\t\t\t\t<\/div>\n\t\t\t\t\t<\/div>\n\t\t<\/section>\n\t\t\t\t<section class=\"elementor-section elementor-top-section elementor-element elementor-element-8dca358 elementor-section-boxed elementor-section-height-default elementor-section-height-default\" data-id=\"8dca358\" data-element_type=\"section\" data-settings=\"{&quot;_ha_eqh_enable&quot;:false}\">\n\t\t\t\t\t\t<div class=\"elementor-container elementor-column-gap-default\">\n\t\t\t\t\t\t\t<div class=\"elementor-row\">\n\t\t\t\t\t<div class=\"elementor-column elementor-col-100 elementor-top-column elementor-element elementor-element-1e6d734\" data-id=\"1e6d734\" data-element_type=\"column\">\n\t\t\t<div class=\"elementor-column-wrap elementor-element-populated\">\n\t\t\t\t\t\t\t<div class=\"elementor-widget-wrap\">\n\t\t\t\t\t\t<div class=\"elementor-element elementor-element-4f12bf1 elementor-widget elementor-widget-heading\" data-id=\"4f12bf1\" data-element_type=\"widget\" data-widget_type=\"heading.default\">\n\t\t\t\t<div class=\"elementor-widget-container\">\n\t\t\t<h2 class=\"elementor-heading-title elementor-size-default\">D\u00e9couvrez nos cours de formation sur le laser<\/h2>\t\t<\/div>\n\t\t\t\t<\/div>\n\t\t\t\t\t\t<\/div>\n\t\t\t\t\t<\/div>\n\t\t<\/div>\n\t\t\t\t\t\t\t\t<\/div>\n\t\t\t\t\t<\/div>\n\t\t<\/section>\n\t\t\t\t<section class=\"elementor-section elementor-top-section elementor-element elementor-element-fdb5c4c elementor-section-boxed elementor-section-height-default elementor-section-height-default\" data-id=\"fdb5c4c\" data-element_type=\"section\" data-settings=\"{&quot;_ha_eqh_enable&quot;:false}\">\n\t\t\t\t\t\t<div class=\"elementor-container elementor-column-gap-default\">\n\t\t\t\t\t\t\t<div class=\"elementor-row\">\n\t\t\t\t\t<div class=\"elementor-column elementor-col-100 elementor-top-column elementor-element elementor-element-e806b4f\" data-id=\"e806b4f\" data-element_type=\"column\">\n\t\t\t<div class=\"elementor-column-wrap elementor-element-populated\">\n\t\t\t\t\t\t\t<div class=\"elementor-widget-wrap\">\n\t\t\t\t\t\t<div class=\"elementor-element elementor-element-8662e00 elementor-widget elementor-widget-image\" data-id=\"8662e00\" data-element_type=\"widget\" data-widget_type=\"image.default\">\n\t\t\t\t<div class=\"elementor-widget-container\">\n\t\t\t\t\t\t\t\t<div class=\"elementor-image\">\n\t\t\t\t\t\t\t\t\t\t\t\t<img loading=\"lazy\" decoding=\"async\" width=\"800\" height=\"800\" src=\"https:\/\/www.doctor-smile.com\/wp-content\/uploads\/2021\/03\/Articolo-corso-Formazione-sull_utilizzo-del-laser-a-diodo-in-odontoiatria.jpg\" class=\"attachment-large size-large\" alt=\"\" srcset=\"https:\/\/www.doctor-smile.com\/wp-content\/uploads\/2021\/03\/Articolo-corso-Formazione-sull_utilizzo-del-laser-a-diodo-in-odontoiatria.jpg 800w, https:\/\/www.doctor-smile.com\/wp-content\/uploads\/2021\/03\/Articolo-corso-Formazione-sull_utilizzo-del-laser-a-diodo-in-odontoiatria-300x300.jpg 300w, https:\/\/www.doctor-smile.com\/wp-content\/uploads\/2021\/03\/Articolo-corso-Formazione-sull_utilizzo-del-laser-a-diodo-in-odontoiatria-150x150.jpg 150w, https:\/\/www.doctor-smile.com\/wp-content\/uploads\/2021\/03\/Articolo-corso-Formazione-sull_utilizzo-del-laser-a-diodo-in-odontoiatria-768x768.jpg 768w\" sizes=\"auto, (max-width: 800px) 100vw, 800px\" \/>\t\t\t\t\t\t\t\t\t\t\t\t\t\t<\/div>\n\t\t\t\t\t\t<\/div>\n\t\t\t\t<\/div>\n\t\t\t\t<div class=\"elementor-element elementor-element-360fa55 elementor-widget elementor-widget-heading\" data-id=\"360fa55\" data-element_type=\"widget\" data-widget_type=\"heading.default\">\n\t\t\t\t<div class=\"elementor-widget-container\">\n\t\t\t<h2 class=\"elementor-heading-title elementor-size-default\">FORMAZIONE BASE SULL\u2019UTILIZZO DEL LASER A DIODO IN ODONTOIATRIA\n<\/h2>\t\t<\/div>\n\t\t\t\t<\/div>\n\t\t\t\t<div class=\"elementor-element elementor-element-a0f5403 elementor-widget elementor-widget-text-editor\" data-id=\"a0f5403\" data-element_type=\"widget\" data-widget_type=\"text-editor.default\">\n\t\t\t\t<div class=\"elementor-widget-container\">\n\t\t\t\t\t\t\t\t<div class=\"elementor-text-editor elementor-clearfix\">\n\t\t\t\t<p>Un corso strutturato per chi per la prima volta si affaccia alla tecnologia laser, concentrandosi sullo strumento che pi\u00f9 identifica ad oggi il benessere del paziente e i vantaggi operativi per il medico odontoiatra: il laser a diodo. L\u2019obiettivo di questo corso \u00e8 Fornire al professionista una didattica di base che permetta di comprendere i principi di funzionamento, le applicazioni e i benefici del laser a diodo, per avviarlo efficacemente nel suo utilizzo nella pratica quotidiana.<br \/><a href=\"#\">Leggi altro<\/a><\/p>\n\t\t\t\t\t<\/div>\n\t\t\t\t\t\t<\/div>\n\t\t\t\t<\/div>\n\t\t\t\t\t\t<\/div>\n\t\t\t\t\t<\/div>\n\t\t<\/div>\n\t\t\t\t\t\t\t\t<\/div>\n\t\t\t\t\t<\/div>\n\t\t<\/section>\n\t\t\t\t<section class=\"elementor-section elementor-top-section elementor-element elementor-element-ceb4415 elementor-section-boxed elementor-section-height-default elementor-section-height-default\" data-id=\"ceb4415\" data-element_type=\"section\" data-settings=\"{&quot;_ha_eqh_enable&quot;:false}\">\n\t\t\t\t\t\t<div class=\"elementor-container elementor-column-gap-default\">\n\t\t\t\t\t\t\t<div class=\"elementor-row\">\n\t\t\t\t\t<div class=\"elementor-column elementor-col-100 elementor-top-column elementor-element elementor-element-81b4d7d\" data-id=\"81b4d7d\" data-element_type=\"column\">\n\t\t\t<div class=\"elementor-column-wrap elementor-element-populated\">\n\t\t\t\t\t\t\t<div class=\"elementor-widget-wrap\">\n\t\t\t\t\t\t<div class=\"elementor-element elementor-element-7092707 elementor-widget elementor-widget-image\" data-id=\"7092707\" data-element_type=\"widget\" data-widget_type=\"image.default\">\n\t\t\t\t<div class=\"elementor-widget-container\">\n\t\t\t\t\t\t\t\t<div class=\"elementor-image\">\n\t\t\t\t\t\t\t\t\t\t\t\t<img loading=\"lazy\" decoding=\"async\" width=\"800\" height=\"800\" src=\"https:\/\/www.doctor-smile.com\/wp-content\/uploads\/2021\/03\/Articolo-corso-Formazione-sull_utilizzo-del-laser-a-erbio-in-odontoiatria.jpg\" class=\"attachment-large size-large\" alt=\"\" srcset=\"https:\/\/www.doctor-smile.com\/wp-content\/uploads\/2021\/03\/Articolo-corso-Formazione-sull_utilizzo-del-laser-a-erbio-in-odontoiatria.jpg 800w, https:\/\/www.doctor-smile.com\/wp-content\/uploads\/2021\/03\/Articolo-corso-Formazione-sull_utilizzo-del-laser-a-erbio-in-odontoiatria-300x300.jpg 300w, https:\/\/www.doctor-smile.com\/wp-content\/uploads\/2021\/03\/Articolo-corso-Formazione-sull_utilizzo-del-laser-a-erbio-in-odontoiatria-150x150.jpg 150w, https:\/\/www.doctor-smile.com\/wp-content\/uploads\/2021\/03\/Articolo-corso-Formazione-sull_utilizzo-del-laser-a-erbio-in-odontoiatria-768x768.jpg 768w\" sizes=\"auto, (max-width: 800px) 100vw, 800px\" \/>\t\t\t\t\t\t\t\t\t\t\t\t\t\t<\/div>\n\t\t\t\t\t\t<\/div>\n\t\t\t\t<\/div>\n\t\t\t\t<div class=\"elementor-element elementor-element-aff00eb elementor-widget elementor-widget-heading\" data-id=\"aff00eb\" data-element_type=\"widget\" data-widget_type=\"heading.default\">\n\t\t\t\t<div class=\"elementor-widget-container\">\n\t\t\t<h2 class=\"elementor-heading-title elementor-size-default\">FORMAZIONE BASE SULL\u2019UTILIZZO DEL LASER A ERBIO IN ODONTOIATRIA<\/h2>\t\t<\/div>\n\t\t\t\t<\/div>\n\t\t\t\t<div class=\"elementor-element elementor-element-f36b565 elementor-widget elementor-widget-text-editor\" data-id=\"f36b565\" data-element_type=\"widget\" data-widget_type=\"text-editor.default\">\n\t\t\t\t<div class=\"elementor-widget-container\">\n\t\t\t\t\t\t\t\t<div class=\"elementor-text-editor elementor-clearfix\">\n\t\t\t\t<p>Una giornata che porta in esame l\u2019utilizzo della tecnologia laser a ER:Yag nella risoluzione di problematiche odontoiatriche e non, consentendo al corsista di apprendere le modalit\u00e0 di applicazione del laser a erbio nelle diverse fattispecie terapeutiche. L\u2019obiettivo del corso \u00e8 accompagnare il professionista nella scoperta della lunghezza d\u2019onda 2940nm, fornendo informazioni base e direttamente spendibili sul campo. Un primo approccio all\u2019apparecchiatura, guidato dall\u2019esposizione di diversi casi clinici, case history d\u2019avanguardia e sessioni pratiche individuali.<br \/><a href=\"#\">Leggi altro<\/a><\/p>\n\t\t\t\t\t<\/div>\n\t\t\t\t\t\t<\/div>\n\t\t\t\t<\/div>\n\t\t\t\t\t\t<\/div>\n\t\t\t\t\t<\/div>\n\t\t<\/div>\n\t\t\t\t\t\t\t\t<\/div>\n\t\t\t\t\t<\/div>\n\t\t<\/section>\n\t\t\t\t<section class=\"elementor-section elementor-top-section elementor-element elementor-element-c844164 elementor-section-boxed elementor-section-height-default elementor-section-height-default\" data-id=\"c844164\" data-element_type=\"section\" data-settings=\"{&quot;_ha_eqh_enable&quot;:false}\">\n\t\t\t\t\t\t<div class=\"elementor-container elementor-column-gap-default\">\n\t\t\t\t\t\t\t<div class=\"elementor-row\">\n\t\t\t\t\t<div class=\"elementor-column elementor-col-100 elementor-top-column elementor-element elementor-element-01eb9a9\" data-id=\"01eb9a9\" data-element_type=\"column\">\n\t\t\t<div class=\"elementor-column-wrap elementor-element-populated\">\n\t\t\t\t\t\t\t<div class=\"elementor-widget-wrap\">\n\t\t\t\t\t\t<div class=\"elementor-element elementor-element-80a0489 elementor-widget elementor-widget-image\" data-id=\"80a0489\" data-element_type=\"widget\" data-widget_type=\"image.default\">\n\t\t\t\t<div class=\"elementor-widget-container\">\n\t\t\t\t\t\t\t\t<div class=\"elementor-image\">\n\t\t\t\t\t\t\t\t\t\t\t\t\t<a href=\"http:\/\/www.doctor-smile.com\/alta-formazione-laser-dentistry-2021\/\">\n\t\t\t\t\t\t\t<img loading=\"lazy\" decoding=\"async\" width=\"800\" height=\"800\" src=\"https:\/\/www.doctor-smile.com\/wp-content\/uploads\/2021\/03\/Articolo-corso-Alta-formazione-Laser-Dentistry.jpg\" class=\"attachment-large size-large\" alt=\"Corso alta formazione 2021\" srcset=\"https:\/\/www.doctor-smile.com\/wp-content\/uploads\/2021\/03\/Articolo-corso-Alta-formazione-Laser-Dentistry.jpg 800w, https:\/\/www.doctor-smile.com\/wp-content\/uploads\/2021\/03\/Articolo-corso-Alta-formazione-Laser-Dentistry-300x300.jpg 300w, https:\/\/www.doctor-smile.com\/wp-content\/uploads\/2021\/03\/Articolo-corso-Alta-formazione-Laser-Dentistry-150x150.jpg 150w, https:\/\/www.doctor-smile.com\/wp-content\/uploads\/2021\/03\/Articolo-corso-Alta-formazione-Laser-Dentistry-768x768.jpg 768w\" sizes=\"auto, (max-width: 800px) 100vw, 800px\" \/>\t\t\t\t\t\t\t\t<\/a>\n\t\t\t\t\t\t\t\t\t\t\t\t\t\t<\/div>\n\t\t\t\t\t\t<\/div>\n\t\t\t\t<\/div>\n\t\t\t\t<div class=\"elementor-element elementor-element-d9ac78b elementor-widget elementor-widget-heading\" data-id=\"d9ac78b\" data-element_type=\"widget\" data-widget_type=\"heading.default\">\n\t\t\t\t<div class=\"elementor-widget-container\">\n\t\t\t<h2 class=\"elementor-heading-title elementor-size-default\"><a href=\"http:\/\/www.doctor-smile.com\/alta-formazione-laser-dentistry-2021\/\">ALTA FORMAZIONE LASER DENTISTRY<\/a><\/h2>\t\t<\/div>\n\t\t\t\t<\/div>\n\t\t\t\t<div class=\"elementor-element elementor-element-ba98bdc elementor-widget elementor-widget-text-editor\" data-id=\"ba98bdc\" data-element_type=\"widget\" data-widget_type=\"text-editor.default\">\n\t\t\t\t<div class=\"elementor-widget-container\">\n\t\t\t\t\t\t\t\t<div class=\"elementor-text-editor elementor-clearfix\">\n\t\t\t\t<p>Un percorso di perfezionamento dedicato completamente all\u2019odontoiatria laser e realizzato in collaborazione con l\u2019Universit\u00e0 degli studi di Genova. Cinque incontri formativi, ciascuno specializzato nell\u2019approfondimento di uno specifico ambito terapeutico e di applicazione della tecnologia laser a diodo e a erbio. Una struttura didattica che coniuga sapientemente teoria e prassi, al fine di offrire al partecipante una conoscenza integrata e totale che gli permetta di applicare con maestria le diverse permetta di applicare con maestria le diverse lunghezze d\u2019onda nell\u2019attivit\u00e0 quotidiana.<br \/><a href=\"http:\/\/www.doctor-smile.com\/alta-formazione-laser-dentistry-2021\/\">Leggi altro<\/a><\/p>\n\t\t\t\t\t<\/div>\n\t\t\t\t\t\t<\/div>\n\t\t\t\t<\/div>\n\t\t\t\t\t\t<\/div>\n\t\t\t\t\t<\/div>\n\t\t<\/div>\n\t\t\t\t\t\t\t\t<\/div>\n\t\t\t\t\t<\/div>\n\t\t<\/section>\n\t\t\t\t\t\t\t\t\t<\/div>\n\t\t\t<\/div>\n\t\t\t\t\t<\/div>\n\t\t","protected":false},"excerpt":{"rendered":"","protected":false},"author":8,"featured_media":0,"parent":0,"menu_order":0,"comment_status":"closed","ping_status":"closed","template":"","meta":{"content-type":"","footnotes":""},"class_list":["post-13328","page","type-page","status-publish"],"yoast_head":"<!-- This site is optimized with the Yoast SEO plugin v27.4 - https:\/\/yoast.com\/product\/yoast-seo-wordpress\/ -->\n<title>Cours de formation - DOCTOR SMILE<\/title>\n<meta name=\"description\" content=\"Les cours de formation Doctor Smile s\u2019adressent aussi bien \u00e0 ceux qui n\u2019ont pas d\u2019exp\u00e9rience de l\u2019utilisation du laser qu\u2019\u00e0 ceux qui souhaitent renforcer leurs connaissances sur ses applications cliniques en dentisterie.\" \/>\n<meta name=\"robots\" content=\"index, follow, max-snippet:-1, max-image-preview:large, max-video-preview:-1\" \/>\n<link rel=\"canonical\" href=\"https:\/\/www.doctor-smile.com\/fr\/cours-de-formation\/\" \/>\n<meta property=\"og:locale\" content=\"fr_FR\" \/>\n<meta property=\"og:type\" content=\"article\" \/>\n<meta property=\"og:title\" content=\"Cours de formation - DOCTOR SMILE\" \/>\n<meta property=\"og:description\" content=\"Les cours de formation Doctor Smile s\u2019adressent aussi bien \u00e0 ceux qui n\u2019ont pas d\u2019exp\u00e9rience de l\u2019utilisation du laser qu\u2019\u00e0 ceux qui souhaitent renforcer leurs connaissances sur ses applications cliniques en dentisterie.\" \/>\n<meta property=\"og:url\" content=\"https:\/\/www.doctor-smile.com\/fr\/cours-de-formation\/\" \/>\n<meta property=\"og:site_name\" content=\"DOCTOR SMILE\" \/>\n<meta property=\"article:publisher\" content=\"https:\/\/www.facebook.com\/DoctorSmileTM\/\" \/>\n<meta property=\"article:modified_time\" content=\"2021-06-16T07:21:30+00:00\" \/>\n<meta name=\"twitter:card\" content=\"summary_large_image\" \/>\n<script type=\"application\/ld+json\" class=\"yoast-schema-graph\">{\"@context\":\"https:\\\/\\\/schema.org\",\"@graph\":[{\"@type\":\"WebPage\",\"@id\":\"https:\\\/\\\/www.doctor-smile.com\\\/fr\\\/cours-de-formation\\\/\",\"url\":\"https:\\\/\\\/www.doctor-smile.com\\\/fr\\\/cours-de-formation\\\/\",\"name\":\"Cours de formation - DOCTOR SMILE\",\"isPartOf\":{\"@id\":\"https:\\\/\\\/www.doctor-smile.com\\\/fr\\\/#website\"},\"datePublished\":\"2021-06-16T07:21:24+00:00\",\"dateModified\":\"2021-06-16T07:21:30+00:00\",\"description\":\"Les cours de formation Doctor Smile s\u2019adressent aussi bien \u00e0 ceux qui n\u2019ont pas d\u2019exp\u00e9rience de l\u2019utilisation du laser qu\u2019\u00e0 ceux qui souhaitent renforcer leurs connaissances sur ses applications cliniques en dentisterie.\",\"breadcrumb\":{\"@id\":\"https:\\\/\\\/www.doctor-smile.com\\\/fr\\\/cours-de-formation\\\/#breadcrumb\"},\"inLanguage\":\"fr-FR\",\"potentialAction\":[{\"@type\":\"ReadAction\",\"target\":[\"https:\\\/\\\/www.doctor-smile.com\\\/fr\\\/cours-de-formation\\\/\"]}]},{\"@type\":\"BreadcrumbList\",\"@id\":\"https:\\\/\\\/www.doctor-smile.com\\\/fr\\\/cours-de-formation\\\/#breadcrumb\",\"itemListElement\":[{\"@type\":\"ListItem\",\"position\":1,\"name\":\"Home\",\"item\":\"https:\\\/\\\/www.doctor-smile.com\\\/fr\\\/\"},{\"@type\":\"ListItem\",\"position\":2,\"name\":\"Cours de formation\"}]},{\"@type\":\"WebSite\",\"@id\":\"https:\\\/\\\/www.doctor-smile.com\\\/fr\\\/#website\",\"url\":\"https:\\\/\\\/www.doctor-smile.com\\\/fr\\\/\",\"name\":\"DOCTOR SMILE\",\"description\":\"Tecnologia Laser Odontoiatrica\",\"publisher\":{\"@id\":\"https:\\\/\\\/www.doctor-smile.com\\\/fr\\\/#organization\"},\"potentialAction\":[{\"@type\":\"SearchAction\",\"target\":{\"@type\":\"EntryPoint\",\"urlTemplate\":\"https:\\\/\\\/www.doctor-smile.com\\\/fr\\\/?s={search_term_string}\"},\"query-input\":{\"@type\":\"PropertyValueSpecification\",\"valueRequired\":true,\"valueName\":\"search_term_string\"}}],\"inLanguage\":\"fr-FR\"},{\"@type\":\"Organization\",\"@id\":\"https:\\\/\\\/www.doctor-smile.com\\\/fr\\\/#organization\",\"name\":\"Doctor-Smile\",\"url\":\"https:\\\/\\\/www.doctor-smile.com\\\/fr\\\/\",\"logo\":{\"@type\":\"ImageObject\",\"inLanguage\":\"fr-FR\",\"@id\":\"https:\\\/\\\/www.doctor-smile.com\\\/fr\\\/#\\\/schema\\\/logo\\\/image\\\/\",\"url\":\"https:\\\/\\\/www.doctor-smile.com\\\/wp-content\\\/uploads\\\/2021\\\/02\\\/Logo-Doctor-Smile-1.png\",\"contentUrl\":\"https:\\\/\\\/www.doctor-smile.com\\\/wp-content\\\/uploads\\\/2021\\\/02\\\/Logo-Doctor-Smile-1.png\",\"width\":1757,\"height\":667,\"caption\":\"Doctor-Smile\"},\"image\":{\"@id\":\"https:\\\/\\\/www.doctor-smile.com\\\/fr\\\/#\\\/schema\\\/logo\\\/image\\\/\"},\"sameAs\":[\"https:\\\/\\\/www.facebook.com\\\/DoctorSmileTM\\\/\",\"https:\\\/\\\/www.instagram.com\\\/doctorsmiledentallaser\\\/\",\"https:\\\/\\\/www.youtube.com\\\/user\\\/doctorsmile1\\\/\"]}]}<\/script>\n<!-- \/ Yoast SEO plugin. -->","yoast_head_json":{"title":"Cours de formation - DOCTOR SMILE","description":"Les cours de formation Doctor Smile s\u2019adressent aussi bien \u00e0 ceux qui n\u2019ont pas d\u2019exp\u00e9rience de l\u2019utilisation du laser qu\u2019\u00e0 ceux qui souhaitent renforcer leurs connaissances sur ses applications cliniques en dentisterie.","robots":{"index":"index","follow":"follow","max-snippet":"max-snippet:-1","max-image-preview":"max-image-preview:large","max-video-preview":"max-video-preview:-1"},"canonical":"https:\/\/www.doctor-smile.com\/fr\/cours-de-formation\/","og_locale":"fr_FR","og_type":"article","og_title":"Cours de formation - DOCTOR SMILE","og_description":"Les cours de formation Doctor Smile s\u2019adressent aussi bien \u00e0 ceux qui n\u2019ont pas d\u2019exp\u00e9rience de l\u2019utilisation du laser qu\u2019\u00e0 ceux qui souhaitent renforcer leurs connaissances sur ses applications cliniques en dentisterie.","og_url":"https:\/\/www.doctor-smile.com\/fr\/cours-de-formation\/","og_site_name":"DOCTOR SMILE","article_publisher":"https:\/\/www.facebook.com\/DoctorSmileTM\/","article_modified_time":"2021-06-16T07:21:30+00:00","twitter_card":"summary_large_image","schema":{"@context":"https:\/\/schema.org","@graph":[{"@type":"WebPage","@id":"https:\/\/www.doctor-smile.com\/fr\/cours-de-formation\/","url":"https:\/\/www.doctor-smile.com\/fr\/cours-de-formation\/","name":"Cours de formation - DOCTOR SMILE","isPartOf":{"@id":"https:\/\/www.doctor-smile.com\/fr\/#website"},"datePublished":"2021-06-16T07:21:24+00:00","dateModified":"2021-06-16T07:21:30+00:00","description":"Les cours de formation Doctor Smile s\u2019adressent aussi bien \u00e0 ceux qui n\u2019ont pas d\u2019exp\u00e9rience de l\u2019utilisation du laser qu\u2019\u00e0 ceux qui souhaitent renforcer leurs connaissances sur ses applications cliniques en dentisterie.","breadcrumb":{"@id":"https:\/\/www.doctor-smile.com\/fr\/cours-de-formation\/#breadcrumb"},"inLanguage":"fr-FR","potentialAction":[{"@type":"ReadAction","target":["https:\/\/www.doctor-smile.com\/fr\/cours-de-formation\/"]}]},{"@type":"BreadcrumbList","@id":"https:\/\/www.doctor-smile.com\/fr\/cours-de-formation\/#breadcrumb","itemListElement":[{"@type":"ListItem","position":1,"name":"Home","item":"https:\/\/www.doctor-smile.com\/fr\/"},{"@type":"ListItem","position":2,"name":"Cours de formation"}]},{"@type":"WebSite","@id":"https:\/\/www.doctor-smile.com\/fr\/#website","url":"https:\/\/www.doctor-smile.com\/fr\/","name":"DOCTOR SMILE","description":"Tecnologia Laser Odontoiatrica","publisher":{"@id":"https:\/\/www.doctor-smile.com\/fr\/#organization"},"potentialAction":[{"@type":"SearchAction","target":{"@type":"EntryPoint","urlTemplate":"https:\/\/www.doctor-smile.com\/fr\/?s={search_term_string}"},"query-input":{"@type":"PropertyValueSpecification","valueRequired":true,"valueName":"search_term_string"}}],"inLanguage":"fr-FR"},{"@type":"Organization","@id":"https:\/\/www.doctor-smile.com\/fr\/#organization","name":"Doctor-Smile","url":"https:\/\/www.doctor-smile.com\/fr\/","logo":{"@type":"ImageObject","inLanguage":"fr-FR","@id":"https:\/\/www.doctor-smile.com\/fr\/#\/schema\/logo\/image\/","url":"https:\/\/www.doctor-smile.com\/wp-content\/uploads\/2021\/02\/Logo-Doctor-Smile-1.png","contentUrl":"https:\/\/www.doctor-smile.com\/wp-content\/uploads\/2021\/02\/Logo-Doctor-Smile-1.png","width":1757,"height":667,"caption":"Doctor-Smile"},"image":{"@id":"https:\/\/www.doctor-smile.com\/fr\/#\/schema\/logo\/image\/"},"sameAs":["https:\/\/www.facebook.com\/DoctorSmileTM\/","https:\/\/www.instagram.com\/doctorsmiledentallaser\/","https:\/\/www.youtube.com\/user\/doctorsmile1\/"]}]}},"_links":{"self":[{"href":"https:\/\/www.doctor-smile.com\/fr\/wp-json\/wp\/v2\/pages\/13328","targetHints":{"allow":["GET"]}}],"collection":[{"href":"https:\/\/www.doctor-smile.com\/fr\/wp-json\/wp\/v2\/pages"}],"about":[{"href":"https:\/\/www.doctor-smile.com\/fr\/wp-json\/wp\/v2\/types\/page"}],"author":[{"embeddable":true,"href":"https:\/\/www.doctor-smile.com\/fr\/wp-json\/wp\/v2\/users\/8"}],"replies":[{"embeddable":true,"href":"https:\/\/www.doctor-smile.com\/fr\/wp-json\/wp\/v2\/comments?post=13328"}],"version-history":[{"count":2,"href":"https:\/\/www.doctor-smile.com\/fr\/wp-json\/wp\/v2\/pages\/13328\/revisions"}],"predecessor-version":[{"id":13330,"href":"https:\/\/www.doctor-smile.com\/fr\/wp-json\/wp\/v2\/pages\/13328\/revisions\/13330"}],"wp:attachment":[{"href":"https:\/\/www.doctor-smile.com\/fr\/wp-json\/wp\/v2\/media?parent=13328"}],"curies":[{"name":"wp","href":"https:\/\/api.w.org\/{rel}","templated":true}]}}