{"id":13368,"date":"2021-06-16T11:35:34","date_gmt":"2021-06-16T09:35:34","guid":{"rendered":"https:\/\/www.doctor-smile.com\/flat-top-piece-a-main\/"},"modified":"2024-05-31T15:50:01","modified_gmt":"2024-05-31T13:50:01","slug":"flat-top-piece-a-main","status":"publish","type":"page","link":"https:\/\/www.doctor-smile.com\/fr\/flat-top-piece-a-main\/","title":{"rendered":"FLAT TOP pi\u00e8ce \u00e0 main"},"content":{"rendered":"\t\t<div data-elementor-type=\"wp-page\" data-elementor-id=\"13368\" class=\"elementor elementor-13368 elementor-6358\">\n\t\t\t\t\t\t<div class=\"elementor-inner\">\n\t\t\t\t<div class=\"elementor-section-wrap\">\n\t\t\t\t\t\t\t\t\t<section class=\"elementor-section elementor-top-section elementor-element elementor-element-898af4a elementor-section-boxed elementor-section-height-default elementor-section-height-default\" data-id=\"898af4a\" data-element_type=\"section\" data-settings=\"{&quot;_ha_eqh_enable&quot;:false}\">\n\t\t\t\t\t\t<div class=\"elementor-container elementor-column-gap-default\">\n\t\t\t\t\t\t\t<div class=\"elementor-row\">\n\t\t\t\t\t<div class=\"elementor-column elementor-col-100 elementor-top-column elementor-element elementor-element-f5bf46d\" data-id=\"f5bf46d\" data-element_type=\"column\">\n\t\t\t<div class=\"elementor-column-wrap elementor-element-populated\">\n\t\t\t\t\t\t\t<div class=\"elementor-widget-wrap\">\n\t\t\t\t\t\t<div class=\"elementor-element elementor-element-79e8340 elementor-widget elementor-widget-heading\" data-id=\"79e8340\" data-element_type=\"widget\" data-widget_type=\"heading.default\">\n\t\t\t\t<div class=\"elementor-widget-container\">\n\t\t\t<h1 class=\"elementor-heading-title elementor-size-default\">PI\u00c8CE \u00c0 MAIN FLAT TOP<\/h1>\t\t<\/div>\n\t\t\t\t<\/div>\n\t\t\t\t\t\t<\/div>\n\t\t\t\t\t<\/div>\n\t\t<\/div>\n\t\t\t\t\t\t\t\t<\/div>\n\t\t\t\t\t<\/div>\n\t\t<\/section>\n\t\t\t\t<section class=\"elementor-section elementor-top-section elementor-element elementor-element-4e89385 elementor-section-boxed elementor-section-height-default elementor-section-height-default\" data-id=\"4e89385\" data-element_type=\"section\" data-settings=\"{&quot;_ha_eqh_enable&quot;:false}\">\n\t\t\t\t\t\t<div class=\"elementor-container elementor-column-gap-default\">\n\t\t\t\t\t\t\t<div class=\"elementor-row\">\n\t\t\t\t\t<div class=\"elementor-column elementor-col-100 elementor-top-column elementor-element elementor-element-aa94712\" data-id=\"aa94712\" data-element_type=\"column\">\n\t\t\t<div class=\"elementor-column-wrap elementor-element-populated\">\n\t\t\t\t\t\t\t<div class=\"elementor-widget-wrap\">\n\t\t\t\t\t\t<div class=\"elementor-element elementor-element-739a1f2 animated-slow elementor-invisible elementor-widget elementor-widget-image\" data-id=\"739a1f2\" data-element_type=\"widget\" data-settings=\"{&quot;_animation&quot;:&quot;zoomIn&quot;,&quot;_animation_delay&quot;:5}\" data-widget_type=\"image.default\">\n\t\t\t\t<div class=\"elementor-widget-container\">\n\t\t\t\t\t\t\t\t<div class=\"elementor-image\">\n\t\t\t\t\t\t\t\t\t\t\t\t<img loading=\"lazy\" decoding=\"async\" width=\"1001\" height=\"601\" src=\"https:\/\/www.doctor-smile.com\/wp-content\/uploads\/2021\/04\/MOP-72dpi.png\" class=\"attachment-large size-large\" alt=\"\" srcset=\"https:\/\/www.doctor-smile.com\/wp-content\/uploads\/2021\/04\/MOP-72dpi.png 1001w, https:\/\/www.doctor-smile.com\/wp-content\/uploads\/2021\/04\/MOP-72dpi-300x180.png 300w, https:\/\/www.doctor-smile.com\/wp-content\/uploads\/2021\/04\/MOP-72dpi-768x461.png 768w\" sizes=\"auto, (max-width: 1001px) 100vw, 1001px\" \/>\t\t\t\t\t\t\t\t\t\t\t\t\t\t<\/div>\n\t\t\t\t\t\t<\/div>\n\t\t\t\t<\/div>\n\t\t\t\t<div class=\"elementor-element elementor-element-99ece08 elementor-widget elementor-widget-text-editor\" data-id=\"99ece08\" data-element_type=\"widget\" data-widget_type=\"text-editor.default\">\n\t\t\t\t<div class=\"elementor-widget-container\">\n\t\t\t\t\t\t\t\t<div class=\"elementor-text-editor elementor-clearfix\">\n\t\t\t\t<p style=\"text-align: left;\"><span style=\"color: #333300;\"><span style=\"background-color: #ffffff;\">PLUS QU\u2019UN OUTIL<br \/><\/span><\/span><span style=\"background-color: #c6c6c6;\">DE TH\u00c9RAPIE<\/span><span style=\"color: #e5007d;\"><span style=\"color: #333300;\"><br \/><\/span><\/span><\/p>\t\t\t\t\t<\/div>\n\t\t\t\t\t\t<\/div>\n\t\t\t\t<\/div>\n\t\t\t\t<div class=\"elementor-element elementor-element-f52bbc3 elementor-widget elementor-widget-text-editor\" data-id=\"f52bbc3\" data-element_type=\"widget\" data-widget_type=\"text-editor.default\">\n\t\t\t\t<div class=\"elementor-widget-container\">\n\t\t\t\t\t\t\t\t<div class=\"elementor-text-editor elementor-clearfix\">\n\t\t\t\t<p>La pi\u00e8ce \u00e0 main Flat Top AB2799 est un dispositif indispensable pour obtenir des effets positifs sur la membrane cellulaire et les mitochondries, avec une am\u00e9lioration de la cicatrisation, de la r\u00e9paration des tissus et de la pr\u00e9vention de la n\u00e9crose tissulaire. Les effets de la photo-bio-modulation garantissent un soulagement de l&#8217;inflammation des maladies chroniques, en pr\u00e9sence de douleurs neurog\u00e8nes et de certains probl\u00e8mes neurologiques. Il peut \u00eatre appliqu\u00e9 dans le traitement de larges zones de la bouche et de la zone p\u00e9ribuccale, apr\u00e8s l\u2019extraction et la chirurgie implantaire, dans des traitements gingivaux d\u00e9contaminant et \/ ou r\u00e9g\u00e9n\u00e9ratifs.<\/p>\t\t\t\t\t<\/div>\n\t\t\t\t\t\t<\/div>\n\t\t\t\t<\/div>\n\t\t\t\t\t\t<\/div>\n\t\t\t\t\t<\/div>\n\t\t<\/div>\n\t\t\t\t\t\t\t\t<\/div>\n\t\t\t\t\t<\/div>\n\t\t<\/section>\n\t\t\t\t<section class=\"elementor-section elementor-top-section elementor-element elementor-element-505115f elementor-section-boxed elementor-section-height-default elementor-section-height-default\" data-id=\"505115f\" data-element_type=\"section\" data-settings=\"{&quot;_ha_eqh_enable&quot;:false}\">\n\t\t\t\t\t\t<div class=\"elementor-container elementor-column-gap-default\">\n\t\t\t\t\t\t\t<div class=\"elementor-row\">\n\t\t\t\t\t<div class=\"elementor-column elementor-col-100 elementor-top-column elementor-element elementor-element-abc987e\" data-id=\"abc987e\" data-element_type=\"column\">\n\t\t\t<div class=\"elementor-column-wrap elementor-element-populated\">\n\t\t\t\t\t\t\t<div class=\"elementor-widget-wrap\">\n\t\t\t\t\t\t<div class=\"elementor-element elementor-element-c91d2c6 animated-slow elementor-invisible elementor-widget elementor-widget-image\" data-id=\"c91d2c6\" data-element_type=\"widget\" data-settings=\"{&quot;_animation&quot;:&quot;zoomIn&quot;,&quot;motion_fx_motion_fx_mouse&quot;:&quot;yes&quot;,&quot;_animation_delay&quot;:5}\" data-widget_type=\"image.default\">\n\t\t\t\t<div class=\"elementor-widget-container\">\n\t\t\t\t\t\t\t\t<div class=\"elementor-image\">\n\t\t\t\t\t\t\t\t\t\t\t\t<img loading=\"lazy\" decoding=\"async\" width=\"900\" height=\"540\" src=\"https:\/\/www.doctor-smile.com\/wp-content\/uploads\/2021\/03\/MOP-1.jpeg\" class=\"attachment-full size-full\" alt=\"Flat top\" srcset=\"https:\/\/www.doctor-smile.com\/wp-content\/uploads\/2021\/03\/MOP-1.jpeg 900w, https:\/\/www.doctor-smile.com\/wp-content\/uploads\/2021\/03\/MOP-1-300x180.jpeg 300w, https:\/\/www.doctor-smile.com\/wp-content\/uploads\/2021\/03\/MOP-1-768x461.jpeg 768w\" sizes=\"auto, (max-width: 900px) 100vw, 900px\" \/>\t\t\t\t\t\t\t\t\t\t\t\t\t\t<\/div>\n\t\t\t\t\t\t<\/div>\n\t\t\t\t<\/div>\n\t\t\t\t<div class=\"elementor-element elementor-element-779ccc2 elementor-widget elementor-widget-text-editor\" data-id=\"779ccc2\" data-element_type=\"widget\" data-widget_type=\"text-editor.default\">\n\t\t\t\t<div class=\"elementor-widget-container\">\n\t\t\t\t\t\t\t\t<div class=\"elementor-text-editor elementor-clearfix\">\n\t\t\t\t<p style=\"text-align: left;\"><span style=\"background-color: #c6c6c6;\">BIOSTIMULATION DES TISSUS<br \/><\/span>M\u00caME \u00c0 DISTANCE<\/p>\t\t\t\t\t<\/div>\n\t\t\t\t\t\t<\/div>\n\t\t\t\t<\/div>\n\t\t\t\t<div class=\"elementor-element elementor-element-10eff75 elementor-widget elementor-widget-text-editor\" data-id=\"10eff75\" data-element_type=\"widget\" data-widget_type=\"text-editor.default\">\n\t\t\t\t<div class=\"elementor-widget-container\">\n\t\t\t\t\t\t\t\t<div class=\"elementor-text-editor elementor-clearfix\">\n\t\t\t\t<p>Con\u00e7ue par le Prof. Alberico Benedicenti de l&#8217;Universit\u00e9 de G\u00eanes en collaboration avec Doctor Smile, la pi\u00e8ce \u00e0 main Flat Top AB2799 est un dispositif qui est en mesure d&#8217;\u00e9mettre une quantit\u00e9 d&#8217;\u00e9nergie optimale et constante sur une surface de 1 cm<span style=\"color: #4d5156; font-family: arial, sans-serif; font-size: 14px;\">\u00b2<\/span>, jusqu&#8217;\u00e0 une distance de 105 cm de la zone int\u00e9ress\u00e9 \u00e0 traiter, en conservant le m\u00eame effet b\u00e9n\u00e9fique. De cette mani\u00e8re, les propri\u00e9t\u00e9s du laser diode modul\u00e9 garantissent une augmentation suppl\u00e9mentaire de l&#8217;ATP et des prot\u00e9ines synth\u00e9tiques, favorisant une action anti-inflammatoire et biostimulante de la r\u00e9paration cellulaire.<\/p><p>En adoptant un syst\u00e8me sp\u00e9cial de lentilles, qui permet une focalisation constante du rayon laser, la pi\u00e8ce \u00e0 main Flat Top AB2799 permet d&#8217;obtenir la m\u00eame densit\u00e9 d&#8217;\u00e9nergie gr\u00e2ce au syst\u00e8me de focalisation constante. L&#8217;\u00e9mission du faisceau laser n\u2019est donc pas conique mais plate, assurant une plus grande p\u00e9n\u00e9tration dans les tissus et un meilleur r\u00e9sultat dans les th\u00e9rapies, ce qui \u00e9vite compl\u00e8tement les erreurs possibles de l&#8217;op\u00e9rateur.<\/p>\t\t\t\t\t<\/div>\n\t\t\t\t\t\t<\/div>\n\t\t\t\t<\/div>\n\t\t\t\t\t\t<\/div>\n\t\t\t\t\t<\/div>\n\t\t<\/div>\n\t\t\t\t\t\t\t\t<\/div>\n\t\t\t\t\t<\/div>\n\t\t<\/section>\n\t\t\t\t<section class=\"elementor-section elementor-top-section elementor-element elementor-element-3019841 elementor-section-boxed elementor-section-height-default elementor-section-height-default\" data-id=\"3019841\" data-element_type=\"section\" data-settings=\"{&quot;_ha_eqh_enable&quot;:false}\">\n\t\t\t\t\t\t<div class=\"elementor-container elementor-column-gap-default\">\n\t\t\t\t\t\t\t<div class=\"elementor-row\">\n\t\t\t\t\t<div class=\"elementor-column elementor-col-100 elementor-top-column elementor-element elementor-element-b0b3950\" data-id=\"b0b3950\" data-element_type=\"column\">\n\t\t\t<div class=\"elementor-column-wrap elementor-element-populated\">\n\t\t\t\t\t\t\t<div class=\"elementor-widget-wrap\">\n\t\t\t\t\t\t<div class=\"elementor-element elementor-element-fb10603 elementor-cta--skin-cover elementor-animated-content elementor-bg-transform elementor-bg-transform-zoom-in elementor-widget elementor-widget-call-to-action\" data-id=\"fb10603\" data-element_type=\"widget\" data-widget_type=\"call-to-action.default\">\n\t\t\t\t<div class=\"elementor-widget-container\">\n\t\t\t\t\t<div class=\"elementor-cta\">\n\t\t\t\t\t<div class=\"elementor-cta__bg-wrapper\">\n\t\t\t\t<div class=\"elementor-cta__bg elementor-bg\" style=\"background-image: url(https:\/\/www.doctor-smile.com\/wp-content\/uploads\/2021\/05\/MOP-1024x768.jpg);\"><\/div>\n\t\t\t\t<div class=\"elementor-cta__bg-overlay\"><\/div>\n\t\t\t<\/div>\n\t\t\t\t\t\t\t<div class=\"elementor-cta__content\">\n\t\t\t\t\n\t\t\t\t\n\t\t\t\t\n\t\t\t\t\t\t\t\t\t<div class=\"elementor-cta__button-wrapper elementor-cta__content-item elementor-content-item elementor-animated-item--enter-from-bottom\">\n\t\t\t\t\t<a class=\"elementor-cta__button elementor-button elementor-size-md\" href=\"https:\/\/www.doctor-smile.com\/wp-content\/uploads\/2024\/05\/AMDP002FR.00-DEPLIANT-MANIPOLO-FLAT-TOP-MOP-ss-lr.pdf\" target=\"_blank\">\n\t\t\t\t\t\tT\u00e9l\u00e9chargez la brochure\t\t\t\t\t<\/a>\n\t\t\t\t\t<\/div>\n\t\t\t\t\t\t\t<\/div>\n\t\t\t\t\t\t<\/div>\n\t\t\t\t<\/div>\n\t\t\t\t<\/div>\n\t\t\t\t<div class=\"elementor-element elementor-element-ba43ef8 elementor-widget elementor-widget-spacer\" data-id=\"ba43ef8\" data-element_type=\"widget\" data-widget_type=\"spacer.default\">\n\t\t\t\t<div class=\"elementor-widget-container\">\n\t\t\t\t\t<div class=\"elementor-spacer\">\n\t\t\t<div class=\"elementor-spacer-inner\"><\/div>\n\t\t<\/div>\n\t\t\t\t<\/div>\n\t\t\t\t<\/div>\n\t\t\t\t<div class=\"elementor-element elementor-element-d2dd1b9 elementor-cta--skin-classic elementor-animated-content elementor-bg-transform elementor-bg-transform-zoom-in elementor-widget elementor-widget-call-to-action\" data-id=\"d2dd1b9\" data-element_type=\"widget\" data-widget_type=\"call-to-action.default\">\n\t\t\t\t<div class=\"elementor-widget-container\">\n\t\t\t\t\t<div class=\"elementor-cta\">\n\t\t\t\t\t\t\t<div class=\"elementor-cta__content\">\n\t\t\t\t\n\t\t\t\t<h4 class=\"elementor-cta__title elementor-cta__content-item elementor-content-item\">D\u00e9couvrez ce que vous pouvez faire avec la Pi\u00e8ce \u00e0 Main Onda Piana<\/h4>\n\t\t\t\t\n\t\t\t\t\t\t\t\t\t<div class=\"elementor-cta__button-wrapper elementor-cta__content-item elementor-content-item \">\n\t\t\t\t\t<a class=\"elementor-cta__button elementor-button elementor-size-md\" href=\"https:\/\/www.doctor-smile.com\/fr\/contacts\/\">\n\t\t\t\t\t\tNous contacter\t\t\t\t\t<\/a>\n\t\t\t\t\t<\/div>\n\t\t\t\t\t\t\t<\/div>\n\t\t\t\t\t\t<\/div>\n\t\t\t\t<\/div>\n\t\t\t\t<\/div>\n\t\t\t\t\t\t<\/div>\n\t\t\t\t\t<\/div>\n\t\t<\/div>\n\t\t\t\t\t\t\t\t<\/div>\n\t\t\t\t\t<\/div>\n\t\t<\/section>\n\t\t\t\t\t\t\t\t\t<\/div>\n\t\t\t<\/div>\n\t\t\t\t\t<\/div>\n\t\t","protected":false},"excerpt":{"rendered":"<p>PI\u00c8CE \u00c0 MAIN FLAT TOP PLUS QU\u2019UN OUTILDE TH\u00c9RAPIE La pi\u00e8ce \u00e0 main Flat Top AB2799 est un dispositif indispensable pour obtenir des effets positifs sur la membrane cellulaire et les mitochondries, avec une am\u00e9lioration de la cicatrisation, de la r\u00e9paration des tissus et de la pr\u00e9vention de la n\u00e9crose tissulaire. Les effets de la &#8230; <a title=\"FLAT TOP pi\u00e8ce \u00e0 main\" class=\"read-more\" href=\"https:\/\/www.doctor-smile.com\/fr\/flat-top-piece-a-main\/\" aria-label=\"Plus sur FLAT TOP pi\u00e8ce \u00e0 main\">Lire plus<\/a><\/p>\n","protected":false},"author":8,"featured_media":0,"parent":0,"menu_order":0,"comment_status":"closed","ping_status":"closed","template":"","meta":{"content-type":"","footnotes":""},"class_list":["post-13368","page","type-page","status-publish"],"yoast_head":"<!-- This site is optimized with the Yoast SEO plugin v27.4 - https:\/\/yoast.com\/product\/yoast-seo-wordpress\/ -->\n<title>FLAT TOP pi\u00e8ce \u00e0 main - DOCTOR SMILE<\/title>\n<meta name=\"description\" content=\"Flat Top: pi\u00e8ce \u00e0 main auxiliaire \u00e0 onde plane permettant la photobiomodulation des tissus pour donner un soulagement de l\u2019inflammation, de la douleur neurog\u00e9nique et des probl\u00e8mes neurologiques.\" \/>\n<meta name=\"robots\" content=\"index, follow, max-snippet:-1, max-image-preview:large, max-video-preview:-1\" \/>\n<link rel=\"canonical\" href=\"https:\/\/www.doctor-smile.com\/fr\/flat-top-piece-a-main\/\" \/>\n<meta property=\"og:locale\" content=\"fr_FR\" \/>\n<meta property=\"og:type\" content=\"article\" \/>\n<meta property=\"og:title\" content=\"FLAT TOP pi\u00e8ce \u00e0 main - DOCTOR SMILE\" \/>\n<meta property=\"og:description\" content=\"Flat Top: pi\u00e8ce \u00e0 main auxiliaire \u00e0 onde plane permettant la photobiomodulation des tissus pour donner un soulagement de l\u2019inflammation, de la douleur neurog\u00e9nique et des probl\u00e8mes neurologiques.\" \/>\n<meta property=\"og:url\" content=\"https:\/\/www.doctor-smile.com\/fr\/flat-top-piece-a-main\/\" \/>\n<meta property=\"og:site_name\" content=\"DOCTOR SMILE\" \/>\n<meta property=\"article:publisher\" content=\"https:\/\/www.facebook.com\/DoctorSmileTM\/\" \/>\n<meta property=\"article:modified_time\" content=\"2024-05-31T13:50:01+00:00\" \/>\n<meta property=\"og:image\" content=\"https:\/\/www.doctor-smile.com\/wp-content\/uploads\/2021\/04\/MOP-72dpi.png\" \/>\n<meta name=\"twitter:card\" content=\"summary_large_image\" \/>\n<script type=\"application\/ld+json\" class=\"yoast-schema-graph\">{\"@context\":\"https:\\\/\\\/schema.org\",\"@graph\":[{\"@type\":\"WebPage\",\"@id\":\"https:\\\/\\\/www.doctor-smile.com\\\/fr\\\/flat-top-piece-a-main\\\/\",\"url\":\"https:\\\/\\\/www.doctor-smile.com\\\/fr\\\/flat-top-piece-a-main\\\/\",\"name\":\"FLAT TOP pi\u00e8ce \u00e0 main - DOCTOR SMILE\",\"isPartOf\":{\"@id\":\"https:\\\/\\\/www.doctor-smile.com\\\/fr\\\/#website\"},\"primaryImageOfPage\":{\"@id\":\"https:\\\/\\\/www.doctor-smile.com\\\/fr\\\/flat-top-piece-a-main\\\/#primaryimage\"},\"image\":{\"@id\":\"https:\\\/\\\/www.doctor-smile.com\\\/fr\\\/flat-top-piece-a-main\\\/#primaryimage\"},\"thumbnailUrl\":\"https:\\\/\\\/www.doctor-smile.com\\\/wp-content\\\/uploads\\\/2021\\\/04\\\/MOP-72dpi.png\",\"datePublished\":\"2021-06-16T09:35:34+00:00\",\"dateModified\":\"2024-05-31T13:50:01+00:00\",\"description\":\"Flat Top: pi\u00e8ce \u00e0 main auxiliaire \u00e0 onde plane permettant la photobiomodulation des tissus pour donner un soulagement de l\u2019inflammation, de la douleur neurog\u00e9nique et des probl\u00e8mes neurologiques.\",\"breadcrumb\":{\"@id\":\"https:\\\/\\\/www.doctor-smile.com\\\/fr\\\/flat-top-piece-a-main\\\/#breadcrumb\"},\"inLanguage\":\"fr-FR\",\"potentialAction\":[{\"@type\":\"ReadAction\",\"target\":[\"https:\\\/\\\/www.doctor-smile.com\\\/fr\\\/flat-top-piece-a-main\\\/\"]}]},{\"@type\":\"ImageObject\",\"inLanguage\":\"fr-FR\",\"@id\":\"https:\\\/\\\/www.doctor-smile.com\\\/fr\\\/flat-top-piece-a-main\\\/#primaryimage\",\"url\":\"https:\\\/\\\/www.doctor-smile.com\\\/wp-content\\\/uploads\\\/2021\\\/04\\\/MOP-72dpi.png\",\"contentUrl\":\"https:\\\/\\\/www.doctor-smile.com\\\/wp-content\\\/uploads\\\/2021\\\/04\\\/MOP-72dpi.png\"},{\"@type\":\"BreadcrumbList\",\"@id\":\"https:\\\/\\\/www.doctor-smile.com\\\/fr\\\/flat-top-piece-a-main\\\/#breadcrumb\",\"itemListElement\":[{\"@type\":\"ListItem\",\"position\":1,\"name\":\"Home\",\"item\":\"https:\\\/\\\/www.doctor-smile.com\\\/fr\\\/\"},{\"@type\":\"ListItem\",\"position\":2,\"name\":\"FLAT TOP pi\u00e8ce \u00e0 main\"}]},{\"@type\":\"WebSite\",\"@id\":\"https:\\\/\\\/www.doctor-smile.com\\\/fr\\\/#website\",\"url\":\"https:\\\/\\\/www.doctor-smile.com\\\/fr\\\/\",\"name\":\"DOCTOR SMILE\",\"description\":\"Tecnologia Laser Odontoiatrica\",\"publisher\":{\"@id\":\"https:\\\/\\\/www.doctor-smile.com\\\/fr\\\/#organization\"},\"potentialAction\":[{\"@type\":\"SearchAction\",\"target\":{\"@type\":\"EntryPoint\",\"urlTemplate\":\"https:\\\/\\\/www.doctor-smile.com\\\/fr\\\/?s={search_term_string}\"},\"query-input\":{\"@type\":\"PropertyValueSpecification\",\"valueRequired\":true,\"valueName\":\"search_term_string\"}}],\"inLanguage\":\"fr-FR\"},{\"@type\":\"Organization\",\"@id\":\"https:\\\/\\\/www.doctor-smile.com\\\/fr\\\/#organization\",\"name\":\"Doctor-Smile\",\"url\":\"https:\\\/\\\/www.doctor-smile.com\\\/fr\\\/\",\"logo\":{\"@type\":\"ImageObject\",\"inLanguage\":\"fr-FR\",\"@id\":\"https:\\\/\\\/www.doctor-smile.com\\\/fr\\\/#\\\/schema\\\/logo\\\/image\\\/\",\"url\":\"https:\\\/\\\/www.doctor-smile.com\\\/wp-content\\\/uploads\\\/2021\\\/02\\\/Logo-Doctor-Smile-1.png\",\"contentUrl\":\"https:\\\/\\\/www.doctor-smile.com\\\/wp-content\\\/uploads\\\/2021\\\/02\\\/Logo-Doctor-Smile-1.png\",\"width\":1757,\"height\":667,\"caption\":\"Doctor-Smile\"},\"image\":{\"@id\":\"https:\\\/\\\/www.doctor-smile.com\\\/fr\\\/#\\\/schema\\\/logo\\\/image\\\/\"},\"sameAs\":[\"https:\\\/\\\/www.facebook.com\\\/DoctorSmileTM\\\/\",\"https:\\\/\\\/www.instagram.com\\\/doctorsmiledentallaser\\\/\",\"https:\\\/\\\/www.youtube.com\\\/user\\\/doctorsmile1\\\/\"]}]}<\/script>\n<!-- \/ Yoast SEO plugin. -->","yoast_head_json":{"title":"FLAT TOP pi\u00e8ce \u00e0 main - DOCTOR SMILE","description":"Flat Top: pi\u00e8ce \u00e0 main auxiliaire \u00e0 onde plane permettant la photobiomodulation des tissus pour donner un soulagement de l\u2019inflammation, de la douleur neurog\u00e9nique et des probl\u00e8mes neurologiques.","robots":{"index":"index","follow":"follow","max-snippet":"max-snippet:-1","max-image-preview":"max-image-preview:large","max-video-preview":"max-video-preview:-1"},"canonical":"https:\/\/www.doctor-smile.com\/fr\/flat-top-piece-a-main\/","og_locale":"fr_FR","og_type":"article","og_title":"FLAT TOP pi\u00e8ce \u00e0 main - DOCTOR SMILE","og_description":"Flat Top: pi\u00e8ce \u00e0 main auxiliaire \u00e0 onde plane permettant la photobiomodulation des tissus pour donner un soulagement de l\u2019inflammation, de la douleur neurog\u00e9nique et des probl\u00e8mes neurologiques.","og_url":"https:\/\/www.doctor-smile.com\/fr\/flat-top-piece-a-main\/","og_site_name":"DOCTOR SMILE","article_publisher":"https:\/\/www.facebook.com\/DoctorSmileTM\/","article_modified_time":"2024-05-31T13:50:01+00:00","og_image":[{"url":"https:\/\/www.doctor-smile.com\/wp-content\/uploads\/2021\/04\/MOP-72dpi.png","type":"","width":"","height":""}],"twitter_card":"summary_large_image","schema":{"@context":"https:\/\/schema.org","@graph":[{"@type":"WebPage","@id":"https:\/\/www.doctor-smile.com\/fr\/flat-top-piece-a-main\/","url":"https:\/\/www.doctor-smile.com\/fr\/flat-top-piece-a-main\/","name":"FLAT TOP pi\u00e8ce \u00e0 main - DOCTOR SMILE","isPartOf":{"@id":"https:\/\/www.doctor-smile.com\/fr\/#website"},"primaryImageOfPage":{"@id":"https:\/\/www.doctor-smile.com\/fr\/flat-top-piece-a-main\/#primaryimage"},"image":{"@id":"https:\/\/www.doctor-smile.com\/fr\/flat-top-piece-a-main\/#primaryimage"},"thumbnailUrl":"https:\/\/www.doctor-smile.com\/wp-content\/uploads\/2021\/04\/MOP-72dpi.png","datePublished":"2021-06-16T09:35:34+00:00","dateModified":"2024-05-31T13:50:01+00:00","description":"Flat Top: pi\u00e8ce \u00e0 main auxiliaire \u00e0 onde plane permettant la photobiomodulation des tissus pour donner un soulagement de l\u2019inflammation, de la douleur neurog\u00e9nique et des probl\u00e8mes neurologiques.","breadcrumb":{"@id":"https:\/\/www.doctor-smile.com\/fr\/flat-top-piece-a-main\/#breadcrumb"},"inLanguage":"fr-FR","potentialAction":[{"@type":"ReadAction","target":["https:\/\/www.doctor-smile.com\/fr\/flat-top-piece-a-main\/"]}]},{"@type":"ImageObject","inLanguage":"fr-FR","@id":"https:\/\/www.doctor-smile.com\/fr\/flat-top-piece-a-main\/#primaryimage","url":"https:\/\/www.doctor-smile.com\/wp-content\/uploads\/2021\/04\/MOP-72dpi.png","contentUrl":"https:\/\/www.doctor-smile.com\/wp-content\/uploads\/2021\/04\/MOP-72dpi.png"},{"@type":"BreadcrumbList","@id":"https:\/\/www.doctor-smile.com\/fr\/flat-top-piece-a-main\/#breadcrumb","itemListElement":[{"@type":"ListItem","position":1,"name":"Home","item":"https:\/\/www.doctor-smile.com\/fr\/"},{"@type":"ListItem","position":2,"name":"FLAT TOP pi\u00e8ce \u00e0 main"}]},{"@type":"WebSite","@id":"https:\/\/www.doctor-smile.com\/fr\/#website","url":"https:\/\/www.doctor-smile.com\/fr\/","name":"DOCTOR SMILE","description":"Tecnologia Laser Odontoiatrica","publisher":{"@id":"https:\/\/www.doctor-smile.com\/fr\/#organization"},"potentialAction":[{"@type":"SearchAction","target":{"@type":"EntryPoint","urlTemplate":"https:\/\/www.doctor-smile.com\/fr\/?s={search_term_string}"},"query-input":{"@type":"PropertyValueSpecification","valueRequired":true,"valueName":"search_term_string"}}],"inLanguage":"fr-FR"},{"@type":"Organization","@id":"https:\/\/www.doctor-smile.com\/fr\/#organization","name":"Doctor-Smile","url":"https:\/\/www.doctor-smile.com\/fr\/","logo":{"@type":"ImageObject","inLanguage":"fr-FR","@id":"https:\/\/www.doctor-smile.com\/fr\/#\/schema\/logo\/image\/","url":"https:\/\/www.doctor-smile.com\/wp-content\/uploads\/2021\/02\/Logo-Doctor-Smile-1.png","contentUrl":"https:\/\/www.doctor-smile.com\/wp-content\/uploads\/2021\/02\/Logo-Doctor-Smile-1.png","width":1757,"height":667,"caption":"Doctor-Smile"},"image":{"@id":"https:\/\/www.doctor-smile.com\/fr\/#\/schema\/logo\/image\/"},"sameAs":["https:\/\/www.facebook.com\/DoctorSmileTM\/","https:\/\/www.instagram.com\/doctorsmiledentallaser\/","https:\/\/www.youtube.com\/user\/doctorsmile1\/"]}]}},"_links":{"self":[{"href":"https:\/\/www.doctor-smile.com\/fr\/wp-json\/wp\/v2\/pages\/13368","targetHints":{"allow":["GET"]}}],"collection":[{"href":"https:\/\/www.doctor-smile.com\/fr\/wp-json\/wp\/v2\/pages"}],"about":[{"href":"https:\/\/www.doctor-smile.com\/fr\/wp-json\/wp\/v2\/types\/page"}],"author":[{"embeddable":true,"href":"https:\/\/www.doctor-smile.com\/fr\/wp-json\/wp\/v2\/users\/8"}],"replies":[{"embeddable":true,"href":"https:\/\/www.doctor-smile.com\/fr\/wp-json\/wp\/v2\/comments?post=13368"}],"version-history":[{"count":9,"href":"https:\/\/www.doctor-smile.com\/fr\/wp-json\/wp\/v2\/pages\/13368\/revisions"}],"predecessor-version":[{"id":22976,"href":"https:\/\/www.doctor-smile.com\/fr\/wp-json\/wp\/v2\/pages\/13368\/revisions\/22976"}],"wp:attachment":[{"href":"https:\/\/www.doctor-smile.com\/fr\/wp-json\/wp\/v2\/media?parent=13368"}],"curies":[{"name":"wp","href":"https:\/\/api.w.org\/{rel}","templated":true}]}}