{"id":13376,"date":"2021-06-16T11:53:57","date_gmt":"2021-06-16T09:53:57","guid":{"rendered":"https:\/\/www.doctor-smile.com\/revive\/"},"modified":"2024-03-27T12:21:28","modified_gmt":"2024-03-27T11:21:28","slug":"revive","status":"publish","type":"page","link":"https:\/\/www.doctor-smile.com\/fr\/revive\/","title":{"rendered":"REVIVE"},"content":{"rendered":"\t\t<div data-elementor-type=\"wp-page\" data-elementor-id=\"13376\" class=\"elementor elementor-13376 elementor-6365\">\n\t\t\t\t\t\t<div class=\"elementor-inner\">\n\t\t\t\t<div class=\"elementor-section-wrap\">\n\t\t\t\t\t\t\t\t\t<section class=\"elementor-section elementor-top-section elementor-element elementor-element-f72ef19 elementor-section-boxed elementor-section-height-default elementor-section-height-default\" data-id=\"f72ef19\" data-element_type=\"section\" data-settings=\"{&quot;_ha_eqh_enable&quot;:false}\">\n\t\t\t\t\t\t<div class=\"elementor-container elementor-column-gap-default\">\n\t\t\t\t\t\t\t<div class=\"elementor-row\">\n\t\t\t\t\t<div class=\"elementor-column elementor-col-100 elementor-top-column elementor-element elementor-element-488a107\" data-id=\"488a107\" data-element_type=\"column\">\n\t\t\t<div class=\"elementor-column-wrap elementor-element-populated\">\n\t\t\t\t\t\t\t<div class=\"elementor-widget-wrap\">\n\t\t\t\t\t\t<div class=\"elementor-element elementor-element-9f90524 elementor-widget elementor-widget-heading\" data-id=\"9f90524\" data-element_type=\"widget\" data-widget_type=\"heading.default\">\n\t\t\t\t<div class=\"elementor-widget-container\">\n\t\t\t<h1 class=\"elementor-heading-title elementor-size-default\">PIECE A MAIN REVIVE<\/h1>\t\t<\/div>\n\t\t\t\t<\/div>\n\t\t\t\t\t\t<\/div>\n\t\t\t\t\t<\/div>\n\t\t<\/div>\n\t\t\t\t\t\t\t\t<\/div>\n\t\t\t\t\t<\/div>\n\t\t<\/section>\n\t\t\t\t<section class=\"elementor-section elementor-top-section elementor-element elementor-element-ff4fb68 elementor-section-boxed elementor-section-height-default elementor-section-height-default\" data-id=\"ff4fb68\" data-element_type=\"section\" data-settings=\"{&quot;_ha_eqh_enable&quot;:false}\">\n\t\t\t\t\t\t<div class=\"elementor-container elementor-column-gap-default\">\n\t\t\t\t\t\t\t<div class=\"elementor-row\">\n\t\t\t\t\t<div class=\"elementor-column elementor-col-100 elementor-top-column elementor-element elementor-element-3e5c175\" data-id=\"3e5c175\" data-element_type=\"column\">\n\t\t\t<div class=\"elementor-column-wrap elementor-element-populated\">\n\t\t\t\t\t\t\t<div class=\"elementor-widget-wrap\">\n\t\t\t\t\t\t<div class=\"elementor-element elementor-element-19788bb animated-slow elementor-invisible elementor-widget elementor-widget-image\" data-id=\"19788bb\" data-element_type=\"widget\" data-settings=\"{&quot;_animation&quot;:&quot;zoomIn&quot;,&quot;_animation_delay&quot;:5}\" data-widget_type=\"image.default\">\n\t\t\t\t<div class=\"elementor-widget-container\">\n\t\t\t\t\t\t\t\t<div class=\"elementor-image\">\n\t\t\t\t\t\t\t\t\t\t\t\t<img loading=\"lazy\" decoding=\"async\" width=\"1001\" height=\"601\" src=\"https:\/\/www.doctor-smile.com\/wp-content\/uploads\/2021\/04\/REVIVE-72dpi_Tavola-disegno-1-copia-11.png\" class=\"attachment-full size-full\" alt=\"\" srcset=\"https:\/\/www.doctor-smile.com\/wp-content\/uploads\/2021\/04\/REVIVE-72dpi_Tavola-disegno-1-copia-11.png 1001w, https:\/\/www.doctor-smile.com\/wp-content\/uploads\/2021\/04\/REVIVE-72dpi_Tavola-disegno-1-copia-11-300x180.png 300w, https:\/\/www.doctor-smile.com\/wp-content\/uploads\/2021\/04\/REVIVE-72dpi_Tavola-disegno-1-copia-11-768x461.png 768w\" sizes=\"auto, (max-width: 1001px) 100vw, 1001px\" \/>\t\t\t\t\t\t\t\t\t\t\t\t\t\t<\/div>\n\t\t\t\t\t\t<\/div>\n\t\t\t\t<\/div>\n\t\t\t\t<div class=\"elementor-element elementor-element-d5c81de elementor-widget elementor-widget-text-editor\" data-id=\"d5c81de\" data-element_type=\"widget\" data-widget_type=\"text-editor.default\">\n\t\t\t\t<div class=\"elementor-widget-container\">\n\t\t\t\t\t\t\t\t<div class=\"elementor-text-editor elementor-clearfix\">\n\t\t\t\t<p><span style=\"font-size: 36px; background-color: #ffffff;\">le tout dernier<br \/><\/span><span style=\"font-size: 36px; background-color: #bd544c; color: #ffffff;\">kit DERMATOLOGIque<\/span><\/p>\t\t\t\t\t<\/div>\n\t\t\t\t\t\t<\/div>\n\t\t\t\t<\/div>\n\t\t\t\t<div class=\"elementor-element elementor-element-3729a5f elementor-widget elementor-widget-text-editor\" data-id=\"3729a5f\" data-element_type=\"widget\" data-widget_type=\"text-editor.default\">\n\t\t\t\t<div class=\"elementor-widget-container\">\n\t\t\t\t\t\t\t\t<div class=\"elementor-text-editor elementor-clearfix\">\n\t\t\t\t<p>Le laser est une technologie bien \u00e9tablie dans le domaine m\u00e9dical : gr\u00e2ce \u00e0 ses propri\u00e9t\u00e9s biostimulantes de la lumi\u00e8re, il permet d&#8217;\u00e9liminer les imperfections cutan\u00e9es de mani\u00e8re absolument non invasive, sans sutures et avec une prise en charge post-op\u00e9ratoire simple jusqu&#8217;\u00e0 cicatrisation compl\u00e8te.<\/p><p>L&#8217;action r\u00e9g\u00e9n\u00e9ratrice du laser est \u00e9galement utile pour augmenter la microcirculation et l&#8217;oxyg\u00e9nation de la peau, ainsi que la stimulation et la n\u00e9osynth\u00e8se du collag\u00e8ne.<\/p>\t\t\t\t\t<\/div>\n\t\t\t\t\t\t<\/div>\n\t\t\t\t<\/div>\n\t\t\t\t<div class=\"elementor-element elementor-element-5daa217 animated-slow elementor-invisible elementor-widget elementor-widget-image\" data-id=\"5daa217\" data-element_type=\"widget\" data-settings=\"{&quot;_animation&quot;:&quot;bounceInLeft&quot;}\" data-widget_type=\"image.default\">\n\t\t\t\t<div class=\"elementor-widget-container\">\n\t\t\t\t\t\t\t\t<div class=\"elementor-image\">\n\t\t\t\t\t\t\t\t\t\t\t\t<img loading=\"lazy\" decoding=\"async\" width=\"900\" height=\"540\" src=\"https:\/\/www.doctor-smile.com\/wp-content\/uploads\/2021\/03\/REVIVE-1.jpeg\" class=\"attachment-large size-large\" alt=\"REVIVE\" srcset=\"https:\/\/www.doctor-smile.com\/wp-content\/uploads\/2021\/03\/REVIVE-1.jpeg 900w, https:\/\/www.doctor-smile.com\/wp-content\/uploads\/2021\/03\/REVIVE-1-300x180.jpeg 300w, https:\/\/www.doctor-smile.com\/wp-content\/uploads\/2021\/03\/REVIVE-1-768x461.jpeg 768w\" sizes=\"auto, (max-width: 900px) 100vw, 900px\" \/>\t\t\t\t\t\t\t\t\t\t\t\t\t\t<\/div>\n\t\t\t\t\t\t<\/div>\n\t\t\t\t<\/div>\n\t\t\t\t<div class=\"elementor-element elementor-element-9f303fe elementor-widget elementor-widget-text-editor\" data-id=\"9f303fe\" data-element_type=\"widget\" data-widget_type=\"text-editor.default\">\n\t\t\t\t<div class=\"elementor-widget-container\">\n\t\t\t\t\t\t\t\t<div class=\"elementor-text-editor elementor-clearfix\">\n\t\t\t\t<p><span style=\"color: #ffffff;\"><span style=\"background-color: #bd544c;\">\u00c9LARGIR LA GAMME DE TRAITEMENTS<br \/><\/span><\/span>DANS VOTRE PRATIQUE<\/p>\t\t\t\t\t<\/div>\n\t\t\t\t\t\t<\/div>\n\t\t\t\t<\/div>\n\t\t\t\t<div class=\"elementor-element elementor-element-315b61e elementor-widget elementor-widget-text-editor\" data-id=\"315b61e\" data-element_type=\"widget\" data-widget_type=\"text-editor.default\">\n\t\t\t\t<div class=\"elementor-widget-container\">\n\t\t\t\t\t\t\t\t<div class=\"elementor-text-editor elementor-clearfix\">\n\t\t\t\t<p>Les applications cliniques du package d\u00e9di\u00e9 \u00e0 la th\u00e9rapie cutan\u00e9e du visage vous permet d&#8217;ajouter des soins propos\u00e9s par un cabinet dentaire moderne, r\u00e9pondant \u00e0 de plus en plus aux besoins de leurs patients. L&#8217;utilisation de la La pi\u00e8ce \u00e0 main REVIVE vous permet \u00e9galement de r\u00e9aliser des interventions de bio-r\u00e9g\u00e9n\u00e9ration cutan\u00e9e, afin d&#8217;obtenir une plus grande turgescence de la peau, r\u00e9duisant la pr\u00e9sence de rides au niveau p\u00e9rioral<\/p>\t\t\t\t\t<\/div>\n\t\t\t\t\t\t<\/div>\n\t\t\t\t<\/div>\n\t\t\t\t<div class=\"elementor-element elementor-element-9a1c786 elementor-widget elementor-widget-heading\" data-id=\"9a1c786\" data-element_type=\"widget\" data-widget_type=\"heading.default\">\n\t\t\t\t<div class=\"elementor-widget-container\">\n\t\t\t<h3 class=\"elementor-heading-title elementor-size-default\"><b>CHIRURGIE DERMATOLOGIQUE*<\/b><\/h3>\t\t<\/div>\n\t\t\t\t<\/div>\n\t\t\t\t<div class=\"elementor-element elementor-element-c3fbaed elementor-widget elementor-widget-text-editor\" data-id=\"c3fbaed\" data-element_type=\"widget\" data-widget_type=\"text-editor.default\">\n\t\t\t\t<div class=\"elementor-widget-container\">\n\t\t\t\t\t\t\t\t<div class=\"elementor-text-editor elementor-clearfix\">\n\t\t\t\t<p><em><strong>(AVEC TIP FIBR\u00c9)<\/strong><\/em><br \/>Con questo trattamento \u00e8 possibile rimuovere efficacemente tutte le lesioni benigne a livello cutaneo del viso, come fibromi, nevi, verruche, cheratosi. Sar\u00e0 possibile operare vaporizzando la lesione strato per strato oppure mediante l&#8217;escissione della stessa.\u00a0<\/p>\t\t\t\t\t<\/div>\n\t\t\t\t\t\t<\/div>\n\t\t\t\t<\/div>\n\t\t\t\t<div class=\"elementor-element elementor-element-1852c28 elementor-widget elementor-widget-heading\" data-id=\"1852c28\" data-element_type=\"widget\" data-widget_type=\"heading.default\">\n\t\t\t\t<div class=\"elementor-widget-container\">\n\t\t\t<h2 class=\"elementor-heading-title elementor-size-default\"><b>TACHES P\u00c9RIORALES HYPERPIGMENT\u00c9ES<\/b><\/h2>\t\t<\/div>\n\t\t\t\t<\/div>\n\t\t\t\t<div class=\"elementor-element elementor-element-3241a3d elementor-widget elementor-widget-text-editor\" data-id=\"3241a3d\" data-element_type=\"widget\" data-widget_type=\"text-editor.default\">\n\t\t\t\t<div class=\"elementor-widget-container\">\n\t\t\t\t\t\t\t\t<div class=\"elementor-text-editor elementor-clearfix\">\n\t\t\t\t<p><em><b>(AVEC TIP FIBR\u00c9)<br \/><\/b><\/em>Le laser vaporise la peau superficielle hyperpigment\u00e9e et \u00e9limine en douceur les couches sombres de l&#8217;\u00e9piderme, en op\u00e9rant avec la fibre optique sur la zone de traitement. L&#8217;action th\u00e9rapeutique cesse d\u00e8s que le derme est atteint, qui appara\u00eet de couleur rose et indique donc un bon r\u00e9sultat op\u00e9ratoire.<\/p>\t\t\t\t\t<\/div>\n\t\t\t\t\t\t<\/div>\n\t\t\t\t<\/div>\n\t\t\t\t<div class=\"elementor-element elementor-element-da9c0fe elementor-widget elementor-widget-heading\" data-id=\"da9c0fe\" data-element_type=\"widget\" data-widget_type=\"heading.default\">\n\t\t\t\t<div class=\"elementor-widget-container\">\n\t\t\t<h2 class=\"elementor-heading-title elementor-size-default\"><b>BIORIG\u00c9N\u00c9RATION DE LA PEAU*<\/b><\/h2>\t\t<\/div>\n\t\t\t\t<\/div>\n\t\t\t\t<div class=\"elementor-element elementor-element-80f25ad elementor-widget elementor-widget-text-editor\" data-id=\"80f25ad\" data-element_type=\"widget\" data-widget_type=\"text-editor.default\">\n\t\t\t\t<div class=\"elementor-widget-container\">\n\t\t\t\t\t\t\t\t<div class=\"elementor-text-editor elementor-clearfix\">\n\t\t\t\t<p><em><b>(AVEC LA PI\u00c8CE \u00c0 MAIN REVIVE)<\/b><\/em><br \/>La pi\u00e8ce \u00e0 main sp\u00e9cifique REVIVE permet d&#8217;irradier les zones du tiers moyen inf\u00e9rieur affect\u00e9 par le rel\u00e2chement cutan\u00e9, o\u00f9 les rides se forment facilement et o\u00f9 les tissus tendent \u00e0 c\u00e9der avec le temps. La biostimulation laser est un assistant \u00e0 la r\u00e9g\u00e9n\u00e9ration normale du collag\u00e8ne et aussi pour aider d&#8217;autres aspects m\u00e9dicaux.<\/p>\t\t\t\t\t<\/div>\n\t\t\t\t\t\t<\/div>\n\t\t\t\t<\/div>\n\t\t\t\t\t\t<\/div>\n\t\t\t\t\t<\/div>\n\t\t<\/div>\n\t\t\t\t\t\t\t\t<\/div>\n\t\t\t\t\t<\/div>\n\t\t<\/section>\n\t\t\t\t<section class=\"elementor-section elementor-top-section elementor-element elementor-element-3019841 elementor-section-boxed elementor-section-height-default elementor-section-height-default\" data-id=\"3019841\" data-element_type=\"section\" data-settings=\"{&quot;_ha_eqh_enable&quot;:false}\">\n\t\t\t\t\t\t<div class=\"elementor-container elementor-column-gap-default\">\n\t\t\t\t\t\t\t<div class=\"elementor-row\">\n\t\t\t\t\t<div class=\"elementor-column elementor-col-100 elementor-top-column elementor-element elementor-element-b0b3950\" data-id=\"b0b3950\" data-element_type=\"column\">\n\t\t\t<div class=\"elementor-column-wrap elementor-element-populated\">\n\t\t\t\t\t\t\t<div class=\"elementor-widget-wrap\">\n\t\t\t\t\t\t<div class=\"elementor-element elementor-element-79383e2 elementor-widget elementor-widget-spacer\" data-id=\"79383e2\" data-element_type=\"widget\" data-widget_type=\"spacer.default\">\n\t\t\t\t<div class=\"elementor-widget-container\">\n\t\t\t\t\t<div class=\"elementor-spacer\">\n\t\t\t<div class=\"elementor-spacer-inner\"><\/div>\n\t\t<\/div>\n\t\t\t\t<\/div>\n\t\t\t\t<\/div>\n\t\t\t\t<div class=\"elementor-element elementor-element-fb10603 elementor-cta--skin-cover elementor-animated-content elementor-bg-transform elementor-bg-transform-zoom-in elementor-widget elementor-widget-call-to-action\" data-id=\"fb10603\" data-element_type=\"widget\" data-widget_type=\"call-to-action.default\">\n\t\t\t\t<div class=\"elementor-widget-container\">\n\t\t\t\t\t<div class=\"elementor-cta\">\n\t\t\t\t\t<div class=\"elementor-cta__bg-wrapper\">\n\t\t\t\t<div class=\"elementor-cta__bg elementor-bg\" style=\"background-image: url(https:\/\/www.doctor-smile.com\/wp-content\/uploads\/2021\/05\/REVIVE.jpg);\"><\/div>\n\t\t\t\t<div class=\"elementor-cta__bg-overlay\"><\/div>\n\t\t\t<\/div>\n\t\t\t\t\t\t\t<div class=\"elementor-cta__content\">\n\t\t\t\t\n\t\t\t\t\n\t\t\t\t\n\t\t\t\t\t\t\t\t\t<div class=\"elementor-cta__button-wrapper elementor-cta__content-item elementor-content-item elementor-animated-item--enter-from-bottom\">\n\t\t\t\t\t<a class=\"elementor-cta__button elementor-button elementor-size-md\" href=\"https:\/\/www.doctor-smile.com\/wp-content\/uploads\/2022\/09\/Depliant-REVIVE-FRA-A-M-DP-I300-ss-lr.pdf\" target=\"_blank\">\n\t\t\t\t\t\tT\u00e9l\u00e9chargez la brochure\t\t\t\t\t<\/a>\n\t\t\t\t\t<\/div>\n\t\t\t\t\t\t\t<\/div>\n\t\t\t\t\t\t<\/div>\n\t\t\t\t<\/div>\n\t\t\t\t<\/div>\n\t\t\t\t<div class=\"elementor-element elementor-element-d22d40e elementor-widget elementor-widget-spacer\" data-id=\"d22d40e\" data-element_type=\"widget\" data-widget_type=\"spacer.default\">\n\t\t\t\t<div class=\"elementor-widget-container\">\n\t\t\t\t\t<div class=\"elementor-spacer\">\n\t\t\t<div class=\"elementor-spacer-inner\"><\/div>\n\t\t<\/div>\n\t\t\t\t<\/div>\n\t\t\t\t<\/div>\n\t\t\t\t<div class=\"elementor-element elementor-element-329466c elementor-cta--skin-classic elementor-animated-content elementor-bg-transform elementor-bg-transform-zoom-in elementor-widget elementor-widget-call-to-action\" data-id=\"329466c\" data-element_type=\"widget\" data-widget_type=\"call-to-action.default\">\n\t\t\t\t<div class=\"elementor-widget-container\">\n\t\t\t\t\t<div class=\"elementor-cta\">\n\t\t\t\t\t\t\t<div class=\"elementor-cta__content\">\n\t\t\t\t\n\t\t\t\t<h4 class=\"elementor-cta__title elementor-cta__content-item elementor-content-item\">D\u00e9couvrez ce que vous pouvez faire avec la pi\u00e8ce \u00e0 main Revive<\/h4>\n\t\t\t\t\n\t\t\t\t\t\t\t\t\t<div class=\"elementor-cta__button-wrapper elementor-cta__content-item elementor-content-item \">\n\t\t\t\t\t<a class=\"elementor-cta__button elementor-button elementor-size-md\" href=\"https:\/\/www.doctor-smile.com\/fr\/contacts\/\">\n\t\t\t\t\t\tNous contacter\t\t\t\t\t<\/a>\n\t\t\t\t\t<\/div>\n\t\t\t\t\t\t\t<\/div>\n\t\t\t\t\t\t<\/div>\n\t\t\t\t<\/div>\n\t\t\t\t<\/div>\n\t\t\t\t\t\t<\/div>\n\t\t\t\t\t<\/div>\n\t\t<\/div>\n\t\t\t\t\t\t\t\t<\/div>\n\t\t\t\t\t<\/div>\n\t\t<\/section>\n\t\t\t\t\t\t\t\t\t<\/div>\n\t\t\t<\/div>\n\t\t\t\t\t<\/div>\n\t\t","protected":false},"excerpt":{"rendered":"<p>PIECE A MAIN REVIVE le tout dernierkit DERMATOLOGIque Le laser est une technologie bien \u00e9tablie dans le domaine m\u00e9dical : gr\u00e2ce \u00e0 ses propri\u00e9t\u00e9s biostimulantes de la lumi\u00e8re, il permet d&#8217;\u00e9liminer les imperfections cutan\u00e9es de mani\u00e8re absolument non invasive, sans sutures et avec une prise en charge post-op\u00e9ratoire simple jusqu&#8217;\u00e0 cicatrisation compl\u00e8te. L&#8217;action r\u00e9g\u00e9n\u00e9ratrice du &#8230; <a title=\"REVIVE\" class=\"read-more\" href=\"https:\/\/www.doctor-smile.com\/fr\/revive\/\" aria-label=\"Plus sur REVIVE\">Lire plus<\/a><\/p>\n","protected":false},"author":8,"featured_media":0,"parent":0,"menu_order":0,"comment_status":"closed","ping_status":"closed","template":"","meta":{"content-type":"","footnotes":""},"class_list":["post-13376","page","type-page","status-publish"],"yoast_head":"<!-- This site is optimized with the Yoast SEO plugin v27.4 - https:\/\/yoast.com\/product\/yoast-seo-wordpress\/ -->\n<title>REVIVE - DOCTOR SMILE<\/title>\n<meta name=\"description\" content=\"REVIVE \u00e9largit les possibilit\u00e9s de traitement dans votre clinique, et les patients b\u00e9n\u00e9ficieront de services suppl\u00e9mentaires sp\u00e9cifiques pour leur sant\u00e9 et leur beaut\u00e9.\" \/>\n<meta name=\"robots\" content=\"index, follow, max-snippet:-1, max-image-preview:large, max-video-preview:-1\" \/>\n<link rel=\"canonical\" href=\"https:\/\/www.doctor-smile.com\/fr\/revive\/\" \/>\n<meta property=\"og:locale\" content=\"fr_FR\" \/>\n<meta property=\"og:type\" content=\"article\" \/>\n<meta property=\"og:title\" content=\"REVIVE - DOCTOR SMILE\" \/>\n<meta property=\"og:description\" content=\"REVIVE \u00e9largit les possibilit\u00e9s de traitement dans votre clinique, et les patients b\u00e9n\u00e9ficieront de services suppl\u00e9mentaires sp\u00e9cifiques pour leur sant\u00e9 et leur beaut\u00e9.\" \/>\n<meta property=\"og:url\" content=\"https:\/\/www.doctor-smile.com\/fr\/revive\/\" \/>\n<meta property=\"og:site_name\" content=\"DOCTOR SMILE\" \/>\n<meta property=\"article:publisher\" content=\"https:\/\/www.facebook.com\/DoctorSmileTM\/\" \/>\n<meta property=\"article:modified_time\" content=\"2024-03-27T11:21:28+00:00\" \/>\n<meta property=\"og:image\" content=\"https:\/\/www.doctor-smile.com\/wp-content\/uploads\/2021\/04\/REVIVE-72dpi_Tavola-disegno-1-copia-11.png\" \/>\n<meta name=\"twitter:card\" content=\"summary_large_image\" \/>\n<script type=\"application\/ld+json\" class=\"yoast-schema-graph\">{\"@context\":\"https:\\\/\\\/schema.org\",\"@graph\":[{\"@type\":\"WebPage\",\"@id\":\"https:\\\/\\\/www.doctor-smile.com\\\/fr\\\/revive\\\/\",\"url\":\"https:\\\/\\\/www.doctor-smile.com\\\/fr\\\/revive\\\/\",\"name\":\"REVIVE - DOCTOR SMILE\",\"isPartOf\":{\"@id\":\"https:\\\/\\\/www.doctor-smile.com\\\/fr\\\/#website\"},\"primaryImageOfPage\":{\"@id\":\"https:\\\/\\\/www.doctor-smile.com\\\/fr\\\/revive\\\/#primaryimage\"},\"image\":{\"@id\":\"https:\\\/\\\/www.doctor-smile.com\\\/fr\\\/revive\\\/#primaryimage\"},\"thumbnailUrl\":\"https:\\\/\\\/www.doctor-smile.com\\\/wp-content\\\/uploads\\\/2021\\\/04\\\/REVIVE-72dpi_Tavola-disegno-1-copia-11.png\",\"datePublished\":\"2021-06-16T09:53:57+00:00\",\"dateModified\":\"2024-03-27T11:21:28+00:00\",\"description\":\"REVIVE \u00e9largit les possibilit\u00e9s de traitement dans votre clinique, et les patients b\u00e9n\u00e9ficieront de services suppl\u00e9mentaires sp\u00e9cifiques pour leur sant\u00e9 et leur beaut\u00e9.\",\"breadcrumb\":{\"@id\":\"https:\\\/\\\/www.doctor-smile.com\\\/fr\\\/revive\\\/#breadcrumb\"},\"inLanguage\":\"fr-FR\",\"potentialAction\":[{\"@type\":\"ReadAction\",\"target\":[\"https:\\\/\\\/www.doctor-smile.com\\\/fr\\\/revive\\\/\"]}]},{\"@type\":\"ImageObject\",\"inLanguage\":\"fr-FR\",\"@id\":\"https:\\\/\\\/www.doctor-smile.com\\\/fr\\\/revive\\\/#primaryimage\",\"url\":\"https:\\\/\\\/www.doctor-smile.com\\\/wp-content\\\/uploads\\\/2021\\\/04\\\/REVIVE-72dpi_Tavola-disegno-1-copia-11.png\",\"contentUrl\":\"https:\\\/\\\/www.doctor-smile.com\\\/wp-content\\\/uploads\\\/2021\\\/04\\\/REVIVE-72dpi_Tavola-disegno-1-copia-11.png\"},{\"@type\":\"BreadcrumbList\",\"@id\":\"https:\\\/\\\/www.doctor-smile.com\\\/fr\\\/revive\\\/#breadcrumb\",\"itemListElement\":[{\"@type\":\"ListItem\",\"position\":1,\"name\":\"Home\",\"item\":\"https:\\\/\\\/www.doctor-smile.com\\\/fr\\\/\"},{\"@type\":\"ListItem\",\"position\":2,\"name\":\"REVIVE\"}]},{\"@type\":\"WebSite\",\"@id\":\"https:\\\/\\\/www.doctor-smile.com\\\/fr\\\/#website\",\"url\":\"https:\\\/\\\/www.doctor-smile.com\\\/fr\\\/\",\"name\":\"DOCTOR SMILE\",\"description\":\"Tecnologia Laser Odontoiatrica\",\"publisher\":{\"@id\":\"https:\\\/\\\/www.doctor-smile.com\\\/fr\\\/#organization\"},\"potentialAction\":[{\"@type\":\"SearchAction\",\"target\":{\"@type\":\"EntryPoint\",\"urlTemplate\":\"https:\\\/\\\/www.doctor-smile.com\\\/fr\\\/?s={search_term_string}\"},\"query-input\":{\"@type\":\"PropertyValueSpecification\",\"valueRequired\":true,\"valueName\":\"search_term_string\"}}],\"inLanguage\":\"fr-FR\"},{\"@type\":\"Organization\",\"@id\":\"https:\\\/\\\/www.doctor-smile.com\\\/fr\\\/#organization\",\"name\":\"Doctor-Smile\",\"url\":\"https:\\\/\\\/www.doctor-smile.com\\\/fr\\\/\",\"logo\":{\"@type\":\"ImageObject\",\"inLanguage\":\"fr-FR\",\"@id\":\"https:\\\/\\\/www.doctor-smile.com\\\/fr\\\/#\\\/schema\\\/logo\\\/image\\\/\",\"url\":\"https:\\\/\\\/www.doctor-smile.com\\\/wp-content\\\/uploads\\\/2021\\\/02\\\/Logo-Doctor-Smile-1.png\",\"contentUrl\":\"https:\\\/\\\/www.doctor-smile.com\\\/wp-content\\\/uploads\\\/2021\\\/02\\\/Logo-Doctor-Smile-1.png\",\"width\":1757,\"height\":667,\"caption\":\"Doctor-Smile\"},\"image\":{\"@id\":\"https:\\\/\\\/www.doctor-smile.com\\\/fr\\\/#\\\/schema\\\/logo\\\/image\\\/\"},\"sameAs\":[\"https:\\\/\\\/www.facebook.com\\\/DoctorSmileTM\\\/\",\"https:\\\/\\\/www.instagram.com\\\/doctorsmiledentallaser\\\/\",\"https:\\\/\\\/www.youtube.com\\\/user\\\/doctorsmile1\\\/\"]}]}<\/script>\n<!-- \/ Yoast SEO plugin. -->","yoast_head_json":{"title":"REVIVE - DOCTOR SMILE","description":"REVIVE \u00e9largit les possibilit\u00e9s de traitement dans votre clinique, et les patients b\u00e9n\u00e9ficieront de services suppl\u00e9mentaires sp\u00e9cifiques pour leur sant\u00e9 et leur beaut\u00e9.","robots":{"index":"index","follow":"follow","max-snippet":"max-snippet:-1","max-image-preview":"max-image-preview:large","max-video-preview":"max-video-preview:-1"},"canonical":"https:\/\/www.doctor-smile.com\/fr\/revive\/","og_locale":"fr_FR","og_type":"article","og_title":"REVIVE - DOCTOR SMILE","og_description":"REVIVE \u00e9largit les possibilit\u00e9s de traitement dans votre clinique, et les patients b\u00e9n\u00e9ficieront de services suppl\u00e9mentaires sp\u00e9cifiques pour leur sant\u00e9 et leur beaut\u00e9.","og_url":"https:\/\/www.doctor-smile.com\/fr\/revive\/","og_site_name":"DOCTOR SMILE","article_publisher":"https:\/\/www.facebook.com\/DoctorSmileTM\/","article_modified_time":"2024-03-27T11:21:28+00:00","og_image":[{"url":"https:\/\/www.doctor-smile.com\/wp-content\/uploads\/2021\/04\/REVIVE-72dpi_Tavola-disegno-1-copia-11.png","type":"","width":"","height":""}],"twitter_card":"summary_large_image","schema":{"@context":"https:\/\/schema.org","@graph":[{"@type":"WebPage","@id":"https:\/\/www.doctor-smile.com\/fr\/revive\/","url":"https:\/\/www.doctor-smile.com\/fr\/revive\/","name":"REVIVE - DOCTOR SMILE","isPartOf":{"@id":"https:\/\/www.doctor-smile.com\/fr\/#website"},"primaryImageOfPage":{"@id":"https:\/\/www.doctor-smile.com\/fr\/revive\/#primaryimage"},"image":{"@id":"https:\/\/www.doctor-smile.com\/fr\/revive\/#primaryimage"},"thumbnailUrl":"https:\/\/www.doctor-smile.com\/wp-content\/uploads\/2021\/04\/REVIVE-72dpi_Tavola-disegno-1-copia-11.png","datePublished":"2021-06-16T09:53:57+00:00","dateModified":"2024-03-27T11:21:28+00:00","description":"REVIVE \u00e9largit les possibilit\u00e9s de traitement dans votre clinique, et les patients b\u00e9n\u00e9ficieront de services suppl\u00e9mentaires sp\u00e9cifiques pour leur sant\u00e9 et leur beaut\u00e9.","breadcrumb":{"@id":"https:\/\/www.doctor-smile.com\/fr\/revive\/#breadcrumb"},"inLanguage":"fr-FR","potentialAction":[{"@type":"ReadAction","target":["https:\/\/www.doctor-smile.com\/fr\/revive\/"]}]},{"@type":"ImageObject","inLanguage":"fr-FR","@id":"https:\/\/www.doctor-smile.com\/fr\/revive\/#primaryimage","url":"https:\/\/www.doctor-smile.com\/wp-content\/uploads\/2021\/04\/REVIVE-72dpi_Tavola-disegno-1-copia-11.png","contentUrl":"https:\/\/www.doctor-smile.com\/wp-content\/uploads\/2021\/04\/REVIVE-72dpi_Tavola-disegno-1-copia-11.png"},{"@type":"BreadcrumbList","@id":"https:\/\/www.doctor-smile.com\/fr\/revive\/#breadcrumb","itemListElement":[{"@type":"ListItem","position":1,"name":"Home","item":"https:\/\/www.doctor-smile.com\/fr\/"},{"@type":"ListItem","position":2,"name":"REVIVE"}]},{"@type":"WebSite","@id":"https:\/\/www.doctor-smile.com\/fr\/#website","url":"https:\/\/www.doctor-smile.com\/fr\/","name":"DOCTOR SMILE","description":"Tecnologia Laser Odontoiatrica","publisher":{"@id":"https:\/\/www.doctor-smile.com\/fr\/#organization"},"potentialAction":[{"@type":"SearchAction","target":{"@type":"EntryPoint","urlTemplate":"https:\/\/www.doctor-smile.com\/fr\/?s={search_term_string}"},"query-input":{"@type":"PropertyValueSpecification","valueRequired":true,"valueName":"search_term_string"}}],"inLanguage":"fr-FR"},{"@type":"Organization","@id":"https:\/\/www.doctor-smile.com\/fr\/#organization","name":"Doctor-Smile","url":"https:\/\/www.doctor-smile.com\/fr\/","logo":{"@type":"ImageObject","inLanguage":"fr-FR","@id":"https:\/\/www.doctor-smile.com\/fr\/#\/schema\/logo\/image\/","url":"https:\/\/www.doctor-smile.com\/wp-content\/uploads\/2021\/02\/Logo-Doctor-Smile-1.png","contentUrl":"https:\/\/www.doctor-smile.com\/wp-content\/uploads\/2021\/02\/Logo-Doctor-Smile-1.png","width":1757,"height":667,"caption":"Doctor-Smile"},"image":{"@id":"https:\/\/www.doctor-smile.com\/fr\/#\/schema\/logo\/image\/"},"sameAs":["https:\/\/www.facebook.com\/DoctorSmileTM\/","https:\/\/www.instagram.com\/doctorsmiledentallaser\/","https:\/\/www.youtube.com\/user\/doctorsmile1\/"]}]}},"_links":{"self":[{"href":"https:\/\/www.doctor-smile.com\/fr\/wp-json\/wp\/v2\/pages\/13376","targetHints":{"allow":["GET"]}}],"collection":[{"href":"https:\/\/www.doctor-smile.com\/fr\/wp-json\/wp\/v2\/pages"}],"about":[{"href":"https:\/\/www.doctor-smile.com\/fr\/wp-json\/wp\/v2\/types\/page"}],"author":[{"embeddable":true,"href":"https:\/\/www.doctor-smile.com\/fr\/wp-json\/wp\/v2\/users\/8"}],"replies":[{"embeddable":true,"href":"https:\/\/www.doctor-smile.com\/fr\/wp-json\/wp\/v2\/comments?post=13376"}],"version-history":[{"count":10,"href":"https:\/\/www.doctor-smile.com\/fr\/wp-json\/wp\/v2\/pages\/13376\/revisions"}],"predecessor-version":[{"id":21206,"href":"https:\/\/www.doctor-smile.com\/fr\/wp-json\/wp\/v2\/pages\/13376\/revisions\/21206"}],"wp:attachment":[{"href":"https:\/\/www.doctor-smile.com\/fr\/wp-json\/wp\/v2\/media?parent=13376"}],"curies":[{"name":"wp","href":"https:\/\/api.w.org\/{rel}","templated":true}]}}