{"id":20101,"date":"2024-03-22T16:23:19","date_gmt":"2024-03-22T15:23:19","guid":{"rendered":"https:\/\/www.doctor-smile.com\/?page_id=20101"},"modified":"2024-03-25T15:54:21","modified_gmt":"2024-03-25T14:54:21","slug":"endodontie","status":"publish","type":"page","link":"https:\/\/www.doctor-smile.com\/fr\/endodontie\/","title":{"rendered":"Endodontie"},"content":{"rendered":"\t\t<div data-elementor-type=\"wp-page\" data-elementor-id=\"20101\" class=\"elementor elementor-20101 elementor-3289\">\n\t\t\t\t\t\t<div class=\"elementor-inner\">\n\t\t\t\t<div class=\"elementor-section-wrap\">\n\t\t\t\t\t\t\t\t\t<section class=\"elementor-section elementor-top-section elementor-element elementor-element-41228e3 elementor-section-boxed elementor-section-height-default elementor-section-height-default\" data-id=\"41228e3\" data-element_type=\"section\" data-settings=\"{&quot;_ha_eqh_enable&quot;:false}\">\n\t\t\t\t\t\t<div class=\"elementor-container elementor-column-gap-default\">\n\t\t\t\t\t\t\t<div class=\"elementor-row\">\n\t\t\t\t\t<div class=\"elementor-column elementor-col-50 elementor-top-column elementor-element elementor-element-bb6e37a\" data-id=\"bb6e37a\" data-element_type=\"column\">\n\t\t\t<div class=\"elementor-column-wrap elementor-element-populated\">\n\t\t\t\t\t\t\t<div class=\"elementor-widget-wrap\">\n\t\t\t\t\t\t<section class=\"elementor-section elementor-inner-section elementor-element elementor-element-f3de381 elementor-section-boxed elementor-section-height-default elementor-section-height-default\" data-id=\"f3de381\" data-element_type=\"section\" data-settings=\"{&quot;_ha_eqh_enable&quot;:false}\">\n\t\t\t\t\t\t<div class=\"elementor-container elementor-column-gap-default\">\n\t\t\t\t\t\t\t<div class=\"elementor-row\">\n\t\t\t\t\t<div class=\"elementor-column elementor-col-100 elementor-inner-column elementor-element elementor-element-da544d2\" data-id=\"da544d2\" data-element_type=\"column\">\n\t\t\t<div class=\"elementor-column-wrap elementor-element-populated\">\n\t\t\t\t\t\t\t<div class=\"elementor-widget-wrap\">\n\t\t\t\t\t\t<div class=\"elementor-element elementor-element-73c214e elementor-widget elementor-widget-image\" data-id=\"73c214e\" data-element_type=\"widget\" data-widget_type=\"image.default\">\n\t\t\t\t<div class=\"elementor-widget-container\">\n\t\t\t\t\t\t\t\t<div class=\"elementor-image\">\n\t\t\t\t\t\t\t\t\t\t\t\t<img loading=\"lazy\" decoding=\"async\" width=\"600\" height=\"400\" src=\"https:\/\/www.doctor-smile.com\/wp-content\/uploads\/2021\/02\/applicazione-laser-dentale-5114-xsm.jpg\" class=\"attachment-large size-large\" alt=\"Endodontie\" srcset=\"https:\/\/www.doctor-smile.com\/wp-content\/uploads\/2021\/02\/applicazione-laser-dentale-5114-xsm.jpg 600w, https:\/\/www.doctor-smile.com\/wp-content\/uploads\/2021\/02\/applicazione-laser-dentale-5114-xsm-300x200.jpg 300w\" sizes=\"auto, (max-width: 600px) 100vw, 600px\" \/>\t\t\t\t\t\t\t\t\t\t\t\t\t\t<\/div>\n\t\t\t\t\t\t<\/div>\n\t\t\t\t<\/div>\n\t\t\t\t<div class=\"elementor-element elementor-element-0be21eb elementor-widget elementor-widget-heading\" data-id=\"0be21eb\" data-element_type=\"widget\" data-widget_type=\"heading.default\">\n\t\t\t\t<div class=\"elementor-widget-container\">\n\t\t\t<h2 class=\"elementor-heading-title elementor-size-default\">Applications du laser en endodontie : d\u00e9contamination du canal radiculaire, granulome, pulpectomie.\n\n<\/h2>\t\t<\/div>\n\t\t\t\t<\/div>\n\t\t\t\t<div class=\"elementor-element elementor-element-8cc458e elementor-widget elementor-widget-text-editor\" data-id=\"8cc458e\" data-element_type=\"widget\" data-widget_type=\"text-editor.default\">\n\t\t\t\t<div class=\"elementor-widget-container\">\n\t\t\t\t\t\t\t\t<div class=\"elementor-text-editor elementor-clearfix\">\n\t\t\t\t<div class=\"cw\"><div class=\"cf wrap\"><article class=\"cf\"><div class=\"fr\"><section class=\"content\"><div class=\"jcms-box\"><div class=\"jcms-box-content\"><div class=\"cw\"><div class=\"cf wrap\"><article class=\"cf\"><div class=\"fr\"><section class=\"content\"><div class=\"jcms-box\"><div class=\"jcms-box-content\"><p>L&#8217;objectif du traitement endodontique est d&#8217;\u00e9liminer compl\u00e8tement les tissus infect\u00e9s afin que le <strong>canal radiculaire<\/strong> pr\u00e9par\u00e9 soit aussi exempt de bact\u00e9ries que possible. L&#8217;effet bact\u00e9ricide du laser \u00e0 diode\u00a0<a href=\"https:\/\/www.doctor-smile.com\/fr\/wiser-3\/\" target=\"_blank\" rel=\"noopener\"><b>Wiser<\/b><\/a>\u00a0est efficace dans le canal radiculaire, le delta apical et les tubules dentinaires, favorisant la gu\u00e9rison des l\u00e9sions p\u00e9riapicales en un temps beaucoup plus court qu&#8217;avec les traitements conventionnels.<\/p><p>En endodontie, le laser erbium\u00a0<b><a href=\"https:\/\/www.doctor-smile.com\/fr\/pluser-kombi\/\" target=\"_blank\" rel=\"noopener\">Pluser<\/a>\u00a0<\/b>s&#8217;av\u00e8re \u00eatre un alli\u00e9 pr\u00e9cieux dans le nettoyage de la couche de smear des parois dentinaires, dans l&#8217;\u00e9limination du biofilm bact\u00e9rien et dans la <b>d\u00e9contamination du canal radiculaire<\/b> gr\u00e2ce \u00e0 l&#8217;effet photoacoustique g\u00e9n\u00e9r\u00e9 par le laser en mode ondes carr\u00e9es.<\/p><\/div><\/div><\/section><\/div><\/article><\/div><\/div><\/div><\/div><\/section><\/div><\/article><\/div><\/div>\t\t\t\t\t<\/div>\n\t\t\t\t\t\t<\/div>\n\t\t\t\t<\/div>\n\t\t\t\t\t\t<\/div>\n\t\t\t\t\t<\/div>\n\t\t<\/div>\n\t\t\t\t\t\t\t\t<\/div>\n\t\t\t\t\t<\/div>\n\t\t<\/section>\n\t\t\t\t\t\t<\/div>\n\t\t\t\t\t<\/div>\n\t\t<\/div>\n\t\t\t\t<div class=\"elementor-column elementor-col-50 elementor-top-column elementor-element elementor-element-6d341a2 elementor-hidden-mobile\" data-id=\"6d341a2\" data-element_type=\"column\">\n\t\t\t<div class=\"elementor-column-wrap elementor-element-populated\">\n\t\t\t\t\t\t\t<div class=\"elementor-widget-wrap\">\n\t\t\t\t\t\t<div class=\"elementor-element elementor-element-a08c69a elementor-widget elementor-widget-heading\" data-id=\"a08c69a\" data-element_type=\"widget\" data-widget_type=\"heading.default\">\n\t\t\t\t<div class=\"elementor-widget-container\">\n\t\t\t<h3 class=\"elementor-heading-title elementor-size-default\"><a href=\"http:\/\/www.doctor-smile.com\/applicazioni-cliniche-laser\/\">Traitements au laser<\/a><\/h3>\t\t<\/div>\n\t\t\t\t<\/div>\n\t\t\t\t<div class=\"elementor-element elementor-element-f92f7ba elementor-nav-menu__align-left elementor-nav-menu--dropdown-none elementor-widget elementor-widget-nav-menu\" data-id=\"f92f7ba\" data-element_type=\"widget\" data-settings=\"{&quot;layout&quot;:&quot;vertical&quot;,&quot;submenu_icon&quot;:{&quot;value&quot;:&quot;&lt;i class=\\&quot;fas fa-caret-down\\&quot;&gt;&lt;\\\/i&gt;&quot;,&quot;library&quot;:&quot;fa-solid&quot;}}\" data-widget_type=\"nav-menu.default\">\n\t\t\t\t<div class=\"elementor-widget-container\">\n\t\t\t\t\t\t<nav migration_allowed=\"1\" migrated=\"0\" class=\"elementor-nav-menu--main elementor-nav-menu__container elementor-nav-menu--layout-vertical e--pointer-background e--animation-fade\">\n\t\t\t\t<ul id=\"menu-1-f92f7ba\" class=\"elementor-nav-menu sm-vertical\"><li class=\"menu-item menu-item-type-post_type menu-item-object-page menu-item-20186\"><a href=\"https:\/\/www.doctor-smile.com\/fr\/endodontie\/\" data-ps2id-api=\"true\" class=\"elementor-item\">Endodontie<\/a><\/li>\n<li class=\"menu-item menu-item-type-post_type menu-item-object-page menu-item-20376\"><a href=\"https:\/\/www.doctor-smile.com\/fr\/parodontologie\/\" data-ps2id-api=\"true\" class=\"elementor-item\">Parodontologie<\/a><\/li>\n<li class=\"menu-item menu-item-type-post_type menu-item-object-page menu-item-20377\"><a href=\"https:\/\/www.doctor-smile.com\/fr\/implantologie\/\" data-ps2id-api=\"true\" class=\"elementor-item\">Implantologie<\/a><\/li>\n<li class=\"menu-item menu-item-type-post_type menu-item-object-page menu-item-20378\"><a href=\"https:\/\/www.doctor-smile.com\/fr\/chirurgie-gingivale\/\" data-ps2id-api=\"true\" class=\"elementor-item\">Chirurgie des tissus mous<\/a><\/li>\n<li class=\"menu-item menu-item-type-post_type menu-item-object-page menu-item-20379\"><a href=\"https:\/\/www.doctor-smile.com\/fr\/chirurgie-osseuse\/\" data-ps2id-api=\"true\" class=\"elementor-item\">Chirurgie osseuse<\/a><\/li>\n<li class=\"menu-item menu-item-type-post_type menu-item-object-page menu-item-20381\"><a href=\"https:\/\/www.doctor-smile.com\/fr\/soins-conservateurs\/\" data-ps2id-api=\"true\" class=\"elementor-item\">Soins conservateurs<\/a><\/li>\n<li class=\"menu-item menu-item-type-post_type menu-item-object-page menu-item-20382\"><a href=\"https:\/\/www.doctor-smile.com\/fr\/therapie\/\" data-ps2id-api=\"true\" class=\"elementor-item\">Th\u00e9rapie<\/a><\/li>\n<li class=\"menu-item menu-item-type-post_type menu-item-object-page menu-item-13848\"><a href=\"https:\/\/www.doctor-smile.com\/fr\/biostimulation\/\" data-ps2id-api=\"true\" class=\"elementor-item\">Biostimulation<\/a><\/li>\n<li class=\"menu-item menu-item-type-post_type menu-item-object-page menu-item-20383\"><a href=\"https:\/\/www.doctor-smile.com\/fr\/produits-de-beaute\/\" data-ps2id-api=\"true\" class=\"elementor-item\">Esth\u00e9tique mini-invasive<\/a><\/li>\n<li class=\"menu-item menu-item-type-post_type menu-item-object-page menu-item-20380\"><a href=\"https:\/\/www.doctor-smile.com\/fr\/blanchiment\/\" data-ps2id-api=\"true\" class=\"elementor-item\">Laser Whitening System (LWS)<\/a><\/li>\n<\/ul>\t\t\t<\/nav>\n\t\t\t\t\t<div class=\"elementor-menu-toggle\" role=\"button\" tabindex=\"0\" aria-label=\"Permuter le menu\" aria-expanded=\"false\">\n\t\t\t<i aria-hidden=\"true\" role=\"presentation\" class=\"elementor-menu-toggle__icon--open eicon-menu-bar\"><\/i><i aria-hidden=\"true\" role=\"presentation\" class=\"elementor-menu-toggle__icon--close eicon-close\"><\/i>\t\t\t<span class=\"elementor-screen-only\">Menu<\/span>\n\t\t<\/div>\n\t\t\t<nav class=\"elementor-nav-menu--dropdown elementor-nav-menu__container\" aria-hidden=\"true\">\n\t\t\t\t<ul id=\"menu-2-f92f7ba\" class=\"elementor-nav-menu sm-vertical\"><li class=\"menu-item menu-item-type-post_type menu-item-object-page menu-item-20186\"><a href=\"https:\/\/www.doctor-smile.com\/fr\/endodontie\/\" data-ps2id-api=\"true\" class=\"elementor-item\" tabindex=\"-1\">Endodontie<\/a><\/li>\n<li class=\"menu-item menu-item-type-post_type menu-item-object-page menu-item-20376\"><a href=\"https:\/\/www.doctor-smile.com\/fr\/parodontologie\/\" data-ps2id-api=\"true\" class=\"elementor-item\" tabindex=\"-1\">Parodontologie<\/a><\/li>\n<li class=\"menu-item menu-item-type-post_type menu-item-object-page menu-item-20377\"><a href=\"https:\/\/www.doctor-smile.com\/fr\/implantologie\/\" data-ps2id-api=\"true\" class=\"elementor-item\" tabindex=\"-1\">Implantologie<\/a><\/li>\n<li class=\"menu-item menu-item-type-post_type menu-item-object-page menu-item-20378\"><a href=\"https:\/\/www.doctor-smile.com\/fr\/chirurgie-gingivale\/\" data-ps2id-api=\"true\" class=\"elementor-item\" tabindex=\"-1\">Chirurgie des tissus mous<\/a><\/li>\n<li class=\"menu-item menu-item-type-post_type menu-item-object-page menu-item-20379\"><a href=\"https:\/\/www.doctor-smile.com\/fr\/chirurgie-osseuse\/\" data-ps2id-api=\"true\" class=\"elementor-item\" tabindex=\"-1\">Chirurgie osseuse<\/a><\/li>\n<li class=\"menu-item menu-item-type-post_type menu-item-object-page menu-item-20381\"><a href=\"https:\/\/www.doctor-smile.com\/fr\/soins-conservateurs\/\" data-ps2id-api=\"true\" class=\"elementor-item\" tabindex=\"-1\">Soins conservateurs<\/a><\/li>\n<li class=\"menu-item menu-item-type-post_type menu-item-object-page menu-item-20382\"><a href=\"https:\/\/www.doctor-smile.com\/fr\/therapie\/\" data-ps2id-api=\"true\" class=\"elementor-item\" tabindex=\"-1\">Th\u00e9rapie<\/a><\/li>\n<li class=\"menu-item menu-item-type-post_type menu-item-object-page menu-item-13848\"><a href=\"https:\/\/www.doctor-smile.com\/fr\/biostimulation\/\" data-ps2id-api=\"true\" class=\"elementor-item\" tabindex=\"-1\">Biostimulation<\/a><\/li>\n<li class=\"menu-item menu-item-type-post_type menu-item-object-page menu-item-20383\"><a href=\"https:\/\/www.doctor-smile.com\/fr\/produits-de-beaute\/\" data-ps2id-api=\"true\" class=\"elementor-item\" tabindex=\"-1\">Esth\u00e9tique mini-invasive<\/a><\/li>\n<li class=\"menu-item menu-item-type-post_type menu-item-object-page menu-item-20380\"><a href=\"https:\/\/www.doctor-smile.com\/fr\/blanchiment\/\" data-ps2id-api=\"true\" class=\"elementor-item\" tabindex=\"-1\">Laser Whitening System (LWS)<\/a><\/li>\n<\/ul>\t\t\t<\/nav>\n\t\t\t\t<\/div>\n\t\t\t\t<\/div>\n\t\t\t\t\t\t<\/div>\n\t\t\t\t\t<\/div>\n\t\t<\/div>\n\t\t\t\t\t\t\t\t<\/div>\n\t\t\t\t\t<\/div>\n\t\t<\/section>\n\t\t\t\t<section class=\"elementor-section elementor-top-section elementor-element elementor-element-203bedd elementor-section-boxed elementor-section-height-default elementor-section-height-default\" data-id=\"203bedd\" data-element_type=\"section\" data-settings=\"{&quot;_ha_eqh_enable&quot;:false}\">\n\t\t\t\t\t\t<div class=\"elementor-container elementor-column-gap-default\">\n\t\t\t\t\t\t\t<div class=\"elementor-row\">\n\t\t\t\t\t<div class=\"elementor-column elementor-col-100 elementor-top-column elementor-element elementor-element-9ca4881\" data-id=\"9ca4881\" data-element_type=\"column\">\n\t\t\t<div class=\"elementor-column-wrap elementor-element-populated\">\n\t\t\t\t\t\t\t<div class=\"elementor-widget-wrap\">\n\t\t\t\t\t\t<div class=\"elementor-element elementor-element-901c2d4 elementor-widget elementor-widget-heading\" data-id=\"901c2d4\" data-element_type=\"widget\" data-widget_type=\"heading.default\">\n\t\t\t\t<div class=\"elementor-widget-container\">\n\t\t\t<h2 class=\"elementor-heading-title elementor-size-default\">Vid\u00e9o<\/h2>\t\t<\/div>\n\t\t\t\t<\/div>\n\t\t\t\t<section class=\"elementor-section elementor-inner-section elementor-element elementor-element-ba96070 elementor-section-boxed elementor-section-height-default elementor-section-height-default\" data-id=\"ba96070\" data-element_type=\"section\" data-settings=\"{&quot;_ha_eqh_enable&quot;:false}\">\n\t\t\t\t\t\t<div class=\"elementor-container elementor-column-gap-default\">\n\t\t\t\t\t\t\t<div class=\"elementor-row\">\n\t\t\t\t\t<div class=\"elementor-column elementor-col-50 elementor-inner-column elementor-element elementor-element-0088905\" data-id=\"0088905\" data-element_type=\"column\">\n\t\t\t<div class=\"elementor-column-wrap elementor-element-populated\">\n\t\t\t\t\t\t\t<div class=\"elementor-widget-wrap\">\n\t\t\t\t\t\t<div class=\"elementor-element elementor-element-76360a1 elementor-aspect-ratio-169 elementor-widget elementor-widget-video\" data-id=\"76360a1\" data-element_type=\"widget\" data-settings=\"{&quot;youtube_url&quot;:&quot;https:\\\/\\\/youtu.be\\\/mt_hfkC8Df4&quot;,&quot;video_type&quot;:&quot;youtube&quot;,&quot;controls&quot;:&quot;yes&quot;,&quot;aspect_ratio&quot;:&quot;169&quot;}\" data-widget_type=\"video.default\">\n\t\t\t\t<div class=\"elementor-widget-container\">\n\t\t\t\t\t<div class=\"elementor-wrapper elementor-fit-aspect-ratio elementor-open-inline\">\n\t\t\t<div class=\"elementor-video\"><\/div>\t\t<\/div>\n\t\t\t\t<\/div>\n\t\t\t\t<\/div>\n\t\t\t\t\t\t<\/div>\n\t\t\t\t\t<\/div>\n\t\t<\/div>\n\t\t\t\t<div class=\"elementor-column elementor-col-50 elementor-inner-column elementor-element elementor-element-7d5c538\" data-id=\"7d5c538\" data-element_type=\"column\">\n\t\t\t<div class=\"elementor-column-wrap\">\n\t\t\t\t\t\t\t<div class=\"elementor-widget-wrap\">\n\t\t\t\t\t\t\t\t<\/div>\n\t\t\t\t\t<\/div>\n\t\t<\/div>\n\t\t\t\t\t\t\t\t<\/div>\n\t\t\t\t\t<\/div>\n\t\t<\/section>\n\t\t\t\t\t\t<\/div>\n\t\t\t\t\t<\/div>\n\t\t<\/div>\n\t\t\t\t\t\t\t\t<\/div>\n\t\t\t\t\t<\/div>\n\t\t<\/section>\n\t\t\t\t\t\t\t\t\t<\/div>\n\t\t\t<\/div>\n\t\t\t\t\t<\/div>\n\t\t","protected":false},"excerpt":{"rendered":"<p>Applications du laser en endodontie : d\u00e9contamination du canal radiculaire, granulome, pulpectomie. L&#8217;objectif du traitement endodontique est d&#8217;\u00e9liminer compl\u00e8tement les tissus infect\u00e9s afin que le canal radiculaire pr\u00e9par\u00e9 soit aussi exempt de bact\u00e9ries que possible. L&#8217;effet bact\u00e9ricide du laser \u00e0 diode\u00a0Wiser\u00a0est efficace dans le canal radiculaire, le delta apical et les tubules dentinaires, favorisant la &#8230; <a title=\"Endodontie\" class=\"read-more\" href=\"https:\/\/www.doctor-smile.com\/fr\/endodontie\/\" aria-label=\"Plus sur Endodontie\">Lire plus<\/a><\/p>\n","protected":false},"author":115,"featured_media":0,"parent":0,"menu_order":0,"comment_status":"closed","ping_status":"closed","template":"","meta":{"content-type":"","footnotes":""},"class_list":["post-20101","page","type-page","status-publish"],"yoast_head":"<!-- This site is optimized with the Yoast SEO plugin v27.3 - https:\/\/yoast.com\/product\/yoast-seo-wordpress\/ -->\n<title>Endodontie - DOCTOR SMILE<\/title>\n<meta name=\"robots\" content=\"index, follow, max-snippet:-1, max-image-preview:large, max-video-preview:-1\" \/>\n<link rel=\"canonical\" href=\"https:\/\/www.doctor-smile.com\/fr\/endodontie\/\" \/>\n<meta property=\"og:locale\" content=\"fr_FR\" \/>\n<meta property=\"og:type\" content=\"article\" \/>\n<meta property=\"og:title\" content=\"Endodontie - DOCTOR SMILE\" \/>\n<meta property=\"og:description\" content=\"Applications du laser en endodontie : d\u00e9contamination du canal radiculaire, granulome, pulpectomie. L&#8217;objectif du traitement endodontique est d&#8217;\u00e9liminer compl\u00e8tement les tissus infect\u00e9s afin que le canal radiculaire pr\u00e9par\u00e9 soit aussi exempt de bact\u00e9ries que possible. L&#8217;effet bact\u00e9ricide du laser \u00e0 diode\u00a0Wiser\u00a0est efficace dans le canal radiculaire, le delta apical et les tubules dentinaires, favorisant la ... Lire plus\" \/>\n<meta property=\"og:url\" content=\"https:\/\/www.doctor-smile.com\/fr\/endodontie\/\" \/>\n<meta property=\"og:site_name\" content=\"DOCTOR SMILE\" \/>\n<meta property=\"article:publisher\" content=\"https:\/\/www.facebook.com\/DoctorSmileTM\/\" \/>\n<meta property=\"article:modified_time\" content=\"2024-03-25T14:54:21+00:00\" \/>\n<meta property=\"og:image\" content=\"https:\/\/www.doctor-smile.com\/wp-content\/uploads\/2021\/02\/applicazione-laser-dentale-5114-xsm.jpg\" \/>\n<meta name=\"twitter:card\" content=\"summary_large_image\" \/>\n<script type=\"application\/ld+json\" class=\"yoast-schema-graph\">{\"@context\":\"https:\\\/\\\/schema.org\",\"@graph\":[{\"@type\":\"WebPage\",\"@id\":\"https:\\\/\\\/www.doctor-smile.com\\\/fr\\\/endodontie\\\/\",\"url\":\"https:\\\/\\\/www.doctor-smile.com\\\/fr\\\/endodontie\\\/\",\"name\":\"Endodontie - DOCTOR SMILE\",\"isPartOf\":{\"@id\":\"https:\\\/\\\/www.doctor-smile.com\\\/fr\\\/#website\"},\"primaryImageOfPage\":{\"@id\":\"https:\\\/\\\/www.doctor-smile.com\\\/fr\\\/endodontie\\\/#primaryimage\"},\"image\":{\"@id\":\"https:\\\/\\\/www.doctor-smile.com\\\/fr\\\/endodontie\\\/#primaryimage\"},\"thumbnailUrl\":\"https:\\\/\\\/www.doctor-smile.com\\\/wp-content\\\/uploads\\\/2021\\\/02\\\/applicazione-laser-dentale-5114-xsm.jpg\",\"datePublished\":\"2024-03-22T15:23:19+00:00\",\"dateModified\":\"2024-03-25T14:54:21+00:00\",\"breadcrumb\":{\"@id\":\"https:\\\/\\\/www.doctor-smile.com\\\/fr\\\/endodontie\\\/#breadcrumb\"},\"inLanguage\":\"fr-FR\",\"potentialAction\":[{\"@type\":\"ReadAction\",\"target\":[\"https:\\\/\\\/www.doctor-smile.com\\\/fr\\\/endodontie\\\/\"]}]},{\"@type\":\"ImageObject\",\"inLanguage\":\"fr-FR\",\"@id\":\"https:\\\/\\\/www.doctor-smile.com\\\/fr\\\/endodontie\\\/#primaryimage\",\"url\":\"https:\\\/\\\/www.doctor-smile.com\\\/wp-content\\\/uploads\\\/2021\\\/02\\\/applicazione-laser-dentale-5114-xsm.jpg\",\"contentUrl\":\"https:\\\/\\\/www.doctor-smile.com\\\/wp-content\\\/uploads\\\/2021\\\/02\\\/applicazione-laser-dentale-5114-xsm.jpg\"},{\"@type\":\"BreadcrumbList\",\"@id\":\"https:\\\/\\\/www.doctor-smile.com\\\/fr\\\/endodontie\\\/#breadcrumb\",\"itemListElement\":[{\"@type\":\"ListItem\",\"position\":1,\"name\":\"Home\",\"item\":\"https:\\\/\\\/www.doctor-smile.com\\\/fr\\\/\"},{\"@type\":\"ListItem\",\"position\":2,\"name\":\"Endodontie\"}]},{\"@type\":\"WebSite\",\"@id\":\"https:\\\/\\\/www.doctor-smile.com\\\/fr\\\/#website\",\"url\":\"https:\\\/\\\/www.doctor-smile.com\\\/fr\\\/\",\"name\":\"DOCTOR SMILE\",\"description\":\"Tecnologia Laser Odontoiatrica\",\"publisher\":{\"@id\":\"https:\\\/\\\/www.doctor-smile.com\\\/fr\\\/#organization\"},\"potentialAction\":[{\"@type\":\"SearchAction\",\"target\":{\"@type\":\"EntryPoint\",\"urlTemplate\":\"https:\\\/\\\/www.doctor-smile.com\\\/fr\\\/?s={search_term_string}\"},\"query-input\":{\"@type\":\"PropertyValueSpecification\",\"valueRequired\":true,\"valueName\":\"search_term_string\"}}],\"inLanguage\":\"fr-FR\"},{\"@type\":\"Organization\",\"@id\":\"https:\\\/\\\/www.doctor-smile.com\\\/fr\\\/#organization\",\"name\":\"Doctor-Smile\",\"url\":\"https:\\\/\\\/www.doctor-smile.com\\\/fr\\\/\",\"logo\":{\"@type\":\"ImageObject\",\"inLanguage\":\"fr-FR\",\"@id\":\"https:\\\/\\\/www.doctor-smile.com\\\/fr\\\/#\\\/schema\\\/logo\\\/image\\\/\",\"url\":\"https:\\\/\\\/www.doctor-smile.com\\\/wp-content\\\/uploads\\\/2021\\\/02\\\/Logo-Doctor-Smile-1.png\",\"contentUrl\":\"https:\\\/\\\/www.doctor-smile.com\\\/wp-content\\\/uploads\\\/2021\\\/02\\\/Logo-Doctor-Smile-1.png\",\"width\":1757,\"height\":667,\"caption\":\"Doctor-Smile\"},\"image\":{\"@id\":\"https:\\\/\\\/www.doctor-smile.com\\\/fr\\\/#\\\/schema\\\/logo\\\/image\\\/\"},\"sameAs\":[\"https:\\\/\\\/www.facebook.com\\\/DoctorSmileTM\\\/\",\"https:\\\/\\\/www.instagram.com\\\/doctorsmiledentallaser\\\/\",\"https:\\\/\\\/www.youtube.com\\\/user\\\/doctorsmile1\\\/\"]}]}<\/script>\n<!-- \/ Yoast SEO plugin. -->","yoast_head_json":{"title":"Endodontie - DOCTOR SMILE","robots":{"index":"index","follow":"follow","max-snippet":"max-snippet:-1","max-image-preview":"max-image-preview:large","max-video-preview":"max-video-preview:-1"},"canonical":"https:\/\/www.doctor-smile.com\/fr\/endodontie\/","og_locale":"fr_FR","og_type":"article","og_title":"Endodontie - DOCTOR SMILE","og_description":"Applications du laser en endodontie : d\u00e9contamination du canal radiculaire, granulome, pulpectomie. L&#8217;objectif du traitement endodontique est d&#8217;\u00e9liminer compl\u00e8tement les tissus infect\u00e9s afin que le canal radiculaire pr\u00e9par\u00e9 soit aussi exempt de bact\u00e9ries que possible. L&#8217;effet bact\u00e9ricide du laser \u00e0 diode\u00a0Wiser\u00a0est efficace dans le canal radiculaire, le delta apical et les tubules dentinaires, favorisant la ... Lire plus","og_url":"https:\/\/www.doctor-smile.com\/fr\/endodontie\/","og_site_name":"DOCTOR SMILE","article_publisher":"https:\/\/www.facebook.com\/DoctorSmileTM\/","article_modified_time":"2024-03-25T14:54:21+00:00","og_image":[{"url":"https:\/\/www.doctor-smile.com\/wp-content\/uploads\/2021\/02\/applicazione-laser-dentale-5114-xsm.jpg","type":"","width":"","height":""}],"twitter_card":"summary_large_image","schema":{"@context":"https:\/\/schema.org","@graph":[{"@type":"WebPage","@id":"https:\/\/www.doctor-smile.com\/fr\/endodontie\/","url":"https:\/\/www.doctor-smile.com\/fr\/endodontie\/","name":"Endodontie - DOCTOR SMILE","isPartOf":{"@id":"https:\/\/www.doctor-smile.com\/fr\/#website"},"primaryImageOfPage":{"@id":"https:\/\/www.doctor-smile.com\/fr\/endodontie\/#primaryimage"},"image":{"@id":"https:\/\/www.doctor-smile.com\/fr\/endodontie\/#primaryimage"},"thumbnailUrl":"https:\/\/www.doctor-smile.com\/wp-content\/uploads\/2021\/02\/applicazione-laser-dentale-5114-xsm.jpg","datePublished":"2024-03-22T15:23:19+00:00","dateModified":"2024-03-25T14:54:21+00:00","breadcrumb":{"@id":"https:\/\/www.doctor-smile.com\/fr\/endodontie\/#breadcrumb"},"inLanguage":"fr-FR","potentialAction":[{"@type":"ReadAction","target":["https:\/\/www.doctor-smile.com\/fr\/endodontie\/"]}]},{"@type":"ImageObject","inLanguage":"fr-FR","@id":"https:\/\/www.doctor-smile.com\/fr\/endodontie\/#primaryimage","url":"https:\/\/www.doctor-smile.com\/wp-content\/uploads\/2021\/02\/applicazione-laser-dentale-5114-xsm.jpg","contentUrl":"https:\/\/www.doctor-smile.com\/wp-content\/uploads\/2021\/02\/applicazione-laser-dentale-5114-xsm.jpg"},{"@type":"BreadcrumbList","@id":"https:\/\/www.doctor-smile.com\/fr\/endodontie\/#breadcrumb","itemListElement":[{"@type":"ListItem","position":1,"name":"Home","item":"https:\/\/www.doctor-smile.com\/fr\/"},{"@type":"ListItem","position":2,"name":"Endodontie"}]},{"@type":"WebSite","@id":"https:\/\/www.doctor-smile.com\/fr\/#website","url":"https:\/\/www.doctor-smile.com\/fr\/","name":"DOCTOR SMILE","description":"Tecnologia Laser Odontoiatrica","publisher":{"@id":"https:\/\/www.doctor-smile.com\/fr\/#organization"},"potentialAction":[{"@type":"SearchAction","target":{"@type":"EntryPoint","urlTemplate":"https:\/\/www.doctor-smile.com\/fr\/?s={search_term_string}"},"query-input":{"@type":"PropertyValueSpecification","valueRequired":true,"valueName":"search_term_string"}}],"inLanguage":"fr-FR"},{"@type":"Organization","@id":"https:\/\/www.doctor-smile.com\/fr\/#organization","name":"Doctor-Smile","url":"https:\/\/www.doctor-smile.com\/fr\/","logo":{"@type":"ImageObject","inLanguage":"fr-FR","@id":"https:\/\/www.doctor-smile.com\/fr\/#\/schema\/logo\/image\/","url":"https:\/\/www.doctor-smile.com\/wp-content\/uploads\/2021\/02\/Logo-Doctor-Smile-1.png","contentUrl":"https:\/\/www.doctor-smile.com\/wp-content\/uploads\/2021\/02\/Logo-Doctor-Smile-1.png","width":1757,"height":667,"caption":"Doctor-Smile"},"image":{"@id":"https:\/\/www.doctor-smile.com\/fr\/#\/schema\/logo\/image\/"},"sameAs":["https:\/\/www.facebook.com\/DoctorSmileTM\/","https:\/\/www.instagram.com\/doctorsmiledentallaser\/","https:\/\/www.youtube.com\/user\/doctorsmile1\/"]}]}},"_links":{"self":[{"href":"https:\/\/www.doctor-smile.com\/fr\/wp-json\/wp\/v2\/pages\/20101","targetHints":{"allow":["GET"]}}],"collection":[{"href":"https:\/\/www.doctor-smile.com\/fr\/wp-json\/wp\/v2\/pages"}],"about":[{"href":"https:\/\/www.doctor-smile.com\/fr\/wp-json\/wp\/v2\/types\/page"}],"author":[{"embeddable":true,"href":"https:\/\/www.doctor-smile.com\/fr\/wp-json\/wp\/v2\/users\/115"}],"replies":[{"embeddable":true,"href":"https:\/\/www.doctor-smile.com\/fr\/wp-json\/wp\/v2\/comments?post=20101"}],"version-history":[{"count":13,"href":"https:\/\/www.doctor-smile.com\/fr\/wp-json\/wp\/v2\/pages\/20101\/revisions"}],"predecessor-version":[{"id":20493,"href":"https:\/\/www.doctor-smile.com\/fr\/wp-json\/wp\/v2\/pages\/20101\/revisions\/20493"}],"wp:attachment":[{"href":"https:\/\/www.doctor-smile.com\/fr\/wp-json\/wp\/v2\/media?parent=20101"}],"curies":[{"name":"wp","href":"https:\/\/api.w.org\/{rel}","templated":true}]}}