{"id":20217,"date":"2024-03-25T12:18:34","date_gmt":"2024-03-25T11:18:34","guid":{"rendered":"https:\/\/www.doctor-smile.com\/?page_id=20217"},"modified":"2024-03-25T15:57:40","modified_gmt":"2024-03-25T14:57:40","slug":"implantologie","status":"publish","type":"page","link":"https:\/\/www.doctor-smile.com\/fr\/implantologie\/","title":{"rendered":"Implantologie"},"content":{"rendered":"\t\t<div data-elementor-type=\"wp-page\" data-elementor-id=\"20217\" class=\"elementor elementor-20217 elementor-3219\">\n\t\t\t\t\t\t<div class=\"elementor-inner\">\n\t\t\t\t<div class=\"elementor-section-wrap\">\n\t\t\t\t\t\t\t\t\t<section class=\"elementor-section elementor-top-section elementor-element elementor-element-41228e3 elementor-section-boxed elementor-section-height-default elementor-section-height-default\" data-id=\"41228e3\" data-element_type=\"section\" data-settings=\"{&quot;_ha_eqh_enable&quot;:false}\">\n\t\t\t\t\t\t<div class=\"elementor-container elementor-column-gap-default\">\n\t\t\t\t\t\t\t<div class=\"elementor-row\">\n\t\t\t\t\t<div class=\"elementor-column elementor-col-50 elementor-top-column elementor-element elementor-element-bb6e37a\" data-id=\"bb6e37a\" data-element_type=\"column\">\n\t\t\t<div class=\"elementor-column-wrap elementor-element-populated\">\n\t\t\t\t\t\t\t<div class=\"elementor-widget-wrap\">\n\t\t\t\t\t\t<section class=\"elementor-section elementor-inner-section elementor-element elementor-element-f3de381 elementor-section-boxed elementor-section-height-default elementor-section-height-default\" data-id=\"f3de381\" data-element_type=\"section\" data-settings=\"{&quot;_ha_eqh_enable&quot;:false}\">\n\t\t\t\t\t\t<div class=\"elementor-container elementor-column-gap-default\">\n\t\t\t\t\t\t\t<div class=\"elementor-row\">\n\t\t\t\t\t<div class=\"elementor-column elementor-col-100 elementor-inner-column elementor-element elementor-element-da544d2\" data-id=\"da544d2\" data-element_type=\"column\">\n\t\t\t<div class=\"elementor-column-wrap elementor-element-populated\">\n\t\t\t\t\t\t\t<div class=\"elementor-widget-wrap\">\n\t\t\t\t\t\t<div class=\"elementor-element elementor-element-73c214e elementor-widget elementor-widget-image\" data-id=\"73c214e\" data-element_type=\"widget\" data-widget_type=\"image.default\">\n\t\t\t\t<div class=\"elementor-widget-container\">\n\t\t\t\t\t\t\t\t<div class=\"elementor-image\">\n\t\t\t\t\t\t\t\t\t\t\t\t<img loading=\"lazy\" decoding=\"async\" width=\"1024\" height=\"682\" src=\"https:\/\/www.doctor-smile.com\/wp-content\/uploads\/2021\/02\/Implantologia.jpg\" class=\"attachment-large size-large\" alt=\"Implantologia\" srcset=\"https:\/\/www.doctor-smile.com\/wp-content\/uploads\/2021\/02\/Implantologia.jpg 1024w, https:\/\/www.doctor-smile.com\/wp-content\/uploads\/2021\/02\/Implantologia-300x200.jpg 300w, https:\/\/www.doctor-smile.com\/wp-content\/uploads\/2021\/02\/Implantologia-768x512.jpg 768w\" sizes=\"auto, (max-width: 1024px) 100vw, 1024px\" \/>\t\t\t\t\t\t\t\t\t\t\t\t\t\t<\/div>\n\t\t\t\t\t\t<\/div>\n\t\t\t\t<\/div>\n\t\t\t\t<div class=\"elementor-element elementor-element-0be21eb elementor-widget elementor-widget-heading\" data-id=\"0be21eb\" data-element_type=\"widget\" data-widget_type=\"heading.default\">\n\t\t\t\t<div class=\"elementor-widget-container\">\n\t\t\t<h2 class=\"elementor-heading-title elementor-size-default\">Applications en implantologie : opusculectomie et d\u00e9contamination des implants, traitement de la p\u00e9ri-implantite.<\/h2>\t\t<\/div>\n\t\t\t\t<\/div>\n\t\t\t\t<div class=\"elementor-element elementor-element-8cc458e elementor-widget elementor-widget-text-editor\" data-id=\"8cc458e\" data-element_type=\"widget\" data-widget_type=\"text-editor.default\">\n\t\t\t\t<div class=\"elementor-widget-container\">\n\t\t\t\t\t\t\t\t<div class=\"elementor-text-editor elementor-clearfix\">\n\t\t\t\t<article><section><div><div><p>L&#8217;implantologie b\u00e9n\u00e9ficie \u00e9galement de l&#8217;application du laser, en particulier dans la r\u00e9solution des cas de p\u00e9ri-imucosite et de p\u00e9ri-implantite et dans la mise \u00e0 nu des implants.<\/p><p>Le <a href=\"https:\/\/www.doctor-smile.com\/es\/wiser-3\/\"><strong>laser \u00e0 diode Wiser<\/strong><\/a> est un outil appropri\u00e9 pour le traitement de la p\u00e9rimucosite et de la p\u00e9ri-implantite, en combinaison avec les techniques de r\u00e9g\u00e9n\u00e9ration guid\u00e9e.<\/p><p>Il peut \u00e9galement \u00eatre utilis\u00e9 avec succ\u00e8s pour la d\u00e9s\u00e9pith\u00e9lialisation mini-invasive ou le remodelage des parties molles.<\/p><p>Le <a href=\"https:\/\/www.doctor-smile.com\/es\/pluser-kombi\/\"><strong>laser erbium Pluser<\/strong><\/a> joue \u00e9galement un r\u00f4le dans le domaine de la mise \u00e0 nu des implants. En effet, l&#8217;absence d&#8217;interaction entre la longueur d&#8217;onde de 2940 nm et la surface de l&#8217;implant, associ\u00e9e \u00e0 l&#8217;absence d&#8217;augmentation thermique, permet d&#8217;utiliser le laser erbium en toute s\u00e9curit\u00e9. En outre, il s&#8217;av\u00e8re \u00eatre un outil tr\u00e8s efficace pour le nettoyage et la d\u00e9contamination des spires sur les implants infect\u00e9s afin d&#8217;obtenir une r\u00e9g\u00e9n\u00e9ration tr\u00e8s efficace.<\/p><\/div><\/div><\/section><\/article>\t\t\t\t\t<\/div>\n\t\t\t\t\t\t<\/div>\n\t\t\t\t<\/div>\n\t\t\t\t\t\t<\/div>\n\t\t\t\t\t<\/div>\n\t\t<\/div>\n\t\t\t\t\t\t\t\t<\/div>\n\t\t\t\t\t<\/div>\n\t\t<\/section>\n\t\t\t\t\t\t<\/div>\n\t\t\t\t\t<\/div>\n\t\t<\/div>\n\t\t\t\t<div class=\"elementor-column elementor-col-50 elementor-top-column elementor-element elementor-element-6d341a2 elementor-hidden-mobile\" data-id=\"6d341a2\" data-element_type=\"column\">\n\t\t\t<div class=\"elementor-column-wrap elementor-element-populated\">\n\t\t\t\t\t\t\t<div class=\"elementor-widget-wrap\">\n\t\t\t\t\t\t<div class=\"elementor-element elementor-element-a08c69a elementor-widget elementor-widget-heading\" data-id=\"a08c69a\" data-element_type=\"widget\" data-widget_type=\"heading.default\">\n\t\t\t\t<div class=\"elementor-widget-container\">\n\t\t\t<h3 class=\"elementor-heading-title elementor-size-default\"><a href=\"http:\/\/www.doctor-smile.com\/applicazioni-cliniche-laser\/\">Traitements au laser<\/a><\/h3>\t\t<\/div>\n\t\t\t\t<\/div>\n\t\t\t\t<div class=\"elementor-element elementor-element-f92f7ba elementor-nav-menu__align-left elementor-nav-menu--dropdown-none elementor-widget elementor-widget-nav-menu\" data-id=\"f92f7ba\" data-element_type=\"widget\" data-settings=\"{&quot;layout&quot;:&quot;vertical&quot;,&quot;submenu_icon&quot;:{&quot;value&quot;:&quot;&lt;i class=\\&quot;fas fa-caret-down\\&quot;&gt;&lt;\\\/i&gt;&quot;,&quot;library&quot;:&quot;fa-solid&quot;}}\" data-widget_type=\"nav-menu.default\">\n\t\t\t\t<div class=\"elementor-widget-container\">\n\t\t\t\t\t\t<nav migration_allowed=\"1\" migrated=\"0\" class=\"elementor-nav-menu--main elementor-nav-menu__container elementor-nav-menu--layout-vertical e--pointer-background e--animation-fade\">\n\t\t\t\t<ul id=\"menu-1-f92f7ba\" class=\"elementor-nav-menu sm-vertical\"><li class=\"menu-item menu-item-type-post_type menu-item-object-page menu-item-20186\"><a href=\"https:\/\/www.doctor-smile.com\/fr\/endodontie\/\" data-ps2id-api=\"true\" class=\"elementor-item\">Endodontie<\/a><\/li>\n<li class=\"menu-item menu-item-type-post_type menu-item-object-page menu-item-20376\"><a href=\"https:\/\/www.doctor-smile.com\/fr\/parodontologie\/\" data-ps2id-api=\"true\" class=\"elementor-item\">Parodontologie<\/a><\/li>\n<li class=\"menu-item menu-item-type-post_type menu-item-object-page menu-item-20377\"><a href=\"https:\/\/www.doctor-smile.com\/fr\/implantologie\/\" data-ps2id-api=\"true\" class=\"elementor-item\">Implantologie<\/a><\/li>\n<li class=\"menu-item menu-item-type-post_type menu-item-object-page menu-item-20378\"><a href=\"https:\/\/www.doctor-smile.com\/fr\/chirurgie-gingivale\/\" data-ps2id-api=\"true\" class=\"elementor-item\">Chirurgie des tissus mous<\/a><\/li>\n<li class=\"menu-item menu-item-type-post_type menu-item-object-page menu-item-20379\"><a href=\"https:\/\/www.doctor-smile.com\/fr\/chirurgie-osseuse\/\" data-ps2id-api=\"true\" class=\"elementor-item\">Chirurgie osseuse<\/a><\/li>\n<li class=\"menu-item menu-item-type-post_type menu-item-object-page menu-item-20381\"><a href=\"https:\/\/www.doctor-smile.com\/fr\/soins-conservateurs\/\" data-ps2id-api=\"true\" class=\"elementor-item\">Soins conservateurs<\/a><\/li>\n<li class=\"menu-item menu-item-type-post_type menu-item-object-page menu-item-20382\"><a href=\"https:\/\/www.doctor-smile.com\/fr\/therapie\/\" data-ps2id-api=\"true\" class=\"elementor-item\">Th\u00e9rapie<\/a><\/li>\n<li class=\"menu-item menu-item-type-post_type menu-item-object-page menu-item-13848\"><a href=\"https:\/\/www.doctor-smile.com\/fr\/biostimulation\/\" data-ps2id-api=\"true\" class=\"elementor-item\">Biostimulation<\/a><\/li>\n<li class=\"menu-item menu-item-type-post_type menu-item-object-page menu-item-20383\"><a href=\"https:\/\/www.doctor-smile.com\/fr\/produits-de-beaute\/\" data-ps2id-api=\"true\" class=\"elementor-item\">Esth\u00e9tique mini-invasive<\/a><\/li>\n<li class=\"menu-item menu-item-type-post_type menu-item-object-page menu-item-20380\"><a href=\"https:\/\/www.doctor-smile.com\/fr\/blanchiment\/\" data-ps2id-api=\"true\" class=\"elementor-item\">Laser Whitening System (LWS)<\/a><\/li>\n<\/ul>\t\t\t<\/nav>\n\t\t\t\t\t<div class=\"elementor-menu-toggle\" role=\"button\" tabindex=\"0\" aria-label=\"Permuter le menu\" aria-expanded=\"false\">\n\t\t\t<i aria-hidden=\"true\" role=\"presentation\" class=\"elementor-menu-toggle__icon--open eicon-menu-bar\"><\/i><i aria-hidden=\"true\" role=\"presentation\" class=\"elementor-menu-toggle__icon--close eicon-close\"><\/i>\t\t\t<span class=\"elementor-screen-only\">Menu<\/span>\n\t\t<\/div>\n\t\t\t<nav class=\"elementor-nav-menu--dropdown elementor-nav-menu__container\" aria-hidden=\"true\">\n\t\t\t\t<ul id=\"menu-2-f92f7ba\" class=\"elementor-nav-menu sm-vertical\"><li class=\"menu-item menu-item-type-post_type menu-item-object-page menu-item-20186\"><a href=\"https:\/\/www.doctor-smile.com\/fr\/endodontie\/\" data-ps2id-api=\"true\" class=\"elementor-item\" tabindex=\"-1\">Endodontie<\/a><\/li>\n<li class=\"menu-item menu-item-type-post_type menu-item-object-page menu-item-20376\"><a href=\"https:\/\/www.doctor-smile.com\/fr\/parodontologie\/\" data-ps2id-api=\"true\" class=\"elementor-item\" tabindex=\"-1\">Parodontologie<\/a><\/li>\n<li class=\"menu-item menu-item-type-post_type menu-item-object-page menu-item-20377\"><a href=\"https:\/\/www.doctor-smile.com\/fr\/implantologie\/\" data-ps2id-api=\"true\" class=\"elementor-item\" tabindex=\"-1\">Implantologie<\/a><\/li>\n<li class=\"menu-item menu-item-type-post_type menu-item-object-page menu-item-20378\"><a href=\"https:\/\/www.doctor-smile.com\/fr\/chirurgie-gingivale\/\" data-ps2id-api=\"true\" class=\"elementor-item\" tabindex=\"-1\">Chirurgie des tissus mous<\/a><\/li>\n<li class=\"menu-item menu-item-type-post_type menu-item-object-page menu-item-20379\"><a href=\"https:\/\/www.doctor-smile.com\/fr\/chirurgie-osseuse\/\" data-ps2id-api=\"true\" class=\"elementor-item\" tabindex=\"-1\">Chirurgie osseuse<\/a><\/li>\n<li class=\"menu-item menu-item-type-post_type menu-item-object-page menu-item-20381\"><a href=\"https:\/\/www.doctor-smile.com\/fr\/soins-conservateurs\/\" data-ps2id-api=\"true\" class=\"elementor-item\" tabindex=\"-1\">Soins conservateurs<\/a><\/li>\n<li class=\"menu-item menu-item-type-post_type menu-item-object-page menu-item-20382\"><a href=\"https:\/\/www.doctor-smile.com\/fr\/therapie\/\" data-ps2id-api=\"true\" class=\"elementor-item\" tabindex=\"-1\">Th\u00e9rapie<\/a><\/li>\n<li class=\"menu-item menu-item-type-post_type menu-item-object-page menu-item-13848\"><a href=\"https:\/\/www.doctor-smile.com\/fr\/biostimulation\/\" data-ps2id-api=\"true\" class=\"elementor-item\" tabindex=\"-1\">Biostimulation<\/a><\/li>\n<li class=\"menu-item menu-item-type-post_type menu-item-object-page menu-item-20383\"><a href=\"https:\/\/www.doctor-smile.com\/fr\/produits-de-beaute\/\" data-ps2id-api=\"true\" class=\"elementor-item\" tabindex=\"-1\">Esth\u00e9tique mini-invasive<\/a><\/li>\n<li class=\"menu-item menu-item-type-post_type menu-item-object-page menu-item-20380\"><a href=\"https:\/\/www.doctor-smile.com\/fr\/blanchiment\/\" data-ps2id-api=\"true\" class=\"elementor-item\" tabindex=\"-1\">Laser Whitening System (LWS)<\/a><\/li>\n<\/ul>\t\t\t<\/nav>\n\t\t\t\t<\/div>\n\t\t\t\t<\/div>\n\t\t\t\t\t\t<\/div>\n\t\t\t\t\t<\/div>\n\t\t<\/div>\n\t\t\t\t\t\t\t\t<\/div>\n\t\t\t\t\t<\/div>\n\t\t<\/section>\n\t\t\t\t<section class=\"elementor-section elementor-top-section elementor-element elementor-element-01968e9 elementor-section-boxed elementor-section-height-default elementor-section-height-default\" data-id=\"01968e9\" data-element_type=\"section\" data-settings=\"{&quot;_ha_eqh_enable&quot;:false}\">\n\t\t\t\t\t\t<div class=\"elementor-container elementor-column-gap-default\">\n\t\t\t\t\t\t\t<div class=\"elementor-row\">\n\t\t\t\t\t<div class=\"elementor-column elementor-col-50 elementor-top-column elementor-element elementor-element-e7ca82b\" data-id=\"e7ca82b\" data-element_type=\"column\">\n\t\t\t<div class=\"elementor-column-wrap elementor-element-populated\">\n\t\t\t\t\t\t\t<div class=\"elementor-widget-wrap\">\n\t\t\t\t\t\t<div class=\"elementor-element elementor-element-7fa07b3 elementor-widget elementor-widget-heading\" data-id=\"7fa07b3\" data-element_type=\"widget\" data-widget_type=\"heading.default\">\n\t\t\t\t<div class=\"elementor-widget-container\">\n\t\t\t<h2 class=\"elementor-heading-title elementor-size-default\">Vid\u00e9o<\/h2>\t\t<\/div>\n\t\t\t\t<\/div>\n\t\t\t\t<div class=\"elementor-element elementor-element-510b8d9 elementor-aspect-ratio-169 elementor-widget elementor-widget-video\" data-id=\"510b8d9\" data-element_type=\"widget\" data-settings=\"{&quot;youtube_url&quot;:&quot;https:\\\/\\\/youtu.be\\\/YKQdpQJzpYg&quot;,&quot;video_type&quot;:&quot;youtube&quot;,&quot;controls&quot;:&quot;yes&quot;,&quot;aspect_ratio&quot;:&quot;169&quot;}\" data-widget_type=\"video.default\">\n\t\t\t\t<div class=\"elementor-widget-container\">\n\t\t\t\t\t<div class=\"elementor-wrapper elementor-fit-aspect-ratio elementor-open-inline\">\n\t\t\t<div class=\"elementor-video\"><\/div>\t\t<\/div>\n\t\t\t\t<\/div>\n\t\t\t\t<\/div>\n\t\t\t\t\t\t<\/div>\n\t\t\t\t\t<\/div>\n\t\t<\/div>\n\t\t\t\t<div class=\"elementor-column elementor-col-50 elementor-top-column elementor-element elementor-element-0f6ad44\" data-id=\"0f6ad44\" data-element_type=\"column\">\n\t\t\t<div class=\"elementor-column-wrap\">\n\t\t\t\t\t\t\t<div class=\"elementor-widget-wrap\">\n\t\t\t\t\t\t\t\t<\/div>\n\t\t\t\t\t<\/div>\n\t\t<\/div>\n\t\t\t\t\t\t\t\t<\/div>\n\t\t\t\t\t<\/div>\n\t\t<\/section>\n\t\t\t\t\t\t\t\t\t<\/div>\n\t\t\t<\/div>\n\t\t\t\t\t<\/div>\n\t\t","protected":false},"excerpt":{"rendered":"<p>Applications en implantologie : opusculectomie et d\u00e9contamination des implants, traitement de la p\u00e9ri-implantite. L&#8217;implantologie b\u00e9n\u00e9ficie \u00e9galement de l&#8217;application du laser, en particulier dans la r\u00e9solution des cas de p\u00e9ri-imucosite et de p\u00e9ri-implantite et dans la mise \u00e0 nu des implants. Le laser \u00e0 diode Wiser est un outil appropri\u00e9 pour le traitement de la p\u00e9rimucosite &#8230; <a title=\"Implantologie\" class=\"read-more\" href=\"https:\/\/www.doctor-smile.com\/fr\/implantologie\/\" aria-label=\"Plus sur Implantologie\">Lire plus<\/a><\/p>\n","protected":false},"author":115,"featured_media":0,"parent":0,"menu_order":0,"comment_status":"closed","ping_status":"closed","template":"","meta":{"content-type":"","footnotes":""},"class_list":["post-20217","page","type-page","status-publish"],"yoast_head":"<!-- This site is optimized with the Yoast SEO plugin v27.3 - https:\/\/yoast.com\/product\/yoast-seo-wordpress\/ -->\n<title>Implantologie - DOCTOR SMILE<\/title>\n<meta name=\"robots\" content=\"index, follow, max-snippet:-1, max-image-preview:large, max-video-preview:-1\" \/>\n<link rel=\"canonical\" href=\"https:\/\/www.doctor-smile.com\/fr\/implantologie\/\" \/>\n<meta property=\"og:locale\" content=\"fr_FR\" \/>\n<meta property=\"og:type\" content=\"article\" \/>\n<meta property=\"og:title\" content=\"Implantologie - DOCTOR SMILE\" \/>\n<meta property=\"og:description\" content=\"Applications en implantologie : opusculectomie et d\u00e9contamination des implants, traitement de la p\u00e9ri-implantite. L&#8217;implantologie b\u00e9n\u00e9ficie \u00e9galement de l&#8217;application du laser, en particulier dans la r\u00e9solution des cas de p\u00e9ri-imucosite et de p\u00e9ri-implantite et dans la mise \u00e0 nu des implants. Le laser \u00e0 diode Wiser est un outil appropri\u00e9 pour le traitement de la p\u00e9rimucosite ... Lire plus\" \/>\n<meta property=\"og:url\" content=\"https:\/\/www.doctor-smile.com\/fr\/implantologie\/\" \/>\n<meta property=\"og:site_name\" content=\"DOCTOR SMILE\" \/>\n<meta property=\"article:publisher\" content=\"https:\/\/www.facebook.com\/DoctorSmileTM\/\" \/>\n<meta property=\"article:modified_time\" content=\"2024-03-25T14:57:40+00:00\" \/>\n<meta property=\"og:image\" content=\"https:\/\/www.doctor-smile.com\/wp-content\/uploads\/2021\/02\/Implantologia.jpg\" \/>\n<meta name=\"twitter:card\" content=\"summary_large_image\" \/>\n<script type=\"application\/ld+json\" class=\"yoast-schema-graph\">{\"@context\":\"https:\\\/\\\/schema.org\",\"@graph\":[{\"@type\":\"WebPage\",\"@id\":\"https:\\\/\\\/www.doctor-smile.com\\\/fr\\\/implantologie\\\/\",\"url\":\"https:\\\/\\\/www.doctor-smile.com\\\/fr\\\/implantologie\\\/\",\"name\":\"Implantologie - DOCTOR SMILE\",\"isPartOf\":{\"@id\":\"https:\\\/\\\/www.doctor-smile.com\\\/fr\\\/#website\"},\"primaryImageOfPage\":{\"@id\":\"https:\\\/\\\/www.doctor-smile.com\\\/fr\\\/implantologie\\\/#primaryimage\"},\"image\":{\"@id\":\"https:\\\/\\\/www.doctor-smile.com\\\/fr\\\/implantologie\\\/#primaryimage\"},\"thumbnailUrl\":\"https:\\\/\\\/www.doctor-smile.com\\\/wp-content\\\/uploads\\\/2021\\\/02\\\/Implantologia.jpg\",\"datePublished\":\"2024-03-25T11:18:34+00:00\",\"dateModified\":\"2024-03-25T14:57:40+00:00\",\"breadcrumb\":{\"@id\":\"https:\\\/\\\/www.doctor-smile.com\\\/fr\\\/implantologie\\\/#breadcrumb\"},\"inLanguage\":\"fr-FR\",\"potentialAction\":[{\"@type\":\"ReadAction\",\"target\":[\"https:\\\/\\\/www.doctor-smile.com\\\/fr\\\/implantologie\\\/\"]}]},{\"@type\":\"ImageObject\",\"inLanguage\":\"fr-FR\",\"@id\":\"https:\\\/\\\/www.doctor-smile.com\\\/fr\\\/implantologie\\\/#primaryimage\",\"url\":\"https:\\\/\\\/www.doctor-smile.com\\\/wp-content\\\/uploads\\\/2021\\\/02\\\/Implantologia.jpg\",\"contentUrl\":\"https:\\\/\\\/www.doctor-smile.com\\\/wp-content\\\/uploads\\\/2021\\\/02\\\/Implantologia.jpg\"},{\"@type\":\"BreadcrumbList\",\"@id\":\"https:\\\/\\\/www.doctor-smile.com\\\/fr\\\/implantologie\\\/#breadcrumb\",\"itemListElement\":[{\"@type\":\"ListItem\",\"position\":1,\"name\":\"Home\",\"item\":\"https:\\\/\\\/www.doctor-smile.com\\\/fr\\\/\"},{\"@type\":\"ListItem\",\"position\":2,\"name\":\"Implantologie\"}]},{\"@type\":\"WebSite\",\"@id\":\"https:\\\/\\\/www.doctor-smile.com\\\/fr\\\/#website\",\"url\":\"https:\\\/\\\/www.doctor-smile.com\\\/fr\\\/\",\"name\":\"DOCTOR SMILE\",\"description\":\"Tecnologia Laser Odontoiatrica\",\"publisher\":{\"@id\":\"https:\\\/\\\/www.doctor-smile.com\\\/fr\\\/#organization\"},\"potentialAction\":[{\"@type\":\"SearchAction\",\"target\":{\"@type\":\"EntryPoint\",\"urlTemplate\":\"https:\\\/\\\/www.doctor-smile.com\\\/fr\\\/?s={search_term_string}\"},\"query-input\":{\"@type\":\"PropertyValueSpecification\",\"valueRequired\":true,\"valueName\":\"search_term_string\"}}],\"inLanguage\":\"fr-FR\"},{\"@type\":\"Organization\",\"@id\":\"https:\\\/\\\/www.doctor-smile.com\\\/fr\\\/#organization\",\"name\":\"Doctor-Smile\",\"url\":\"https:\\\/\\\/www.doctor-smile.com\\\/fr\\\/\",\"logo\":{\"@type\":\"ImageObject\",\"inLanguage\":\"fr-FR\",\"@id\":\"https:\\\/\\\/www.doctor-smile.com\\\/fr\\\/#\\\/schema\\\/logo\\\/image\\\/\",\"url\":\"https:\\\/\\\/www.doctor-smile.com\\\/wp-content\\\/uploads\\\/2021\\\/02\\\/Logo-Doctor-Smile-1.png\",\"contentUrl\":\"https:\\\/\\\/www.doctor-smile.com\\\/wp-content\\\/uploads\\\/2021\\\/02\\\/Logo-Doctor-Smile-1.png\",\"width\":1757,\"height\":667,\"caption\":\"Doctor-Smile\"},\"image\":{\"@id\":\"https:\\\/\\\/www.doctor-smile.com\\\/fr\\\/#\\\/schema\\\/logo\\\/image\\\/\"},\"sameAs\":[\"https:\\\/\\\/www.facebook.com\\\/DoctorSmileTM\\\/\",\"https:\\\/\\\/www.instagram.com\\\/doctorsmiledentallaser\\\/\",\"https:\\\/\\\/www.youtube.com\\\/user\\\/doctorsmile1\\\/\"]}]}<\/script>\n<!-- \/ Yoast SEO plugin. -->","yoast_head_json":{"title":"Implantologie - DOCTOR SMILE","robots":{"index":"index","follow":"follow","max-snippet":"max-snippet:-1","max-image-preview":"max-image-preview:large","max-video-preview":"max-video-preview:-1"},"canonical":"https:\/\/www.doctor-smile.com\/fr\/implantologie\/","og_locale":"fr_FR","og_type":"article","og_title":"Implantologie - DOCTOR SMILE","og_description":"Applications en implantologie : opusculectomie et d\u00e9contamination des implants, traitement de la p\u00e9ri-implantite. L&#8217;implantologie b\u00e9n\u00e9ficie \u00e9galement de l&#8217;application du laser, en particulier dans la r\u00e9solution des cas de p\u00e9ri-imucosite et de p\u00e9ri-implantite et dans la mise \u00e0 nu des implants. Le laser \u00e0 diode Wiser est un outil appropri\u00e9 pour le traitement de la p\u00e9rimucosite ... Lire plus","og_url":"https:\/\/www.doctor-smile.com\/fr\/implantologie\/","og_site_name":"DOCTOR SMILE","article_publisher":"https:\/\/www.facebook.com\/DoctorSmileTM\/","article_modified_time":"2024-03-25T14:57:40+00:00","og_image":[{"url":"https:\/\/www.doctor-smile.com\/wp-content\/uploads\/2021\/02\/Implantologia.jpg","type":"","width":"","height":""}],"twitter_card":"summary_large_image","schema":{"@context":"https:\/\/schema.org","@graph":[{"@type":"WebPage","@id":"https:\/\/www.doctor-smile.com\/fr\/implantologie\/","url":"https:\/\/www.doctor-smile.com\/fr\/implantologie\/","name":"Implantologie - DOCTOR SMILE","isPartOf":{"@id":"https:\/\/www.doctor-smile.com\/fr\/#website"},"primaryImageOfPage":{"@id":"https:\/\/www.doctor-smile.com\/fr\/implantologie\/#primaryimage"},"image":{"@id":"https:\/\/www.doctor-smile.com\/fr\/implantologie\/#primaryimage"},"thumbnailUrl":"https:\/\/www.doctor-smile.com\/wp-content\/uploads\/2021\/02\/Implantologia.jpg","datePublished":"2024-03-25T11:18:34+00:00","dateModified":"2024-03-25T14:57:40+00:00","breadcrumb":{"@id":"https:\/\/www.doctor-smile.com\/fr\/implantologie\/#breadcrumb"},"inLanguage":"fr-FR","potentialAction":[{"@type":"ReadAction","target":["https:\/\/www.doctor-smile.com\/fr\/implantologie\/"]}]},{"@type":"ImageObject","inLanguage":"fr-FR","@id":"https:\/\/www.doctor-smile.com\/fr\/implantologie\/#primaryimage","url":"https:\/\/www.doctor-smile.com\/wp-content\/uploads\/2021\/02\/Implantologia.jpg","contentUrl":"https:\/\/www.doctor-smile.com\/wp-content\/uploads\/2021\/02\/Implantologia.jpg"},{"@type":"BreadcrumbList","@id":"https:\/\/www.doctor-smile.com\/fr\/implantologie\/#breadcrumb","itemListElement":[{"@type":"ListItem","position":1,"name":"Home","item":"https:\/\/www.doctor-smile.com\/fr\/"},{"@type":"ListItem","position":2,"name":"Implantologie"}]},{"@type":"WebSite","@id":"https:\/\/www.doctor-smile.com\/fr\/#website","url":"https:\/\/www.doctor-smile.com\/fr\/","name":"DOCTOR SMILE","description":"Tecnologia Laser Odontoiatrica","publisher":{"@id":"https:\/\/www.doctor-smile.com\/fr\/#organization"},"potentialAction":[{"@type":"SearchAction","target":{"@type":"EntryPoint","urlTemplate":"https:\/\/www.doctor-smile.com\/fr\/?s={search_term_string}"},"query-input":{"@type":"PropertyValueSpecification","valueRequired":true,"valueName":"search_term_string"}}],"inLanguage":"fr-FR"},{"@type":"Organization","@id":"https:\/\/www.doctor-smile.com\/fr\/#organization","name":"Doctor-Smile","url":"https:\/\/www.doctor-smile.com\/fr\/","logo":{"@type":"ImageObject","inLanguage":"fr-FR","@id":"https:\/\/www.doctor-smile.com\/fr\/#\/schema\/logo\/image\/","url":"https:\/\/www.doctor-smile.com\/wp-content\/uploads\/2021\/02\/Logo-Doctor-Smile-1.png","contentUrl":"https:\/\/www.doctor-smile.com\/wp-content\/uploads\/2021\/02\/Logo-Doctor-Smile-1.png","width":1757,"height":667,"caption":"Doctor-Smile"},"image":{"@id":"https:\/\/www.doctor-smile.com\/fr\/#\/schema\/logo\/image\/"},"sameAs":["https:\/\/www.facebook.com\/DoctorSmileTM\/","https:\/\/www.instagram.com\/doctorsmiledentallaser\/","https:\/\/www.youtube.com\/user\/doctorsmile1\/"]}]}},"_links":{"self":[{"href":"https:\/\/www.doctor-smile.com\/fr\/wp-json\/wp\/v2\/pages\/20217","targetHints":{"allow":["GET"]}}],"collection":[{"href":"https:\/\/www.doctor-smile.com\/fr\/wp-json\/wp\/v2\/pages"}],"about":[{"href":"https:\/\/www.doctor-smile.com\/fr\/wp-json\/wp\/v2\/types\/page"}],"author":[{"embeddable":true,"href":"https:\/\/www.doctor-smile.com\/fr\/wp-json\/wp\/v2\/users\/115"}],"replies":[{"embeddable":true,"href":"https:\/\/www.doctor-smile.com\/fr\/wp-json\/wp\/v2\/comments?post=20217"}],"version-history":[{"count":16,"href":"https:\/\/www.doctor-smile.com\/fr\/wp-json\/wp\/v2\/pages\/20217\/revisions"}],"predecessor-version":[{"id":20520,"href":"https:\/\/www.doctor-smile.com\/fr\/wp-json\/wp\/v2\/pages\/20217\/revisions\/20520"}],"wp:attachment":[{"href":"https:\/\/www.doctor-smile.com\/fr\/wp-json\/wp\/v2\/media?parent=20217"}],"curies":[{"name":"wp","href":"https:\/\/api.w.org\/{rel}","templated":true}]}}