{"id":20251,"date":"2024-03-25T12:42:59","date_gmt":"2024-03-25T11:42:59","guid":{"rendered":"https:\/\/www.doctor-smile.com\/?page_id=20251"},"modified":"2024-03-25T16:04:38","modified_gmt":"2024-03-25T15:04:38","slug":"chirurgie-osseuse","status":"publish","type":"page","link":"https:\/\/www.doctor-smile.com\/fr\/chirurgie-osseuse\/","title":{"rendered":"Chirurgie osseuse"},"content":{"rendered":"\t\t<div data-elementor-type=\"wp-page\" data-elementor-id=\"20251\" class=\"elementor elementor-20251 elementor-3231\">\n\t\t\t\t\t\t<div class=\"elementor-inner\">\n\t\t\t\t<div class=\"elementor-section-wrap\">\n\t\t\t\t\t\t\t\t\t<section class=\"elementor-section elementor-top-section elementor-element elementor-element-41228e3 elementor-section-boxed elementor-section-height-default elementor-section-height-default\" data-id=\"41228e3\" data-element_type=\"section\" data-settings=\"{&quot;_ha_eqh_enable&quot;:false}\">\n\t\t\t\t\t\t<div class=\"elementor-container elementor-column-gap-default\">\n\t\t\t\t\t\t\t<div class=\"elementor-row\">\n\t\t\t\t\t<div class=\"elementor-column elementor-col-50 elementor-top-column elementor-element elementor-element-bb6e37a\" data-id=\"bb6e37a\" data-element_type=\"column\">\n\t\t\t<div class=\"elementor-column-wrap elementor-element-populated\">\n\t\t\t\t\t\t\t<div class=\"elementor-widget-wrap\">\n\t\t\t\t\t\t<section class=\"elementor-section elementor-inner-section elementor-element elementor-element-f3de381 elementor-section-boxed elementor-section-height-default elementor-section-height-default\" data-id=\"f3de381\" data-element_type=\"section\" data-settings=\"{&quot;_ha_eqh_enable&quot;:false}\">\n\t\t\t\t\t\t<div class=\"elementor-container elementor-column-gap-default\">\n\t\t\t\t\t\t\t<div class=\"elementor-row\">\n\t\t\t\t\t<div class=\"elementor-column elementor-col-100 elementor-inner-column elementor-element elementor-element-da544d2\" data-id=\"da544d2\" data-element_type=\"column\">\n\t\t\t<div class=\"elementor-column-wrap elementor-element-populated\">\n\t\t\t\t\t\t\t<div class=\"elementor-widget-wrap\">\n\t\t\t\t\t\t<div class=\"elementor-element elementor-element-73c214e elementor-widget elementor-widget-image\" data-id=\"73c214e\" data-element_type=\"widget\" data-widget_type=\"image.default\">\n\t\t\t\t<div class=\"elementor-widget-container\">\n\t\t\t\t\t\t\t\t<div class=\"elementor-image\">\n\t\t\t\t\t\t\t\t\t\t\t\t<img loading=\"lazy\" decoding=\"async\" width=\"1024\" height=\"683\" src=\"https:\/\/www.doctor-smile.com\/wp-content\/uploads\/2021\/02\/Chirurgia-ossea.jpg\" class=\"attachment-large size-large\" alt=\"Chirurgia ossea\" srcset=\"https:\/\/www.doctor-smile.com\/wp-content\/uploads\/2021\/02\/Chirurgia-ossea.jpg 1024w, https:\/\/www.doctor-smile.com\/wp-content\/uploads\/2021\/02\/Chirurgia-ossea-300x200.jpg 300w, https:\/\/www.doctor-smile.com\/wp-content\/uploads\/2021\/02\/Chirurgia-ossea-768x512.jpg 768w\" sizes=\"auto, (max-width: 1024px) 100vw, 1024px\" \/>\t\t\t\t\t\t\t\t\t\t\t\t\t\t<\/div>\n\t\t\t\t\t\t<\/div>\n\t\t\t\t<\/div>\n\t\t\t\t<div class=\"elementor-element elementor-element-0be21eb elementor-widget elementor-widget-heading\" data-id=\"0be21eb\" data-element_type=\"widget\" data-widget_type=\"heading.default\">\n\t\t\t\t<div class=\"elementor-widget-container\">\n\t\t\t<h2 class=\"elementor-heading-title elementor-size-default\">Applications et traitements laser en chirurgie osseuse : \u00e9l\u00e9vation des sinus, cr\u00eate fendue, apicoectomie, greffe osseuse, pr\u00e9paration du site de l'implant, allongement de la couronne clinique, r\u00e9g\u00e9n\u00e9ration osseuse, traitement de la p\u00e9ri-implantite.\n<\/h2>\t\t<\/div>\n\t\t\t\t<\/div>\n\t\t\t\t<div class=\"elementor-element elementor-element-8cc458e elementor-widget elementor-widget-text-editor\" data-id=\"8cc458e\" data-element_type=\"widget\" data-widget_type=\"text-editor.default\">\n\t\t\t\t<div class=\"elementor-widget-container\">\n\t\t\t\t\t\t\t\t<div class=\"elementor-text-editor elementor-clearfix\">\n\t\t\t\t<p>Le <a href=\"https:\/\/www.doctor-smile.com\/fr\/pluser-kombi\/\"><strong>laser erbium Pluser<\/strong><\/a> peut op\u00e9rer sur les tissus durs de la cavit\u00e9 buccale, facilement et avec moins de traumatisme, cr\u00e9ant \u00e0 la fois un lambeau d&#8217;acc\u00e8s gingival et un retrait osseux rapide et pr\u00e9cis, avec des marges de br\u00e8che osseuse plus pr\u00e9cises que celles obtenues avec des instruments rotatifs.<\/p><p>Le laser erbium, en plus d&#8217;avoir une action bact\u00e9ricide en m\u00eame temps que le traitement, maintient la temp\u00e9rature du tissu cible inchang\u00e9e gr\u00e2ce au jet d&#8217;eau \u00e9mis par la pi\u00e8ce \u00e0 main et \u00e0 la vaporisation instantan\u00e9e de celle-ci \u00e0 l&#8217;int\u00e9rieur des tissus.<\/p><p>Ce m\u00e9canisme d&#8217;action garantit le respect des propri\u00e9t\u00e9s biologiques de l&#8217;os r\u00e9siduel, sans cr\u00e9er de n\u00e9crose ni de d\u00e9naturation de la matrice prot\u00e9ique. En effet, contrairement \u00e0 la pr\u00e9paration m\u00e9canique du tissu osseux \u00e0 l&#8217;aide d&#8217;instruments rotatifs, le risque de surchauffe du tissu est pratiquement inexistant.<\/p><p>En outre, la capacit\u00e9 biostimulante de la lumi\u00e8re laser favorise la gu\u00e9rison en augmentant le m\u00e9tabolisme oxydatif, ce qui am\u00e9liore le transport de l&#8217;oxyg\u00e8ne par l&#8217;oxyh\u00e9moglobine des vaisseaux superficiels. La chirurgie osseuse utilisant le laser erbium augmente \u00e9galement l&#8217;apport sanguin, ce qui sera d&#8217;une grande aide dans l&#8217;activit\u00e9 de r\u00e9g\u00e9n\u00e9ration qui s&#8217;ensuivra.\u00a0<\/p>\t\t\t\t\t<\/div>\n\t\t\t\t\t\t<\/div>\n\t\t\t\t<\/div>\n\t\t\t\t\t\t<\/div>\n\t\t\t\t\t<\/div>\n\t\t<\/div>\n\t\t\t\t\t\t\t\t<\/div>\n\t\t\t\t\t<\/div>\n\t\t<\/section>\n\t\t\t\t\t\t<\/div>\n\t\t\t\t\t<\/div>\n\t\t<\/div>\n\t\t\t\t<div class=\"elementor-column elementor-col-50 elementor-top-column elementor-element elementor-element-6d341a2 elementor-hidden-mobile\" data-id=\"6d341a2\" data-element_type=\"column\">\n\t\t\t<div class=\"elementor-column-wrap elementor-element-populated\">\n\t\t\t\t\t\t\t<div class=\"elementor-widget-wrap\">\n\t\t\t\t\t\t<div class=\"elementor-element elementor-element-a08c69a elementor-widget elementor-widget-heading\" data-id=\"a08c69a\" data-element_type=\"widget\" data-widget_type=\"heading.default\">\n\t\t\t\t<div class=\"elementor-widget-container\">\n\t\t\t<h3 class=\"elementor-heading-title elementor-size-default\"><a href=\"http:\/\/www.doctor-smile.com\/applicazioni-cliniche-laser\/\">Traitements au laser<\/a><\/h3>\t\t<\/div>\n\t\t\t\t<\/div>\n\t\t\t\t<div class=\"elementor-element elementor-element-f92f7ba elementor-nav-menu--dropdown-none elementor-nav-menu__align-left elementor-widget elementor-widget-nav-menu\" data-id=\"f92f7ba\" data-element_type=\"widget\" data-settings=\"{&quot;layout&quot;:&quot;vertical&quot;,&quot;submenu_icon&quot;:{&quot;value&quot;:&quot;&lt;i class=\\&quot;fas fa-caret-down\\&quot;&gt;&lt;\\\/i&gt;&quot;,&quot;library&quot;:&quot;fa-solid&quot;}}\" data-widget_type=\"nav-menu.default\">\n\t\t\t\t<div class=\"elementor-widget-container\">\n\t\t\t\t\t\t<nav migration_allowed=\"1\" migrated=\"0\" class=\"elementor-nav-menu--main elementor-nav-menu__container elementor-nav-menu--layout-vertical e--pointer-background e--animation-fade\">\n\t\t\t\t<ul id=\"menu-1-f92f7ba\" class=\"elementor-nav-menu sm-vertical\"><li class=\"menu-item menu-item-type-post_type menu-item-object-page menu-item-20186\"><a href=\"https:\/\/www.doctor-smile.com\/fr\/endodontie\/\" data-ps2id-api=\"true\" class=\"elementor-item\">Endodontie<\/a><\/li>\n<li class=\"menu-item menu-item-type-post_type menu-item-object-page menu-item-20376\"><a href=\"https:\/\/www.doctor-smile.com\/fr\/parodontologie\/\" data-ps2id-api=\"true\" class=\"elementor-item\">Parodontologie<\/a><\/li>\n<li class=\"menu-item menu-item-type-post_type menu-item-object-page menu-item-20377\"><a href=\"https:\/\/www.doctor-smile.com\/fr\/implantologie\/\" data-ps2id-api=\"true\" class=\"elementor-item\">Implantologie<\/a><\/li>\n<li class=\"menu-item menu-item-type-post_type menu-item-object-page menu-item-20378\"><a href=\"https:\/\/www.doctor-smile.com\/fr\/chirurgie-gingivale\/\" data-ps2id-api=\"true\" class=\"elementor-item\">Chirurgie des tissus mous<\/a><\/li>\n<li class=\"menu-item menu-item-type-post_type menu-item-object-page menu-item-20379\"><a href=\"https:\/\/www.doctor-smile.com\/fr\/chirurgie-osseuse\/\" data-ps2id-api=\"true\" class=\"elementor-item\">Chirurgie osseuse<\/a><\/li>\n<li class=\"menu-item menu-item-type-post_type menu-item-object-page menu-item-20381\"><a href=\"https:\/\/www.doctor-smile.com\/fr\/soins-conservateurs\/\" data-ps2id-api=\"true\" class=\"elementor-item\">Soins conservateurs<\/a><\/li>\n<li class=\"menu-item menu-item-type-post_type menu-item-object-page menu-item-20382\"><a href=\"https:\/\/www.doctor-smile.com\/fr\/therapie\/\" data-ps2id-api=\"true\" class=\"elementor-item\">Th\u00e9rapie<\/a><\/li>\n<li class=\"menu-item menu-item-type-post_type menu-item-object-page menu-item-13848\"><a href=\"https:\/\/www.doctor-smile.com\/fr\/biostimulation\/\" data-ps2id-api=\"true\" class=\"elementor-item\">Biostimulation<\/a><\/li>\n<li class=\"menu-item menu-item-type-post_type menu-item-object-page menu-item-20383\"><a href=\"https:\/\/www.doctor-smile.com\/fr\/produits-de-beaute\/\" data-ps2id-api=\"true\" class=\"elementor-item\">Esth\u00e9tique mini-invasive<\/a><\/li>\n<li class=\"menu-item menu-item-type-post_type menu-item-object-page menu-item-20380\"><a href=\"https:\/\/www.doctor-smile.com\/fr\/blanchiment\/\" data-ps2id-api=\"true\" class=\"elementor-item\">Laser Whitening System (LWS)<\/a><\/li>\n<\/ul>\t\t\t<\/nav>\n\t\t\t\t\t<div class=\"elementor-menu-toggle\" role=\"button\" tabindex=\"0\" aria-label=\"Permuter le menu\" aria-expanded=\"false\">\n\t\t\t<i aria-hidden=\"true\" role=\"presentation\" class=\"elementor-menu-toggle__icon--open eicon-menu-bar\"><\/i><i aria-hidden=\"true\" role=\"presentation\" class=\"elementor-menu-toggle__icon--close eicon-close\"><\/i>\t\t\t<span class=\"elementor-screen-only\">Menu<\/span>\n\t\t<\/div>\n\t\t\t<nav class=\"elementor-nav-menu--dropdown elementor-nav-menu__container\" aria-hidden=\"true\">\n\t\t\t\t<ul id=\"menu-2-f92f7ba\" class=\"elementor-nav-menu sm-vertical\"><li class=\"menu-item menu-item-type-post_type menu-item-object-page menu-item-20186\"><a href=\"https:\/\/www.doctor-smile.com\/fr\/endodontie\/\" data-ps2id-api=\"true\" class=\"elementor-item\" tabindex=\"-1\">Endodontie<\/a><\/li>\n<li class=\"menu-item menu-item-type-post_type menu-item-object-page menu-item-20376\"><a href=\"https:\/\/www.doctor-smile.com\/fr\/parodontologie\/\" data-ps2id-api=\"true\" class=\"elementor-item\" tabindex=\"-1\">Parodontologie<\/a><\/li>\n<li class=\"menu-item menu-item-type-post_type menu-item-object-page menu-item-20377\"><a href=\"https:\/\/www.doctor-smile.com\/fr\/implantologie\/\" data-ps2id-api=\"true\" class=\"elementor-item\" tabindex=\"-1\">Implantologie<\/a><\/li>\n<li class=\"menu-item menu-item-type-post_type menu-item-object-page menu-item-20378\"><a href=\"https:\/\/www.doctor-smile.com\/fr\/chirurgie-gingivale\/\" data-ps2id-api=\"true\" class=\"elementor-item\" tabindex=\"-1\">Chirurgie des tissus mous<\/a><\/li>\n<li class=\"menu-item menu-item-type-post_type menu-item-object-page menu-item-20379\"><a href=\"https:\/\/www.doctor-smile.com\/fr\/chirurgie-osseuse\/\" data-ps2id-api=\"true\" class=\"elementor-item\" tabindex=\"-1\">Chirurgie osseuse<\/a><\/li>\n<li class=\"menu-item menu-item-type-post_type menu-item-object-page menu-item-20381\"><a href=\"https:\/\/www.doctor-smile.com\/fr\/soins-conservateurs\/\" data-ps2id-api=\"true\" class=\"elementor-item\" tabindex=\"-1\">Soins conservateurs<\/a><\/li>\n<li class=\"menu-item menu-item-type-post_type menu-item-object-page menu-item-20382\"><a href=\"https:\/\/www.doctor-smile.com\/fr\/therapie\/\" data-ps2id-api=\"true\" class=\"elementor-item\" tabindex=\"-1\">Th\u00e9rapie<\/a><\/li>\n<li class=\"menu-item menu-item-type-post_type menu-item-object-page menu-item-13848\"><a href=\"https:\/\/www.doctor-smile.com\/fr\/biostimulation\/\" data-ps2id-api=\"true\" class=\"elementor-item\" tabindex=\"-1\">Biostimulation<\/a><\/li>\n<li class=\"menu-item menu-item-type-post_type menu-item-object-page menu-item-20383\"><a href=\"https:\/\/www.doctor-smile.com\/fr\/produits-de-beaute\/\" data-ps2id-api=\"true\" class=\"elementor-item\" tabindex=\"-1\">Esth\u00e9tique mini-invasive<\/a><\/li>\n<li class=\"menu-item menu-item-type-post_type menu-item-object-page menu-item-20380\"><a href=\"https:\/\/www.doctor-smile.com\/fr\/blanchiment\/\" data-ps2id-api=\"true\" class=\"elementor-item\" tabindex=\"-1\">Laser Whitening System (LWS)<\/a><\/li>\n<\/ul>\t\t\t<\/nav>\n\t\t\t\t<\/div>\n\t\t\t\t<\/div>\n\t\t\t\t\t\t<\/div>\n\t\t\t\t\t<\/div>\n\t\t<\/div>\n\t\t\t\t\t\t\t\t<\/div>\n\t\t\t\t\t<\/div>\n\t\t<\/section>\n\t\t\t\t<section class=\"elementor-section elementor-top-section elementor-element elementor-element-203bedd elementor-section-boxed elementor-section-height-default elementor-section-height-default\" data-id=\"203bedd\" data-element_type=\"section\" data-settings=\"{&quot;_ha_eqh_enable&quot;:false}\">\n\t\t\t\t\t\t<div class=\"elementor-container elementor-column-gap-default\">\n\t\t\t\t\t\t\t<div class=\"elementor-row\">\n\t\t\t\t\t<div class=\"elementor-column elementor-col-100 elementor-top-column elementor-element elementor-element-9ca4881\" data-id=\"9ca4881\" data-element_type=\"column\">\n\t\t\t<div class=\"elementor-column-wrap elementor-element-populated\">\n\t\t\t\t\t\t\t<div class=\"elementor-widget-wrap\">\n\t\t\t\t\t\t<div class=\"elementor-element elementor-element-901c2d4 elementor-widget elementor-widget-heading\" data-id=\"901c2d4\" data-element_type=\"widget\" data-widget_type=\"heading.default\">\n\t\t\t\t<div class=\"elementor-widget-container\">\n\t\t\t<h2 class=\"elementor-heading-title elementor-size-default\">Vid\u00e9o<\/h2>\t\t<\/div>\n\t\t\t\t<\/div>\n\t\t\t\t<section class=\"elementor-section elementor-inner-section elementor-element elementor-element-ba96070 elementor-section-boxed elementor-section-height-default elementor-section-height-default\" data-id=\"ba96070\" data-element_type=\"section\" data-settings=\"{&quot;_ha_eqh_enable&quot;:false}\">\n\t\t\t\t\t\t<div class=\"elementor-container elementor-column-gap-default\">\n\t\t\t\t\t\t\t<div class=\"elementor-row\">\n\t\t\t\t\t<div class=\"elementor-column elementor-col-50 elementor-inner-column elementor-element elementor-element-0088905\" data-id=\"0088905\" data-element_type=\"column\">\n\t\t\t<div class=\"elementor-column-wrap elementor-element-populated\">\n\t\t\t\t\t\t\t<div class=\"elementor-widget-wrap\">\n\t\t\t\t\t\t<div class=\"elementor-element elementor-element-76360a1 elementor-aspect-ratio-169 elementor-widget elementor-widget-video\" data-id=\"76360a1\" data-element_type=\"widget\" data-settings=\"{&quot;youtube_url&quot;:&quot;https:\\\/\\\/youtu.be\\\/LMEHlQzthIk&quot;,&quot;video_type&quot;:&quot;youtube&quot;,&quot;controls&quot;:&quot;yes&quot;,&quot;aspect_ratio&quot;:&quot;169&quot;}\" data-widget_type=\"video.default\">\n\t\t\t\t<div class=\"elementor-widget-container\">\n\t\t\t\t\t<div class=\"elementor-wrapper elementor-fit-aspect-ratio elementor-open-inline\">\n\t\t\t<div class=\"elementor-video\"><\/div>\t\t<\/div>\n\t\t\t\t<\/div>\n\t\t\t\t<\/div>\n\t\t\t\t\t\t<\/div>\n\t\t\t\t\t<\/div>\n\t\t<\/div>\n\t\t\t\t<div class=\"elementor-column elementor-col-50 elementor-inner-column elementor-element elementor-element-7d5c538\" data-id=\"7d5c538\" data-element_type=\"column\">\n\t\t\t<div class=\"elementor-column-wrap elementor-element-populated\">\n\t\t\t\t\t\t\t<div class=\"elementor-widget-wrap\">\n\t\t\t\t\t\t<div class=\"elementor-element elementor-element-fab3095 elementor-aspect-ratio-169 elementor-widget elementor-widget-video\" data-id=\"fab3095\" data-element_type=\"widget\" data-settings=\"{&quot;youtube_url&quot;:&quot;https:\\\/\\\/youtu.be\\\/HSAAEHv-lfc&quot;,&quot;video_type&quot;:&quot;youtube&quot;,&quot;controls&quot;:&quot;yes&quot;,&quot;aspect_ratio&quot;:&quot;169&quot;}\" data-widget_type=\"video.default\">\n\t\t\t\t<div class=\"elementor-widget-container\">\n\t\t\t\t\t<div class=\"elementor-wrapper elementor-fit-aspect-ratio elementor-open-inline\">\n\t\t\t<div class=\"elementor-video\"><\/div>\t\t<\/div>\n\t\t\t\t<\/div>\n\t\t\t\t<\/div>\n\t\t\t\t\t\t<\/div>\n\t\t\t\t\t<\/div>\n\t\t<\/div>\n\t\t\t\t\t\t\t\t<\/div>\n\t\t\t\t\t<\/div>\n\t\t<\/section>\n\t\t\t\t\t\t<\/div>\n\t\t\t\t\t<\/div>\n\t\t<\/div>\n\t\t\t\t\t\t\t\t<\/div>\n\t\t\t\t\t<\/div>\n\t\t<\/section>\n\t\t\t\t\t\t\t\t\t<\/div>\n\t\t\t<\/div>\n\t\t\t\t\t<\/div>\n\t\t","protected":false},"excerpt":{"rendered":"<p>Applications et traitements laser en chirurgie osseuse : \u00e9l\u00e9vation des sinus, cr\u00eate fendue, apicoectomie, greffe osseuse, pr\u00e9paration du site de l&#8217;implant, allongement de la couronne clinique, r\u00e9g\u00e9n\u00e9ration osseuse, traitement de la p\u00e9ri-implantite. Le laser erbium Pluser peut op\u00e9rer sur les tissus durs de la cavit\u00e9 buccale, facilement et avec moins de traumatisme, cr\u00e9ant \u00e0 la &#8230; <a title=\"Chirurgie osseuse\" class=\"read-more\" href=\"https:\/\/www.doctor-smile.com\/fr\/chirurgie-osseuse\/\" aria-label=\"Plus sur Chirurgie osseuse\">Lire plus<\/a><\/p>\n","protected":false},"author":115,"featured_media":0,"parent":0,"menu_order":0,"comment_status":"closed","ping_status":"closed","template":"","meta":{"content-type":"","footnotes":""},"class_list":["post-20251","page","type-page","status-publish"],"yoast_head":"<!-- This site is optimized with the Yoast SEO plugin v27.4 - https:\/\/yoast.com\/product\/yoast-seo-wordpress\/ -->\n<title>Chirurgie osseuse - DOCTOR SMILE<\/title>\n<meta name=\"robots\" content=\"index, follow, max-snippet:-1, max-image-preview:large, max-video-preview:-1\" \/>\n<link rel=\"canonical\" href=\"https:\/\/www.doctor-smile.com\/fr\/chirurgie-osseuse\/\" \/>\n<meta property=\"og:locale\" content=\"fr_FR\" \/>\n<meta property=\"og:type\" content=\"article\" \/>\n<meta property=\"og:title\" content=\"Chirurgie osseuse - DOCTOR SMILE\" \/>\n<meta property=\"og:description\" content=\"Applications et traitements laser en chirurgie osseuse : \u00e9l\u00e9vation des sinus, cr\u00eate fendue, apicoectomie, greffe osseuse, pr\u00e9paration du site de l&#8217;implant, allongement de la couronne clinique, r\u00e9g\u00e9n\u00e9ration osseuse, traitement de la p\u00e9ri-implantite. Le laser erbium Pluser peut op\u00e9rer sur les tissus durs de la cavit\u00e9 buccale, facilement et avec moins de traumatisme, cr\u00e9ant \u00e0 la ... Lire plus\" \/>\n<meta property=\"og:url\" content=\"https:\/\/www.doctor-smile.com\/fr\/chirurgie-osseuse\/\" \/>\n<meta property=\"og:site_name\" content=\"DOCTOR SMILE\" \/>\n<meta property=\"article:publisher\" content=\"https:\/\/www.facebook.com\/DoctorSmileTM\/\" \/>\n<meta property=\"article:modified_time\" content=\"2024-03-25T15:04:38+00:00\" \/>\n<meta property=\"og:image\" content=\"https:\/\/www.doctor-smile.com\/wp-content\/uploads\/2021\/02\/Chirurgia-ossea.jpg\" \/>\n<meta name=\"twitter:card\" content=\"summary_large_image\" \/>\n<script type=\"application\/ld+json\" class=\"yoast-schema-graph\">{\"@context\":\"https:\\\/\\\/schema.org\",\"@graph\":[{\"@type\":\"WebPage\",\"@id\":\"https:\\\/\\\/www.doctor-smile.com\\\/fr\\\/chirurgie-osseuse\\\/\",\"url\":\"https:\\\/\\\/www.doctor-smile.com\\\/fr\\\/chirurgie-osseuse\\\/\",\"name\":\"Chirurgie osseuse - DOCTOR SMILE\",\"isPartOf\":{\"@id\":\"https:\\\/\\\/www.doctor-smile.com\\\/fr\\\/#website\"},\"primaryImageOfPage\":{\"@id\":\"https:\\\/\\\/www.doctor-smile.com\\\/fr\\\/chirurgie-osseuse\\\/#primaryimage\"},\"image\":{\"@id\":\"https:\\\/\\\/www.doctor-smile.com\\\/fr\\\/chirurgie-osseuse\\\/#primaryimage\"},\"thumbnailUrl\":\"https:\\\/\\\/www.doctor-smile.com\\\/wp-content\\\/uploads\\\/2021\\\/02\\\/Chirurgia-ossea.jpg\",\"datePublished\":\"2024-03-25T11:42:59+00:00\",\"dateModified\":\"2024-03-25T15:04:38+00:00\",\"breadcrumb\":{\"@id\":\"https:\\\/\\\/www.doctor-smile.com\\\/fr\\\/chirurgie-osseuse\\\/#breadcrumb\"},\"inLanguage\":\"fr-FR\",\"potentialAction\":[{\"@type\":\"ReadAction\",\"target\":[\"https:\\\/\\\/www.doctor-smile.com\\\/fr\\\/chirurgie-osseuse\\\/\"]}]},{\"@type\":\"ImageObject\",\"inLanguage\":\"fr-FR\",\"@id\":\"https:\\\/\\\/www.doctor-smile.com\\\/fr\\\/chirurgie-osseuse\\\/#primaryimage\",\"url\":\"https:\\\/\\\/www.doctor-smile.com\\\/wp-content\\\/uploads\\\/2021\\\/02\\\/Chirurgia-ossea.jpg\",\"contentUrl\":\"https:\\\/\\\/www.doctor-smile.com\\\/wp-content\\\/uploads\\\/2021\\\/02\\\/Chirurgia-ossea.jpg\"},{\"@type\":\"BreadcrumbList\",\"@id\":\"https:\\\/\\\/www.doctor-smile.com\\\/fr\\\/chirurgie-osseuse\\\/#breadcrumb\",\"itemListElement\":[{\"@type\":\"ListItem\",\"position\":1,\"name\":\"Home\",\"item\":\"https:\\\/\\\/www.doctor-smile.com\\\/fr\\\/\"},{\"@type\":\"ListItem\",\"position\":2,\"name\":\"Chirurgie osseuse\"}]},{\"@type\":\"WebSite\",\"@id\":\"https:\\\/\\\/www.doctor-smile.com\\\/fr\\\/#website\",\"url\":\"https:\\\/\\\/www.doctor-smile.com\\\/fr\\\/\",\"name\":\"DOCTOR SMILE\",\"description\":\"Tecnologia Laser Odontoiatrica\",\"publisher\":{\"@id\":\"https:\\\/\\\/www.doctor-smile.com\\\/fr\\\/#organization\"},\"potentialAction\":[{\"@type\":\"SearchAction\",\"target\":{\"@type\":\"EntryPoint\",\"urlTemplate\":\"https:\\\/\\\/www.doctor-smile.com\\\/fr\\\/?s={search_term_string}\"},\"query-input\":{\"@type\":\"PropertyValueSpecification\",\"valueRequired\":true,\"valueName\":\"search_term_string\"}}],\"inLanguage\":\"fr-FR\"},{\"@type\":\"Organization\",\"@id\":\"https:\\\/\\\/www.doctor-smile.com\\\/fr\\\/#organization\",\"name\":\"Doctor-Smile\",\"url\":\"https:\\\/\\\/www.doctor-smile.com\\\/fr\\\/\",\"logo\":{\"@type\":\"ImageObject\",\"inLanguage\":\"fr-FR\",\"@id\":\"https:\\\/\\\/www.doctor-smile.com\\\/fr\\\/#\\\/schema\\\/logo\\\/image\\\/\",\"url\":\"https:\\\/\\\/www.doctor-smile.com\\\/wp-content\\\/uploads\\\/2021\\\/02\\\/Logo-Doctor-Smile-1.png\",\"contentUrl\":\"https:\\\/\\\/www.doctor-smile.com\\\/wp-content\\\/uploads\\\/2021\\\/02\\\/Logo-Doctor-Smile-1.png\",\"width\":1757,\"height\":667,\"caption\":\"Doctor-Smile\"},\"image\":{\"@id\":\"https:\\\/\\\/www.doctor-smile.com\\\/fr\\\/#\\\/schema\\\/logo\\\/image\\\/\"},\"sameAs\":[\"https:\\\/\\\/www.facebook.com\\\/DoctorSmileTM\\\/\",\"https:\\\/\\\/www.instagram.com\\\/doctorsmiledentallaser\\\/\",\"https:\\\/\\\/www.youtube.com\\\/user\\\/doctorsmile1\\\/\"]}]}<\/script>\n<!-- \/ Yoast SEO plugin. -->","yoast_head_json":{"title":"Chirurgie osseuse - DOCTOR SMILE","robots":{"index":"index","follow":"follow","max-snippet":"max-snippet:-1","max-image-preview":"max-image-preview:large","max-video-preview":"max-video-preview:-1"},"canonical":"https:\/\/www.doctor-smile.com\/fr\/chirurgie-osseuse\/","og_locale":"fr_FR","og_type":"article","og_title":"Chirurgie osseuse - DOCTOR SMILE","og_description":"Applications et traitements laser en chirurgie osseuse : \u00e9l\u00e9vation des sinus, cr\u00eate fendue, apicoectomie, greffe osseuse, pr\u00e9paration du site de l&#8217;implant, allongement de la couronne clinique, r\u00e9g\u00e9n\u00e9ration osseuse, traitement de la p\u00e9ri-implantite. Le laser erbium Pluser peut op\u00e9rer sur les tissus durs de la cavit\u00e9 buccale, facilement et avec moins de traumatisme, cr\u00e9ant \u00e0 la ... Lire plus","og_url":"https:\/\/www.doctor-smile.com\/fr\/chirurgie-osseuse\/","og_site_name":"DOCTOR SMILE","article_publisher":"https:\/\/www.facebook.com\/DoctorSmileTM\/","article_modified_time":"2024-03-25T15:04:38+00:00","og_image":[{"url":"https:\/\/www.doctor-smile.com\/wp-content\/uploads\/2021\/02\/Chirurgia-ossea.jpg","type":"","width":"","height":""}],"twitter_card":"summary_large_image","schema":{"@context":"https:\/\/schema.org","@graph":[{"@type":"WebPage","@id":"https:\/\/www.doctor-smile.com\/fr\/chirurgie-osseuse\/","url":"https:\/\/www.doctor-smile.com\/fr\/chirurgie-osseuse\/","name":"Chirurgie osseuse - DOCTOR SMILE","isPartOf":{"@id":"https:\/\/www.doctor-smile.com\/fr\/#website"},"primaryImageOfPage":{"@id":"https:\/\/www.doctor-smile.com\/fr\/chirurgie-osseuse\/#primaryimage"},"image":{"@id":"https:\/\/www.doctor-smile.com\/fr\/chirurgie-osseuse\/#primaryimage"},"thumbnailUrl":"https:\/\/www.doctor-smile.com\/wp-content\/uploads\/2021\/02\/Chirurgia-ossea.jpg","datePublished":"2024-03-25T11:42:59+00:00","dateModified":"2024-03-25T15:04:38+00:00","breadcrumb":{"@id":"https:\/\/www.doctor-smile.com\/fr\/chirurgie-osseuse\/#breadcrumb"},"inLanguage":"fr-FR","potentialAction":[{"@type":"ReadAction","target":["https:\/\/www.doctor-smile.com\/fr\/chirurgie-osseuse\/"]}]},{"@type":"ImageObject","inLanguage":"fr-FR","@id":"https:\/\/www.doctor-smile.com\/fr\/chirurgie-osseuse\/#primaryimage","url":"https:\/\/www.doctor-smile.com\/wp-content\/uploads\/2021\/02\/Chirurgia-ossea.jpg","contentUrl":"https:\/\/www.doctor-smile.com\/wp-content\/uploads\/2021\/02\/Chirurgia-ossea.jpg"},{"@type":"BreadcrumbList","@id":"https:\/\/www.doctor-smile.com\/fr\/chirurgie-osseuse\/#breadcrumb","itemListElement":[{"@type":"ListItem","position":1,"name":"Home","item":"https:\/\/www.doctor-smile.com\/fr\/"},{"@type":"ListItem","position":2,"name":"Chirurgie osseuse"}]},{"@type":"WebSite","@id":"https:\/\/www.doctor-smile.com\/fr\/#website","url":"https:\/\/www.doctor-smile.com\/fr\/","name":"DOCTOR SMILE","description":"Tecnologia Laser Odontoiatrica","publisher":{"@id":"https:\/\/www.doctor-smile.com\/fr\/#organization"},"potentialAction":[{"@type":"SearchAction","target":{"@type":"EntryPoint","urlTemplate":"https:\/\/www.doctor-smile.com\/fr\/?s={search_term_string}"},"query-input":{"@type":"PropertyValueSpecification","valueRequired":true,"valueName":"search_term_string"}}],"inLanguage":"fr-FR"},{"@type":"Organization","@id":"https:\/\/www.doctor-smile.com\/fr\/#organization","name":"Doctor-Smile","url":"https:\/\/www.doctor-smile.com\/fr\/","logo":{"@type":"ImageObject","inLanguage":"fr-FR","@id":"https:\/\/www.doctor-smile.com\/fr\/#\/schema\/logo\/image\/","url":"https:\/\/www.doctor-smile.com\/wp-content\/uploads\/2021\/02\/Logo-Doctor-Smile-1.png","contentUrl":"https:\/\/www.doctor-smile.com\/wp-content\/uploads\/2021\/02\/Logo-Doctor-Smile-1.png","width":1757,"height":667,"caption":"Doctor-Smile"},"image":{"@id":"https:\/\/www.doctor-smile.com\/fr\/#\/schema\/logo\/image\/"},"sameAs":["https:\/\/www.facebook.com\/DoctorSmileTM\/","https:\/\/www.instagram.com\/doctorsmiledentallaser\/","https:\/\/www.youtube.com\/user\/doctorsmile1\/"]}]}},"_links":{"self":[{"href":"https:\/\/www.doctor-smile.com\/fr\/wp-json\/wp\/v2\/pages\/20251","targetHints":{"allow":["GET"]}}],"collection":[{"href":"https:\/\/www.doctor-smile.com\/fr\/wp-json\/wp\/v2\/pages"}],"about":[{"href":"https:\/\/www.doctor-smile.com\/fr\/wp-json\/wp\/v2\/types\/page"}],"author":[{"embeddable":true,"href":"https:\/\/www.doctor-smile.com\/fr\/wp-json\/wp\/v2\/users\/115"}],"replies":[{"embeddable":true,"href":"https:\/\/www.doctor-smile.com\/fr\/wp-json\/wp\/v2\/comments?post=20251"}],"version-history":[{"count":7,"href":"https:\/\/www.doctor-smile.com\/fr\/wp-json\/wp\/v2\/pages\/20251\/revisions"}],"predecessor-version":[{"id":20547,"href":"https:\/\/www.doctor-smile.com\/fr\/wp-json\/wp\/v2\/pages\/20251\/revisions\/20547"}],"wp:attachment":[{"href":"https:\/\/www.doctor-smile.com\/fr\/wp-json\/wp\/v2\/media?parent=20251"}],"curies":[{"name":"wp","href":"https:\/\/api.w.org\/{rel}","templated":true}]}}