{"id":21311,"date":"2024-03-27T15:22:37","date_gmt":"2024-03-27T14:22:37","guid":{"rendered":"https:\/\/www.doctor-smile.com\/?page_id=21311"},"modified":"2025-02-05T12:55:49","modified_gmt":"2025-02-05T11:55:49","slug":"didactique","status":"publish","type":"page","link":"https:\/\/www.doctor-smile.com\/fr\/didactique\/","title":{"rendered":"Didactique"},"content":{"rendered":"\t\t<div data-elementor-type=\"wp-page\" data-elementor-id=\"21311\" class=\"elementor elementor-21311 elementor-4030\">\n\t\t\t\t\t\t<div class=\"elementor-inner\">\n\t\t\t\t<div class=\"elementor-section-wrap\">\n\t\t\t\t\t\t\t\t\t<section class=\"elementor-section elementor-top-section elementor-element elementor-element-0e6aa78 elementor-section-boxed elementor-section-height-default elementor-section-height-default\" data-id=\"0e6aa78\" data-element_type=\"section\" data-settings=\"{&quot;_ha_eqh_enable&quot;:false}\">\n\t\t\t\t\t\t<div class=\"elementor-container elementor-column-gap-default\">\n\t\t\t\t\t\t\t<div class=\"elementor-row\">\n\t\t\t\t\t<div class=\"elementor-column elementor-col-100 elementor-top-column elementor-element elementor-element-2bcf1a9\" data-id=\"2bcf1a9\" data-element_type=\"column\">\n\t\t\t<div class=\"elementor-column-wrap elementor-element-populated\">\n\t\t\t\t\t\t\t<div class=\"elementor-widget-wrap\">\n\t\t\t\t\t\t<div class=\"elementor-element elementor-element-77301aa elementor-widget elementor-widget-heading\" data-id=\"77301aa\" data-element_type=\"widget\" data-widget_type=\"heading.default\">\n\t\t\t\t<div class=\"elementor-widget-container\">\n\t\t\t<h1 class=\"elementor-heading-title elementor-size-default\">ENSEIGNEMENT SUR LA TH\u00c9RAPIE LASER<\/h1>\t\t<\/div>\n\t\t\t\t<\/div>\n\t\t\t\t<div class=\"elementor-element elementor-element-8cc458e elementor-widget elementor-widget-text-editor\" data-id=\"8cc458e\" data-element_type=\"widget\" data-widget_type=\"text-editor.default\">\n\t\t\t\t<div class=\"elementor-widget-container\">\n\t\t\t\t\t\t\t\t<div class=\"elementor-text-editor elementor-clearfix\">\n\t\t\t\t<section class=\"abstract\"><h3 style=\"text-align: left;\">Livres sur la dentisterie assist\u00e9e par laser<\/h3><\/section><section class=\"links\"><\/section>\t\t\t\t\t<\/div>\n\t\t\t\t\t\t<\/div>\n\t\t\t\t<\/div>\n\t\t\t\t<div class=\"elementor-element elementor-element-2d6425b elementor-widget elementor-widget-text-editor\" data-id=\"2d6425b\" data-element_type=\"widget\" data-widget_type=\"text-editor.default\">\n\t\t\t\t<div class=\"elementor-widget-container\">\n\t\t\t\t\t\t\t\t<div class=\"elementor-text-editor elementor-clearfix\">\n\t\t\t\t<p>Une entreprise de formation peut offrir la richesse de ses connaissances \u00e0 travers le mat\u00e9riel utilis\u00e9 comme support d&#8217;enseignement. Dans cette section, vous trouverez des manuels sur les avantages de la th\u00e9rapie laser en dentisterie.<\/p>\t\t\t\t\t<\/div>\n\t\t\t\t\t\t<\/div>\n\t\t\t\t<\/div>\n\t\t\t\t\t\t<\/div>\n\t\t\t\t\t<\/div>\n\t\t<\/div>\n\t\t\t\t\t\t\t\t<\/div>\n\t\t\t\t\t<\/div>\n\t\t<\/section>\n\t\t\t\t<section class=\"elementor-section elementor-top-section elementor-element elementor-element-2fc0f91 elementor-section-boxed elementor-section-height-default elementor-section-height-default\" data-id=\"2fc0f91\" data-element_type=\"section\" data-settings=\"{&quot;_ha_eqh_enable&quot;:false}\">\n\t\t\t\t\t\t<div class=\"elementor-container elementor-column-gap-wider\">\n\t\t\t\t\t\t\t<div class=\"elementor-row\">\n\t\t\t\t\t<div class=\"elementor-column elementor-col-50 elementor-top-column elementor-element elementor-element-79068c7\" data-id=\"79068c7\" data-element_type=\"column\">\n\t\t\t<div class=\"elementor-column-wrap elementor-element-populated\">\n\t\t\t\t\t\t\t<div class=\"elementor-widget-wrap\">\n\t\t\t\t\t\t<div class=\"elementor-element elementor-element-977aab8 elementor-widget elementor-widget-image\" data-id=\"977aab8\" data-element_type=\"widget\" data-widget_type=\"image.default\">\n\t\t\t\t<div class=\"elementor-widget-container\">\n\t\t\t\t\t\t\t\t<div class=\"elementor-image\">\n\t\t\t\t\t\t\t\t\t\t\t\t<img loading=\"lazy\" decoding=\"async\" width=\"1024\" height=\"737\" src=\"https:\/\/www.doctor-smile.com\/wp-content\/uploads\/2023\/05\/La-tecnologia-laser-nuova-frontiera-del-sorriso-1024x737.jpg\" class=\"attachment-large size-large\" alt=\"\" srcset=\"https:\/\/www.doctor-smile.com\/wp-content\/uploads\/2023\/05\/La-tecnologia-laser-nuova-frontiera-del-sorriso-1024x737.jpg 1024w, https:\/\/www.doctor-smile.com\/wp-content\/uploads\/2023\/05\/La-tecnologia-laser-nuova-frontiera-del-sorriso-300x216.jpg 300w, https:\/\/www.doctor-smile.com\/wp-content\/uploads\/2023\/05\/La-tecnologia-laser-nuova-frontiera-del-sorriso-768x553.jpg 768w, https:\/\/www.doctor-smile.com\/wp-content\/uploads\/2023\/05\/La-tecnologia-laser-nuova-frontiera-del-sorriso-1536x1106.jpg 1536w, https:\/\/www.doctor-smile.com\/wp-content\/uploads\/2023\/05\/La-tecnologia-laser-nuova-frontiera-del-sorriso-2048x1475.jpg 2048w\" sizes=\"auto, (max-width: 1024px) 100vw, 1024px\" \/>\t\t\t\t\t\t\t\t\t\t\t\t\t\t<\/div>\n\t\t\t\t\t\t<\/div>\n\t\t\t\t<\/div>\n\t\t\t\t<div class=\"elementor-element elementor-element-fb24a0a elementor-widget elementor-widget-text-editor\" data-id=\"fb24a0a\" data-element_type=\"widget\" data-widget_type=\"text-editor.default\">\n\t\t\t\t<div class=\"elementor-widget-container\">\n\t\t\t\t\t\t\t\t<div class=\"elementor-text-editor elementor-clearfix\">\n\t\t\t\t<p style=\"text-align: center;\"><strong>&#8220;LA TECHNOLOGIE LASER : LA NOUVELLE FRONTI\u00c8RE DU SOURIRE&#8221;<\/strong><\/p>\t\t\t\t\t<\/div>\n\t\t\t\t\t\t<\/div>\n\t\t\t\t<\/div>\n\t\t\t\t<div class=\"elementor-element elementor-element-8210d60 elementor-align-center elementor-widget elementor-widget-button\" data-id=\"8210d60\" data-element_type=\"widget\" data-widget_type=\"button.default\">\n\t\t\t\t<div class=\"elementor-widget-container\">\n\t\t\t\t\t<div class=\"elementor-button-wrapper\">\n\t\t\t<a href=\"https:\/\/www.doctor-smile.com\/fr\/technologie-laser-nouvelle-frontiere-du-sourire-par-franco-barze\/\" class=\"elementor-button-link elementor-button elementor-size-sm\" role=\"button\">\n\t\t\t\t\t\t<span class=\"elementor-button-content-wrapper\">\n\t\t\t\t\t\t<span class=\"elementor-button-text\">En savoir plus<\/span>\n\t\t<\/span>\n\t\t\t\t\t<\/a>\n\t\t<\/div>\n\t\t\t\t<\/div>\n\t\t\t\t<\/div>\n\t\t\t\t\t\t<\/div>\n\t\t\t\t\t<\/div>\n\t\t<\/div>\n\t\t\t\t<div class=\"elementor-column elementor-col-50 elementor-top-column elementor-element elementor-element-203222b\" data-id=\"203222b\" data-element_type=\"column\">\n\t\t\t<div class=\"elementor-column-wrap elementor-element-populated\">\n\t\t\t\t\t\t\t<div class=\"elementor-widget-wrap\">\n\t\t\t\t\t\t<div class=\"elementor-element elementor-element-97a0186 elementor-widget elementor-widget-image\" data-id=\"97a0186\" data-element_type=\"widget\" data-widget_type=\"image.default\">\n\t\t\t\t<div class=\"elementor-widget-container\">\n\t\t\t\t\t\t\t\t<div class=\"elementor-image\">\n\t\t\t\t\t\t\t\t\t\t\t\t<img loading=\"lazy\" decoding=\"async\" width=\"1024\" height=\"737\" src=\"https:\/\/www.doctor-smile.com\/wp-content\/uploads\/2023\/05\/Fotobiomodulazione-con-manipolo-a-onda-piana-1024x737.jpg\" class=\"attachment-large size-large\" alt=\"\" srcset=\"https:\/\/www.doctor-smile.com\/wp-content\/uploads\/2023\/05\/Fotobiomodulazione-con-manipolo-a-onda-piana-1024x737.jpg 1024w, https:\/\/www.doctor-smile.com\/wp-content\/uploads\/2023\/05\/Fotobiomodulazione-con-manipolo-a-onda-piana-300x216.jpg 300w, https:\/\/www.doctor-smile.com\/wp-content\/uploads\/2023\/05\/Fotobiomodulazione-con-manipolo-a-onda-piana-768x553.jpg 768w, https:\/\/www.doctor-smile.com\/wp-content\/uploads\/2023\/05\/Fotobiomodulazione-con-manipolo-a-onda-piana-1536x1106.jpg 1536w, https:\/\/www.doctor-smile.com\/wp-content\/uploads\/2023\/05\/Fotobiomodulazione-con-manipolo-a-onda-piana-2048x1475.jpg 2048w\" sizes=\"auto, (max-width: 1024px) 100vw, 1024px\" \/>\t\t\t\t\t\t\t\t\t\t\t\t\t\t<\/div>\n\t\t\t\t\t\t<\/div>\n\t\t\t\t<\/div>\n\t\t\t\t<div class=\"elementor-element elementor-element-ec06eae elementor-widget elementor-widget-text-editor\" data-id=\"ec06eae\" data-element_type=\"widget\" data-widget_type=\"text-editor.default\">\n\t\t\t\t<div class=\"elementor-widget-container\">\n\t\t\t\t\t\t\t\t<div class=\"elementor-text-editor elementor-clearfix\">\n\t\t\t\t<p style=\"text-align: center;\"><strong>&#8220;PHOTOBIOMODULATION AVEC LA PI\u00c8CE \u00c0 MAIN FLAT TOP&#8221;<br \/><br \/><\/strong><\/p>\t\t\t\t\t<\/div>\n\t\t\t\t\t\t<\/div>\n\t\t\t\t<\/div>\n\t\t\t\t<div class=\"elementor-element elementor-element-7a8a3fe elementor-align-center elementor-widget elementor-widget-button\" data-id=\"7a8a3fe\" data-element_type=\"widget\" data-widget_type=\"button.default\">\n\t\t\t\t<div class=\"elementor-widget-container\">\n\t\t\t\t\t<div class=\"elementor-button-wrapper\">\n\t\t\t<a href=\"https:\/\/www.doctor-smile.com\/fr\/libro-fotobiomodulazione-con-manipolo-a-onda-piana-di-benedicenti-amaroli-e-pasquale-en\/\" class=\"elementor-button-link elementor-button elementor-size-sm\" role=\"button\">\n\t\t\t\t\t\t<span class=\"elementor-button-content-wrapper\">\n\t\t\t\t\t\t<span class=\"elementor-button-text\">En savoir plus<\/span>\n\t\t<\/span>\n\t\t\t\t\t<\/a>\n\t\t<\/div>\n\t\t\t\t<\/div>\n\t\t\t\t<\/div>\n\t\t\t\t\t\t<\/div>\n\t\t\t\t\t<\/div>\n\t\t<\/div>\n\t\t\t\t\t\t\t\t<\/div>\n\t\t\t\t\t<\/div>\n\t\t<\/section>\n\t\t\t\t<section class=\"elementor-section elementor-top-section elementor-element elementor-element-21d58ec elementor-section-boxed elementor-section-height-default elementor-section-height-default\" data-id=\"21d58ec\" data-element_type=\"section\" data-settings=\"{&quot;_ha_eqh_enable&quot;:false}\">\n\t\t\t\t\t\t<div class=\"elementor-container elementor-column-gap-wider\">\n\t\t\t\t\t\t\t<div class=\"elementor-row\">\n\t\t\t\t\t<div class=\"elementor-column elementor-col-50 elementor-top-column elementor-element elementor-element-19885ce\" data-id=\"19885ce\" data-element_type=\"column\">\n\t\t\t<div class=\"elementor-column-wrap elementor-element-populated\">\n\t\t\t\t\t\t\t<div class=\"elementor-widget-wrap\">\n\t\t\t\t\t\t<div class=\"elementor-element elementor-element-125360e elementor-widget elementor-widget-image\" data-id=\"125360e\" data-element_type=\"widget\" data-widget_type=\"image.default\">\n\t\t\t\t<div class=\"elementor-widget-container\">\n\t\t\t\t\t\t\t\t<div class=\"elementor-image\">\n\t\t\t\t\t\t\t\t\t\t\t\t<img loading=\"lazy\" decoding=\"async\" width=\"1024\" height=\"737\" src=\"https:\/\/www.doctor-smile.com\/wp-content\/uploads\/2023\/05\/Atlas-of-laser-therapy-1024x737.jpg\" class=\"attachment-large size-large\" alt=\"\" srcset=\"https:\/\/www.doctor-smile.com\/wp-content\/uploads\/2023\/05\/Atlas-of-laser-therapy-1024x737.jpg 1024w, https:\/\/www.doctor-smile.com\/wp-content\/uploads\/2023\/05\/Atlas-of-laser-therapy-300x216.jpg 300w, https:\/\/www.doctor-smile.com\/wp-content\/uploads\/2023\/05\/Atlas-of-laser-therapy-768x553.jpg 768w, https:\/\/www.doctor-smile.com\/wp-content\/uploads\/2023\/05\/Atlas-of-laser-therapy-1536x1106.jpg 1536w, https:\/\/www.doctor-smile.com\/wp-content\/uploads\/2023\/05\/Atlas-of-laser-therapy-2048x1475.jpg 2048w\" sizes=\"auto, (max-width: 1024px) 100vw, 1024px\" \/>\t\t\t\t\t\t\t\t\t\t\t\t\t\t<\/div>\n\t\t\t\t\t\t<\/div>\n\t\t\t\t<\/div>\n\t\t\t\t<div class=\"elementor-element elementor-element-7862589 elementor-widget elementor-widget-text-editor\" data-id=\"7862589\" data-element_type=\"widget\" data-widget_type=\"text-editor.default\">\n\t\t\t\t<div class=\"elementor-widget-container\">\n\t\t\t\t\t\t\t\t<div class=\"elementor-text-editor elementor-clearfix\">\n\t\t\t\t<p style=\"text-align: center;\"><strong>&#8220;ATLAS OF LASER THERAPY&#8221;<\/strong><br style=\"font-weight: bold;\" \/><strong>Quatri\u00e8me \u00e9dition<br \/><br \/><\/strong><\/p>\t\t\t\t\t<\/div>\n\t\t\t\t\t\t<\/div>\n\t\t\t\t<\/div>\n\t\t\t\t<div class=\"elementor-element elementor-element-b166312 elementor-align-center elementor-widget elementor-widget-button\" data-id=\"b166312\" data-element_type=\"widget\" data-widget_type=\"button.default\">\n\t\t\t\t<div class=\"elementor-widget-container\">\n\t\t\t\t\t<div class=\"elementor-button-wrapper\">\n\t\t\t<a href=\"https:\/\/www.doctor-smile.com\/fr\/atlas-of-laser-therapy-fourth-edition-fr\/\" class=\"elementor-button-link elementor-button elementor-size-sm\" role=\"button\">\n\t\t\t\t\t\t<span class=\"elementor-button-content-wrapper\">\n\t\t\t\t\t\t<span class=\"elementor-button-text\">En savoir plus<\/span>\n\t\t<\/span>\n\t\t\t\t\t<\/a>\n\t\t<\/div>\n\t\t\t\t<\/div>\n\t\t\t\t<\/div>\n\t\t\t\t\t\t<\/div>\n\t\t\t\t\t<\/div>\n\t\t<\/div>\n\t\t\t\t<div class=\"elementor-column elementor-col-50 elementor-top-column elementor-element elementor-element-32bb67f\" data-id=\"32bb67f\" data-element_type=\"column\">\n\t\t\t<div class=\"elementor-column-wrap elementor-element-populated\">\n\t\t\t\t\t\t\t<div class=\"elementor-widget-wrap\">\n\t\t\t\t\t\t<div class=\"elementor-element elementor-element-66ff1a3 elementor-widget elementor-widget-image\" data-id=\"66ff1a3\" data-element_type=\"widget\" data-widget_type=\"image.default\">\n\t\t\t\t<div class=\"elementor-widget-container\">\n\t\t\t\t\t\t\t\t<div class=\"elementor-image\">\n\t\t\t\t\t\t\t\t\t\t\t\t<img loading=\"lazy\" decoding=\"async\" width=\"1024\" height=\"737\" src=\"https:\/\/www.doctor-smile.com\/wp-content\/uploads\/2023\/05\/Copertina-1-1024x737.jpg\" class=\"attachment-large size-large\" alt=\"\" srcset=\"https:\/\/www.doctor-smile.com\/wp-content\/uploads\/2023\/05\/Copertina-1-1024x737.jpg 1024w, https:\/\/www.doctor-smile.com\/wp-content\/uploads\/2023\/05\/Copertina-1-300x216.jpg 300w, https:\/\/www.doctor-smile.com\/wp-content\/uploads\/2023\/05\/Copertina-1-768x553.jpg 768w, https:\/\/www.doctor-smile.com\/wp-content\/uploads\/2023\/05\/Copertina-1-1536x1106.jpg 1536w, https:\/\/www.doctor-smile.com\/wp-content\/uploads\/2023\/05\/Copertina-1-2048x1475.jpg 2048w\" sizes=\"auto, (max-width: 1024px) 100vw, 1024px\" \/>\t\t\t\t\t\t\t\t\t\t\t\t\t\t<\/div>\n\t\t\t\t\t\t<\/div>\n\t\t\t\t<\/div>\n\t\t\t\t<div class=\"elementor-element elementor-element-39200bf elementor-widget elementor-widget-text-editor\" data-id=\"39200bf\" data-element_type=\"widget\" data-widget_type=\"text-editor.default\">\n\t\t\t\t<div class=\"elementor-widget-container\">\n\t\t\t\t\t\t\t\t<div class=\"elementor-text-editor elementor-clearfix\">\n\t\t\t\t<p style=\"text-align: center;\"><strong>&#8220;TRAITEMENTS PARODONTAUX ET P\u00c9RI-IMPLANTAIRES ASSIST\u00c9S PAR LASER&#8221;.<\/strong><\/p>\t\t\t\t\t<\/div>\n\t\t\t\t\t\t<\/div>\n\t\t\t\t<\/div>\n\t\t\t\t<div class=\"elementor-element elementor-element-98dc2bc elementor-align-center elementor-widget elementor-widget-button\" data-id=\"98dc2bc\" data-element_type=\"widget\" data-widget_type=\"button.default\">\n\t\t\t\t<div class=\"elementor-widget-container\">\n\t\t\t\t\t<div class=\"elementor-button-wrapper\">\n\t\t\t<a href=\"https:\/\/www.doctor-smile.com\/fr\/libro-trattamenti-parodontali-e-peri-implantari-laser-assistiti-di-gerard-rey-fr\/\" class=\"elementor-button-link elementor-button elementor-size-sm\" role=\"button\">\n\t\t\t\t\t\t<span class=\"elementor-button-content-wrapper\">\n\t\t\t\t\t\t<span class=\"elementor-button-text\">En savoir plus<\/span>\n\t\t<\/span>\n\t\t\t\t\t<\/a>\n\t\t<\/div>\n\t\t\t\t<\/div>\n\t\t\t\t<\/div>\n\t\t\t\t\t\t<\/div>\n\t\t\t\t\t<\/div>\n\t\t<\/div>\n\t\t\t\t\t\t\t\t<\/div>\n\t\t\t\t\t<\/div>\n\t\t<\/section>\n\t\t\t\t\t\t\t\t\t<\/div>\n\t\t\t<\/div>\n\t\t\t\t\t<\/div>\n\t\t","protected":false},"excerpt":{"rendered":"<p>ENSEIGNEMENT SUR LA TH\u00c9RAPIE LASER Livres sur la dentisterie assist\u00e9e par laser Une entreprise de formation peut offrir la richesse de ses connaissances \u00e0 travers le mat\u00e9riel utilis\u00e9 comme support d&#8217;enseignement. Dans cette section, vous trouverez des manuels sur les avantages de la th\u00e9rapie laser en dentisterie. &#8220;LA TECHNOLOGIE LASER : LA NOUVELLE FRONTI\u00c8RE DU &#8230; <a title=\"Didactique\" class=\"read-more\" href=\"https:\/\/www.doctor-smile.com\/fr\/didactique\/\" aria-label=\"Plus sur Didactique\">Lire plus<\/a><\/p>\n","protected":false},"author":115,"featured_media":0,"parent":0,"menu_order":0,"comment_status":"closed","ping_status":"closed","template":"","meta":{"content-type":"","footnotes":""},"class_list":["post-21311","page","type-page","status-publish"],"yoast_head":"<!-- This site is optimized with the Yoast SEO plugin v27.3 - https:\/\/yoast.com\/product\/yoast-seo-wordpress\/ -->\n<title>Didactique - DOCTOR SMILE<\/title>\n<meta name=\"robots\" content=\"index, follow, max-snippet:-1, max-image-preview:large, max-video-preview:-1\" \/>\n<link rel=\"canonical\" href=\"https:\/\/www.doctor-smile.com\/fr\/didactique\/\" \/>\n<meta property=\"og:locale\" content=\"fr_FR\" \/>\n<meta property=\"og:type\" content=\"article\" \/>\n<meta property=\"og:title\" content=\"Didactique - DOCTOR SMILE\" \/>\n<meta property=\"og:description\" content=\"ENSEIGNEMENT SUR LA TH\u00c9RAPIE LASER Livres sur la dentisterie assist\u00e9e par laser Une entreprise de formation peut offrir la richesse de ses connaissances \u00e0 travers le mat\u00e9riel utilis\u00e9 comme support d&#8217;enseignement. Dans cette section, vous trouverez des manuels sur les avantages de la th\u00e9rapie laser en dentisterie. &#8220;LA TECHNOLOGIE LASER : LA NOUVELLE FRONTI\u00c8RE DU ... Lire plus\" \/>\n<meta property=\"og:url\" content=\"https:\/\/www.doctor-smile.com\/fr\/didactique\/\" \/>\n<meta property=\"og:site_name\" content=\"DOCTOR SMILE\" \/>\n<meta property=\"article:publisher\" content=\"https:\/\/www.facebook.com\/DoctorSmileTM\/\" \/>\n<meta property=\"article:modified_time\" content=\"2025-02-05T11:55:49+00:00\" \/>\n<meta property=\"og:image\" content=\"https:\/\/www.doctor-smile.com\/wp-content\/uploads\/2023\/05\/La-tecnologia-laser-nuova-frontiera-del-sorriso-1024x737.jpg\" \/>\n<meta name=\"twitter:card\" content=\"summary_large_image\" \/>\n<script type=\"application\/ld+json\" class=\"yoast-schema-graph\">{\"@context\":\"https:\\\/\\\/schema.org\",\"@graph\":[{\"@type\":\"WebPage\",\"@id\":\"https:\\\/\\\/www.doctor-smile.com\\\/fr\\\/didactique\\\/\",\"url\":\"https:\\\/\\\/www.doctor-smile.com\\\/fr\\\/didactique\\\/\",\"name\":\"Didactique - DOCTOR SMILE\",\"isPartOf\":{\"@id\":\"https:\\\/\\\/www.doctor-smile.com\\\/fr\\\/#website\"},\"primaryImageOfPage\":{\"@id\":\"https:\\\/\\\/www.doctor-smile.com\\\/fr\\\/didactique\\\/#primaryimage\"},\"image\":{\"@id\":\"https:\\\/\\\/www.doctor-smile.com\\\/fr\\\/didactique\\\/#primaryimage\"},\"thumbnailUrl\":\"https:\\\/\\\/www.doctor-smile.com\\\/wp-content\\\/uploads\\\/2023\\\/05\\\/La-tecnologia-laser-nuova-frontiera-del-sorriso-1024x737.jpg\",\"datePublished\":\"2024-03-27T14:22:37+00:00\",\"dateModified\":\"2025-02-05T11:55:49+00:00\",\"breadcrumb\":{\"@id\":\"https:\\\/\\\/www.doctor-smile.com\\\/fr\\\/didactique\\\/#breadcrumb\"},\"inLanguage\":\"fr-FR\",\"potentialAction\":[{\"@type\":\"ReadAction\",\"target\":[\"https:\\\/\\\/www.doctor-smile.com\\\/fr\\\/didactique\\\/\"]}]},{\"@type\":\"ImageObject\",\"inLanguage\":\"fr-FR\",\"@id\":\"https:\\\/\\\/www.doctor-smile.com\\\/fr\\\/didactique\\\/#primaryimage\",\"url\":\"https:\\\/\\\/www.doctor-smile.com\\\/wp-content\\\/uploads\\\/2023\\\/05\\\/La-tecnologia-laser-nuova-frontiera-del-sorriso-1024x737.jpg\",\"contentUrl\":\"https:\\\/\\\/www.doctor-smile.com\\\/wp-content\\\/uploads\\\/2023\\\/05\\\/La-tecnologia-laser-nuova-frontiera-del-sorriso-1024x737.jpg\"},{\"@type\":\"BreadcrumbList\",\"@id\":\"https:\\\/\\\/www.doctor-smile.com\\\/fr\\\/didactique\\\/#breadcrumb\",\"itemListElement\":[{\"@type\":\"ListItem\",\"position\":1,\"name\":\"Home\",\"item\":\"https:\\\/\\\/www.doctor-smile.com\\\/fr\\\/\"},{\"@type\":\"ListItem\",\"position\":2,\"name\":\"Didactique\"}]},{\"@type\":\"WebSite\",\"@id\":\"https:\\\/\\\/www.doctor-smile.com\\\/fr\\\/#website\",\"url\":\"https:\\\/\\\/www.doctor-smile.com\\\/fr\\\/\",\"name\":\"DOCTOR SMILE\",\"description\":\"Tecnologia Laser Odontoiatrica\",\"publisher\":{\"@id\":\"https:\\\/\\\/www.doctor-smile.com\\\/fr\\\/#organization\"},\"potentialAction\":[{\"@type\":\"SearchAction\",\"target\":{\"@type\":\"EntryPoint\",\"urlTemplate\":\"https:\\\/\\\/www.doctor-smile.com\\\/fr\\\/?s={search_term_string}\"},\"query-input\":{\"@type\":\"PropertyValueSpecification\",\"valueRequired\":true,\"valueName\":\"search_term_string\"}}],\"inLanguage\":\"fr-FR\"},{\"@type\":\"Organization\",\"@id\":\"https:\\\/\\\/www.doctor-smile.com\\\/fr\\\/#organization\",\"name\":\"Doctor-Smile\",\"url\":\"https:\\\/\\\/www.doctor-smile.com\\\/fr\\\/\",\"logo\":{\"@type\":\"ImageObject\",\"inLanguage\":\"fr-FR\",\"@id\":\"https:\\\/\\\/www.doctor-smile.com\\\/fr\\\/#\\\/schema\\\/logo\\\/image\\\/\",\"url\":\"https:\\\/\\\/www.doctor-smile.com\\\/wp-content\\\/uploads\\\/2021\\\/02\\\/Logo-Doctor-Smile-1.png\",\"contentUrl\":\"https:\\\/\\\/www.doctor-smile.com\\\/wp-content\\\/uploads\\\/2021\\\/02\\\/Logo-Doctor-Smile-1.png\",\"width\":1757,\"height\":667,\"caption\":\"Doctor-Smile\"},\"image\":{\"@id\":\"https:\\\/\\\/www.doctor-smile.com\\\/fr\\\/#\\\/schema\\\/logo\\\/image\\\/\"},\"sameAs\":[\"https:\\\/\\\/www.facebook.com\\\/DoctorSmileTM\\\/\",\"https:\\\/\\\/www.instagram.com\\\/doctorsmiledentallaser\\\/\",\"https:\\\/\\\/www.youtube.com\\\/user\\\/doctorsmile1\\\/\"]}]}<\/script>\n<!-- \/ Yoast SEO plugin. -->","yoast_head_json":{"title":"Didactique - DOCTOR SMILE","robots":{"index":"index","follow":"follow","max-snippet":"max-snippet:-1","max-image-preview":"max-image-preview:large","max-video-preview":"max-video-preview:-1"},"canonical":"https:\/\/www.doctor-smile.com\/fr\/didactique\/","og_locale":"fr_FR","og_type":"article","og_title":"Didactique - DOCTOR SMILE","og_description":"ENSEIGNEMENT SUR LA TH\u00c9RAPIE LASER Livres sur la dentisterie assist\u00e9e par laser Une entreprise de formation peut offrir la richesse de ses connaissances \u00e0 travers le mat\u00e9riel utilis\u00e9 comme support d&#8217;enseignement. Dans cette section, vous trouverez des manuels sur les avantages de la th\u00e9rapie laser en dentisterie. &#8220;LA TECHNOLOGIE LASER : LA NOUVELLE FRONTI\u00c8RE DU ... Lire plus","og_url":"https:\/\/www.doctor-smile.com\/fr\/didactique\/","og_site_name":"DOCTOR SMILE","article_publisher":"https:\/\/www.facebook.com\/DoctorSmileTM\/","article_modified_time":"2025-02-05T11:55:49+00:00","og_image":[{"url":"https:\/\/www.doctor-smile.com\/wp-content\/uploads\/2023\/05\/La-tecnologia-laser-nuova-frontiera-del-sorriso-1024x737.jpg","type":"","width":"","height":""}],"twitter_card":"summary_large_image","schema":{"@context":"https:\/\/schema.org","@graph":[{"@type":"WebPage","@id":"https:\/\/www.doctor-smile.com\/fr\/didactique\/","url":"https:\/\/www.doctor-smile.com\/fr\/didactique\/","name":"Didactique - DOCTOR SMILE","isPartOf":{"@id":"https:\/\/www.doctor-smile.com\/fr\/#website"},"primaryImageOfPage":{"@id":"https:\/\/www.doctor-smile.com\/fr\/didactique\/#primaryimage"},"image":{"@id":"https:\/\/www.doctor-smile.com\/fr\/didactique\/#primaryimage"},"thumbnailUrl":"https:\/\/www.doctor-smile.com\/wp-content\/uploads\/2023\/05\/La-tecnologia-laser-nuova-frontiera-del-sorriso-1024x737.jpg","datePublished":"2024-03-27T14:22:37+00:00","dateModified":"2025-02-05T11:55:49+00:00","breadcrumb":{"@id":"https:\/\/www.doctor-smile.com\/fr\/didactique\/#breadcrumb"},"inLanguage":"fr-FR","potentialAction":[{"@type":"ReadAction","target":["https:\/\/www.doctor-smile.com\/fr\/didactique\/"]}]},{"@type":"ImageObject","inLanguage":"fr-FR","@id":"https:\/\/www.doctor-smile.com\/fr\/didactique\/#primaryimage","url":"https:\/\/www.doctor-smile.com\/wp-content\/uploads\/2023\/05\/La-tecnologia-laser-nuova-frontiera-del-sorriso-1024x737.jpg","contentUrl":"https:\/\/www.doctor-smile.com\/wp-content\/uploads\/2023\/05\/La-tecnologia-laser-nuova-frontiera-del-sorriso-1024x737.jpg"},{"@type":"BreadcrumbList","@id":"https:\/\/www.doctor-smile.com\/fr\/didactique\/#breadcrumb","itemListElement":[{"@type":"ListItem","position":1,"name":"Home","item":"https:\/\/www.doctor-smile.com\/fr\/"},{"@type":"ListItem","position":2,"name":"Didactique"}]},{"@type":"WebSite","@id":"https:\/\/www.doctor-smile.com\/fr\/#website","url":"https:\/\/www.doctor-smile.com\/fr\/","name":"DOCTOR SMILE","description":"Tecnologia Laser Odontoiatrica","publisher":{"@id":"https:\/\/www.doctor-smile.com\/fr\/#organization"},"potentialAction":[{"@type":"SearchAction","target":{"@type":"EntryPoint","urlTemplate":"https:\/\/www.doctor-smile.com\/fr\/?s={search_term_string}"},"query-input":{"@type":"PropertyValueSpecification","valueRequired":true,"valueName":"search_term_string"}}],"inLanguage":"fr-FR"},{"@type":"Organization","@id":"https:\/\/www.doctor-smile.com\/fr\/#organization","name":"Doctor-Smile","url":"https:\/\/www.doctor-smile.com\/fr\/","logo":{"@type":"ImageObject","inLanguage":"fr-FR","@id":"https:\/\/www.doctor-smile.com\/fr\/#\/schema\/logo\/image\/","url":"https:\/\/www.doctor-smile.com\/wp-content\/uploads\/2021\/02\/Logo-Doctor-Smile-1.png","contentUrl":"https:\/\/www.doctor-smile.com\/wp-content\/uploads\/2021\/02\/Logo-Doctor-Smile-1.png","width":1757,"height":667,"caption":"Doctor-Smile"},"image":{"@id":"https:\/\/www.doctor-smile.com\/fr\/#\/schema\/logo\/image\/"},"sameAs":["https:\/\/www.facebook.com\/DoctorSmileTM\/","https:\/\/www.instagram.com\/doctorsmiledentallaser\/","https:\/\/www.youtube.com\/user\/doctorsmile1\/"]}]}},"_links":{"self":[{"href":"https:\/\/www.doctor-smile.com\/fr\/wp-json\/wp\/v2\/pages\/21311","targetHints":{"allow":["GET"]}}],"collection":[{"href":"https:\/\/www.doctor-smile.com\/fr\/wp-json\/wp\/v2\/pages"}],"about":[{"href":"https:\/\/www.doctor-smile.com\/fr\/wp-json\/wp\/v2\/types\/page"}],"author":[{"embeddable":true,"href":"https:\/\/www.doctor-smile.com\/fr\/wp-json\/wp\/v2\/users\/115"}],"replies":[{"embeddable":true,"href":"https:\/\/www.doctor-smile.com\/fr\/wp-json\/wp\/v2\/comments?post=21311"}],"version-history":[{"count":14,"href":"https:\/\/www.doctor-smile.com\/fr\/wp-json\/wp\/v2\/pages\/21311\/revisions"}],"predecessor-version":[{"id":24058,"href":"https:\/\/www.doctor-smile.com\/fr\/wp-json\/wp\/v2\/pages\/21311\/revisions\/24058"}],"wp:attachment":[{"href":"https:\/\/www.doctor-smile.com\/fr\/wp-json\/wp\/v2\/media?parent=21311"}],"curies":[{"name":"wp","href":"https:\/\/api.w.org\/{rel}","templated":true}]}}